{"id":8550,"date":"2025-06-17T02:58:38","date_gmt":"2025-06-17T02:58:38","guid":{"rendered":"https:\/\/sinoextrud.com\/product\/small-aluminium-extrusions\/"},"modified":"2025-06-24T06:24:15","modified_gmt":"2025-06-24T06:24:15","slug":"vaikesed-alumiiniumprofiilid","status":"publish","type":"product","link":"https:\/\/sinoextrud.com\/et\/product\/small-aluminium-extrusions\/","title":{"rendered":"V\u00e4ikesed alumiiniumprofiilid"},"content":{"rendered":"<h2>Toodete \u00fcksikasjad<\/h2>\n<table class=\"custom-table\">\n<tbody>\n<tr>\n<td> Nimi<\/td>\n<td> V\u00e4ikesed alumiiniumprofiilid<\/td>\n<\/tr>\n<tr>\n<td> Br\u00e4nd<\/td>\n<td> Sinoextrud\/<\/td>\n<\/tr>\n<tr>\n<td> Kategooria<\/td>\n<td> Alumiiniumi ekstrusioon<\/td>\n<\/tr>\n<tr>\n<td> Materjal<\/td>\n<td> Alumiiniumsulam (6063, 6061, 6464, 6082), 1000 ja 3000 seeria on saadaval.<\/td>\n<\/tr>\n<tr>\n<td> Temper<\/td>\n<td> T5-T8<\/td>\n<\/tr>\n<tr>\n<td> Pikkus<\/td>\n<td> Vastavalt joonisele<\/td>\n<\/tr>\n<tr>\n<td> Suurus (mm)<\/td>\n<td> Saadaval on erinevad suurused, kliendi joonis on saadaval<\/td>\n<\/tr>\n<tr>\n<td> Kuju<\/td>\n<td> Erinevad v\u00e4ikesed kujud vastavalt kliendi n\u00f5udmistele<\/td>\n<\/tr>\n<tr>\n<td> Pinnat\u00f6\u00f6tlus<\/td>\n<td> Power coating; Mill valmis, anodeeritud, liivapritsimine, elektroforees on samuti saadaval<\/td>\n<\/tr>\n<tr>\n<td> V\u00e4rv<\/td>\n<td> H\u00f5be, must, kuld, Champange, pronks, punane. sinine ja me saame kohandada v\u00e4rve vastavalt klientide proovidele.<\/td>\n<\/tr>\n<tr>\n<td> Garantii<\/td>\n<td> BV , TUV ,ISO<\/td>\n<\/tr>\n<tr>\n<td> Standard<\/td>\n<td> Keskmine ja k\u00f5rge kvaliteet<\/td>\n<\/tr>\n<tr>\n<td> MOQ<\/td>\n<td> 200KGS iga eseme kohta<\/td>\n<\/tr>\n<tr>\n<td> Alates<\/td>\n<td> Guangdong, Hiina<\/td>\n<\/tr>\n<tr>\n<td> Taotlus<\/td>\n<td> T\u00f6\u00f6stus, ehitus, kodukaunistus<\/td>\n<\/tr>\n<tr>\n<td> S\u00fcgav t\u00f6\u00f6tlemine<\/td>\n<td> L\u00f5ikamine, puurimine, mehaaniline t\u00f6\u00f6tlemine, stantsimine, painutamine, koputades jne.<\/td>\n<\/tr>\n<tr>\n<td> Pakett<\/td>\n<td> Seestpoolt kaitsekile, plastmassist kokkut\u00f5mbekile v\u00f5i PE-vaht. V\u00e4ljaspool kasti, kartongi v\u00f5i puidust raamiga v\u00f5i kohandamine.<\/td>\n<\/tr>\n<tr>\n<td> Tarneaeg<\/td>\n<td> Vormi v\u00e4ljat\u00f6\u00f6tamine ja n\u00e4idise kujundamine on 12-18 p\u00e4eva, seej\u00e4rel tootmise kestus on 25-30 p\u00e4eva p\u00e4rast ostjalt tagatisraha saamist.<\/td>\n<\/tr>\n<tr>\n<td> Toote maht<\/td>\n<td> 15 000+ tonni \/ kuu<\/td>\n<\/tr>\n<\/tbody>\n<\/table>\n<h2>Meie tootmisbaas<\/h2>\n<h3>Tehase panoraam<\/h3>\n<p><img decoding=\"async\" src=\"\/wp-content\/uploads\/factory-01.webp\"\/><\/p>\n<h3>Alumiiniumvarraste tootmise t\u00f6\u00f6koda<\/h3>\n<p><img decoding=\"async\" src=\"\/wp-content\/uploads\/factory-02.webp\"\/><\/p>\n<p><img decoding=\"async\" src=\"\/wp-content\/uploads\/factory-03.webp\"\/><\/p>\n<h3>hallituse ladustamise ladu<\/h3>\n<p><img decoding=\"async\" src=\"\/wp-content\/uploads\/factory-04.webp\"\/><\/p>\n<h3>43 alumiiniumi ekstrusiooniliini (500-5500 tonni)<\/h3>\n<p><img decoding=\"async\" src=\"\/wp-content\/uploads\/factory-05.webp\"\/><\/p>\n<p><img decoding=\"async\" src=\"\/wp-content\/uploads\/factory-06.webp\"\/><\/p>\n<p><img decoding=\"async\" src=\"\/wp-content\/uploads\/factory-07.webp\"\/><\/p>\n<h3>Pulberv\u00e4rvimise t\u00f6\u00f6koda<\/h3>\n<p><img decoding=\"async\" src=\"\/wp-content\/uploads\/factory-09.webp\"\/><\/p>\n<h3>Anodiseerimise t\u00f6\u00f6koda<\/h3>\n<p><img decoding=\"async\" src=\"\/wp-content\/uploads\/factory-10.webp\"\/><\/p>\n<h3>S\u00fcgavt\u00f6\u00f6tlemise t\u00f6\u00f6tuba<\/h3>\n<p><img decoding=\"async\" src=\"\/wp-content\/uploads\/factory-11.webp\"\/><\/p>\n<h3>CNC-t\u00e4ppist\u00f6\u00f6tlemise t\u00f6\u00f6koda<\/h3>\n<p><img decoding=\"async\" src=\"\/wp-content\/uploads\/factory-11.5.webp\"\/><\/p>\n<h3>Valmistoodete ja ekspordi ladu<\/h3>\n<p><img decoding=\"async\" src=\"\/wp-content\/uploads\/factory-12.webp\"\/><\/p>\n<p><img decoding=\"async\" src=\"\/wp-content\/uploads\/factory-13.webp\"\/><\/p>\n<p><img decoding=\"async\" src=\"\/wp-content\/uploads\/factory-14.webp\"\/><\/p>\n<h2>KKK<\/h2>\n<p><p><b>1.V\u00e4ikesed alumiiniumist ekstrusioonid: Millised on v\u00e4ikeste alumiiniumprofiilide kasutamise eelised erinevates projektides?<\/b><\/p>\n<p>V\u00e4ikesed alumiiniumprofiilid on kerged, kohandatavad ja pakuvad suurep\u00e4rast tugevust, mist\u00f5ttu sobivad need ideaalselt kompaktseteks rakendusteks sellistes t\u00f6\u00f6stusharudes nagu autot\u00f6\u00f6stus, ehitus ja elektroonika.<br \/>\n<\/p><br \/>\n<br \/>\n<p><b>2.Kuidas parandab alumiiniumi korrosioonikindlus selle j\u00f5udlust?<\/b><\/p>\n<p>Alumiiniumi korrosioonikindlus aitab ekstrusioonidel s\u00e4ilitada oma terviklikkuse ja v\u00e4limuse aja jooksul, isegi karmides v\u00f5i v\u00e4litingimustes, tagades vastupidavuse.<br \/>\n<\/p><br \/>\n<br \/>\n<p><b>3.Kas v\u00e4ikeseid alumiiniumprofiile saab kohandada konkreetsete vajaduste j\u00e4rgi?<\/b><\/p>\n<p>Jah, v\u00e4ikeseid alumiiniumprofiile saab suuruse, kuju ja viimistluse poolest kohandada vastavalt teie projekti v\u00f5i rakenduse t\u00e4psetele spetsifikatsioonidele.<br \/>\n<\/p><br \/>\n<br \/>\n<p><b>4.Millised t\u00f6\u00f6stusharud saavad kasu v\u00e4ikeste alumiiniumprofiilide kasutamisest?<\/b><\/p>\n<p>Sellised t\u00f6\u00f6stusharud nagu autot\u00f6\u00f6stus, lennundus, elektroonika ja ehitus saavad kasu v\u00e4ikeste alumiiniumprofiilide tugevusest, kergusest ja mitmek\u00fclgsusest.<br \/>\n<\/p><br \/>\n<br \/>\n<p><b>5.Kuidas on alumiiniumi tugevuse ja kaalu suhe kasulik v\u00e4ikestele ekstrusioonidele?<\/b><\/p>\n<p>K\u00f5rge tugevuse ja kaalu suhe v\u00f5imaldab v\u00e4ikestel alumiiniumprofiilidel pakkuda tugevust ja vastupidavust ilma liigset kaalu lisamata, mist\u00f5ttu sobivad need mitmesuguste rakenduste jaoks.<br \/>\n<\/p><br \/>\n<br \/>\n<p><b>6.Millised on v\u00e4ikeste alumiiniumprofiilide kasutamise peamised eelised konstruktsioonirakendustes?<\/b><\/p>\n<p>V\u00e4ikesed alumiiniumprofiilid pakuvad tugevust, korrosioonikindlust ja lihtsat kokkupanekut, mist\u00f5ttu on need ideaalsed konstruktsiooniraamidele kompaktsetes konstruktsioonides.<br \/>\n<\/p><br \/>\n<br \/>\n<p><b>7.Kas v\u00e4ikeseid alumiiniumprofiile on lihtne kokku panna ja t\u00f6\u00f6delda?<\/b><\/p>\n<p>Jah, v\u00e4ikeseid alumiiniumprofiile on lihtne t\u00f6\u00f6delda, t\u00f6\u00f6delda ja kokku panna, mis v\u00f5imaldab kiiremat tootmist ja v\u00e4iksemaid t\u00f6\u00f6j\u00f5ukulusid.<br \/>\n<\/p><br \/>\n<br \/>\n<p><b>8.Kuidas m\u00f5jutab v\u00e4ikeste alumiiniumprofiilide kohandamine nende kasutamist?<\/b><\/p>\n<p>V\u00e4ikeste alumiiniumprofiilide kohandamine tagab, et need vastavad iga projekti erin\u00f5uetele, parandades tulemuslikkust ja t\u00f5husust erinevates t\u00f6\u00f6stuslikes kasutusalades.<br \/>\n<\/p><br \/><\/p>","protected":false},"featured_media":8549,"template":"","categories":[68],"class_list":["post-8550","product","type-product","status-publish","has-post-thumbnail","hentry","category-cnc-machining-aluminum-profile"],"meta_box":{"hilight_text_group":{"product_hilight_text":"<li>Compact and lightweight small aluminum extrusions suitable for a variety of applications.<\/li>\r\r\n<li>Customizable sizes and shapes to meet specific industrial and structural requirements.<\/li>\r\r\n<li>Corrosion-resistant, ensuring long-lasting performance in various environments.<\/li>\r\r\n<li>Easy to machine, process, and assemble for quick production and low labor costs.<\/li>\r\r\n<li>High strength-to-weight ratio, providing strength without unnecessary bulk.<\/li>","product_chanpin_blog":"<ul>\r\r\n<li><a href=\"https:\/\/sinoextrud.com\/t-slot-v-slot-differences\/\" target=\"_blank\">t slot vs v slot<\/a><\/li>\r\r\n<li><a href=\"https:\/\/sinoextrud.com\/what-is-4040-aluminium-extrud\/\" target=\"_blank\">4040 aluminium extrusion<\/a><\/li>\r\r\n<li><a href=\"https:\/\/sinoextrud.com\/what-is-4040-aluminium-extrud\/\" target=\"_blank\">aluminum extrusions for industrial racks<\/a><\/li>\r\r\n<li><a href=\"https:\/\/sinoextrud.com\/powder-coating-aluminium-process\/\" target=\"_blank\">powder coating aluminium<\/a><\/li>\r\r\n<li><a href=\"https:\/\/sinoextrud.com\/what-is-an-aluminium-strip-ceiling\/\" target=\"_blank\">aluminium strip ceiling<\/a><\/li>\r\r\n<li><a href=\"https:\/\/sinoextrud.com\/what-is-a-heat-sink\/\" target=\"_blank\">what is a heat sink<\/a><\/li>\r\r\n<\/ul>","product_chanpin_chanpin":"<li><a href=\"https:\/\/sinoextrud.com\/product\/aluminum-cnc-machining\/\" target=\"_blank\">Aluminum cnc machining<\/a><\/li>\r\n<li><a href=\"https:\/\/sinoextrud.com\/product\/aluminum-profile-cnc-machining\/\" target=\"_blank\">Aluminum Profile CNC Machining<\/a><\/li>\r\n<li><a href=\"https:\/\/sinoextrud.com\/product\/extruded-aluminum-cnc-part-with-precision-custom-cnc-machining\/\" target=\"_blank\">Extruded Aluminum CNC Part with Precision Custom CNC Machining<\/a><\/li>\r\n<li><a href=\"https:\/\/sinoextrud.com\/product\/item-modular-aluminium-profile-system\/\" target=\"_blank\">Item Modular Aluminium Profile System<\/a><\/li>\r\n<li><a href=\"https:\/\/sinoextrud.com\/product\/small-aluminium-extrusions\/\" target=\"_blank\">Small Aluminium Extrusions<\/a><\/li>\r\n<li><a href=\"https:\/\/sinoextrud.com\/product\/cnc-industrial-aluminum-profiler\/\" target=\"_blank\">CNC Industrial Aluminum Profiler<\/a><\/li>\r\n<li><a href=\"https:\/\/sinoextrud.com\/product\/cnc-machine-for-aluminum-profiles\/\" target=\"_blank\">CNC Machine For Aluminum Profiles<\/a><\/li>\r\n<li><a href=\"https:\/\/sinoextrud.com\/product\/aluminum-enclosure-housing-and-shell\/\" target=\"_blank\">Aluminum Enclosure Housing And Shell<\/a><\/li>\r\n<li><a href=\"https:\/\/sinoextrud.com\/product\/custom-finishing-aluminum-extrusion-profile-fabrication-and-cnc-machining\/\" target=\"_blank\">Custom Finishing Aluminum Extrusion Profile Fabrication and CNC Machining<\/a><\/li>\r\n<li><a href=\"https:\/\/sinoextrud.com\/product\/large-aluminum-extrud\/\" target=\"_blank\">Large Aluminum Extrud<\/a><\/li>\r\n<li><a href=\"https:\/\/sinoextrud.com\/product\/aluminum-frame\/\" target=\"_blank\">Aluminum Frame<\/a><\/li>"},"feature_list":[]},"_links":{"self":[{"href":"https:\/\/sinoextrud.com\/et\/wp-json\/wp\/v2\/product\/8550","targetHints":{"allow":["GET"]}}],"collection":[{"href":"https:\/\/sinoextrud.com\/et\/wp-json\/wp\/v2\/product"}],"about":[{"href":"https:\/\/sinoextrud.com\/et\/wp-json\/wp\/v2\/types\/product"}],"wp:featuredmedia":[{"embeddable":true,"href":"https:\/\/sinoextrud.com\/et\/wp-json\/wp\/v2\/media\/8549"}],"wp:attachment":[{"href":"https:\/\/sinoextrud.com\/et\/wp-json\/wp\/v2\/media?parent=8550"}],"wp:term":[{"taxonomy":"category","embeddable":true,"href":"https:\/\/sinoextrud.com\/et\/wp-json\/wp\/v2\/categories?post=8550"}],"curies":[{"name":"wp","href":"https:\/\/api.w.org\/{rel}","templated":true}]}}