{"id":8548,"date":"2025-06-17T02:56:13","date_gmt":"2025-06-17T02:56:13","guid":{"rendered":"https:\/\/sinoextrud.com\/product\/item-modular-aluminium-profile-system\/"},"modified":"2025-06-24T06:24:13","modified_gmt":"2025-06-24T06:24:13","slug":"item-modulaarne-alumiiniumprofiilide-susteem","status":"publish","type":"product","link":"https:\/\/sinoextrud.com\/et\/product\/item-modular-aluminium-profile-system\/","title":{"rendered":"Element Modulaarne alumiiniumprofiilide s\u00fcsteem"},"content":{"rendered":"<h2>Toodete \u00fcksikasjad<\/h2>\n<table class=\"custom-table\">\n<tbody>\n<tr>\n<td> Mudel nr.:<\/td>\n<td> 6061 6063 6082<\/td>\n<\/tr>\n<tr>\n<td> Temperament:<\/td>\n<td> T3 - T8<\/td>\n<\/tr>\n<tr>\n<td> Pinnat\u00f6\u00f6tlus:<\/td>\n<td> pulberv\u00e4rvimine, anodeerimine, poleerimine jne.<\/td>\n<\/tr>\n<tr>\n<td> Sulam:<\/td>\n<td> Sulam<\/td>\n<\/tr>\n<tr>\n<td> T\u00fc\u00fcp:<\/td>\n<td> Autopendal<\/td>\n<\/tr>\n<tr>\n<td> Tehnika:<\/td>\n<td> V\u00e4ljapressitud<\/td>\n<\/tr>\n<tr>\n<td> P\u00e4ritolu:<\/td>\n<td> Guangdong Hiina<\/td>\n<\/tr>\n<tr>\n<td> Taotlus:<\/td>\n<td> transport alumiiniumprofiil<\/td>\n<\/tr>\n<tr>\n<td> Sertifitseerimine:<\/td>\n<td> EN, ASTM, GB\/T<\/td>\n<\/tr>\n<tr>\n<td> Suurus:<\/td>\n<td> 10mm - 300mm<\/td>\n<\/tr>\n<tr>\n<td> HS-kood:<\/td>\n<td> 7604299000<\/td>\n<\/tr>\n<tr>\n<td> Seina paksus:<\/td>\n<td> 2mm. Kohandatud saadaval<\/td>\n<\/tr>\n<\/tbody>\n<\/table>\n<h2>Meie tootmisbaas<\/h2>\n<h3>Tehase panoraam<\/h3>\n<p><img decoding=\"async\" src=\"\/wp-content\/uploads\/factory-01.webp\"\/><\/p>\n<h3>Alumiiniumvarraste tootmise t\u00f6\u00f6koda<\/h3>\n<p><img decoding=\"async\" src=\"\/wp-content\/uploads\/factory-02.webp\"\/><\/p>\n<p><img decoding=\"async\" src=\"\/wp-content\/uploads\/factory-03.webp\"\/><\/p>\n<h3>hallituse ladustamise ladu<\/h3>\n<p><img decoding=\"async\" src=\"\/wp-content\/uploads\/factory-04.webp\"\/><\/p>\n<h3>43 alumiiniumi ekstrusiooniliini (500-5500 tonni)<\/h3>\n<p><img decoding=\"async\" src=\"\/wp-content\/uploads\/factory-05.webp\"\/><\/p>\n<p><img decoding=\"async\" src=\"\/wp-content\/uploads\/factory-06.webp\"\/><\/p>\n<p><img decoding=\"async\" src=\"\/wp-content\/uploads\/factory-07.webp\"\/><\/p>\n<h3>Pulberv\u00e4rvimise t\u00f6\u00f6koda<\/h3>\n<p><img decoding=\"async\" src=\"\/wp-content\/uploads\/factory-09.webp\"\/><\/p>\n<h3>Anodiseerimise t\u00f6\u00f6koda<\/h3>\n<p><img decoding=\"async\" src=\"\/wp-content\/uploads\/factory-10.webp\"\/><\/p>\n<h3>S\u00fcgavt\u00f6\u00f6tlemise t\u00f6\u00f6tuba<\/h3>\n<p><img decoding=\"async\" src=\"\/wp-content\/uploads\/factory-11.webp\"\/><\/p>\n<h3>CNC-t\u00e4ppist\u00f6\u00f6tlemise t\u00f6\u00f6koda<\/h3>\n<p><img decoding=\"async\" src=\"\/wp-content\/uploads\/factory-11.5.webp\"\/><\/p>\n<h3>Valmistoodete ja ekspordi ladu<\/h3>\n<p><img decoding=\"async\" src=\"\/wp-content\/uploads\/factory-12.webp\"\/><\/p>\n<p><img decoding=\"async\" src=\"\/wp-content\/uploads\/factory-13.webp\"\/><\/p>\n<p><img decoding=\"async\" src=\"\/wp-content\/uploads\/factory-14.webp\"\/><\/p>\n<h2>KKK<\/h2>\n<p><p><b>1.Item Modulaarne alumiiniumprofiilide s\u00fcsteem: Mis teeb selle mooduls\u00fcsteemi ideaalseks erinevate rakenduste jaoks?<\/b><\/p>\n<p>Modulaarne konstruktsioon v\u00f5imaldab paindlikke, kohandatavaid lahendusi, mis muudab selle ideaalseks paljude t\u00f6\u00f6stus-, automaatika- ja DIY-projektide jaoks.<br \/>\n<\/p><br \/>\n<br \/>\n<p><b>2.Kui lihtne on Item modulaarse alumiiniumprofiilis\u00fcsteemi kokkupanek?<\/b><\/p>\n<p>Kokkupanek on kiire ja lihtne t\u00e4nu laiale valikule \u00fchilduvatele komponentidele, mis sobivad h\u00f5lpsasti kokku ilma spetsiaalsete t\u00f6\u00f6riistadeta.<br \/>\n<\/p><br \/>\n<br \/>\n<p><b>3.Millised on alumiiniumprofiilide kasutamise peamised eelised mooduls\u00fcsteemis?<\/b><\/p>\n<p>Alumiinium on kerge, vastupidav ja korrosioonikindel, pakkudes teie projektidele pikaajalist ja hooldusvaba lahendust.<br \/>\n<\/p><br \/>\n<br \/>\n<p><b>4.Kas Item modulaarne alumiiniumprofiilis\u00fcsteem on kohandatav konkreetsete vajaduste jaoks?<\/b><\/p>\n<p>Jah, s\u00fcsteem on v\u00e4ga h\u00e4sti kohandatav, v\u00f5imaldades erinevaid konfiguratsioone ja kohandusi, et vastata konkreetsetele projektin\u00f5uetele.<br \/>\n<\/p><br \/>\n<br \/>\n<p><b>5.Millised t\u00f6\u00f6stusharud saavad kasu Item modulaarsest alumiiniumprofiilis\u00fcsteemist?<\/b><\/p>\n<p>Sellised t\u00f6\u00f6stusharud nagu tootmine, automaatika ja ehitus saavad kasu selle s\u00fcsteemi paindlikkusest, tugevusest ja kasutusmugavusest.<br \/>\n<\/p><br \/>\n<br \/>\n<p><b>6.Kuidas aitab alumiiniumi korrosioonikindlus kaasa s\u00fcsteemi pikaealisusele?<\/b><\/p>\n<p>Alumiiniumi korrosioonikindlus tagab, et moodulprofiilid s\u00e4ilitavad oma terviklikkuse ja v\u00e4limuse ka karmides v\u00f5i v\u00e4litingimustes.<br \/>\n<\/p><br \/>\n<br \/>\n<p><b>7.Millistele projektidele sobib k\u00f5ige paremini Item modulaarne alumiiniumprofiilis\u00fcsteem?<\/b><\/p>\n<p>S\u00fcsteem sobib ideaalselt t\u00f6\u00f6stuslikeks seadeldisteks, automaatikaseadmeteks, t\u00f6\u00f6kohtadeks ja k\u00f5ikideks projektideks, mis n\u00f5uavad kohandatavat ja tugevat struktuurset raamistikku.<br \/>\n<\/p><br \/>\n<br \/>\n<p><b>8.Kuidas parandab alumiiniumi tugevuse ja kaalu suhe tulemuslikkust?<\/b><\/p>\n<p>Alumiiniumi suurep\u00e4rane tugevuse ja kaalu suhe pakub nii struktuurilist terviklikkust kui ka v\u00e4iksemat kaalu, mist\u00f5ttu on see ideaalne materjal nii raskete kui ka kergete rakenduste jaoks.<br \/>\n<\/p><br \/><\/p>","protected":false},"featured_media":8547,"template":"","categories":[68],"class_list":["post-8548","product","type-product","status-publish","has-post-thumbnail","hentry","category-cnc-machining-aluminum-profile"],"meta_box":{"hilight_text_group":{"product_hilight_text":"<li>Modular aluminum profile system for flexible and customizable design solutions.<\/li>\r\r\n<li>Quick and easy assembly with a wide range of compatible components.<\/li>\r\r\n<li>Highly durable and corrosion-resistant, ensuring long-term performance in various environments.<\/li>\r\r\n<li>Lightweight, yet strong, offering a high strength-to-weight ratio for structural applications.<\/li>\r\r\n<li>Versatile system suitable for industrial, automation, and DIY projects.<\/li>","product_chanpin_blog":"<ul>\r\r\n<li><a href=\"https:\/\/sinoextrud.com\/t-slot-v-slot-differences\/\" target=\"_blank\">t slot vs v slot<\/a><\/li>\r\r\n<li><a href=\"https:\/\/sinoextrud.com\/what-is-4040-aluminium-extrud\/\" target=\"_blank\">4040 aluminium extrusion<\/a><\/li>\r\r\n<li><a href=\"https:\/\/sinoextrud.com\/what-is-4040-aluminium-extrud\/\" target=\"_blank\">aluminum extrusions for industrial racks<\/a><\/li>\r\r\n<li><a href=\"https:\/\/sinoextrud.com\/powder-coating-aluminium-process\/\" target=\"_blank\">powder coating aluminium<\/a><\/li>\r\r\n<li><a href=\"https:\/\/sinoextrud.com\/what-is-an-aluminium-strip-ceiling\/\" target=\"_blank\">aluminium strip ceiling<\/a><\/li>\r\r\n<li><a href=\"https:\/\/sinoextrud.com\/what-is-a-heat-sink\/\" target=\"_blank\">what is a heat sink<\/a><\/li>\r\r\n<\/ul>","product_chanpin_chanpin":"<li><a href=\"https:\/\/sinoextrud.com\/product\/cnc-machining-aluminum-signal-plate\/\" target=\"_blank\">CNC Machining Aluminum Signal Plate<\/a><\/li>\r\n<li><a href=\"https:\/\/sinoextrud.com\/product\/aluminum-cnc-machining\/\" target=\"_blank\">Aluminum cnc machining<\/a><\/li>\r\n<li><a href=\"https:\/\/sinoextrud.com\/product\/aluminum-profile-cnc-machining\/\" target=\"_blank\">Aluminum Profile CNC Machining<\/a><\/li>\r\n<li><a href=\"https:\/\/sinoextrud.com\/product\/extruded-aluminum-cnc-part-with-precision-custom-cnc-machining\/\" target=\"_blank\">Extruded Aluminum CNC Part with Precision Custom CNC Machining<\/a><\/li>\r\n<li><a href=\"https:\/\/sinoextrud.com\/product\/item-modular-aluminium-profile-system\/\" target=\"_blank\">Item Modular Aluminium Profile System<\/a><\/li>\r\n<li><a href=\"https:\/\/sinoextrud.com\/product\/small-aluminium-extrusions\/\" target=\"_blank\">Small Aluminium Extrusions<\/a><\/li>\r\n<li><a href=\"https:\/\/sinoextrud.com\/product\/cnc-industrial-aluminum-profiler\/\" target=\"_blank\">CNC Industrial Aluminum Profiler<\/a><\/li>\r\n<li><a href=\"https:\/\/sinoextrud.com\/product\/cnc-machine-for-aluminum-profiles\/\" target=\"_blank\">CNC Machine For Aluminum Profiles<\/a><\/li>\r\n<li><a href=\"https:\/\/sinoextrud.com\/product\/aluminum-enclosure-housing-and-shell\/\" target=\"_blank\">Aluminum Enclosure Housing And Shell<\/a><\/li>\r\n<li><a href=\"https:\/\/sinoextrud.com\/product\/extruded-aluminum-tubing-shapes-supplier\/\" target=\"_blank\">Extruded Aluminum Tubing Shapes Supplier<\/a><\/li>\r\n<li><a href=\"https:\/\/sinoextrud.com\/product\/wood-grain-aluminium-extrusion-profile-for-furnitures-decoration\/\" target=\"_blank\">Wood Grain Aluminium Extrusion Profile for Furnitures Decoration<\/a><\/li>"},"feature_list":[]},"_links":{"self":[{"href":"https:\/\/sinoextrud.com\/et\/wp-json\/wp\/v2\/product\/8548","targetHints":{"allow":["GET"]}}],"collection":[{"href":"https:\/\/sinoextrud.com\/et\/wp-json\/wp\/v2\/product"}],"about":[{"href":"https:\/\/sinoextrud.com\/et\/wp-json\/wp\/v2\/types\/product"}],"wp:featuredmedia":[{"embeddable":true,"href":"https:\/\/sinoextrud.com\/et\/wp-json\/wp\/v2\/media\/8547"}],"wp:attachment":[{"href":"https:\/\/sinoextrud.com\/et\/wp-json\/wp\/v2\/media?parent=8548"}],"wp:term":[{"taxonomy":"category","embeddable":true,"href":"https:\/\/sinoextrud.com\/et\/wp-json\/wp\/v2\/categories?post=8548"}],"curies":[{"name":"wp","href":"https:\/\/api.w.org\/{rel}","templated":true}]}}