{"id":8539,"date":"2025-06-17T02:08:07","date_gmt":"2025-06-17T02:08:07","guid":{"rendered":"https:\/\/sinoextrud.com\/product\/cnc-machining-aluminum-signal-plate\/"},"modified":"2025-06-24T06:24:11","modified_gmt":"2025-06-24T06:24:11","slug":"cnc-tootlemine-alumiiniumist-signaali-plaat","status":"publish","type":"product","link":"https:\/\/sinoextrud.com\/et\/product\/cnc-machining-aluminum-signal-plate\/","title":{"rendered":"CNC mehaaniline alumiinium signaaliplaat"},"content":{"rendered":"<h2>Toodete \u00fcksikasjad<\/h2>\n<table class=\"custom-table\">\n<tr>\n<td class=\"label\">Nimetus<\/td>\n<td>CNC-t\u00f6\u00f6tlus alumiiniumist signaalplaat<\/td>\n<\/tr>\n<tr>\n<td class=\"label\">Materjali klass<\/td>\n<td>Sulam 6000 seeria<\/td>\n<\/tr>\n<tr>\n<td class=\"label\">Temper<\/td>\n<td>T5-T6<\/td>\n<\/tr>\n<tr>\n<td class=\"label\">Tehnoloogia<\/td>\n<td>Alumiiniumi ekstrusioon, CNC-t\u00f6\u00f6tlemine<\/td>\n<\/tr>\n<tr>\n<td class=\"label\">Pinnat\u00f6\u00f6tlus<\/td>\n<td>Anodeerimine, pulberv\u00e4rvimine, liivapritsimine, elektroforeesimine, fluoros\u00fcsinik jne.<\/td>\n<\/tr>\n<tr>\n<td class=\"label\">V\u00e4rv<\/td>\n<td>Kohandatud<\/td>\n<\/tr>\n<tr>\n<td class=\"label\">Anodeerimise paksus<\/td>\n<td>8-25 um<\/td>\n<\/tr>\n<tr>\n<td class=\"label\">Power Coating paksus<\/td>\n<td>40-120 um<\/td>\n<\/tr>\n<tr>\n<td class=\"label\">Kuju<\/td>\n<td>Jooniste alusel<\/td>\n<\/tr>\n<tr>\n<td class=\"label\">Pikkus<\/td>\n<td>Standardne pikkus on 1-9m v\u00f5i kohandatud.<\/td>\n<\/tr>\n<tr>\n<td class=\"label\">S\u00fcgav t\u00f6\u00f6tlemine<\/td>\n<td>l\u00f5ikamine, puurimine, stantsimine, painutamine jne.<\/td>\n<\/tr>\n<tr>\n<td class=\"label\">2D&amp;3D disain<\/td>\n<td>Auto CAD, 3D, AI, SLD, PRT. IGS, PDF, JPEG jne.<\/td>\n<\/tr>\n<tr>\n<td class=\"label\">Engineering&amp; Tooling<\/td>\n<td>1: 8 inseneri hallitusepajas.<br \/>\n2: Kasutage suure tonnaa\u017eiga ekstruder, traat-EMD, CNC, puurimismasinad jne.<\/td>\n<\/tr>\n<tr>\n<td class=\"label\">Kvaliteedikontroll<\/td>\n<td>1.SO Heaks kiidetud.<br \/>\n2.CE heaks kiidetud<br \/>\n3. kohapealne kontroll.<br \/>\n4.<br \/>\n5.<\/td>\n<\/tr>\n<tr>\n<td class=\"label\">Pakendamise \u00fcksikasjad<\/td>\n<td>(1) Sisemine : pakitud plastist kaitsekilega, et kaitsta iga detaili<br \/>\n(2) V\u00e4ljaspool: M\u00e4hkida kimbud veekindla k\u00e4sit\u00f6\u00f6paberiga.<\/td>\n<\/tr>\n<tr>\n<td class=\"label\">Kohaletoimetamine<\/td>\n<td>(1) Survematerjali v\u00e4ljat\u00f6\u00f6tamine ja proovide katsetamine: 12-18 p\u00e4eva.<br \/>\n(2) Masstootmine l\u00f5petatud: 20-30 p\u00e4eva p\u00e4rast seda, kui ostja on proovi kinnitanud.<\/td>\n<\/tr>\n<tr>\n<td class=\"label\">Makset\u00e4htaeg<\/td>\n<td>T\/T 30% tagatisraha, saldo enne saatmist.<\/td>\n<\/tr>\n<\/table>\n<h2>Meie tootmisbaas<\/h2>\n<h3>Tehase panoraam<\/h3>\n<p><img decoding=\"async\" src=\"\/wp-content\/uploads\/factory-01.webp\"\/><\/p>\n<h3>Alumiiniumvarraste tootmise t\u00f6\u00f6koda<\/h3>\n<p><img decoding=\"async\" src=\"\/wp-content\/uploads\/factory-02.webp\"\/><\/p>\n<p><img decoding=\"async\" src=\"\/wp-content\/uploads\/factory-03.webp\"\/><\/p>\n<h3>hallituse ladustamise ladu<\/h3>\n<p><img decoding=\"async\" src=\"\/wp-content\/uploads\/factory-04.webp\"\/><\/p>\n<h3>43 alumiiniumi ekstrusiooniliini (500-5500 tonni)<\/h3>\n<p><img decoding=\"async\" src=\"\/wp-content\/uploads\/factory-05.webp\"\/><\/p>\n<p><img decoding=\"async\" src=\"\/wp-content\/uploads\/factory-06.webp\"\/><\/p>\n<p><img decoding=\"async\" src=\"\/wp-content\/uploads\/factory-07.webp\"\/><\/p>\n<h3>Pulberv\u00e4rvimise t\u00f6\u00f6koda<\/h3>\n<p><img decoding=\"async\" src=\"\/wp-content\/uploads\/factory-09.webp\"\/><\/p>\n<h3>Anodiseerimise t\u00f6\u00f6koda<\/h3>\n<p><img decoding=\"async\" src=\"\/wp-content\/uploads\/factory-10.webp\"\/><\/p>\n<h3>S\u00fcgavt\u00f6\u00f6tlemise t\u00f6\u00f6tuba<\/h3>\n<p><img decoding=\"async\" src=\"\/wp-content\/uploads\/factory-11.webp\"\/><\/p>\n<h3>CNC-t\u00e4ppist\u00f6\u00f6tlemise t\u00f6\u00f6koda<\/h3>\n<p><img decoding=\"async\" src=\"\/wp-content\/uploads\/factory-11.5.webp\"\/><\/p>\n<h3>Valmistoodete ja ekspordi ladu<\/h3>\n<p><img decoding=\"async\" src=\"\/wp-content\/uploads\/factory-12.webp\"\/><\/p>\n<p><img decoding=\"async\" src=\"\/wp-content\/uploads\/factory-13.webp\"\/><\/p>\n<p><img decoding=\"async\" src=\"\/wp-content\/uploads\/factory-14.webp\"\/><\/p>\n<h2>KKK<\/h2>\n<p><p><b>1.Mis on CNC mehaaniline alumiiniumist signaaliplaat?<\/b><\/p>\n<p>CNC-t\u00f6\u00f6tlusega alumiiniumist m\u00e4rgistusplaat on t\u00e4ppistehnoloogiline alumiiniumplaat, mida kasutatakse m\u00e4rkide, siltide ja m\u00e4rgistuste jaoks ning mis on loodud CNC-t\u00f6\u00f6tlustehnoloogiaga, mis tagab suure t\u00e4psuse.<br \/>\n<\/p><br \/>\n<br \/>\n<p><b>2.Miks valida signaaliplaatide jaoks alumiinium?<\/b><\/p>\n<p>Alumiinium on vastupidav, kerge ja korrosioonikindel, mist\u00f5ttu on see ideaalne materjal signalisatsiooniplaatide jaoks, mis peavad vastu pidama karmidele keskkondadele, s\u00e4ilitades samas n\u00e4htavuse.<br \/>\n<\/p><br \/>\n<br \/>\n<p><b>3.How t\u00e4pne on CNC mehaaniline alumiinium signaali plaadid?<\/b><\/p>\n<p>CNC-t\u00f6\u00f6tlus tagab suure t\u00e4psuse, tihedad tolerantsid ja selged m\u00e4rgised v\u00f5i graveeringud, mis on kriitilise t\u00e4htsusega t\u00f6\u00f6stus- ja m\u00e4rgistusrakenduste puhul.<br \/>\n<\/p><br \/>\n<br \/>\n<p><b>4.Can CNC mehaaniline alumiinium signaaliplaadid on kohandatud?<\/b><\/p>\n<p>Jah, CNC-t\u00f6\u00f6tlusega alumiiniumist signaalplaate saab kergesti kohandada suuruse, disaini ja graveerimise osas, et need vastaksid erinevate rakenduste erin\u00f5uetele.<br \/>\n<\/p><br \/>\n<br \/>\n<p><b>5.Millised t\u00f6\u00f6stusharud kasutavad CNC mehaaniline alumiinium signaaliplaate?<\/b><\/p>\n<p>Sellised t\u00f6\u00f6stusharud nagu t\u00f6\u00f6tlev t\u00f6\u00f6stus, elektroonika, autot\u00f6\u00f6stus ja ehitus kasutavad CNC-t\u00f6\u00f6tlusega alumiiniumist m\u00e4rgistusplaate selgete ja vastupidavate m\u00e4rgistuste ja m\u00e4rkide jaoks.<br \/>\n<\/p><br \/>\n<br \/>\n<p><b>6.Kui kiiresti saab CNC-t\u00f6\u00f6tlemisel alumiiniumist signaaliplaate toota?<\/b><\/p>\n<p>CNC-t\u00f6\u00f6tlusega alumiiniumist signaalplaatide tootmine on t\u00f5hus, pakkudes kiireid valmimisaegu, s\u00e4ilitades samal ajal k\u00f5rge kvaliteedi ja t\u00e4psuse.<br \/>\n<\/p><br \/>\n<br \/>\n<p><b>7.Are CNC mehaaniline alumiinium signaaliplaatide kuluefektiivne?<\/b><\/p>\n<p>Jah, CNC-t\u00f6\u00f6tlusega alumiiniumist signalisatsiooniplaadid pakuvad kuluefektiivset lahendust kvaliteetsete ja vastupidavate siltide jaoks, pakkudes konkurentsiv\u00f5imelist hinda nii v\u00e4ikeste kui ka suurte tootmismahtude puhul.<br \/>\n<\/p><br \/><\/p>","protected":false},"featured_media":8538,"template":"","categories":[68],"class_list":["post-8539","product","type-product","status-publish","has-post-thumbnail","hentry","category-cnc-machining-aluminum-profile"],"meta_box":{"hilight_text_group":{"product_hilight_text":"<li>High-precision CNC machining for aluminum signal plates<\/li>\r\r\n<li>Customizable designs for various signal plate applications<\/li>\r\r\n<li>Durable, lightweight, and corrosion-resistant aluminum material<\/li>\r\r\n<li>Clear, precise engraving and marking for enhanced visibility<\/li>\r\r\n<li>Cost-effective production with fast lead times<\/li>\r\r\n<li>Ideal for use in industrial, electronic, and signage applications<\/li>","product_chanpin_blog":"<ul>\r\r\n<li><a href=\"https:\/\/sinoextrud.com\/t-slot-v-slot-differences\/\" target=\"_blank\">t slot vs v slot<\/a><\/li>\r\r\n<li><a href=\"https:\/\/sinoextrud.com\/what-is-4040-aluminium-extrud\/\" target=\"_blank\">4040 aluminium extrusion<\/a><\/li>\r\r\n<li><a href=\"https:\/\/sinoextrud.com\/what-is-4040-aluminium-extrud\/\" target=\"_blank\">aluminum extrusions for industrial racks<\/a><\/li>\r\r\n<li><a href=\"https:\/\/sinoextrud.com\/powder-coating-aluminium-process\/\" target=\"_blank\">powder coating aluminium<\/a><\/li>\r\r\n<li><a href=\"https:\/\/sinoextrud.com\/what-is-an-aluminium-strip-ceiling\/\" target=\"_blank\">aluminium strip ceiling<\/a><\/li>\r\r\n<li><a href=\"https:\/\/sinoextrud.com\/what-is-a-heat-sink\/\" target=\"_blank\">what is a heat sink<\/a><\/li>\r\r\n<\/ul>","product_chanpin_chanpin":"<li><a href=\"https:\/\/sinoextrud.com\/product\/extruded-aluminum-heatsink-led-alloy-a6063-t5-extrusion-profiles-cutting-cnc-precision\/\" target=\"_blank\">extruded aluminum heatsink LED alloy a6063 t5 extrusion profiles cutting CNC precision<\/a><\/li>\r\n<li><a href=\"https:\/\/sinoextrud.com\/product\/aluminum-anodized-gold-ashtray\/\" target=\"_blank\">Aluminum Anodized Gold Ashtray<\/a><\/li>\r\n<li><a href=\"https:\/\/sinoextrud.com\/product\/aluminum-hydraulic-oil-tank\/\" target=\"_blank\">Aluminum Hydraulic Oil Tank<\/a><\/li>\r\n<li><a href=\"https:\/\/sinoextrud.com\/product\/machined-aluminum-rail-extrusion-profile-cnc-aviation-aluminum-gantry\/\" target=\"_blank\">Machined Aluminum Rail Extrusion Profile CNC Aviation Aluminum Gantry<\/a><\/li>\r\n<li><a href=\"https:\/\/sinoextrud.com\/product\/cnc-machining-aluminum-signal-plate\/\" target=\"_blank\">CNC Machining Aluminum Signal Plate<\/a><\/li>\r\n<li><a href=\"https:\/\/sinoextrud.com\/product\/aluminum-cnc-machining\/\" target=\"_blank\">Aluminum cnc machining<\/a><\/li>\r\n<li><a href=\"https:\/\/sinoextrud.com\/product\/aluminum-profile-cnc-machining\/\" target=\"_blank\">Aluminum Profile CNC Machining<\/a><\/li>\r\n<li><a href=\"https:\/\/sinoextrud.com\/product\/extruded-aluminum-cnc-part-with-precision-custom-cnc-machining\/\" target=\"_blank\">Extruded Aluminum CNC Part with Precision Custom CNC Machining<\/a><\/li>\r\n<li><a href=\"https:\/\/sinoextrud.com\/product\/item-modular-aluminium-profile-system\/\" target=\"_blank\">Item Modular Aluminium Profile System<\/a><\/li>\r\n<li><a href=\"https:\/\/sinoextrud.com\/product\/aluminum-frame-extrusion-profiles\/\" target=\"_blank\">Aluminum Frame Extrusion Profiles<\/a><\/li>\r\n<li><a href=\"https:\/\/sinoextrud.com\/product\/triangular-extruded-aluminum-tube\/\" target=\"_blank\">Triangular Extruded Aluminum Tube<\/a><\/li>"},"feature_list":[]},"_links":{"self":[{"href":"https:\/\/sinoextrud.com\/et\/wp-json\/wp\/v2\/product\/8539","targetHints":{"allow":["GET"]}}],"collection":[{"href":"https:\/\/sinoextrud.com\/et\/wp-json\/wp\/v2\/product"}],"about":[{"href":"https:\/\/sinoextrud.com\/et\/wp-json\/wp\/v2\/types\/product"}],"wp:featuredmedia":[{"embeddable":true,"href":"https:\/\/sinoextrud.com\/et\/wp-json\/wp\/v2\/media\/8538"}],"wp:attachment":[{"href":"https:\/\/sinoextrud.com\/et\/wp-json\/wp\/v2\/media?parent=8539"}],"wp:term":[{"taxonomy":"category","embeddable":true,"href":"https:\/\/sinoextrud.com\/et\/wp-json\/wp\/v2\/categories?post=8539"}],"curies":[{"name":"wp","href":"https:\/\/api.w.org\/{rel}","templated":true}]}}