{"id":8537,"date":"2025-06-17T02:06:11","date_gmt":"2025-06-17T02:06:11","guid":{"rendered":"https:\/\/sinoextrud.com\/product\/machined-aluminum-rail-extrusion-profile-cnc-aviation-aluminum-gantry\/"},"modified":"2025-06-24T06:24:11","modified_gmt":"2025-06-24T06:24:11","slug":"toodeldud-alumiiniumist-roopmel-profiil-cnc-lennunduse-alumiiniumist-portaal","status":"publish","type":"product","link":"https:\/\/sinoextrud.com\/et\/product\/machined-aluminum-rail-extrusion-profile-cnc-aviation-aluminum-gantry\/","title":{"rendered":"T\u00f6\u00f6deldud alumiiniumist raudtee ekstrusiooniprofiil CNC lennunduse alumiinium Gantry"},"content":{"rendered":"<h2>Toodete \u00fcksikasjad<\/h2>\n<table class=\"custom-table\">\n<tbody>\n<tr>\n<td> Toote nimi:<\/td>\n<td> T\u00f6\u00f6deldud alumiiniumist raudtee ekstrusiooniprofiil CNC lennunduse alumiinium Gantry<\/td>\n<td> P\u00e4ritolukoht:<\/td>\n<td> Guangdong, Hiina<\/td>\n<\/tr>\n<tr>\n<td> Hinne:<\/td>\n<td> 6000 seeria<\/td>\n<td> Temperament:<\/td>\n<td> T3-T8<\/td>\n<\/tr>\n<tr>\n<td> Taotlus:<\/td>\n<td> plasmal\u00f5ikurid ja freespingid<\/td>\n<td> Kuju:<\/td>\n<td> Ruut, H-profiil, U-profiil<\/td>\n<\/tr>\n<tr>\n<td> Sulam v\u00f5i mitte:<\/td>\n<td> Kas sulam on sulam<\/td>\n<td> Br\u00e4ndi nimi:<\/td>\n<td> Sinoextrud<\/td>\n<\/tr>\n<tr>\n<td> Mudeli number:<\/td>\n<td> U kanali klamber klaasist r\u00f5du<\/td>\n<td> Sallivus:<\/td>\n<td> \u00b11%<\/td>\n<\/tr>\n<tr>\n<td> T\u00f6\u00f6tlemisteenus:<\/td>\n<td> Painutamine, puurimine, keevitamine, stantsimine, l\u00f5ikamine<\/td>\n<td> Tarneaeg:<\/td>\n<td> 22-30 p\u00e4eva<\/td>\n<\/tr>\n<tr>\n<td> Pinnat\u00f6\u00f6tlus:<\/td>\n<td> Kohandatud pinnat\u00f6\u00f6tlus<\/td>\n<td> T\u00fc\u00fcp:<\/td>\n<td> Ekstrusioon<\/td>\n<\/tr>\n<tr>\n<td> Sertifitseerimine:<\/td>\n<td> ISO9001:2008\/ ISO14001:2004\/ OHSAS 18001:1999\/PPG\/TUV<br \/>\nMakset\u00e4htaeg: T\/T L\/C D\/P jne.<\/td>\n<td> Suurus:<\/td>\n<td> nagu n\u00f5utud<\/td>\n<\/tr>\n<tr>\n<td> Materjal:<\/td>\n<td> Sulam 6063\/6061\/661\/6005\/6060 T5\/T6<\/td>\n<td> V\u00e4rv:<\/td>\n<td> Kohandatud v\u00e4rv<\/td>\n<\/tr>\n<tr>\n<td> Paksus:<\/td>\n<td> 0.8mm ~ kohandatud<\/td>\n<td> MOQ:<\/td>\n<td> 200KG<\/td>\n<\/tr>\n<\/tbody>\n<\/table>\n<h2>Meie tootmisbaas<\/h2>\n<h3>Tehase panoraam<\/h3>\n<p><img decoding=\"async\" src=\"\/wp-content\/uploads\/factory-01.webp\"\/><\/p>\n<h3>Alumiiniumvarraste tootmise t\u00f6\u00f6koda<\/h3>\n<p><img decoding=\"async\" src=\"\/wp-content\/uploads\/factory-02.webp\"\/><\/p>\n<p><img decoding=\"async\" src=\"\/wp-content\/uploads\/factory-03.webp\"\/><\/p>\n<h3>hallituse ladustamise ladu<\/h3>\n<p><img decoding=\"async\" src=\"\/wp-content\/uploads\/factory-04.webp\"\/><\/p>\n<h3>43 alumiiniumi ekstrusiooniliini (500-5500 tonni)<\/h3>\n<p><img decoding=\"async\" src=\"\/wp-content\/uploads\/factory-05.webp\"\/><\/p>\n<p><img decoding=\"async\" src=\"\/wp-content\/uploads\/factory-06.webp\"\/><\/p>\n<p><img decoding=\"async\" src=\"\/wp-content\/uploads\/factory-07.webp\"\/><\/p>\n<h3>Pulberv\u00e4rvimise t\u00f6\u00f6koda<\/h3>\n<p><img decoding=\"async\" src=\"\/wp-content\/uploads\/factory-09.webp\"\/><\/p>\n<h3>Anodiseerimise t\u00f6\u00f6koda<\/h3>\n<p><img decoding=\"async\" src=\"\/wp-content\/uploads\/factory-10.webp\"\/><\/p>\n<h3>S\u00fcgavt\u00f6\u00f6tlemise t\u00f6\u00f6tuba<\/h3>\n<p><img decoding=\"async\" src=\"\/wp-content\/uploads\/factory-11.webp\"\/><\/p>\n<h3>CNC-t\u00e4ppist\u00f6\u00f6tlemise t\u00f6\u00f6koda<\/h3>\n<p><img decoding=\"async\" src=\"\/wp-content\/uploads\/factory-11.5.webp\"\/><\/p>\n<h3>Valmistoodete ja ekspordi ladu<\/h3>\n<p><img decoding=\"async\" src=\"\/wp-content\/uploads\/factory-12.webp\"\/><\/p>\n<p><img decoding=\"async\" src=\"\/wp-content\/uploads\/factory-13.webp\"\/><\/p>\n<p><img decoding=\"async\" src=\"\/wp-content\/uploads\/factory-14.webp\"\/><\/p>\n<h2>KKK<\/h2>\n<p><p><b>1.Mis on t\u00f6\u00f6deldud alumiiniumist r\u00f6\u00f6bastee ekstrusiooniprofiil CNC lennunduse alumiiniumist portaal?<\/b><\/p>\n<p>T\u00f6\u00f6deldud alumiiniumist pressprofiil CNC-lennundusalumiiniumist portaal on spetsiaalselt projekteeritud alumiiniumkomponent, mida kasutatakse portaalides ja automaatikas\u00fcsteemides, mis on valmistatud suure tugevusega ja kergest CNC-lennundusalumiiniumist.<br \/>\n<\/p><br \/>\n<br \/>\n<p><b>2.Miks kasutatakse portaalide jaoks CNC-lennundusalumiiniumi?<\/b><\/p>\n<p>CNC-lennundusalumiinium pakub suurep\u00e4rast tugevuse ja kaalu suhet, korrosioonikindlust ja t\u00e4psust, mist\u00f5ttu on see ideaalne k\u00f5rgtehnoloogiliste portaalide ja automaatikas\u00fcsteemide jaoks.<br \/>\n<\/p><br \/>\n<br \/>\n<p><b>3.Kui t\u00e4psed on t\u00f6\u00f6deldud alumiiniumist r\u00f6\u00f6bastee ekstrusiooniprofiilid?<\/b><\/p>\n<p>T\u00f6\u00f6deldud alumiiniumist pressprofiilid on toodetud suure t\u00e4psusega, pakkudes tihedaid tolerantse ja sileda viimistluse, mis parandab funktsionaalsust kriitilistes rakendustes.<br \/>\n<\/p><br \/>\n<br \/>\n<p><b>4.Kas t\u00f6\u00f6deldud alumiiniumist r\u00f6\u00f6bastee ekstrusiooniprofiile saab kohandada?<\/b><\/p>\n<p>Jah, neid profiile saab kohandada konkreetsete suuruste, kuju ja j\u00f5udluskriteeriumide j\u00e4rgi, et need sobiksid unikaalsetele rakendustele, tagades disaini mitmek\u00fclgsuse.<br \/>\n<\/p><br \/>\n<br \/>\n<p><b>5.Millised t\u00f6\u00f6stusharud saavad kasu t\u00f6\u00f6deldud alumiiniumist r\u00f6\u00f6bastee ekstrusiooniprofiilidest?<\/b><\/p>\n<p>Sellised t\u00f6\u00f6stusharud nagu lennundus, robootika, automaatika ja tootmine saavad t\u00f6\u00f6deldavast alumiiniumist pressprofiilidest kasu nende tugevuse, t\u00e4psuse ja kerguse t\u00f5ttu.<br \/>\n<\/p><br \/>\n<br \/>\n<p><b>6.Kui vastupidav on CNC lennundusalumiinium portaalide jaoks?<\/b><\/p>\n<p>CNC-lennundusalumiinium on v\u00e4ga vastupidav, korrosioonikindel ja s\u00e4ilitab struktuurilise terviklikkuse ka suure koormuse korral, mist\u00f5ttu on see ideaalne pikaajaliste portaalide ja raskeveokite jaoks.<br \/>\n<\/p><br \/>\n<br \/>\n<p><b>7.Kas t\u00f6\u00f6deldud alumiiniumist r\u00f6\u00f6bastee ekstrusiooniprofiilid on kuluefektiivsed?<\/b><\/p>\n<p>Jah, mehaaniliselt t\u00f6\u00f6deldud alumiiniumist pressprofiilid on kuluefektiivsed, pakkudes suure n\u00f5udlusega t\u00f6\u00f6stusharude jaoks tasakaalustatud j\u00f5udlust, kohandamist ja vastupidavust konkurentsiv\u00f5imeliste hindadega.<br \/>\n<\/p><br \/><\/p>","protected":false},"featured_media":8536,"template":"","categories":[68],"class_list":["post-8537","product","type-product","status-publish","has-post-thumbnail","hentry","category-cnc-machining-aluminum-profile"],"meta_box":{"hilight_text_group":{"product_hilight_text":"<li>High precision CNC machining for aluminum rail extrusion profiles<\/li>\r\r\n<li>Made from CNC aviation-grade aluminum for superior strength and light weight<\/li>\r\r\n<li>Customizable profiles to meet specific design and performance requirements<\/li>\r\r\n<li>Durable and corrosion-resistant material for reliable long-term use<\/li>\r\r\n<li>Ideal for gantries, automation systems, and other high-performance applications<\/li>\r\r\n<li>Excellent dimensional accuracy and smooth surface finish for optimal performance<\/li>","product_chanpin_blog":"<ul>\r\r\n<li><a href=\"https:\/\/sinoextrud.com\/t-slot-v-slot-differences\/\" target=\"_blank\">t slot vs v slot<\/a><\/li>\r\r\n<li><a href=\"https:\/\/sinoextrud.com\/what-is-4040-aluminium-extrud\/\" target=\"_blank\">4040 aluminium extrusion<\/a><\/li>\r\r\n<li><a href=\"https:\/\/sinoextrud.com\/what-is-4040-aluminium-extrud\/\" target=\"_blank\">aluminum extrusions for industrial racks<\/a><\/li>\r\r\n<li><a href=\"https:\/\/sinoextrud.com\/powder-coating-aluminium-process\/\" target=\"_blank\">powder coating aluminium<\/a><\/li>\r\r\n<li><a href=\"https:\/\/sinoextrud.com\/what-is-an-aluminium-strip-ceiling\/\" target=\"_blank\">aluminium strip ceiling<\/a><\/li>\r\r\n<li><a href=\"https:\/\/sinoextrud.com\/what-is-a-heat-sink\/\" target=\"_blank\">what is a heat sink<\/a><\/li>\r\r\n<\/ul>","product_chanpin_chanpin":"<li><a href=\"https:\/\/sinoextrud.com\/product\/anodized-small-machining-aluminum-parts\/\" target=\"_blank\">Anodized Small Machining Aluminum Parts<\/a><\/li>\r\n<li><a href=\"https:\/\/sinoextrud.com\/product\/extruded-aluminum-heatsink-led-alloy-a6063-t5-extrusion-profiles-cutting-cnc-precision\/\" target=\"_blank\">extruded aluminum heatsink LED alloy a6063 t5 extrusion profiles cutting CNC precision<\/a><\/li>\r\n<li><a href=\"https:\/\/sinoextrud.com\/product\/aluminum-anodized-gold-ashtray\/\" target=\"_blank\">Aluminum Anodized Gold Ashtray<\/a><\/li>\r\n<li><a href=\"https:\/\/sinoextrud.com\/product\/aluminum-hydraulic-oil-tank\/\" target=\"_blank\">Aluminum Hydraulic Oil Tank<\/a><\/li>\r\n<li><a href=\"https:\/\/sinoextrud.com\/product\/machined-aluminum-rail-extrusion-profile-cnc-aviation-aluminum-gantry\/\" target=\"_blank\">Machined Aluminum Rail Extrusion Profile CNC Aviation Aluminum Gantry<\/a><\/li>\r\n<li><a href=\"https:\/\/sinoextrud.com\/product\/cnc-machining-aluminum-signal-plate\/\" target=\"_blank\">CNC Machining Aluminum Signal Plate<\/a><\/li>\r\n<li><a href=\"https:\/\/sinoextrud.com\/product\/aluminum-cnc-machining\/\" target=\"_blank\">Aluminum cnc machining<\/a><\/li>\r\n<li><a href=\"https:\/\/sinoextrud.com\/product\/aluminum-profile-cnc-machining\/\" target=\"_blank\">Aluminum Profile CNC Machining<\/a><\/li>\r\n<li><a href=\"https:\/\/sinoextrud.com\/product\/extruded-aluminum-cnc-part-with-precision-custom-cnc-machining\/\" target=\"_blank\">Extruded Aluminum CNC Part with Precision Custom CNC Machining<\/a><\/li>\r\n<li><a href=\"https:\/\/sinoextrud.com\/product\/cnc-machining-aluminum-signal-plate\/\" target=\"_blank\">CNC Machining Aluminum Signal Plate<\/a><\/li>\r\n<li><a href=\"https:\/\/sinoextrud.com\/product\/china-aluminum-factory-wholesale-residential-aluminum-fence\/\" target=\"_blank\">China Aluminum Factory Wholesale Residential Aluminum Fence<\/a><\/li>"},"feature_list":[]},"_links":{"self":[{"href":"https:\/\/sinoextrud.com\/et\/wp-json\/wp\/v2\/product\/8537","targetHints":{"allow":["GET"]}}],"collection":[{"href":"https:\/\/sinoextrud.com\/et\/wp-json\/wp\/v2\/product"}],"about":[{"href":"https:\/\/sinoextrud.com\/et\/wp-json\/wp\/v2\/types\/product"}],"wp:featuredmedia":[{"embeddable":true,"href":"https:\/\/sinoextrud.com\/et\/wp-json\/wp\/v2\/media\/8536"}],"wp:attachment":[{"href":"https:\/\/sinoextrud.com\/et\/wp-json\/wp\/v2\/media?parent=8537"}],"wp:term":[{"taxonomy":"category","embeddable":true,"href":"https:\/\/sinoextrud.com\/et\/wp-json\/wp\/v2\/categories?post=8537"}],"curies":[{"name":"wp","href":"https:\/\/api.w.org\/{rel}","templated":true}]}}