{"id":8531,"date":"2025-06-17T02:01:26","date_gmt":"2025-06-17T02:01:26","guid":{"rendered":"https:\/\/sinoextrud.com\/product\/extruded-aluminum-heatsink-led-alloy-a6063-t5-extrusion-profiles-cutting-cnc-precision\/"},"modified":"2025-06-24T06:24:09","modified_gmt":"2025-06-24T06:24:09","slug":"ekstrudeeritud-alumiiniumist-jahutusradiaator-led-sulam-a6063-t5-ekstrusiooniprofiilide-loikamine-cnc-tapsus","status":"publish","type":"product","link":"https:\/\/sinoextrud.com\/et\/product\/extruded-aluminum-heatsink-led-alloy-a6063-t5-extrusion-profiles-cutting-cnc-precision\/","title":{"rendered":"ekstrudeeritud alumiiniumist jahutusradiaator LED sulam a6063 t5 ekstrusiooniprofiilide l\u00f5ikamine CNC t\u00e4psusega"},"content":{"rendered":"<h2>Toodete \u00fcksikasjad<\/h2>\n<table class=\"custom-table\">\n<tr>\n<td class=\"label\">Objekt:<\/td>\n<td> ekstrudeeritud alumiiniumist jahutusradiaator LED sulam a6063 t5 ekstrusiooniprofiilide l\u00f5ikamine CNC t\u00e4psusega<\/td>\n<\/tr>\n<tr>\n<td class=\"label\">Taotlus:<\/td>\n<td> pressitud alumiiniumist jahutusplaat<\/td>\n<\/tr>\n<tr>\n<td class=\"label\">Hinne:<\/td>\n<td> 6000 seeria<\/td>\n<\/tr>\n<tr>\n<td class=\"label\">Tehnika:<\/td>\n<td> V\u00e4ljapressitud<\/td>\n<\/tr>\n<tr>\n<td class=\"label\">Temperament:<\/td>\n<td> T3 - T8<\/td>\n<\/tr>\n<tr>\n<td class=\"label\">Suurused:<\/td>\n<td> See v\u00f5ib olla kohandatud nagu ette n\u00e4htud disain<\/td>\n<\/tr>\n<tr>\n<td class=\"label\">T\u00f6\u00f6deldavad teenused:<\/td>\n<td> Puurimine, keermestamine, neetimine, montaa\u017e jne.<\/td>\n<\/tr>\n<tr>\n<td class=\"label\">Kaubam\u00e4rk:<\/td>\n<td> Sinoextrud<\/td>\n<\/tr>\n<tr>\n<td class=\"label\">P\u00e4ritolu:<\/td>\n<td> Foshan, Guangdong<\/td>\n<\/tr>\n<tr>\n<td class=\"label\">T\u00fc\u00fcp:<\/td>\n<td> alumiiniumist jahutusradiaator<\/td>\n<\/tr>\n<tr>\n<td class=\"label\">Kuju:<\/td>\n<td> Made as Clients\u2032 Design<\/td>\n<\/tr>\n<tr>\n<td class=\"label\">Pinnat\u00f6\u00f6tlus:<\/td>\n<td> Anodeeritud, pulberv\u00e4rvitud jne.<\/td>\n<\/tr>\n<tr>\n<td class=\"label\">Sulam:<\/td>\n<td> Sulam<\/td>\n<\/tr>\n<tr>\n<td class=\"label\">Sertifitseerimine:<\/td>\n<td> ISO, RoHS<\/td>\n<\/tr>\n<tr>\n<td class=\"label\">Pikkus:<\/td>\n<td> See v\u00f5ib l\u00f5igata kui konkreetsed vajadused<\/td>\n<\/tr>\n<tr>\n<td class=\"label\">V\u00e4rvid:<\/td>\n<td> Valmistatud vastavalt etteantud v\u00e4rvinumbrile<\/td>\n<\/tr>\n<tr>\n<td class=\"label\">Spetsifikatsioon:<\/td>\n<td> SGS, Rohs, ISO<\/td>\n<\/tr>\n<tr>\n<td class=\"label\">HS-kood:<\/td>\n<td> 76042990<\/td>\n<\/tr>\n<\/table>\n<h2>Meie tootmisbaas<\/h2>\n<h3>Tehase panoraam<\/h3>\n<p><img decoding=\"async\" src=\"\/wp-content\/uploads\/factory-01.webp\"\/><\/p>\n<h3>Alumiiniumvarraste tootmise t\u00f6\u00f6koda<\/h3>\n<p><img decoding=\"async\" src=\"\/wp-content\/uploads\/factory-02.webp\"\/><\/p>\n<p><img decoding=\"async\" src=\"\/wp-content\/uploads\/factory-03.webp\"\/><\/p>\n<h3>hallituse ladustamise ladu<\/h3>\n<p><img decoding=\"async\" src=\"\/wp-content\/uploads\/factory-04.webp\"\/><\/p>\n<h3>43 alumiiniumi ekstrusiooniliini (500-5500 tonni)<\/h3>\n<p><img decoding=\"async\" src=\"\/wp-content\/uploads\/factory-05.webp\"\/><\/p>\n<p><img decoding=\"async\" src=\"\/wp-content\/uploads\/factory-06.webp\"\/><\/p>\n<p><img decoding=\"async\" src=\"\/wp-content\/uploads\/factory-07.webp\"\/><\/p>\n<h3>Pulberv\u00e4rvimise t\u00f6\u00f6koda<\/h3>\n<p><img decoding=\"async\" src=\"\/wp-content\/uploads\/factory-09.webp\"\/><\/p>\n<h3>Anodiseerimise t\u00f6\u00f6koda<\/h3>\n<p><img decoding=\"async\" src=\"\/wp-content\/uploads\/factory-10.webp\"\/><\/p>\n<h3>S\u00fcgavt\u00f6\u00f6tlemise t\u00f6\u00f6tuba<\/h3>\n<p><img decoding=\"async\" src=\"\/wp-content\/uploads\/factory-11.webp\"\/><\/p>\n<h3>CNC-t\u00e4ppist\u00f6\u00f6tlemise t\u00f6\u00f6koda<\/h3>\n<p><img decoding=\"async\" src=\"\/wp-content\/uploads\/factory-11.5.webp\"\/><\/p>\n<h3>Valmistoodete ja ekspordi ladu<\/h3>\n<p><img decoding=\"async\" src=\"\/wp-content\/uploads\/factory-12.webp\"\/><\/p>\n<p><img decoding=\"async\" src=\"\/wp-content\/uploads\/factory-13.webp\"\/><\/p>\n<p><img decoding=\"async\" src=\"\/wp-content\/uploads\/factory-14.webp\"\/><\/p>\n<h2>KKK<\/h2>\n<p><p><b>1.Mis on pressitud alumiiniumist jahutusradiaator?<\/b><\/p>\n<p>Pressitud alumiiniumist jahutusradiaator on alumiiniumisulamist valmistatud soojuse hajutuskomponent, mis on m\u00f5eldud elektroonikaseadmete soojuse t\u00f5husaks \u00fclekandmiseks \u00fcmbritsevasse keskkonda, suurendades seel\u00e4bi j\u00f5udlust ja pikaealisust.<br \/>\n<\/p><br \/>\n<br \/>\n<p><b>2.Miks kasutatakse A6063 T5 sulamit jahutusradade jaoks?<\/b><\/p>\n<p>A6063 T5 sulamit kasutatakse jahutusradade jaoks, sest see pakub suurep\u00e4rast tugevust, korrosioonikindlust ja head soojusjuhtivust, mist\u00f5ttu on see ideaalne LED-rakenduste ja muude elektroonikakomponentide jaoks.<br \/>\n<\/p><br \/>\n<br \/>\n<p><b>3.Kuidas on CNC-t\u00e4ppisl\u00f5ikamine kasulik ekstrudeeritud alumiiniumist jahutusradiaatoritele?<\/b><\/p>\n<p>CNC-t\u00e4ppisl\u00f5ikamine tagab tihedad tolerantsid, t\u00e4psed m\u00f5\u00f5tmed ja sileda pinna viimistluse, mis on olulised soojuse hajutamise maksimeerimiseks ja suure j\u00f5udluse tagamiseks LED- ja elektroonikarakendustes.<br \/>\n<\/p><br \/>\n<br \/>\n<p><b>4.Kas pressitud alumiiniumist jahutusradiaatorid on kohandatud?<\/b><\/p>\n<p>Jah, pressitud alumiiniumist jahutusradiaatorite suurust, kuju ja profiili disaini saab kohandada, et vastata eri rakenduste spetsiifilistele soojusjuhtimise vajadustele.<br \/>\n<\/p><br \/>\n<br \/>\n<p><b>5.Millised t\u00f6\u00f6stusharud kasutavad pressitud alumiiniumist jahutusradiaatorit?<\/b><\/p>\n<p>Profileeritud alumiiniumist jahutusradiaatorid on laialdaselt kasutusel sellistes t\u00f6\u00f6stusharudes nagu LED-valgustus, elektroonika, autot\u00f6\u00f6stus ja taastuvenergia, kus t\u00f5hus soojuse hajutamine on komponentide j\u00f5udluse ja vastupidavuse seisukohalt v\u00e4ga oluline.<br \/>\n<\/p><br \/>\n<br \/>\n<p><b>6.Kui t\u00f5husad on pressitud alumiiniumist jahutusradiaatorid LED-rakenduste jaoks?<\/b><\/p>\n<p>Pressitud alumiiniumist jahutusradiaatorid on LED-rakendustes v\u00e4ga t\u00f5husad, pakkudes suurep\u00e4rast soojuse hajutamist, et s\u00e4ilitada optimaalne t\u00f6\u00f6temperatuur ja pikendada LED-lampide ja muude elektroonikaseadmete eluiga.<br \/>\n<\/p><br \/>\n<br \/>\n<p><b>7.Kui kiiresti saab pressitud alumiiniumist jahutusradiaatorit toota?<\/b><\/p>\n<p>Ekstrudeeritud alumiiniumist jahutusradiaatorid on v\u00f5imalik toota kiiresti t\u00e4nu t\u00f5husale ekstrusioonile ja CNC-t\u00f6\u00f6tlemisprotsessile, mis tagab kiire tarneaja nii v\u00e4ikeste kui ka suuremahuliste tootmismahtude puhul.<br \/>\n<\/p><br \/><\/p>","protected":false},"featured_media":8530,"template":"","categories":[68],"class_list":["post-8531","product","type-product","status-publish","has-post-thumbnail","hentry","category-cnc-machining-aluminum-profile"],"meta_box":{"hilight_text_group":{"product_hilight_text":"<li>High-quality extruded aluminum heatsink for efficient thermal management<\/li>\r\r\n<li>Made from LED alloy A6063 T5, offering excellent durability and corrosion resistance<\/li>\r\r\n<li>Precision CNC cutting for tight tolerances and superior finish<\/li>\r\r\n<li>Customizable extrusion profiles to fit specific cooling requirements<\/li>\r\r\n<li>Efficient heat dissipation for LED applications and other electronic devices<\/li>\r\r\n<li>Cost-effective production with fast lead times and excellent quality control<\/li>","product_chanpin_blog":"<ul>\r\r\n<li><a href=\"https:\/\/sinoextrud.com\/t-slot-v-slot-differences\/\" target=\"_blank\">t slot vs v slot<\/a><\/li>\r\r\n<li><a href=\"https:\/\/sinoextrud.com\/what-is-4040-aluminium-extrud\/\" target=\"_blank\">4040 aluminium extrusion<\/a><\/li>\r\r\n<li><a href=\"https:\/\/sinoextrud.com\/what-is-4040-aluminium-extrud\/\" target=\"_blank\">aluminum extrusions for industrial racks<\/a><\/li>\r\r\n<li><a href=\"https:\/\/sinoextrud.com\/powder-coating-aluminium-process\/\" target=\"_blank\">powder coating aluminium<\/a><\/li>\r\r\n<li><a href=\"https:\/\/sinoextrud.com\/what-is-an-aluminium-strip-ceiling\/\" target=\"_blank\">aluminium strip ceiling<\/a><\/li>\r\r\n<li><a href=\"https:\/\/sinoextrud.com\/what-is-a-heat-sink\/\" target=\"_blank\">what is a heat sink<\/a><\/li>\r\r\n<\/ul>","product_chanpin_chanpin":"<li><a href=\"https:\/\/sinoextrud.com\/product\/factory-cnc-precision-aluminum-parts\/\" target=\"_blank\">Factory Cnc Precision Aluminum Parts<\/a><\/li>\r\n<li><a href=\"https:\/\/sinoextrud.com\/product\/extruded-aluminium-housing\/\" target=\"_blank\">Extruded Aluminium Housing<\/a><\/li>\r\n<li><a href=\"https:\/\/sinoextrud.com\/product\/aluminum-panel-outlet-socket\/\" target=\"_blank\">Aluminum Panel Outlet Socket<\/a><\/li>\r\n<li><a href=\"https:\/\/sinoextrud.com\/product\/anodized-small-machining-aluminum-parts\/\" target=\"_blank\">Anodized Small Machining Aluminum Parts<\/a><\/li>\r\n<li><a href=\"https:\/\/sinoextrud.com\/product\/extruded-aluminum-heatsink-led-alloy-a6063-t5-extrusion-profiles-cutting-cnc-precision\/\" target=\"_blank\">extruded aluminum heatsink LED alloy a6063 t5 extrusion profiles cutting CNC precision<\/a><\/li>\r\n<li><a href=\"https:\/\/sinoextrud.com\/product\/aluminum-anodized-gold-ashtray\/\" target=\"_blank\">Aluminum Anodized Gold Ashtray<\/a><\/li>\r\n<li><a href=\"https:\/\/sinoextrud.com\/product\/aluminum-hydraulic-oil-tank\/\" target=\"_blank\">Aluminum Hydraulic Oil Tank<\/a><\/li>\r\n<li><a href=\"https:\/\/sinoextrud.com\/product\/machined-aluminum-rail-extrusion-profile-cnc-aviation-aluminum-gantry\/\" target=\"_blank\">Machined Aluminum Rail Extrusion Profile CNC Aviation Aluminum Gantry<\/a><\/li>\r\n<li><a href=\"https:\/\/sinoextrud.com\/product\/cnc-machining-aluminum-signal-plate\/\" target=\"_blank\">CNC Machining Aluminum Signal Plate<\/a><\/li>\r\n<li><a href=\"https:\/\/sinoextrud.com\/product\/anodized-and-powder-coated-t-slotted-aluminum-extrusion\/\" target=\"_blank\">Anodized and Powder Coated T-Slotted Aluminum Extrusion<\/a><\/li>\r\n<li><a href=\"https:\/\/sinoextrud.com\/product\/oem-aluminum-channel-tube-and-pipe-extrusions-profile-for-constuction\/\" target=\"_blank\">OEM Aluminum Channel Tube And Pipe Extrusions Profile For Constuction<\/a><\/li>"},"feature_list":[]},"_links":{"self":[{"href":"https:\/\/sinoextrud.com\/et\/wp-json\/wp\/v2\/product\/8531","targetHints":{"allow":["GET"]}}],"collection":[{"href":"https:\/\/sinoextrud.com\/et\/wp-json\/wp\/v2\/product"}],"about":[{"href":"https:\/\/sinoextrud.com\/et\/wp-json\/wp\/v2\/types\/product"}],"wp:featuredmedia":[{"embeddable":true,"href":"https:\/\/sinoextrud.com\/et\/wp-json\/wp\/v2\/media\/8530"}],"wp:attachment":[{"href":"https:\/\/sinoextrud.com\/et\/wp-json\/wp\/v2\/media?parent=8531"}],"wp:term":[{"taxonomy":"category","embeddable":true,"href":"https:\/\/sinoextrud.com\/et\/wp-json\/wp\/v2\/categories?post=8531"}],"curies":[{"name":"wp","href":"https:\/\/api.w.org\/{rel}","templated":true}]}}