{"id":8523,"date":"2025-06-17T01:50:30","date_gmt":"2025-06-17T01:50:30","guid":{"rendered":"https:\/\/sinoextrud.com\/product\/factory-cnc-precision-aluminum-parts\/"},"modified":"2025-06-24T06:24:08","modified_gmt":"2025-06-24T06:24:08","slug":"tehase-cnc-tappisalumiiniumosad","status":"publish","type":"product","link":"https:\/\/sinoextrud.com\/et\/product\/factory-cnc-precision-aluminum-parts\/","title":{"rendered":"Factory Cnc t\u00e4psus alumiiniumosad"},"content":{"rendered":"<h2>Toodete \u00fcksikasjad<\/h2>\n<table class=\"custom-table\">\n<tr>\n<td class=\"label\">Materjal<\/td>\n<td>Alumiinium, messing, roostevaba teras, titaan<\/td>\n<\/tr>\n<tr>\n<td class=\"label\">Pinnat\u00f6\u00f6tlus<\/td>\n<td>Anodeerimine, oks\u00fcdeerimine, nikeldamine, tsinkimine, kroomimine, k\u00f5rge poleerimine<\/td>\n<\/tr>\n<tr>\n<td class=\"label\">Sallivus<\/td>\n<td>\u00b10,02mm<\/td>\n<\/tr>\n<tr>\n<td class=\"label\">Kvaliteedistandard<\/td>\n<td>ISO9001:2008<\/td>\n<\/tr>\n<tr>\n<td class=\"label\">Kontrollimisseadmed<\/td>\n<td>M\u00f5\u00f5dikud, mikromeeter, k\u00f5rgusem\u00f5\u00f5tur, kvadraatelement, m\u00f5\u00f5teriist, kareduse tester<\/td>\n<\/tr>\n<tr>\n<td class=\"label\">Joonise formaat<\/td>\n<td>IGS, STP, AutoCAD2004-2010 jne.<\/td>\n<\/tr>\n<tr>\n<td class=\"label\">Pakend<\/td>\n<td>Standardne ekspordikarp v\u00f5i kliendi n\u00f5udmiste alusel<\/td>\n<\/tr>\n<tr>\n<td class=\"label\">OEM &amp; ODM teenus<\/td>\n<td>OEM &amp; ODM teenus on saadaval<\/td>\n<\/tr>\n<tr>\n<td class=\"label\">V\u00e4rv<\/td>\n<td>alumiiniumosade ja roostevabast terasest detailide puhul on iga v\u00e4rv meie jaoks ok.<\/td>\n<\/tr>\n<tr>\n<td class=\"label\">Logo<\/td>\n<td>Logo tr\u00fckkimise teenus on saadaval<\/td>\n<\/tr>\n<\/table>\n<h2>Meie tootmisbaas<\/h2>\n<h3>Tehase panoraam<\/h3>\n<p><img decoding=\"async\" src=\"\/wp-content\/uploads\/factory-01.webp\"\/><\/p>\n<h3>Alumiiniumvarraste tootmise t\u00f6\u00f6koda<\/h3>\n<p><img decoding=\"async\" src=\"\/wp-content\/uploads\/factory-02.webp\"\/><\/p>\n<\/p>\n<p><img decoding=\"async\" src=\"\/wp-content\/uploads\/factory-03.webp\"\/><\/p>\n<h3>hallituse ladustamise ladu<\/h3>\n<p><img decoding=\"async\" src=\"\/wp-content\/uploads\/factory-04.webp\"\/><\/p>\n<h3>43 alumiiniumi ekstrusiooniliini (500-5500 tonni)<\/h3>\n<p><img decoding=\"async\" src=\"\/wp-content\/uploads\/factory-05.webp\"\/><\/p>\n<p><img decoding=\"async\" src=\"\/wp-content\/uploads\/factory-06.webp\"\/><\/p>\n<p><img decoding=\"async\" src=\"\/wp-content\/uploads\/factory-07.webp\"\/><\/p>\n<h3>Pulberv\u00e4rvimise t\u00f6\u00f6koda<\/h3>\n<p><img decoding=\"async\" src=\"\/wp-content\/uploads\/factory-09.webp\"\/><\/p>\n<h3>Anodiseerimise t\u00f6\u00f6koda<\/h3>\n<p><img decoding=\"async\" src=\"\/wp-content\/uploads\/factory-10.webp\"\/><\/p>\n<h3>S\u00fcgavt\u00f6\u00f6tlemise t\u00f6\u00f6tuba<\/h3>\n<p><img decoding=\"async\" src=\"\/wp-content\/uploads\/factory-11.webp\"\/><\/p>\n<h3>CNC-t\u00e4ppist\u00f6\u00f6tlemise t\u00f6\u00f6koda<\/h3>\n<p><img decoding=\"async\" src=\"\/wp-content\/uploads\/factory-11.5.webp\"\/><\/p>\n<h3>Valmistoodete ja ekspordi ladu<\/h3>\n<p><img decoding=\"async\" src=\"\/wp-content\/uploads\/factory-12.webp\"\/><\/p>\n<p><img decoding=\"async\" src=\"\/wp-content\/uploads\/factory-13.webp\"\/><\/p>\n<p><img decoding=\"async\" src=\"\/wp-content\/uploads\/factory-14.webp\"\/><\/p>\n<h2>KKK<\/h2>\n<p><b>1.Mis on tehase CNC-t\u00e4ppisalumiiniumosad?<\/b><\/p>\n<p>Tehase CNC-t\u00e4ppisalumiiniumdetailid on CNC-t\u00f6\u00f6tlustehnoloogiaga valmistatud alumiiniumkomponendid, mis tagavad suure t\u00e4psuse ja vastupidavuse mitmesuguste t\u00f6\u00f6stuslike rakenduste jaoks.\n<\/p>\n<p><\/p>\n<p><b>2.Miks valida alumiinium CNC-t\u00e4ppisdetailide jaoks?<\/b><\/p>\n<p>Alumiinium on kerge, tugev, korrosioonikindel ja suurep\u00e4raselt t\u00f6\u00f6deldav, mist\u00f5ttu on see ideaalne materjal t\u00e4ppis-CNC-osade valmistamiseks.\n<\/p>\n<p><\/p>\n<p><b>3.Kui t\u00e4psed on tehase CNC-t\u00e4ppisalumiiniumosad?<\/b><\/p>\n<p>Tehase CNC-t\u00e4ppisalumiiniumosad toodetakse suure t\u00e4psusega, j\u00e4rgides rangeid tolerantse ja tagades suurep\u00e4rase j\u00f5udluse erinevates rakendustes.\n<\/p>\n<p><\/p>\n<p><b>4.Can Factory CNC t\u00e4psus Alumiinium osad on kohandatud?<\/b><\/p>\n<p>Jah, neid alumiiniumosasid saab h\u00f5lpsasti kohandada vastavalt konkreetsetele disaini- ja m\u00f5\u00f5tmen\u00f5uetele, pakkudes paindlikkust erinevate rakenduste jaoks.\n<\/p>\n<p><\/p>\n<p><b>5.Millised t\u00f6\u00f6stusharud saavad kasu tehase CNC-t\u00e4ppisalumiiniumosadest?<\/b><\/p>\n<p>Sellised t\u00f6\u00f6stusharud nagu lennundus, autot\u00f6\u00f6stus, elektroonika ja t\u00f6\u00f6tlev t\u00f6\u00f6stus saavad kasu nendest t\u00e4ppisdetailidest t\u00e4nu nende tugevusele, vastupidavusele ja kergusele.\n<\/p>\n<p><\/p>\n<p><b>6.Kui kiiresti on tehase CNC-t\u00e4ppisalumiiniumosade tootmine?<\/b><\/p>\n<p>CNC-t\u00e4ppisalumiiniumdetailide tootmisprotsess on t\u00f5hus, pakkudes kiireid valmimisaegu, et pidada kinni projektide l\u00fchikestest t\u00e4htaegadest.\n<\/p>\n<p><\/p>\n<p><b>7.Kas tehase CNC-t\u00e4ppisalumiiniumosad on kuluefektiivsed?<\/b><\/p>\n<p>Jah, nende osade tootmisprotsess on kuluefektiivne, v\u00f5imaldades ettev\u00f5tetel saada kvaliteetseid komponente konkurentsiv\u00f5imeliste hindadega, ilma et see tooks ohvriks t\u00e4psuse.\n<\/p>\n<p><\/p>","protected":false},"featured_media":8522,"template":"","categories":[68],"class_list":["post-8523","product","type-product","status-publish","has-post-thumbnail","hentry","category-cnc-machining-aluminum-profile"],"meta_box":{"hilight_text_group":{"product_hilight_text":"<li>High-precision CNC machining for aluminum parts<\/li>\r\r\n<li>Customizable designs to fit various industrial needs<\/li>\r\r\n<li>Cost-effective production with quick turnaround times<\/li>\r\r\n<li>Durable and lightweight aluminum material<\/li>\r\r\n<li>Suitable for a wide range of applications, including aerospace, automotive, and electronics<\/li>\r\r\n<li>High-quality surface finish with excellent dimensional accuracy<\/li>","product_chanpin_blog":"<ul>\r\r\n<li><a href=\"https:\/\/sinoextrud.com\/t-slot-v-slot-differences\/\" target=\"_blank\">t slot vs v slot<\/a><\/li>\r\r\n<li><a href=\"https:\/\/sinoextrud.com\/what-is-4040-aluminium-extrud\/\" target=\"_blank\">4040 aluminium extrusion<\/a><\/li>\r\r\n<li><a href=\"https:\/\/sinoextrud.com\/what-is-4040-aluminium-extrud\/\" target=\"_blank\">aluminum extrusions for industrial racks<\/a><\/li>\r\r\n<li><a href=\"https:\/\/sinoextrud.com\/powder-coating-aluminium-process\/\" target=\"_blank\">powder coating aluminium<\/a><\/li>\r\r\n<li><a href=\"https:\/\/sinoextrud.com\/what-is-an-aluminium-strip-ceiling\/\" target=\"_blank\">aluminium strip ceiling<\/a><\/li>\r\r\n<li><a href=\"https:\/\/sinoextrud.com\/what-is-a-heat-sink\/\" target=\"_blank\">what is a heat sink<\/a><\/li>\r\r\n<\/ul>","product_chanpin_chanpin":"<li><a href=\"https:\/\/sinoextrud.com\/product\/aluminum-cnc-profile\/\" target=\"_blank\">Aluminum CNC Profile<\/a><\/li>\r\n<li><a href=\"https:\/\/sinoextrud.com\/product\/extruded-aluminium-case\/\" target=\"_blank\">Extruded Aluminium Case<\/a><\/li>\r\n<li><a href=\"https:\/\/sinoextrud.com\/product\/aluminium-extrusion-enclosure\/\" target=\"_blank\">Aluminium Extrusion Enclosure<\/a><\/li>\r\n<li><a href=\"https:\/\/sinoextrud.com\/product\/aluminum-cnc-punching-parts\/\" target=\"_blank\">Aluminum CNC Punching Parts<\/a><\/li>\r\n<li><a href=\"https:\/\/sinoextrud.com\/product\/factory-cnc-precision-aluminum-parts\/\" target=\"_blank\">Factory Cnc Precision Aluminum Parts<\/a><\/li>\r\n<li><a href=\"https:\/\/sinoextrud.com\/product\/extruded-aluminium-housing\/\" target=\"_blank\">Extruded Aluminium Housing<\/a><\/li>\r\n<li><a href=\"https:\/\/sinoextrud.com\/product\/aluminum-panel-outlet-socket\/\" target=\"_blank\">Aluminum Panel Outlet Socket<\/a><\/li>\r\n<li><a href=\"https:\/\/sinoextrud.com\/product\/anodized-small-machining-aluminum-parts\/\" target=\"_blank\">Anodized Small Machining Aluminum Parts<\/a><\/li>\r\n<li><a href=\"https:\/\/sinoextrud.com\/product\/extruded-aluminum-heatsink-led-alloy-a6063-t5-extrusion-profiles-cutting-cnc-precision\/\" target=\"_blank\">extruded aluminum heatsink LED alloy a6063 t5 extrusion profiles cutting CNC precision<\/a><\/li>\r\n<li><a href=\"https:\/\/sinoextrud.com\/product\/20-year-warranty-6061-6063-aluminum-wood-grain-look-aluminum-extruded-square-rectangular-tube\/\" target=\"_blank\">20-Year Warranty 6061 6063 Aluminum Wood Grain Look Aluminum Extruded Square Rectangular Tube<\/a><\/li>\r\n<li><a href=\"https:\/\/sinoextrud.com\/product\/aluminum-extrusion-hard-anodizing-aluminum-profiles\/\" target=\"_blank\">Aluminum Extrusion Hard Anodizing Aluminum Profiles<\/a><\/li>"},"feature_list":[]},"_links":{"self":[{"href":"https:\/\/sinoextrud.com\/et\/wp-json\/wp\/v2\/product\/8523","targetHints":{"allow":["GET"]}}],"collection":[{"href":"https:\/\/sinoextrud.com\/et\/wp-json\/wp\/v2\/product"}],"about":[{"href":"https:\/\/sinoextrud.com\/et\/wp-json\/wp\/v2\/types\/product"}],"wp:featuredmedia":[{"embeddable":true,"href":"https:\/\/sinoextrud.com\/et\/wp-json\/wp\/v2\/media\/8522"}],"wp:attachment":[{"href":"https:\/\/sinoextrud.com\/et\/wp-json\/wp\/v2\/media?parent=8523"}],"wp:term":[{"taxonomy":"category","embeddable":true,"href":"https:\/\/sinoextrud.com\/et\/wp-json\/wp\/v2\/categories?post=8523"}],"curies":[{"name":"wp","href":"https:\/\/api.w.org\/{rel}","templated":true}]}}