{"id":8521,"date":"2025-06-17T01:49:07","date_gmt":"2025-06-17T01:49:07","guid":{"rendered":"https:\/\/sinoextrud.com\/product\/aluminum-cnc-punching-parts\/"},"modified":"2025-06-24T06:24:07","modified_gmt":"2025-06-24T06:24:07","slug":"alumiinium-cnc-stantsimine-osad","status":"publish","type":"product","link":"https:\/\/sinoextrud.com\/et\/product\/aluminum-cnc-punching-parts\/","title":{"rendered":"Alumiinium CNC Punching osad"},"content":{"rendered":"<h2>Toodete \u00fcksikasjad<\/h2>\n<table class=\"custom-table\">\n<tr>\n<td class=\"label\">Objekt:<\/td>\n<td> Alumiinium CNC Punching osad<\/td>\n<\/tr>\n<tr>\n<td class=\"label\">Temperament:<\/td>\n<td> T3-T8<\/td>\n<\/tr>\n<tr>\n<td class=\"label\">Materjal:<\/td>\n<td> 6063-T5, 6063-T6, 6061-T5, 6061-T6, 6463-T5.<\/td>\n<\/tr>\n<tr>\n<td class=\"label\">Sulam:<\/td>\n<td> Sulam<\/td>\n<\/tr>\n<tr>\n<td class=\"label\">Hinne:<\/td>\n<td> 6000-seeria<\/td>\n<\/tr>\n<tr>\n<td class=\"label\">Suurus:<\/td>\n<td> Kohandatud<\/td>\n<\/tr>\n<tr>\n<td class=\"label\">Pikkus:<\/td>\n<td> 1-9 meetrit v\u00f5i kohandatud<\/td>\n<\/tr>\n<tr>\n<td class=\"label\">Kvaliteedikontroll:<\/td>\n<td> 100% Kontrollimine enne saatmist<\/td>\n<\/tr>\n<tr>\n<td class=\"label\">T\u00fc\u00fcp:<\/td>\n<td> Alumiiniumi ekstrusioon CNC profiilid <\/td>\n<\/tr>\n<tr>\n<td class=\"label\">Spetsifikatsioon:<\/td>\n<td> ISO9001, ISO14001<\/td>\n<\/tr>\n<tr>\n<td class=\"label\">Igakuine toodang:<\/td>\n<td> 15 000 tonni<\/td>\n<\/tr>\n<tr>\n<td class=\"label\">Teenindus:<\/td>\n<td> OEM\/ODM<\/td>\n<\/tr>\n<tr>\n<td class=\"label\">S\u00fcgav protsess:<\/td>\n<td> CNC, puurimine, keermestamine, augustamine, l\u00f5ikamine, painutamine<\/td>\n<\/tr>\n<tr>\n<td class=\"label\">P\u00e4ritolu:<\/td>\n<td> Foshan, Hiina<\/td>\n<\/tr>\n<tr>\n<td class=\"label\">Kaubam\u00e4rk:<\/td>\n<td> Sinoextrud (Sinoextrud) \/ OEM<\/td>\n<\/tr>\n<\/table>\n<h2>Meie tootmisbaas<\/h2>\n<h3>Tehase panoraam<\/h3>\n<p><img decoding=\"async\" src=\"\/wp-content\/uploads\/factory-01.webp\"\/><\/p>\n<h3>Alumiiniumvarraste tootmise t\u00f6\u00f6koda<\/h3>\n<p><img decoding=\"async\" src=\"\/wp-content\/uploads\/factory-02.webp\"\/><\/p>\n<p><img decoding=\"async\" src=\"\/wp-content\/uploads\/factory-03.webp\"\/><\/p>\n<h3>hallituse ladustamise ladu<\/h3>\n<p><img decoding=\"async\" src=\"\/wp-content\/uploads\/factory-04.webp\"\/><\/p>\n<h3>43 alumiiniumi ekstrusiooniliini (500-5500 tonni)<\/h3>\n<p><img decoding=\"async\" src=\"\/wp-content\/uploads\/factory-05.webp\"\/><\/p>\n<p><img decoding=\"async\" src=\"\/wp-content\/uploads\/factory-06.webp\"\/><\/p>\n<p><img decoding=\"async\" src=\"\/wp-content\/uploads\/factory-07.webp\"\/><\/p>\n<h3>Pulberv\u00e4rvimise t\u00f6\u00f6koda<\/h3>\n<p><img decoding=\"async\" src=\"\/wp-content\/uploads\/factory-09.webp\"\/><\/p>\n<h3>Anodiseerimise t\u00f6\u00f6koda<\/h3>\n<p><img decoding=\"async\" src=\"\/wp-content\/uploads\/factory-10.webp\"\/><\/p>\n<h3>S\u00fcgavt\u00f6\u00f6tlemise t\u00f6\u00f6tuba<\/h3>\n<p><img decoding=\"async\" src=\"\/wp-content\/uploads\/factory-11.webp\"\/><\/p>\n<h3>CNC-t\u00e4ppist\u00f6\u00f6tlemise t\u00f6\u00f6koda<\/h3>\n<p><img decoding=\"async\" src=\"\/wp-content\/uploads\/factory-11.5.webp\"\/><\/p>\n<h3>Valmistoodete ja ekspordi ladu<\/h3>\n<p><img decoding=\"async\" src=\"\/wp-content\/uploads\/factory-12.webp\"\/><\/p>\n<p><img decoding=\"async\" src=\"\/wp-content\/uploads\/factory-13.webp\"\/><\/p>\n<p><img decoding=\"async\" src=\"\/wp-content\/uploads\/factory-14.webp\"\/><\/p>\n<h2>KKK<\/h2>\n<p><p><b>1.Millised on alumiiniumi CNC-t\u00f6\u00f6tlemisosade eelised?<\/b><\/p>\n<p>Alumiiniumist CNC-stantsitud detailid pakuvad suurt t\u00e4psust, vastupidavust ja v\u00f5imalust kohandada disainilahendusi erinevate rakenduste jaoks, mist\u00f5ttu sobivad need ideaalselt sellistes t\u00f6\u00f6stusharudes nagu autot\u00f6\u00f6stus, elektroonika ja kosmoset\u00f6\u00f6stus.<br \/>\n<\/p><br \/>\n<br \/>\n<p><b>2.Miks valida alumiinium CNC-t\u00f6\u00f6tlemisel?<\/b><\/p>\n<p>Alumiinium on kerge, korrosioonikindel ja suurep\u00e4raselt t\u00f6\u00f6deldav, mist\u00f5ttu on see populaarne valik CNC-t\u00f6\u00f6tlemisel kasutatavate detailide jaoks.<br \/>\n<\/p><br \/>\n<br \/>\n<p><b>3.How t\u00e4pne on alumiinium CNC Punching osad?<\/b><\/p>\n<p>Alumiiniumist CNC-stantsitud detailid toodetakse suure t\u00e4psusega, tagades tihedad tolerantsid ja suurep\u00e4rase kvaliteedi erinevate rakenduste jaoks.<br \/>\n<\/p><br \/>\n<br \/>\n<p><b>4.Can Alumiinium CNC Punching osad on kohandatud?<\/b><\/p>\n<p>Jah, alumiiniumist CNC-t\u00f6\u00f6tlemisdetailid on h\u00f5lpsasti kohandatavad vastavalt teie projekti spetsiifilistele disaini- ja m\u00f5\u00f5tmisn\u00f5uetele.<br \/>\n<\/p><br \/>\n<br \/>\n<p><b>5.Millised t\u00f6\u00f6stusharud kasutavad alumiiniumist CNC-t\u00f6\u00f6deldud osi?<\/b><\/p>\n<p>Alumiiniumist CNC-stantsitud detailid on t\u00e4nu oma mitmek\u00fclgsusele ja tugevusele laialdaselt kasutusel auto-, elektroonika-, lennundus- ja kosmoset\u00f6\u00f6stuses ning t\u00f6\u00f6stussektoris.<br \/>\n<\/p><br \/>\n<br \/>\n<p><b>6.Kui kiiresti on alumiiniumist CNC-t\u00f6\u00f6tlemise osade tootmine?<\/b><\/p>\n<p>Alumiiniumist CNC-t\u00f6\u00f6tlemisega detailide tootmise aeg on tavaliselt kiire, v\u00f5imaldades kiireid valmimisaegu ja tihedatest t\u00e4htaegadest kinnipidamist.<br \/>\n<\/p><br \/>\n<br \/>\n<p><b>7.Kas alumiinium CNC Punching Parts on kuluefektiivne?<\/b><\/p>\n<p>Jah, alumiiniumi CNC-t\u00f6\u00f6tlemine on kuluefektiivne, pakkudes konkurentsiv\u00f5imelist hinda ilma kvaliteedist j\u00e4releandmisi tegemata.<br \/>\n<\/p><br \/><\/p>","protected":false},"featured_media":8520,"template":"","categories":[68],"class_list":["post-8521","product","type-product","status-publish","has-post-thumbnail","hentry","category-cnc-machining-aluminum-profile"],"meta_box":{"hilight_text_group":{"product_hilight_text":"<li>High precision machining for superior quality<\/li>\r\r\n<li>Cost-effective and efficient production process<\/li>\r\r\n<li>Customizable designs to meet specific requirements<\/li>\r\r\n<li>Durable and reliable aluminum material<\/li>\r\r\n<li>Fast lead time and quick turnaround<\/li>\r\r\n<li>Perfect for various industries, including automotive, electronics, and aerospace<\/li>","product_chanpin_blog":"<ul>\r\r\n<li><a href=\"https:\/\/sinoextrud.com\/t-slot-v-slot-differences\/\" target=\"_blank\">t slot vs v slot<\/a><\/li>\r\r\n<li><a href=\"https:\/\/sinoextrud.com\/what-is-4040-aluminium-extrud\/\" target=\"_blank\">4040 aluminium extrusion<\/a><\/li>\r\r\n<li><a href=\"https:\/\/sinoextrud.com\/what-is-4040-aluminium-extrud\/\" target=\"_blank\">aluminum extrusions for industrial racks<\/a><\/li>\r\r\n<li><a href=\"https:\/\/sinoextrud.com\/powder-coating-aluminium-process\/\" target=\"_blank\">powder coating aluminium<\/a><\/li>\r\r\n<li><a href=\"https:\/\/sinoextrud.com\/what-is-an-aluminium-strip-ceiling\/\" target=\"_blank\">aluminium strip ceiling<\/a><\/li>\r\r\n<li><a href=\"https:\/\/sinoextrud.com\/what-is-a-heat-sink\/\" target=\"_blank\">what is a heat sink<\/a><\/li>\r\r\n<\/ul>","product_chanpin_chanpin":"<li><a href=\"https:\/\/sinoextrud.com\/product\/aluminum-extruded-handles\/\" target=\"_blank\">Aluminum Extruded Handles<\/a><\/li>\r\n<li><a href=\"https:\/\/sinoextrud.com\/product\/aluminum-cnc-profile\/\" target=\"_blank\">Aluminum CNC Profile<\/a><\/li>\r\n<li><a href=\"https:\/\/sinoextrud.com\/product\/extruded-aluminium-case\/\" target=\"_blank\">Extruded Aluminium Case<\/a><\/li>\r\n<li><a href=\"https:\/\/sinoextrud.com\/product\/aluminium-extrusion-enclosure\/\" target=\"_blank\">Aluminium Extrusion Enclosure<\/a><\/li>\r\n<li><a href=\"https:\/\/sinoextrud.com\/product\/aluminum-cnc-punching-parts\/\" target=\"_blank\">Aluminum CNC Punching Parts<\/a><\/li>\r\n<li><a href=\"https:\/\/sinoextrud.com\/product\/factory-cnc-precision-aluminum-parts\/\" target=\"_blank\">Factory Cnc Precision Aluminum Parts<\/a><\/li>\r\n<li><a href=\"https:\/\/sinoextrud.com\/product\/extruded-aluminium-housing\/\" target=\"_blank\">Extruded Aluminium Housing<\/a><\/li>\r\n<li><a href=\"https:\/\/sinoextrud.com\/product\/aluminum-panel-outlet-socket\/\" target=\"_blank\">Aluminum Panel Outlet Socket<\/a><\/li>\r\n<li><a href=\"https:\/\/sinoextrud.com\/product\/anodized-small-machining-aluminum-parts\/\" target=\"_blank\">Anodized Small Machining Aluminum Parts<\/a><\/li>\r\n<li><a href=\"https:\/\/sinoextrud.com\/product\/6061-aluminum-price-per-pound-best-quality-anodized-t-slot-aluminum-profile-extrusion-framing-track\/\" target=\"_blank\">6061 aluminum price per pound best quality anodized t-slot aluminum profile extrusion framing track<\/a><\/li>\r\n<li><a href=\"https:\/\/sinoextrud.com\/product\/extruded-aluminum-alloy-profile-for-glass-floor-channel\/\" target=\"_blank\">Extruded Aluminum Alloy Profile For Glass Floor Channel<\/a><\/li>"},"feature_list":[]},"_links":{"self":[{"href":"https:\/\/sinoextrud.com\/et\/wp-json\/wp\/v2\/product\/8521","targetHints":{"allow":["GET"]}}],"collection":[{"href":"https:\/\/sinoextrud.com\/et\/wp-json\/wp\/v2\/product"}],"about":[{"href":"https:\/\/sinoextrud.com\/et\/wp-json\/wp\/v2\/types\/product"}],"wp:featuredmedia":[{"embeddable":true,"href":"https:\/\/sinoextrud.com\/et\/wp-json\/wp\/v2\/media\/8520"}],"wp:attachment":[{"href":"https:\/\/sinoextrud.com\/et\/wp-json\/wp\/v2\/media?parent=8521"}],"wp:term":[{"taxonomy":"category","embeddable":true,"href":"https:\/\/sinoextrud.com\/et\/wp-json\/wp\/v2\/categories?post=8521"}],"curies":[{"name":"wp","href":"https:\/\/api.w.org\/{rel}","templated":true}]}}