{"id":8511,"date":"2025-06-17T01:36:58","date_gmt":"2025-06-17T01:36:58","guid":{"rendered":"https:\/\/sinoextrud.com\/product\/aluminium-profile-bending\/"},"modified":"2025-06-24T06:24:05","modified_gmt":"2025-06-24T06:24:05","slug":"alumiiniumprofiili-painutamine","status":"publish","type":"product","link":"https:\/\/sinoextrud.com\/et\/product\/aluminium-profile-bending\/","title":{"rendered":"Alumiiniumprofiili painutamine"},"content":{"rendered":"<h2>Toodete \u00fcksikasjad<\/h2>\n<table class=\"custom-table\">\n<tr>\n<td class=\"label\">T\u00fc\u00fcp:<\/td>\n<td> Alumiiniumprofiili painutamine<\/td>\n<\/tr>\n<tr>\n<td class=\"label\">Hinne:<\/td>\n<td> 6000 seeria<\/td>\n<\/tr>\n<tr>\n<td class=\"label\">Temperament:<\/td>\n<td> T3-T8<\/td>\n<\/tr>\n<tr>\n<td class=\"label\">Pinna viimistlemine:<\/td>\n<td> Anoodiline oks\u00fcdeerimine<\/td>\n<\/tr>\n<tr>\n<td class=\"label\">Sertifitseerimine:<\/td>\n<td> CE, ISO, TUV<\/td>\n<\/tr>\n<tr>\n<td class=\"label\">Spetsifikatsioon:<\/td>\n<td> OEM<\/td>\n<\/tr>\n<tr>\n<td class=\"label\">HS-kood:<\/td>\n<td> 7606125900<\/td>\n<\/tr>\n<tr>\n<td class=\"label\">Temperament:<\/td>\n<td> T3-T8<\/td>\n<\/tr>\n<tr>\n<td class=\"label\">Sulam:<\/td>\n<td> Kas sulam on sulam<\/td>\n<\/tr>\n<tr>\n<td class=\"label\">Transpordipakett:<\/td>\n<td> vastavalt kliendi n\u00f5udmistele<\/td>\n<\/tr>\n<tr>\n<td class=\"label\">P\u00e4ritolu:<\/td>\n<td> Foshan, Hiina<\/td>\n<\/tr>\n<\/table>\n<h2>Meie tootmisbaas<\/h2>\n<h3>Tehase panoraam<\/h3>\n<p><img decoding=\"async\" src=\"\/wp-content\/uploads\/factory-01.webp\"\/><\/p>\n<h3>Alumiiniumvarraste tootmise t\u00f6\u00f6koda<\/h3>\n<p><img decoding=\"async\" src=\"\/wp-content\/uploads\/factory-02.webp\"\/><\/p>\n<p><img decoding=\"async\" src=\"\/wp-content\/uploads\/factory-03.webp\"\/><\/p>\n<h3>hallituse ladustamise ladu<\/h3>\n<p><img decoding=\"async\" src=\"\/wp-content\/uploads\/factory-04.webp\"\/><\/p>\n<h3>43 alumiiniumi ekstrusiooniliini (500-5500 tonni)<\/h3>\n<p><img decoding=\"async\" src=\"\/wp-content\/uploads\/factory-05.webp\"\/><\/p>\n<p><img decoding=\"async\" src=\"\/wp-content\/uploads\/factory-06.webp\"\/><\/p>\n<p><img decoding=\"async\" src=\"\/wp-content\/uploads\/factory-07.webp\"\/><\/p>\n<h3>Pulberv\u00e4rvimise t\u00f6\u00f6koda<\/h3>\n<p><img decoding=\"async\" src=\"\/wp-content\/uploads\/factory-09.webp\"\/><\/p>\n<h3>Anodiseerimise t\u00f6\u00f6koda<\/h3>\n<p><img decoding=\"async\" src=\"\/wp-content\/uploads\/factory-10.webp\"\/><\/p>\n<h3>S\u00fcgavt\u00f6\u00f6tlemise t\u00f6\u00f6tuba<\/h3>\n<p><img decoding=\"async\" src=\"\/wp-content\/uploads\/factory-11.webp\"\/><\/p>\n<h3>CNC-t\u00e4ppist\u00f6\u00f6tlemise t\u00f6\u00f6koda<\/h3>\n<p><img decoding=\"async\" src=\"\/wp-content\/uploads\/factory-11.5.webp\"\/><\/p>\n<h3>Valmistoodete ja ekspordi ladu<\/h3>\n<p><img decoding=\"async\" src=\"\/wp-content\/uploads\/factory-12.webp\"\/><\/p>\n<p><img decoding=\"async\" src=\"\/wp-content\/uploads\/factory-13.webp\"\/><\/p>\n<p><img decoding=\"async\" src=\"\/wp-content\/uploads\/factory-14.webp\"\/><\/p>\n<h2>KKK<\/h2>\n<p><p><b>1.Mis on alumiiniumprofiili painutamine?<\/b><\/p>\n<p>Alumiiniumprofiilide painutamine on alumiiniumprofiilide painutamine konkreetseteks vormideks, et t\u00e4ita erinevate t\u00f6\u00f6stuslike rakenduste jaoks kohandatud disainin\u00f5udeid.<br \/>\n<\/p><br \/>\n<br \/>\n<p><b>2.Millised on alumiiniumprofiili painutamise eelised?<\/b><\/p>\n<p>Alumiiniumprofiili painutamine pakub t\u00e4psust, kohandamist, vastupidavust ja kuluefektiivsust, mis muudab selle ideaalseks mitmesuguste rakenduste jaoks mitmes t\u00f6\u00f6stusharus.<br \/>\n<\/p><br \/>\n<br \/>\n<p><b>3.Kuidas parandab alumiiniumprofiili painutamine disaini paindlikkust?<\/b><\/p>\n<p>Alumiiniumprofiilide painutamine v\u00f5imaldab luua keerulisi kujundeid ja profiile, pakkudes paindlikku disaini kohandatud projektide jaoks ehituses, autot\u00f6\u00f6stuses ja mujal.<br \/>\n<\/p><br \/>\n<br \/>\n<p><b>4.Kas alumiiniumprofiili painutamine on kuluefektiivne?<\/b><\/p>\n<p>Jah, alumiiniumprofiili painutamine on kuluefektiivne lahendus nii v\u00e4ikeste kui ka suurte tootmismahtude jaoks, mis tasakaalustab j\u00f5udluse ja hinna t\u00f6\u00f6stusprojektide jaoks.<br \/>\n<\/p><br \/>\n<br \/>\n<p><b>5.Millised t\u00f6\u00f6stusharud kasutavad alumiiniumprofiili painutamist?<\/b><\/p>\n<p>Sellised t\u00f6\u00f6stusharud nagu ehitus, autot\u00f6\u00f6stus ja tootmine kasutavad sageli alumiiniumprofiili painutamist kohandatud konstruktsioonielementide ja -konstruktsioonide loomiseks.<br \/>\n<\/p><br \/>\n<br \/>\n<p><b>6.Kas alumiiniumprofiili painutamine on keskkonnas\u00f5bralik?<\/b><\/p>\n<p>Jah, alumiinium on taaskasutatav materjal, mist\u00f5ttu on alumiiniumprofiili painutamine keskkonnas\u00f5bralik valik tootmiseks.<br \/>\n<\/p><br \/>\n<br \/>\n<p><b>7.Mis on alumiiniumprofiilide tugevus p\u00e4rast painutamist?<\/b><\/p>\n<p>Alumiiniumprofiilid s\u00e4ilitavad p\u00e4rast painutamist oma tugevuse, tagades vastupidavuse ja usaldusv\u00e4\u00e4rsuse erinevates t\u00f6\u00f6stuslikes rakendustes.<br \/>\n<\/p><br \/>\n<br \/>\n<p><b>8.Kuidas tagatakse alumiiniumprofiili painutamise kvaliteet?<\/b><\/p>\n<p>Alumiiniumprofiili painutamine toimub t\u00e4psete tehnikate ja kvaliteetsete materjalide abil, et tagada l\u00f5pptoote t\u00e4psus, vastupidavus ja j\u00f5udlus.<br \/>\n<\/p><br \/><\/p>","protected":false},"featured_media":8510,"template":"","categories":[68],"class_list":["post-8511","product","type-product","status-publish","has-post-thumbnail","hentry","category-cnc-machining-aluminum-profile"],"meta_box":{"hilight_text_group":{"product_hilight_text":"<li>Precise bending of aluminum profiles to meet custom specifications.<\/li>\r\r\n<li>Durable and lightweight material ensures both strength and flexibility.<\/li>\r\r\n<li>High-quality finish with excellent corrosion resistance for long-lasting use.<\/li>\r\r\n<li>Custom bending options allow for versatility in various industrial applications.<\/li>\r\r\n<li>Cost-effective solution for both small and large production runs.<\/li>\r\r\n<li>Efficient and reliable manufacturing process with quick turnaround times.<\/li>\r\r\n<li>Environmentally friendly and fully recyclable aluminum material.<\/li>","product_chanpin_blog":"<ul>\r\r\n<li><a href=\"https:\/\/sinoextrud.com\/t-slot-v-slot-differences\/\" target=\"_blank\">t slot vs v slot<\/a><\/li>\r\r\n<li><a href=\"https:\/\/sinoextrud.com\/what-is-4040-aluminium-extrud\/\" target=\"_blank\">4040 aluminium extrusion<\/a><\/li>\r\r\n<li><a href=\"https:\/\/sinoextrud.com\/what-is-4040-aluminium-extrud\/\" target=\"_blank\">aluminum extrusions for industrial racks<\/a><\/li>\r\r\n<li><a href=\"https:\/\/sinoextrud.com\/powder-coating-aluminium-process\/\" target=\"_blank\">powder coating aluminium<\/a><\/li>\r\r\n<li><a href=\"https:\/\/sinoextrud.com\/what-is-an-aluminium-strip-ceiling\/\" target=\"_blank\">aluminium strip ceiling<\/a><\/li>\r\r\n<li><a href=\"https:\/\/sinoextrud.com\/what-is-a-heat-sink\/\" target=\"_blank\">what is a heat sink<\/a><\/li>\r\r\n<\/ul>","product_chanpin_chanpin":"<li><a href=\"https:\/\/sinoextrud.com\/product\/custom-aluminum-extrusion-cnc-machining-aluminum-profile\/\" target=\"_blank\">Custom Aluminum Extrusion CNC Machining Aluminum Profile<\/a><\/li>\r\n<li><a href=\"https:\/\/sinoextrud.com\/product\/custom-3003-aluminum-tube-bending-coolant-tubes\/\" target=\"_blank\">Custom 3003 Aluminum Tube Bending Coolant Tubes<\/a><\/li>\r\n<li><a href=\"https:\/\/sinoextrud.com\/product\/aluminum-extrusion-curtain-wall\/\" target=\"_blank\">Aluminum Extrusion Curtain Wall<\/a><\/li>\r\n<li><a href=\"https:\/\/sinoextrud.com\/product\/aluminum-profile-for-cnc\/\" target=\"_blank\">Aluminum Profile For CNC<\/a><\/li>\r\n<li><a href=\"https:\/\/sinoextrud.com\/product\/aluminium-profile-bending\/\" target=\"_blank\">Aluminium Profile Bending<\/a><\/li>\r\n<li><a href=\"https:\/\/sinoextrud.com\/product\/aluminum-extruded-handles\/\" target=\"_blank\">Aluminum Extruded Handles<\/a><\/li>\r\n<li><a href=\"https:\/\/sinoextrud.com\/product\/aluminum-cnc-profile\/\" target=\"_blank\">Aluminum CNC Profile<\/a><\/li>\r\n<li><a href=\"https:\/\/sinoextrud.com\/product\/extruded-aluminium-case\/\" target=\"_blank\">Extruded Aluminium Case<\/a><\/li>\r\n<li><a href=\"https:\/\/sinoextrud.com\/product\/aluminium-extrusion-enclosure\/\" target=\"_blank\">Aluminium Extrusion Enclosure<\/a><\/li>\r\n<li><a href=\"https:\/\/sinoextrud.com\/product\/extruded-aluminum-enclosure-case\/\" target=\"_blank\">Extruded Aluminum Enclosure Case<\/a><\/li>\r\n<li><a href=\"https:\/\/sinoextrud.com\/product\/aluminum-profile-for-workstation-desk\/\" target=\"_blank\">Aluminum Profile For Workstation Desk<\/a><\/li>"},"feature_list":[]},"_links":{"self":[{"href":"https:\/\/sinoextrud.com\/et\/wp-json\/wp\/v2\/product\/8511","targetHints":{"allow":["GET"]}}],"collection":[{"href":"https:\/\/sinoextrud.com\/et\/wp-json\/wp\/v2\/product"}],"about":[{"href":"https:\/\/sinoextrud.com\/et\/wp-json\/wp\/v2\/types\/product"}],"wp:featuredmedia":[{"embeddable":true,"href":"https:\/\/sinoextrud.com\/et\/wp-json\/wp\/v2\/media\/8510"}],"wp:attachment":[{"href":"https:\/\/sinoextrud.com\/et\/wp-json\/wp\/v2\/media?parent=8511"}],"wp:term":[{"taxonomy":"category","embeddable":true,"href":"https:\/\/sinoextrud.com\/et\/wp-json\/wp\/v2\/categories?post=8511"}],"curies":[{"name":"wp","href":"https:\/\/api.w.org\/{rel}","templated":true}]}}