{"id":8481,"date":"2025-06-16T13:20:48","date_gmt":"2025-06-16T13:20:48","guid":{"rendered":"https:\/\/sinoextrud.com\/product\/cnc-machining-anodized-item-extruded-aluminum\/"},"modified":"2025-06-24T06:24:02","modified_gmt":"2025-06-24T06:24:02","slug":"cnc-tootlemine-anodeeritud-toode-pressitud-alumiiniumist","status":"publish","type":"product","link":"https:\/\/sinoextrud.com\/et\/product\/cnc-machining-anodized-item-extruded-aluminum\/","title":{"rendered":"CNC t\u00f6\u00f6tlemine anodeeritud toode pressitud alumiiniumist"},"content":{"rendered":"<h2>Toodete \u00fcksikasjad<\/h2>\n<table class=\"custom-table\">\n<tbody>\n<tr>\n<td> Hinne:<\/td>\n<td> 6063 -t5<\/td>\n<\/tr>\n<tr>\n<td> Tehnika:<\/td>\n<td> CNC t\u00f6\u00f6tlemine anodeeritud toode pressitud alumiiniumist<\/td>\n<\/tr>\n<tr>\n<td> Temperament:<\/td>\n<td> T3 - T8<\/td>\n<\/tr>\n<tr>\n<td> T\u00f6\u00f6deldavad teenused:<\/td>\n<td> Puurimine, keermestamine, neetimine, montaa\u017e jne.<\/td>\n<\/tr>\n<tr>\n<td> Kaubam\u00e4rk:<\/td>\n<td> Sinoextrud Sinoextrud Sinoextrud <\/td>\n<\/tr>\n<tr>\n<td> T\u00fc\u00fcp:<\/td>\n<td> CNC t\u00f6\u00f6tlemine anodeeritud toode pressitud alumiiniumist<\/td>\n<\/tr>\n<tr>\n<td> Kuju:<\/td>\n<td> Valmistatud klientide j\u00e4rgi Disain<\/td>\n<\/tr>\n<tr>\n<td> Pinnat\u00f6\u00f6tlus:<\/td>\n<td> Mill Finish Anodeeritud harjatud<\/td>\n<\/tr>\n<tr>\n<td> Pikkus:<\/td>\n<td> 1m kuni 9m pikkuse kohta<\/td>\n<\/tr>\n<tr>\n<td> V\u00e4rvid:<\/td>\n<td> H\u00f5bedane must<\/td>\n<\/tr>\n<tr>\n<td> HS-kood:<\/td>\n<td> 76042990<\/td>\n<\/tr>\n<\/tbody>\n<\/table>\n<h2>Meie tootmisbaas<\/h2>\n<h3>Tehase panoraam<\/h3>\n<p><img decoding=\"async\" src=\"\/wp-content\/uploads\/factory-01.webp\"\/><\/p>\n<h3>Alumiiniumvarraste tootmise t\u00f6\u00f6koda<\/h3>\n<p><img decoding=\"async\" src=\"\/wp-content\/uploads\/factory-02.webp\"\/><\/p>\n<p><img decoding=\"async\" src=\"\/wp-content\/uploads\/factory-03.webp\"\/><\/p>\n<h3>hallituse ladustamise ladu<\/h3>\n<p><img decoding=\"async\" src=\"\/wp-content\/uploads\/factory-04.webp\"\/><\/p>\n<h3>43 alumiiniumi ekstrusiooniliini (500-5500 tonni)<\/h3>\n<p><img decoding=\"async\" src=\"\/wp-content\/uploads\/factory-05.webp\"\/><\/p>\n<p><img decoding=\"async\" src=\"\/wp-content\/uploads\/factory-06.webp\"\/><\/p>\n<p><img decoding=\"async\" src=\"\/wp-content\/uploads\/factory-07.webp\"\/><\/p>\n<h3>Pulberv\u00e4rvimise t\u00f6\u00f6koda<\/h3>\n<p><img decoding=\"async\" src=\"\/wp-content\/uploads\/factory-09.webp\"\/><\/p>\n<h3>Anodiseerimise t\u00f6\u00f6koda<\/h3>\n<p><img decoding=\"async\" src=\"\/wp-content\/uploads\/factory-10.webp\"\/><\/p>\n<h3>S\u00fcgavt\u00f6\u00f6tlemise t\u00f6\u00f6tuba<\/h3>\n<p><img decoding=\"async\" src=\"\/wp-content\/uploads\/factory-11.webp\"\/><\/p>\n<h3>CNC-t\u00e4ppist\u00f6\u00f6tlemise t\u00f6\u00f6koda<\/h3>\n<p><img decoding=\"async\" src=\"\/wp-content\/uploads\/factory-11.5.webp\"\/><\/p>\n<h3>Valmistoodete ja ekspordi ladu<\/h3>\n<p><img decoding=\"async\" src=\"\/wp-content\/uploads\/factory-12.webp\"\/><\/p>\n<p><img decoding=\"async\" src=\"\/wp-content\/uploads\/factory-13.webp\"\/><\/p>\n<p><img decoding=\"async\" src=\"\/wp-content\/uploads\/factory-14.webp\"\/><\/p>\n<h2>KKK<\/h2>\n<p><p><b>1.CNC mehaaniline anodeeritud toode ekstrudeeritud alumiinium: Millised on anodeeritud pressitud alumiiniumi CNC-t\u00f6\u00f6tluse eelised?<\/b><\/p>\n<p>CNC-t\u00f6\u00f6tlus tagab t\u00e4psuse, tihedad tolerantsid ja \u00fchtlase kvaliteedi, mist\u00f5ttu anodeeritud pressitud alumiiniumist tooted sobivad ideaalselt mitmesugustesse t\u00f6\u00f6stuslikesse rakendustesse.<br \/>\n<\/p><br \/>\n<br \/>\n<p><b>2.Kuidas parandab anodeerimine alumiiniumi j\u00f5udlust?<\/b><\/p>\n<p>Anodeerimine loob alumiiniumpinnale vastupidava oksiidikihi, mis suurendab korrosioonikindlust, kulumiskindlust ja \u00fcldist pikaealisust, muutes selle sobivaks v\u00e4litingimustes ja karmides tingimustes kasutamiseks.<br \/>\n<\/p><br \/>\n<br \/>\n<p><b>3.Kas anodeeritud viimistlust saab kohandada?<\/b><\/p>\n<p>Jah, anodeerimist saab kohandada v\u00e4rvi ja tekstuuri poolest, v\u00f5imaldades nii funktsionaalset kui ka esteetilist kohandamist vastavalt projekti spetsiifilistele n\u00f5uetele.<br \/>\n<\/p><br \/>\n<br \/>\n<p><b>4.Kuidas on anodeeritud alumiinium v\u00f5rreldav t\u00f6\u00f6tlemata alumiiniumiga?<\/b><\/p>\n<p>Anodeeritud alumiinium pakub paremat korrosioonikindlust, suuremat pinnakaredust ja paremat esteetilist v\u00e4limust, muutes selle vastupidavamaks ja pikaajalisemaks kui t\u00f6\u00f6tlemata alumiinium.<br \/>\n<\/p><br \/>\n<br \/>\n<p><b>5.Millised t\u00f6\u00f6stusharud saavad kasu CNC-t\u00f6\u00f6deldud anodeeritud alumiiniumist esemetest?<\/b><\/p>\n<p>Sellised t\u00f6\u00f6stusharud nagu lennundus, autot\u00f6\u00f6stus, elektroonika ja ehitus saavad kasu CNC-t\u00f6\u00f6deldud anodeeritud alumiiniumtoodete vastupidavusest, tugevusest ja t\u00e4psusest.<br \/>\n<\/p><br \/>\n<br \/>\n<p><b>6.Kuidas m\u00f5jutab anodeerimine alumiiniumi v\u00e4limust?<\/b><\/p>\n<p>Anodeerimine annab sileda, atraktiivse viimistluse, mida saab kohandada erinevates v\u00e4rvides, parandades alumiiniumosade esteetilist v\u00e4limust ja pakkudes samal ajal t\u00e4iendavat kaitset.<br \/>\n<\/p><br \/>\n<br \/>\n<p><b>7.Mis kasu on anodeerimisest toodete puhul, mida kasutatakse v\u00e4litingimustes?<\/b><\/p>\n<p>Anodeerimine annab t\u00e4iendava kaitsekihi ilmastiku eest, tagades, et alumiiniumist esemed s\u00e4ilitavad oma tugevuse ja v\u00e4limuse ka v\u00e4litingimustes.<br \/>\n<\/p><br \/>\n<br \/>\n<p><b>8.Kuidas aitab CNC-t\u00f6\u00f6tlus kaasa anodeeritud alumiiniumist toodete \u00fcldisele kvaliteedile?<\/b><\/p>\n<p>CNC-t\u00f6\u00f6tlus tagab t\u00e4psed l\u00f5iked, kuju ja m\u00f5\u00f5tmed, samas kui anodeerimine parandab alumiiniumi vastupidavust ja pinnaviimistlust, mille tulemuseks on kvaliteetsed tooted.<br \/>\n<\/p><br \/><\/p>","protected":false},"featured_media":8480,"template":"","categories":[68],"class_list":["post-8481","product","type-product","status-publish","has-post-thumbnail","hentry","category-cnc-machining-aluminum-profile"],"meta_box":{"hilight_text_group":{"product_hilight_text":"<li>Precision CNC machining ensures tight tolerances and high-quality finishes for anodized extruded aluminum items.<\/li>\r\r\n<li>Anodized surface treatment enhances corrosion resistance and increases durability in harsh environments.<\/li>\r\r\n<li>Lightweight yet strong, providing optimal strength-to-weight ratio for a variety of industrial applications.<\/li>\r\r\n<li>Customizable extrusions and anodizing options to meet specific design and functionality requirements.<\/li>\r\r\n<li>Superior surface finish from anodizing, offering enhanced aesthetic appeal and improved scratch resistance.<\/li>","product_chanpin_blog":"<ul>\r\r\n<li><a href=\"https:\/\/sinoextrud.com\/t-slot-v-slot-differences\/\" target=\"_blank\">t slot vs v slot<\/a><\/li>\r\r\n<li><a href=\"https:\/\/sinoextrud.com\/what-is-4040-aluminium-extrud\/\" target=\"_blank\">4040 aluminium extrusion<\/a><\/li>\r\r\n<li><a href=\"https:\/\/sinoextrud.com\/what-is-4040-aluminium-extrud\/\" target=\"_blank\">aluminum extrusions for industrial racks<\/a><\/li>\r\r\n<li><a href=\"https:\/\/sinoextrud.com\/powder-coating-aluminium-process\/\" target=\"_blank\">powder coating aluminium<\/a><\/li>\r\r\n<li><a href=\"https:\/\/sinoextrud.com\/what-is-an-aluminium-strip-ceiling\/\" target=\"_blank\">aluminium strip ceiling<\/a><\/li>\r\r\n<li><a href=\"https:\/\/sinoextrud.com\/what-is-a-heat-sink\/\" target=\"_blank\">what is a heat sink<\/a><\/li>\r\r\n<\/ul>","product_chanpin_chanpin":"<li><a href=\"https:\/\/sinoextrud.com\/product\/cnc-machining-anodized-aluminum-extrusions\/\" target=\"_blank\">CNC Machining Anodized Aluminum Extrusions<\/a><\/li>\r\n<li><a href=\"https:\/\/sinoextrud.com\/product\/cnc-machined-6063-aluminium-extrusion-product\/\" target=\"_blank\">CNC Machined 6063 Aluminium Extrusion Product<\/a><\/li>\r\n<li><a href=\"https:\/\/sinoextrud.com\/product\/aluminum-alloy-cnc-aluminum-controller-shell\/\" target=\"_blank\">Aluminum Alloy CNC Aluminum Controller Shell<\/a><\/li>\r\n<li><a href=\"https:\/\/sinoextrud.com\/product\/aluminium-cnc-factory-punching-extrusion-profile-tubing-sizes-oem\/\" target=\"_blank\">aluminium cnc factory punching extrusion profile tubing sizes OEM<\/a><\/li>\r\n<li><a href=\"https:\/\/sinoextrud.com\/product\/cnc-machining-anodized-item-extruded-aluminum\/\" target=\"_blank\">CNC Machining Anodized Item Extruded Aluminum<\/a><\/li>\r\n<li><a href=\"https:\/\/sinoextrud.com\/product\/cnc-aluminum-curved-profiles-tubes\/\" target=\"_blank\">CNC Aluminum Curved Profiles Tubes<\/a><\/li>\r\n<li><a href=\"https:\/\/sinoextrud.com\/product\/custom-aluminum-extrusion-cnc-machining-aluminum-profile\/\" target=\"_blank\">Custom Aluminum Extrusion CNC Machining Aluminum Profile<\/a><\/li>\r\n<li><a href=\"https:\/\/sinoextrud.com\/product\/custom-3003-aluminum-tube-bending-coolant-tubes\/\" target=\"_blank\">Custom 3003 Aluminum Tube Bending Coolant Tubes<\/a><\/li>\r\n<li><a href=\"https:\/\/sinoextrud.com\/product\/aluminum-extrusion-curtain-wall\/\" target=\"_blank\">Aluminum Extrusion Curtain Wall<\/a><\/li>\r\n<li><a href=\"https:\/\/sinoextrud.com\/product\/custom-aluminum-extrusion\/\" target=\"_blank\">Custom Aluminum Extrusion<\/a><\/li>\r\n<li><a href=\"https:\/\/sinoextrud.com\/product\/30-x-30-aluminum-extrusion-for-decoration\/\" target=\"_blank\">30 X 30 Aluminum Extrusion For Decoration<\/a><\/li>"},"feature_list":[]},"_links":{"self":[{"href":"https:\/\/sinoextrud.com\/et\/wp-json\/wp\/v2\/product\/8481","targetHints":{"allow":["GET"]}}],"collection":[{"href":"https:\/\/sinoextrud.com\/et\/wp-json\/wp\/v2\/product"}],"about":[{"href":"https:\/\/sinoextrud.com\/et\/wp-json\/wp\/v2\/types\/product"}],"wp:featuredmedia":[{"embeddable":true,"href":"https:\/\/sinoextrud.com\/et\/wp-json\/wp\/v2\/media\/8480"}],"wp:attachment":[{"href":"https:\/\/sinoextrud.com\/et\/wp-json\/wp\/v2\/media?parent=8481"}],"wp:term":[{"taxonomy":"category","embeddable":true,"href":"https:\/\/sinoextrud.com\/et\/wp-json\/wp\/v2\/categories?post=8481"}],"curies":[{"name":"wp","href":"https:\/\/api.w.org\/{rel}","templated":true}]}}