{"id":8457,"date":"2025-06-16T06:17:47","date_gmt":"2025-06-16T06:17:47","guid":{"rendered":"https:\/\/sinoextrud.com\/product\/cnc-machining-anodized-aluminum-extrusions\/"},"modified":"2025-06-24T06:23:56","modified_gmt":"2025-06-24T06:23:56","slug":"cnc-tootlemine-anodeeritud-alumiiniumist-ekstrusioonid","status":"publish","type":"product","link":"https:\/\/sinoextrud.com\/et\/product\/cnc-machining-anodized-aluminum-extrusions\/","title":{"rendered":"CNC t\u00f6\u00f6tlemine anodeeritud alumiiniumist ekstrusioonid"},"content":{"rendered":"<h2>Toodete \u00fcksikasjad<\/h2>\n<table class=\"custom-table\">\n<tbody>\n<tr>\n<td> Hinne:<\/td>\n<td> 6063 -t5<\/td>\n<\/tr>\n<tr>\n<td> Tehnika:<\/td>\n<td> CNC t\u00f6\u00f6tlemine anodeeritud alumiiniumist ekstrusioonid<\/td>\n<\/tr>\n<tr>\n<td> Temperament:<\/td>\n<td> T3 - T8<\/td>\n<\/tr>\n<tr>\n<td> T\u00f6\u00f6deldavad teenused:<\/td>\n<td> Puurimine, keermestamine, neetimine, montaa\u017e jne.<\/td>\n<\/tr>\n<tr>\n<td> Kaubam\u00e4rk:<\/td>\n<td> Sinoextrud Sinoextrud Sinoextrud <\/td>\n<\/tr>\n<tr>\n<td> T\u00fc\u00fcp:<\/td>\n<td> CNC t\u00f6\u00f6tlemine anodeeritud alumiiniumist ekstrusioonid<\/td>\n<\/tr>\n<tr>\n<td> Kuju:<\/td>\n<td> Valmistatud klientide j\u00e4rgi Disain<\/td>\n<\/tr>\n<tr>\n<td> Pinnat\u00f6\u00f6tlus:<\/td>\n<td> Mill Finish Anodeeritud harjatud<\/td>\n<\/tr>\n<tr>\n<td> Pikkus:<\/td>\n<td> 1m kuni 9m pikkuse kohta<\/td>\n<\/tr>\n<tr>\n<td> V\u00e4rvid:<\/td>\n<td> H\u00f5bedane must<\/td>\n<\/tr>\n<tr>\n<td> HS-kood:<\/td>\n<td> 76042990<\/td>\n<\/tr>\n<\/tbody>\n<\/table>\n<h2>Meie tootmisbaas<\/h2>\n<h3>Tehase panoraam<\/h3>\n<p><img decoding=\"async\" src=\"\/wp-content\/uploads\/factory-01.webp\"\/><\/p>\n<h3>Alumiiniumvarraste tootmise t\u00f6\u00f6koda<\/h3>\n<p><img decoding=\"async\" src=\"\/wp-content\/uploads\/factory-02.webp\"\/><\/p>\n<p><img decoding=\"async\" src=\"\/wp-content\/uploads\/factory-03.webp\"\/><\/p>\n<h3>hallituse ladustamise ladu<\/h3>\n<p><img decoding=\"async\" src=\"\/wp-content\/uploads\/factory-04.webp\"\/><\/p>\n<h3>43 alumiiniumi ekstrusiooniliini (500-5500 tonni)<\/h3>\n<p><img decoding=\"async\" src=\"\/wp-content\/uploads\/factory-05.webp\"\/><\/p>\n<p><img decoding=\"async\" src=\"\/wp-content\/uploads\/factory-06.webp\"\/><\/p>\n<p><img decoding=\"async\" src=\"\/wp-content\/uploads\/factory-07.webp\"\/><\/p>\n<h3>Pulberv\u00e4rvimise t\u00f6\u00f6koda<\/h3>\n<p><img decoding=\"async\" src=\"\/wp-content\/uploads\/factory-09.webp\"\/><\/p>\n<h3>Anodiseerimise t\u00f6\u00f6koda<\/h3>\n<p><img decoding=\"async\" src=\"\/wp-content\/uploads\/factory-10.webp\"\/><\/p>\n<h3>S\u00fcgavt\u00f6\u00f6tlemise t\u00f6\u00f6tuba<\/h3>\n<p><img decoding=\"async\" src=\"\/wp-content\/uploads\/factory-11.webp\"\/><\/p>\n<h3>CNC-t\u00e4ppist\u00f6\u00f6tlemise t\u00f6\u00f6koda<\/h3>\n<p><img decoding=\"async\" src=\"\/wp-content\/uploads\/factory-11.5.webp\"\/><\/p>\n<h3>Valmistoodete ja ekspordi ladu<\/h3>\n<p><img decoding=\"async\" src=\"\/wp-content\/uploads\/factory-12.webp\"\/><\/p>\n<p><img decoding=\"async\" src=\"\/wp-content\/uploads\/factory-13.webp\"\/><\/p>\n<p><img decoding=\"async\" src=\"\/wp-content\/uploads\/factory-14.webp\"\/><\/p>\n<h2>KKK<\/h2>\n<p><p><b>1.CNC t\u00f6\u00f6tlemine anodeeritud alumiiniumist ekstrusioonid: Millised on anodeeritud alumiiniumprofiilide CNC-t\u00f6\u00f6tluse kasutamise eelised?<\/b><\/p>\n<p>CNC-t\u00f6\u00f6tlus tagab t\u00e4psed m\u00f5\u00f5tmed ja kvaliteetse viimistluse, tagades t\u00e4psuse ja j\u00e4rjepidevuse anodeeritud alumiiniumprofiilide puhul erinevate rakenduste jaoks.<br \/>\n<\/p><br \/>\n<br \/>\n<p><b>2.Kuidas parandab anodeerimine alumiiniumprofiilide j\u00f5udlust?<\/b><\/p>\n<p>Anodeerimine parandab korrosioonikindlust, suurendab pinna k\u00f5vadust ja annab esteetiliselt atraktiivse viimistluse, pikendades alumiiniumprofiilide kasutusiga.<br \/>\n<\/p><br \/>\n<br \/>\n<p><b>3.Kas anodeeritud alumiiniumist ekstrusioone saab kohandada konkreetsete projektide jaoks?<\/b><\/p>\n<p>Jah, anodeeritud alumiiniumprofiile saab kohandada vastavalt konkreetsele suurusele, kujule ja viimistlusn\u00f5uetele, pakkudes eri t\u00f6\u00f6stusharudele kohandatud lahendusi.<br \/>\n<\/p><br \/>\n<br \/>\n<p><b>4.Millised t\u00f6\u00f6stusharud saavad kasu anodeeritud alumiiniumprofiilide CNC-t\u00f6\u00f6tlusest?<\/b><\/p>\n<p>Sellised t\u00f6\u00f6stusharud nagu lennundus, autot\u00f6\u00f6stus ja t\u00f6\u00f6tlev t\u00f6\u00f6stus saavad kasu CNC-t\u00f6\u00f6deldud anodeeritud alumiiniumist ekstrusioonide pakutavatest t\u00e4psusest, vastupidavusest ja kohandamisv\u00f5imalustest.<br \/>\n<\/p><br \/>\n<br \/>\n<p><b>5.Kuidas suurendab anodeerimine alumiiniumprofiilide vastupidavust?<\/b><\/p>\n<p>Anodeerimine loob kaitsva oksiidikihi, mis suurendab oluliselt korrosioonikindlust, kulumiskindlust ja \u00fcldist vastupidavust, muutes ekstrusioonid sobivaks karmidesse keskkondadesse.<br \/>\n<\/p><br \/>\n<br \/>\n<p><b>6.Kuidas on anodeeritud alumiiniumi kergus kasulik erinevatele rakendustele?<\/b><\/p>\n<p>Anodeeritud alumiiniumi kerged omadused tagavad tugevuse ilma m\u00e4rkimisv\u00e4\u00e4rset kaalu lisamata, mist\u00f5ttu on see ideaalne kasutamiseks sellistes t\u00f6\u00f6stusharudes nagu lennundus- ja autot\u00f6\u00f6stus.<br \/>\n<\/p><br \/>\n<br \/>\n<p><b>7.Kas CNC-t\u00f6\u00f6tlemine sobib igat t\u00fc\u00fcpi alumiiniumprofiilide t\u00f6\u00f6tlemiseks?<\/b><\/p>\n<p>Jah, CNC-t\u00f6\u00f6tlus on v\u00e4ga mitmek\u00fclgne ja seda saab kasutada erinevat t\u00fc\u00fcpi alumiiniumprofiilide puhul, tagades t\u00e4psuse ja kvaliteedi igas rakenduses.<br \/>\n<\/p><br \/>\n<br \/>\n<p><b>8.Kuidas on anodeeritud alumiinium v\u00f5rreldav t\u00f6\u00f6tlemata alumiiniumiga?<\/b><\/p>\n<p>Anodeeritud alumiinium pakub paremat korrosioonikindlust, suuremat pinnakaredust ja atraktiivsemat viimistlust v\u00f5rreldes t\u00f6\u00f6tlemata alumiiniumiga, mist\u00f5ttu sobib see paremini n\u00f5udlike rakenduste jaoks.<br \/>\n<\/p><br \/><\/p>","protected":false},"featured_media":8456,"template":"","categories":[68],"class_list":["post-8457","product","type-product","status-publish","has-post-thumbnail","hentry","category-cnc-machining-aluminum-profile"],"meta_box":{"hilight_text_group":{"product_hilight_text":"<li>Precision CNC machining ensures high accuracy and exceptional finishing on anodized aluminum extrusions.<\/li>\r\r\n<li>Anodized aluminum provides enhanced corrosion resistance and durability in various environments.<\/li>\r\r\n<li>Customizable designs for specific applications, allowing for tailored solutions.<\/li>\r\r\n<li>Lightweight yet strong, making it ideal for structural, automotive, and aerospace applications.<\/li>\r\r\n<li>Improved surface hardness from anodizing, increasing wear and scratch resistance.<\/li>","product_chanpin_blog":"<ul>\r\r\n<li><a href=\"https:\/\/sinoextrud.com\/t-slot-v-slot-differences\/\" target=\"_blank\">t slot vs v slot<\/a><\/li>\r\r\n<li><a href=\"https:\/\/sinoextrud.com\/what-is-4040-aluminium-extrud\/\" target=\"_blank\">4040 aluminium extrusion<\/a><\/li>\r\r\n<li><a href=\"https:\/\/sinoextrud.com\/what-is-4040-aluminium-extrud\/\" target=\"_blank\">aluminum extrusions for industrial racks<\/a><\/li>\r\r\n<li><a href=\"https:\/\/sinoextrud.com\/powder-coating-aluminium-process\/\" target=\"_blank\">powder coating aluminium<\/a><\/li>\r\r\n<li><a href=\"https:\/\/sinoextrud.com\/what-is-an-aluminium-strip-ceiling\/\" target=\"_blank\">aluminium strip ceiling<\/a><\/li>\r\r\n<li><a href=\"https:\/\/sinoextrud.com\/what-is-a-heat-sink\/\" target=\"_blank\">what is a heat sink<\/a><\/li>\r\r\n<\/ul>","product_chanpin_chanpin":"<li><a href=\"https:\/\/sinoextrud.com\/product\/aluminium-profile-drilling-cutting-bending-puching-processing\/\" target=\"_blank\">Aluminium profile drilling cutting bending puching processing<\/a><\/li>\r\n<li><a href=\"https:\/\/sinoextrud.com\/product\/aluminum-extrusion-custom-electric-vehicle-battery-enclosure-aluminum-profile\/\" target=\"_blank\">Aluminum Extrusion Custom Electric Vehicle Battery Enclosure Aluminum Profile<\/a><\/li>\r\n<li><a href=\"https:\/\/sinoextrud.com\/product\/aluminum-extrusion-high-strength-cnc-drilling-7003-aluminum-round-pipe\/\" target=\"_blank\">Aluminum Extrusion High-strength CNC Drilling 7003 Aluminum Round Pipe<\/a><\/li>\r\n<li><a href=\"https:\/\/sinoextrud.com\/product\/cnc-machining-aluminium-profile-connectors\/\" target=\"_blank\">CNC Machining Aluminium Profile Connectors<\/a><\/li>\r\n<li><a href=\"https:\/\/sinoextrud.com\/product\/cnc-machining-anodized-aluminum-extrusions\/\" target=\"_blank\">CNC Machining Anodized Aluminum Extrusions<\/a><\/li>\r\n<li><a href=\"https:\/\/sinoextrud.com\/product\/cnc-machined-6063-aluminium-extrusion-product\/\" target=\"_blank\">CNC Machined 6063 Aluminium Extrusion Product<\/a><\/li>\r\n<li><a href=\"https:\/\/sinoextrud.com\/product\/aluminum-alloy-cnc-aluminum-controller-shell\/\" target=\"_blank\">Aluminum Alloy CNC Aluminum Controller Shell<\/a><\/li>\r\n<li><a href=\"https:\/\/sinoextrud.com\/product\/aluminium-cnc-factory-punching-extrusion-profile-tubing-sizes-oem\/\" target=\"_blank\">aluminium cnc factory punching extrusion profile tubing sizes OEM<\/a><\/li>\r\n<li><a href=\"https:\/\/sinoextrud.com\/product\/cnc-machining-anodized-item-extruded-aluminum\/\" target=\"_blank\">CNC Machining Anodized Item Extruded Aluminum<\/a><\/li>\r\n<li><a href=\"https:\/\/sinoextrud.com\/product\/aluminum-extruded-profile-for-5g-communication-instrument\/\" target=\"_blank\">Aluminum Extruded Profile For 5G Communication Instrument<\/a><\/li>\r\n<li><a href=\"https:\/\/sinoextrud.com\/product\/polished-aluminium-profiles\/\" target=\"_blank\">Polished Aluminium Profiles<\/a><\/li>"},"feature_list":[]},"_links":{"self":[{"href":"https:\/\/sinoextrud.com\/et\/wp-json\/wp\/v2\/product\/8457","targetHints":{"allow":["GET"]}}],"collection":[{"href":"https:\/\/sinoextrud.com\/et\/wp-json\/wp\/v2\/product"}],"about":[{"href":"https:\/\/sinoextrud.com\/et\/wp-json\/wp\/v2\/types\/product"}],"wp:featuredmedia":[{"embeddable":true,"href":"https:\/\/sinoextrud.com\/et\/wp-json\/wp\/v2\/media\/8456"}],"wp:attachment":[{"href":"https:\/\/sinoextrud.com\/et\/wp-json\/wp\/v2\/media?parent=8457"}],"wp:term":[{"taxonomy":"category","embeddable":true,"href":"https:\/\/sinoextrud.com\/et\/wp-json\/wp\/v2\/categories?post=8457"}],"curies":[{"name":"wp","href":"https:\/\/api.w.org\/{rel}","templated":true}]}}