{"id":8451,"date":"2025-06-16T06:12:35","date_gmt":"2025-06-16T06:12:35","guid":{"rendered":"https:\/\/sinoextrud.com\/product\/aluminum-extrusion-custom-electric-vehicle-battery-enclosure-aluminum-profile\/"},"modified":"2025-06-24T06:23:53","modified_gmt":"2025-06-24T06:23:53","slug":"alumiinium-ekstrusioon-kohandatud-elektrisoidukite-akukapp-alumiiniumprofiil","status":"publish","type":"product","link":"https:\/\/sinoextrud.com\/et\/product\/aluminum-extrusion-custom-electric-vehicle-battery-enclosure-aluminum-profile\/","title":{"rendered":"Alumiinium ekstrusioon Custom Electric Vehicle aku korpus Alumiinium profiili"},"content":{"rendered":"<h2>Toodete \u00fcksikasjad<\/h2>\n<table class=\"custom-table\">\n<tbody>\n<tr>\n<td> Objekt:<\/td>\n<td> Alumiinium ekstrusioon Custom Electric Vehicle aku korpus Alumiinium profiili<\/td>\n<td> Hinne:<\/td>\n<td> 6000-seeria<\/td>\n<\/tr>\n<tr>\n<td> Temperament:<\/td>\n<td> 6063-T5<\/td>\n<td> P\u00e4ritolukoht:<\/td>\n<td> Foshan, Guangdong<\/td>\n<\/tr>\n<tr>\n<td> Kuju:<\/td>\n<td> ruudukujuline, \u00fcmmargune, ristk\u00fclikukujuline, kohandatud<\/td>\n<td> Sulam v\u00f5i mitte:<\/td>\n<td> Alumiiniumsulam<\/td>\n<\/tr>\n<tr>\n<td> Sallivus:<\/td>\n<td> \u00b11%<\/td>\n<td> Br\u00e4ndi:<\/td>\n<td> Sinoextrud, Sinoextrud<\/td>\n<\/tr>\n<tr>\n<td> Taotlus:<\/td>\n<td> elektriautod, -bussid ja -veokid<\/td>\n<td> Pinnat\u00f6\u00f6tlus:<\/td>\n<td> pulberv\u00e4rvimine, elektroforees, puidumass, anodeeritud, harjatud, poleerimine<\/td>\n<\/tr>\n<tr>\n<td> Tarneaeg:<\/td>\n<td> 25-30 p\u00e4eva<\/td>\n<td> MOQ:<\/td>\n<td> 200KG<\/td>\n<\/tr>\n<tr>\n<td> Makset\u00e4htaeg:<\/td>\n<td> T \/ T (30% tagatisraha), L \/ C<\/td>\n<td> T\u00f6\u00f6tlemisteenus:<\/td>\n<td> Painutamine, keevitamine, keevitamine, stantsimine, l\u00f5ikamine<\/td>\n<\/tr>\n<tr>\n<td> Sadam:<\/td>\n<td> Guangzhou, Shenzhen, Foshan<\/td>\n<td> Pikkus:<\/td>\n<td> 1-9m v\u00f5i kohandatud<\/td>\n<\/tr>\n<\/tbody>\n<\/table>\n<h2>Meie tootmisbaas<\/h2>\n<h3>Tehase panoraam<\/h3>\n<p><img decoding=\"async\" src=\"\/wp-content\/uploads\/factory-01.webp\"\/><\/p>\n<h3>Alumiiniumvarraste tootmise t\u00f6\u00f6koda<\/h3>\n<p><img decoding=\"async\" src=\"\/wp-content\/uploads\/factory-02.webp\"\/><\/p>\n<p><img decoding=\"async\" src=\"\/wp-content\/uploads\/factory-03.webp\"\/><\/p>\n<h3>hallituse ladustamise ladu<\/h3>\n<p><img decoding=\"async\" src=\"\/wp-content\/uploads\/factory-04.webp\"\/><\/p>\n<h3>43 alumiiniumi ekstrusiooniliini (500-5500 tonni)<\/h3>\n<p><img decoding=\"async\" src=\"\/wp-content\/uploads\/factory-05.webp\"\/><\/p>\n<p><img decoding=\"async\" src=\"\/wp-content\/uploads\/factory-06.webp\"\/><\/p>\n<p><img decoding=\"async\" src=\"\/wp-content\/uploads\/factory-07.webp\"\/><\/p>\n<h3>Pulberv\u00e4rvimise t\u00f6\u00f6koda<\/h3>\n<p><img decoding=\"async\" src=\"\/wp-content\/uploads\/factory-09.webp\"\/><\/p>\n<h3>Anodiseerimise t\u00f6\u00f6koda<\/h3>\n<p><img decoding=\"async\" src=\"\/wp-content\/uploads\/factory-10.webp\"\/><\/p>\n<h3>S\u00fcgavt\u00f6\u00f6tlemise t\u00f6\u00f6tuba<\/h3>\n<p><img decoding=\"async\" src=\"\/wp-content\/uploads\/factory-11.webp\"\/><\/p>\n<h3>CNC-t\u00e4ppist\u00f6\u00f6tlemise t\u00f6\u00f6koda<\/h3>\n<p><img decoding=\"async\" src=\"\/wp-content\/uploads\/factory-11.5.webp\"\/><\/p>\n<h3>Valmistoodete ja ekspordi ladu<\/h3>\n<p><img decoding=\"async\" src=\"\/wp-content\/uploads\/factory-12.webp\"\/><\/p>\n<p><img decoding=\"async\" src=\"\/wp-content\/uploads\/factory-13.webp\"\/><\/p>\n<p><img decoding=\"async\" src=\"\/wp-content\/uploads\/factory-14.webp\"\/><\/p>\n<h2>KKK<\/h2>\n<p><p><b>1.Aluminum Extrusion Custom Electric Vehicle akukarbi alumiiniumprofiil: Millised on selle toote peamised eelised?<\/b><\/p>\n<p>See kohandatud alumiiniumprofiil tagab suure tugevuse, kerguse ja korrosioonikindluse, pakkudes elektriautode akukappidele suurep\u00e4rast kaitset ja vastupidavust.<br \/>\n<\/p><br \/>\n<br \/>\n<p><b>2.Kuidas aitab alumiiniumprofiil kaasa aku ohutusele elektris\u00f5idukites?<\/b><\/p>\n<p>Alumiiniumprofiili suurep\u00e4rased soojusjuhtimisomadused aitavad v\u00e4ltida \u00fclekuumenemist, tagades aku ohutuse ja pikendades aku kasutusiga.<br \/>\n<\/p><br \/>\n<br \/>\n<p><b>3.Kas alumiiniumprofiile saab kohandada erinevate aku kujunduste jaoks?<\/b><\/p>\n<p>Jah, alumiiniumprofiile saab kohandada erinevatele akukarbi kujundustele, mis sobivad ideaalselt teie elektris\u00f5iduki vajadustele.<br \/>\n<\/p><br \/>\n<br \/>\n<p><b>4.Miks on alumiinium ideaalne materjal elektriautode akukappide jaoks?<\/b><\/p>\n<p>Alumiinium on kerge, tugev ja korrosioonikindel, pakkudes elektris\u00f5idukite akus\u00fcsteemide jaoks parimat vastupidavuse ja kaitse kombinatsiooni.<br \/>\n<\/p><br \/>\n<br \/>\n<p><b>5.Kuidas parandab korrosioonikindlus elektris\u00f5idukite akukestade kestvust?<\/b><\/p>\n<p>Alumiiniumi korrosioonikindlad omadused takistavad lagunemist, tagades, et aku korpus s\u00e4ilitab oma terviklikkuse aja jooksul isegi keerulistes keskkonnatingimustes.<br \/>\n<\/p><br \/>\n<br \/>\n<p><b>6.Millised t\u00f6\u00f6stusharud saavad kasu akukappide jaoks kohandatud alumiiniumprofiilide kasutamisest?<\/b><\/p>\n<p>Elektris\u00f5idukit\u00f6\u00f6stus ja muud energiasalvestusrakendused saavad kasu akukappide alumiiniumist pressprofiilide tugevusest, vastupidavusest ja j\u00f5udlusest.<br \/>\n<\/p><br \/>\n<br \/>\n<p><b>7.Kuidas parandab alumiiniumprofiili t\u00e4psustehnika elektris\u00f5idukite disaini?<\/b><\/p>\n<p>T\u00e4ppistehnika tagab \u00f5mblusteta integreerimise, v\u00f5imaldades alumiiniumprofiilil sobituda t\u00e4iuslikult akus\u00fcsteemi, parandades s\u00f5iduki \u00fcldist disaini ja j\u00f5udlust.<br \/>\n<\/p><br \/>\n<br \/>\n<p><b>8.Milline on alumiiniumi kergete omaduste m\u00f5ju elektris\u00f5idukite j\u00f5udlusele?<\/b><\/p>\n<p>Alumiiniumi kerge olemus v\u00e4hendab s\u00f5iduki \u00fcldist kaalu, suurendades energiat\u00f5husust ja pikendades elektris\u00f5idukite s\u00f5iduraadiust.<br \/>\n<\/p><br \/><\/p>","protected":false},"featured_media":8450,"template":"","categories":[68],"class_list":["post-8451","product","type-product","status-publish","has-post-thumbnail","hentry","category-cnc-machining-aluminum-profile"],"meta_box":{"hilight_text_group":{"product_hilight_text":"<li>Custom aluminum extrusion profiles designed for electric vehicle battery enclosures.<\/li>\r\r\n<li>High strength and lightweight, offering excellent protection for battery systems.<\/li>\r\r\n<li>Corrosion-resistant properties ensure durability and long-lasting performance in harsh environments.<\/li>\r\r\n<li>Efficient heat dissipation for improved battery life and safety.<\/li>\r\r\n<li>Precision engineering for seamless integration with electric vehicle designs.<\/li>","product_chanpin_blog":"<ul>\r\r\n<li><a href=\"https:\/\/sinoextrud.com\/t-slot-v-slot-differences\/\" target=\"_blank\">t slot vs v slot<\/a><\/li>\r\r\n<li><a href=\"https:\/\/sinoextrud.com\/what-is-4040-aluminium-extrud\/\" target=\"_blank\">4040 aluminium extrusion<\/a><\/li>\r\r\n<li><a href=\"https:\/\/sinoextrud.com\/what-is-4040-aluminium-extrud\/\" target=\"_blank\">aluminum extrusions for industrial racks<\/a><\/li>\r\r\n<li><a href=\"https:\/\/sinoextrud.com\/powder-coating-aluminium-process\/\" target=\"_blank\">powder coating aluminium<\/a><\/li>\r\r\n<li><a href=\"https:\/\/sinoextrud.com\/what-is-an-aluminium-strip-ceiling\/\" target=\"_blank\">aluminium strip ceiling<\/a><\/li>\r\r\n<li><a href=\"https:\/\/sinoextrud.com\/what-is-a-heat-sink\/\" target=\"_blank\">what is a heat sink<\/a><\/li>\r\r\n<\/ul>","product_chanpin_chanpin":"<li><a href=\"https:\/\/sinoextrud.com\/product\/aluminium-profile-cutting\/\" target=\"_blank\">Aluminium Profile Cutting<\/a><\/li>\r\n<li><a href=\"https:\/\/sinoextrud.com\/product\/high-precision-aluminum-extrusion-profile-cnc-machining-accessory-parts\/\" target=\"_blank\">High Precision Aluminum extrusion Profile CNC Machining Accessory Parts<\/a><\/li>\r\n<li><a href=\"https:\/\/sinoextrud.com\/product\/high-precision-aluminum-extrusion-profile-cnc-machining-accessory-parts-2\/\" target=\"_blank\">High Precision Aluminum extrusion Profile CNC Machining Accessory Parts<\/a><\/li>\r\n<li><a href=\"https:\/\/sinoextrud.com\/product\/aluminium-profile-drilling-cutting-bending-puching-processing\/\" target=\"_blank\">Aluminium profile drilling cutting bending puching processing<\/a><\/li>\r\n<li><a href=\"https:\/\/sinoextrud.com\/product\/aluminum-extrusion-custom-electric-vehicle-battery-enclosure-aluminum-profile\/\" target=\"_blank\">Aluminum Extrusion Custom Electric Vehicle Battery Enclosure Aluminum Profile<\/a><\/li>\r\n<li><a href=\"https:\/\/sinoextrud.com\/product\/aluminum-extrusion-high-strength-cnc-drilling-7003-aluminum-round-pipe\/\" target=\"_blank\">Aluminum Extrusion High-strength CNC Drilling 7003 Aluminum Round Pipe<\/a><\/li>\r\n<li><a href=\"https:\/\/sinoextrud.com\/product\/cnc-machining-aluminium-profile-connectors\/\" target=\"_blank\">CNC Machining Aluminium Profile Connectors<\/a><\/li>\r\n<li><a href=\"https:\/\/sinoextrud.com\/product\/cnc-machining-anodized-aluminum-extrusions\/\" target=\"_blank\">CNC Machining Anodized Aluminum Extrusions<\/a><\/li>\r\n<li><a href=\"https:\/\/sinoextrud.com\/product\/cnc-machined-6063-aluminium-extrusion-product\/\" target=\"_blank\">CNC Machined 6063 Aluminium Extrusion Product<\/a><\/li>\r\n<li><a href=\"https:\/\/sinoextrud.com\/product\/6063-and-6061-extruded-led-lighting-telecommunications-and-audio-industrial-aluminum-heat-sink-profile\/\" target=\"_blank\">6063 and 6061 Extruded LED Lighting Telecommunications and Audio Industrial Aluminum Heat Sink Profile<\/a><\/li>\r\n<li><a href=\"https:\/\/sinoextrud.com\/product\/combination-open-cell-ceiling-system\/\" target=\"_blank\">Combination Open Cell Ceiling System<\/a><\/li>"},"feature_list":[]},"_links":{"self":[{"href":"https:\/\/sinoextrud.com\/et\/wp-json\/wp\/v2\/product\/8451","targetHints":{"allow":["GET"]}}],"collection":[{"href":"https:\/\/sinoextrud.com\/et\/wp-json\/wp\/v2\/product"}],"about":[{"href":"https:\/\/sinoextrud.com\/et\/wp-json\/wp\/v2\/types\/product"}],"wp:featuredmedia":[{"embeddable":true,"href":"https:\/\/sinoextrud.com\/et\/wp-json\/wp\/v2\/media\/8450"}],"wp:attachment":[{"href":"https:\/\/sinoextrud.com\/et\/wp-json\/wp\/v2\/media?parent=8451"}],"wp:term":[{"taxonomy":"category","embeddable":true,"href":"https:\/\/sinoextrud.com\/et\/wp-json\/wp\/v2\/categories?post=8451"}],"curies":[{"name":"wp","href":"https:\/\/api.w.org\/{rel}","templated":true}]}}