{"id":8449,"date":"2025-06-16T06:10:30","date_gmt":"2025-06-16T06:10:30","guid":{"rendered":"https:\/\/sinoextrud.com\/product\/aluminium-profile-drilling-cutting-bending-puching-processing\/"},"modified":"2025-06-24T06:23:52","modified_gmt":"2025-06-24T06:23:52","slug":"alumiiniumprofiili-puurimine-loikamine-painutamine-painutamine-tootlemine","status":"publish","type":"product","link":"https:\/\/sinoextrud.com\/et\/product\/aluminium-profile-drilling-cutting-bending-puching-processing\/","title":{"rendered":"Alumiiniumprofiili puurimine l\u00f5ikamine painutamine puching t\u00f6\u00f6tlemine"},"content":{"rendered":"<h2>Toodete \u00fcksikasjad<\/h2>\n<table class=\"custom-table\">\n<tr>\n<td class=\"label\">Pealkiri<\/td>\n<td>Alumiiniumprofiili puurimine l\u00f5ikamine painutamine puching t\u00f6\u00f6tlemine<\/td>\n<\/tr>\n<\/table>\n<h2>Meie tootmisbaas<\/h2>\n<h3>Tehase panoraam<\/h3>\n<p><img decoding=\"async\" src=\"\/wp-content\/uploads\/factory-01.webp\"\/><\/p>\n<h3>Alumiiniumvarraste tootmise t\u00f6\u00f6koda<\/h3>\n<p><img decoding=\"async\" src=\"\/wp-content\/uploads\/factory-02.webp\"\/><\/p>\n<p><img decoding=\"async\" src=\"\/wp-content\/uploads\/factory-03.webp\"\/><\/p>\n<h3>hallituse ladustamise ladu<\/h3>\n<p><img decoding=\"async\" src=\"\/wp-content\/uploads\/factory-04.webp\"\/><\/p>\n<h3>43 alumiiniumi ekstrusiooniliini (500-5500 tonni)<\/h3>\n<p><img decoding=\"async\" src=\"\/wp-content\/uploads\/factory-05.webp\"\/><\/p>\n<p><img decoding=\"async\" src=\"\/wp-content\/uploads\/factory-06.webp\"\/><\/p>\n<p><img decoding=\"async\" src=\"\/wp-content\/uploads\/factory-07.webp\"\/><\/p>\n<h3>Pulberv\u00e4rvimise t\u00f6\u00f6koda<\/h3>\n<p><img decoding=\"async\" src=\"\/wp-content\/uploads\/factory-09.webp\"\/><\/p>\n<h3>Anodiseerimise t\u00f6\u00f6koda<\/h3>\n<p><img decoding=\"async\" src=\"\/wp-content\/uploads\/factory-10.webp\"\/><\/p>\n<h3>S\u00fcgavt\u00f6\u00f6tlemise t\u00f6\u00f6tuba<\/h3>\n<p><img decoding=\"async\" src=\"\/wp-content\/uploads\/factory-11.webp\"\/><\/p>\n<h3>CNC-t\u00e4ppist\u00f6\u00f6tlemise t\u00f6\u00f6koda<\/h3>\n<p><img decoding=\"async\" src=\"\/wp-content\/uploads\/factory-11.5.webp\"\/><\/p>\n<h3>Valmistoodete ja ekspordi ladu<\/h3>\n<p><img decoding=\"async\" src=\"\/wp-content\/uploads\/factory-12.webp\"\/><\/p>\n<p><img decoding=\"async\" src=\"\/wp-content\/uploads\/factory-13.webp\"\/><\/p>\n<p><img decoding=\"async\" src=\"\/wp-content\/uploads\/factory-14.webp\"\/><\/p>\n<h2>KKK<\/h2>\n<p><p><b>1.Aluminium profile drilling cutting bending punching processing: Millised on selle teenuse peamised eelised?<\/b><\/p>\n<p>See teenus pakub terviklikku lahendust puurimiseks, l\u00f5ikamiseks, painutamiseks ja stantsimiseks, tagades t\u00e4psed ja kvaliteetsed alumiiniumprofiilid erinevateks t\u00f6\u00f6stuslikeks kasutusaladeks.<br \/>\n<\/p><br \/>\n<br \/>\n<p><b>2.Kuidas parandab alumiiniumprofiili puurimine toote kvaliteeti?<\/b><\/p>\n<p>Puurimisprotsess tagab t\u00e4psed augud ja m\u00f5\u00f5tmed, mille tulemuseks on t\u00e4psed ja kvaliteetsed alumiiniumprofiilid, mis vastavad rangetele tolerantsidele.<br \/>\n<\/p><br \/>\n<br \/>\n<p><b>3.Kas alumiiniumprofiile saab kohandada konkreetsete kujude ja suurustega?<\/b><\/p>\n<p>Jah, alumiiniumprofiile saab kohandada vastavalt t\u00e4psetele spetsifikatsioonidele, kusjuures eri rakenduste jaoks on saadaval kohandatud kuju, suurused ja viimistlus.<br \/>\n<\/p><br \/>\n<br \/>\n<p><b>4.Millised t\u00f6\u00f6stusharud kasutavad tavaliselt alumiiniumprofiilide puurimise, l\u00f5ikamise, painutamise ja stantsimise teenuseid?<\/b><\/p>\n<p>Sellised t\u00f6\u00f6stusharud nagu ehitus, autot\u00f6\u00f6stus ja t\u00f6\u00f6tlev t\u00f6\u00f6stus kasutavad neid teenuseid, et luua t\u00e4psed komponendid mitmesuguste rakenduste jaoks.<br \/>\n<\/p><br \/>\n<br \/>\n<p><b>5.Kuidas aitab painutusprotsess kaasa alumiiniumprofiili tugevusele ja paindlikkusele?<\/b><\/p>\n<p>Painutamine v\u00f5imaldab luua keerulisi kujundeid, pakkudes nii tugevust kui ka paindlikkust, s\u00e4ilitades samal ajal alumiiniummaterjali terviklikkuse.<br \/>\n<\/p><br \/>\n<br \/>\n<p><b>6.Millised on alumiiniumprofiilide kasutamise eelised teiste materjalide ees?<\/b><\/p>\n<p>Alumiinium on kerge, korrosioonikindel ja pakub suurep\u00e4rast tugevust, mist\u00f5ttu sobib see ideaalselt mitmesuguste t\u00f6\u00f6stus- ja konstruktsioonirakenduste jaoks.<br \/>\n<\/p><br \/>\n<br \/>\n<p><b>7.Kuidas parandab stantsimisprotsess alumiiniumprofiili tootmise t\u00f5husust?<\/b><\/p>\n<p>L\u00f5hkamine v\u00f5imaldab kiiret ja t\u00e4pset aukude loomist, suurendades alumiiniumprofiilide tootmise t\u00f5husust ja j\u00e4rjepidevust.<br \/>\n<\/p><br \/>\n<br \/>\n<p><b>8.Mis muudab teie alumiiniumprofiili t\u00f6\u00f6tlemise teenused t\u00f5husamaks ja kuluefektiivsemaks?<\/b><\/p>\n<p>Me kasutame t\u00e4iustatud masinaid ja kvalifitseeritud spetsialiste, mis tagavad kiire t\u00f6\u00f6tlemise, s\u00e4ilitades samal ajal kvaliteedi, v\u00e4hendades tootmist\u00e4htaega ja kulusid.<br \/>\n<\/p><br \/><\/p>","protected":false},"featured_media":8448,"template":"","categories":[68],"class_list":["post-8449","product","type-product","status-publish","has-post-thumbnail","hentry","category-cnc-machining-aluminum-profile"],"meta_box":{"hilight_text_group":{"product_hilight_text":"<li>Comprehensive processing including drilling, cutting, bending, and punching for precise aluminum profiles.<\/li>\r\r\n<li>High-quality finishes with tight tolerances, ensuring a perfect fit for various applications.<\/li>\r\r\n<li>Customizable aluminum profiles to meet specific industrial requirements and design specifications.<\/li>\r\r\n<li>Efficient and cost-effective processing methods, reducing production time and costs.<\/li>\r\r\n<li>Advanced machinery and expert craftsmanship for consistent, reliable results in aluminum profile fabrication.<\/li>","product_chanpin_blog":"<ul>\r\r\n<li><a href=\"https:\/\/sinoextrud.com\/t-slot-v-slot-differences\/\" target=\"_blank\">t slot vs v slot<\/a><\/li>\r\r\n<li><a href=\"https:\/\/sinoextrud.com\/what-is-4040-aluminium-extrud\/\" target=\"_blank\">4040 aluminium extrusion<\/a><\/li>\r\r\n<li><a href=\"https:\/\/sinoextrud.com\/what-is-4040-aluminium-extrud\/\" target=\"_blank\">aluminum extrusions for industrial racks<\/a><\/li>\r\r\n<li><a href=\"https:\/\/sinoextrud.com\/powder-coating-aluminium-process\/\" target=\"_blank\">powder coating aluminium<\/a><\/li>\r\r\n<li><a href=\"https:\/\/sinoextrud.com\/what-is-an-aluminium-strip-ceiling\/\" target=\"_blank\">aluminium strip ceiling<\/a><\/li>\r\r\n<li><a href=\"https:\/\/sinoextrud.com\/what-is-a-heat-sink\/\" target=\"_blank\">what is a heat sink<\/a><\/li>\r\r\n<\/ul>","product_chanpin_chanpin":"<li><a href=\"https:\/\/sinoextrud.com\/product\/aluminium-enclosure-housing-and-shells\/\" target=\"_blank\">Aluminium Enclosure Housing And Shells<\/a><\/li>\r\n<li><a href=\"https:\/\/sinoextrud.com\/product\/aluminium-profile-cutting\/\" target=\"_blank\">Aluminium Profile Cutting<\/a><\/li>\r\n<li><a href=\"https:\/\/sinoextrud.com\/product\/high-precision-aluminum-extrusion-profile-cnc-machining-accessory-parts\/\" target=\"_blank\">High Precision Aluminum extrusion Profile CNC Machining Accessory Parts<\/a><\/li>\r\n<li><a href=\"https:\/\/sinoextrud.com\/product\/high-precision-aluminum-extrusion-profile-cnc-machining-accessory-parts-2\/\" target=\"_blank\">High Precision Aluminum extrusion Profile CNC Machining Accessory Parts<\/a><\/li>\r\n<li><a href=\"https:\/\/sinoextrud.com\/product\/aluminium-profile-drilling-cutting-bending-puching-processing\/\" target=\"_blank\">Aluminium profile drilling cutting bending puching processing<\/a><\/li>\r\n<li><a href=\"https:\/\/sinoextrud.com\/product\/aluminum-extrusion-custom-electric-vehicle-battery-enclosure-aluminum-profile\/\" target=\"_blank\">Aluminum Extrusion Custom Electric Vehicle Battery Enclosure Aluminum Profile<\/a><\/li>\r\n<li><a href=\"https:\/\/sinoextrud.com\/product\/aluminum-extrusion-high-strength-cnc-drilling-7003-aluminum-round-pipe\/\" target=\"_blank\">Aluminum Extrusion High-strength CNC Drilling 7003 Aluminum Round Pipe<\/a><\/li>\r\n<li><a href=\"https:\/\/sinoextrud.com\/product\/cnc-machining-aluminium-profile-connectors\/\" target=\"_blank\">CNC Machining Aluminium Profile Connectors<\/a><\/li>\r\n<li><a href=\"https:\/\/sinoextrud.com\/product\/cnc-machining-anodized-aluminum-extrusions\/\" target=\"_blank\">CNC Machining Anodized Aluminum Extrusions<\/a><\/li>\r\n<li><a href=\"https:\/\/sinoextrud.com\/product\/solar-aluminium-profile-2\/\" target=\"_blank\">Solar Aluminium Profile<\/a><\/li>\r\n<li><a href=\"https:\/\/sinoextrud.com\/product\/aluminium-extrusion-fittings-for-led\/\" target=\"_blank\">Aluminium Extrusion Fittings For Led<\/a><\/li>"},"feature_list":[]},"_links":{"self":[{"href":"https:\/\/sinoextrud.com\/et\/wp-json\/wp\/v2\/product\/8449","targetHints":{"allow":["GET"]}}],"collection":[{"href":"https:\/\/sinoextrud.com\/et\/wp-json\/wp\/v2\/product"}],"about":[{"href":"https:\/\/sinoextrud.com\/et\/wp-json\/wp\/v2\/types\/product"}],"wp:featuredmedia":[{"embeddable":true,"href":"https:\/\/sinoextrud.com\/et\/wp-json\/wp\/v2\/media\/8448"}],"wp:attachment":[{"href":"https:\/\/sinoextrud.com\/et\/wp-json\/wp\/v2\/media?parent=8449"}],"wp:term":[{"taxonomy":"category","embeddable":true,"href":"https:\/\/sinoextrud.com\/et\/wp-json\/wp\/v2\/categories?post=8449"}],"curies":[{"name":"wp","href":"https:\/\/api.w.org\/{rel}","templated":true}]}}