{"id":8442,"date":"2025-06-16T03:34:57","date_gmt":"2025-06-16T03:34:57","guid":{"rendered":"https:\/\/sinoextrud.com\/product\/aluminium-profile-cutting\/"},"modified":"2025-06-24T06:23:50","modified_gmt":"2025-06-24T06:23:50","slug":"alumiiniumprofiili-loikamine","status":"publish","type":"product","link":"https:\/\/sinoextrud.com\/et\/product\/aluminium-profile-cutting\/","title":{"rendered":"Alumiiniumprofiili l\u00f5ikamine"},"content":{"rendered":"<h2>Toodete \u00fcksikasjad<\/h2>\n<table class=\"custom-table\">\n<tr>\n<td class=\"label\">Pealkiri<\/td>\n<td>Alumiiniumprofiili l\u00f5ikamine<\/td>\n<\/tr>\n<\/table>\n<h2>Meie tootmisbaas<\/h2>\n<h3>Tehase panoraam<\/h3>\n<p><img decoding=\"async\" src=\"\/wp-content\/uploads\/factory-01.webp\"\/><\/p>\n<h3>Alumiiniumvarraste tootmise t\u00f6\u00f6koda<\/h3>\n<p><img decoding=\"async\" src=\"\/wp-content\/uploads\/factory-02.webp\"\/><\/p>\n<p><img decoding=\"async\" src=\"\/wp-content\/uploads\/factory-03.webp\"\/><\/p>\n<h3>hallituse ladustamise ladu<\/h3>\n<p><img decoding=\"async\" src=\"\/wp-content\/uploads\/factory-04.webp\"\/><\/p>\n<h3>43 alumiiniumi ekstrusiooniliini (500-5500 tonni)<\/h3>\n<p><img decoding=\"async\" src=\"\/wp-content\/uploads\/factory-05.webp\"\/><\/p>\n<p><img decoding=\"async\" src=\"\/wp-content\/uploads\/factory-06.webp\"\/><\/p>\n<p><img decoding=\"async\" src=\"\/wp-content\/uploads\/factory-07.webp\"\/><\/p>\n<h3>Pulberv\u00e4rvimise t\u00f6\u00f6koda<\/h3>\n<p><img decoding=\"async\" src=\"\/wp-content\/uploads\/factory-09.webp\"\/><\/p>\n<h3>Anodiseerimise t\u00f6\u00f6koda<\/h3>\n<p><img decoding=\"async\" src=\"\/wp-content\/uploads\/factory-10.webp\"\/><\/p>\n<h3>S\u00fcgavt\u00f6\u00f6tlemise t\u00f6\u00f6tuba<\/h3>\n<p><img decoding=\"async\" src=\"\/wp-content\/uploads\/factory-11.webp\"\/><\/p>\n<h3>CNC-t\u00e4ppist\u00f6\u00f6tlemise t\u00f6\u00f6koda<\/h3>\n<p><img decoding=\"async\" src=\"\/wp-content\/uploads\/factory-11.5.webp\"\/><\/p>\n<h3>Valmistoodete ja ekspordi ladu<\/h3>\n<p><img decoding=\"async\" src=\"\/wp-content\/uploads\/factory-12.webp\"\/><\/p>\n<p><img decoding=\"async\" src=\"\/wp-content\/uploads\/factory-13.webp\"\/><\/p>\n<p><img decoding=\"async\" src=\"\/wp-content\/uploads\/factory-14.webp\"\/><\/p>\n<h2>KKK<\/h2>\n<p><p><b>1.Mis on alumiiniumprofiili l\u00f5ikamine?<\/b><\/p>\n<p>Alumiiniumprofiilide l\u00f5ikamine t\u00e4hendab alumiiniumprofiilide t\u00e4pset l\u00f5ikamist eri vormidesse ja pikkustesse, et need sobiksid erinevatele rakendustele erinevates t\u00f6\u00f6stusharudes.<br \/>\n<\/p><br \/>\n<br \/>\n<p><b>2.Miks on alumiiniumprofiili l\u00f5ikamine oluline?<\/b><\/p>\n<p>Alumiiniumprofiilide l\u00f5ikamine on oluline, et luua komponente, mis vastavad t\u00e4psetele suuruse ja kuju n\u00f5uetele, tagades erinevate projektide korraliku sobivuse, toimimise ja t\u00f5husa montaa\u017ei.<br \/>\n<\/p><br \/>\n<br \/>\n<p><b>3.Kas alumiiniumprofiili l\u00f5ikamine on kohandatud?<\/b><\/p>\n<p>Jah, alumiiniumprofiilide l\u00f5ikamist saab kohandada t\u00e4psete m\u00f5\u00f5tmete, kuju ja nurkade j\u00e4rgi, et vastata konkreetsetele projektin\u00f5uetele ja projekteerimisn\u00f5uetele.<br \/>\n<\/p><br \/>\n<br \/>\n<p><b>4.Millised t\u00f6\u00f6stusharud kasutavad alumiiniumprofiili l\u00f5ikamist?<\/b><\/p>\n<p>Sellised t\u00f6\u00f6stusharud nagu ehitus, autot\u00f6\u00f6stus, tootmine ja elektroonika kasutavad alumiiniumprofiilide l\u00f5ikamist kohandatud komponentide, raamide ja konstruktsiooniosade loomiseks.<br \/>\n<\/p><br \/>\n<br \/>\n<p><b>5.Kui t\u00e4pne on alumiiniumprofiili l\u00f5ikamine?<\/b><\/p>\n<p>Alumiiniumprofiilide l\u00f5ikamine pakub suurt t\u00e4psust, tagades tihedad tolerantsid ja siledad servad, mis tagavad t\u00e4iusliku sobivuse t\u00e4psust n\u00f5udvates rakendustes.<br \/>\n<\/p><br \/>\n<br \/>\n<p><b>6.Kui kiire on alumiiniumprofiili l\u00f5ikamise protsess?<\/b><\/p>\n<p>Alumiiniumprofiilide l\u00f5ikamine on kiire ja t\u00f5hus, nii v\u00e4ikeste kui ka suurte tootmismahtude puhul on kiire valmimisaeg, mis tagab projektide t\u00e4htaegade t\u00f5husa j\u00e4rgimise.<br \/>\n<\/p><br \/>\n<br \/>\n<p><b>7.Kas alumiiniumprofiili l\u00f5ikamine on kuluefektiivne?<\/b><\/p>\n<p>Jah, alumiiniumprofiilide l\u00f5ikamine on kuluefektiivne, pakkudes konkurentsiv\u00f5imelist hinda, tagades samal ajal kvaliteedi ja t\u00e4psuse nii v\u00e4ikeste kui ka suuremahuliste tellimuste puhul.<br \/>\n<\/p><br \/><\/p>","protected":false},"featured_media":8441,"template":"","categories":[68],"class_list":["post-8442","product","type-product","status-publish","has-post-thumbnail","hentry","category-cnc-machining-aluminum-profile"],"meta_box":{"hilight_text_group":{"product_hilight_text":"<li>High precision cutting of aluminum profiles for various applications<\/li>\r\r\n<li>Customizable lengths and shapes to meet specific project needs<\/li>\r\r\n<li>Fast and efficient cutting process with minimal waste<\/li>\r\r\n<li>Durable and clean cut edges for smooth assembly and installation<\/li>\r\r\n<li>Ideal for use in construction, automotive, and manufacturing industries<\/li>\r\r\n<li>Cost-effective solution with quick turnaround times for both small and large orders<\/li>","product_chanpin_blog":"<ul>\r\r\n<li><a href=\"https:\/\/sinoextrud.com\/t-slot-v-slot-differences\/\" target=\"_blank\">t slot vs v slot<\/a><\/li>\r\r\n<li><a href=\"https:\/\/sinoextrud.com\/what-is-4040-aluminium-extrud\/\" target=\"_blank\">4040 aluminium extrusion<\/a><\/li>\r\r\n<li><a href=\"https:\/\/sinoextrud.com\/what-is-4040-aluminium-extrud\/\" target=\"_blank\">aluminum extrusions for industrial racks<\/a><\/li>\r\r\n<li><a href=\"https:\/\/sinoextrud.com\/powder-coating-aluminium-process\/\" target=\"_blank\">powder coating aluminium<\/a><\/li>\r\r\n<li><a href=\"https:\/\/sinoextrud.com\/what-is-an-aluminium-strip-ceiling\/\" target=\"_blank\">aluminium strip ceiling<\/a><\/li>\r\r\n<li><a href=\"https:\/\/sinoextrud.com\/what-is-a-heat-sink\/\" target=\"_blank\">what is a heat sink<\/a><\/li>\r\r\n<\/ul>","product_chanpin_chanpin":"<li><a href=\"https:\/\/sinoextrud.com\/product\/aluminium-aerofoil-extrusion-oxidation-scrub-black\/\" target=\"_blank\">Aluminium Aerofoil Extrusion Oxidation Scrub Black<\/a><\/li>\r\n<li><a href=\"https:\/\/sinoextrud.com\/product\/aluminium-extrusion-cnc\/\" target=\"_blank\">Aluminium Extrusion CNC<\/a><\/li>\r\n<li><a href=\"https:\/\/sinoextrud.com\/product\/aluminium-profile-lock\/\" target=\"_blank\">Aluminium Profile Lock<\/a><\/li>\r\n<li><a href=\"https:\/\/sinoextrud.com\/product\/aluminium-enclosure-housing-and-shells\/\" target=\"_blank\">Aluminium Enclosure Housing And Shells<\/a><\/li>\r\n<li><a href=\"https:\/\/sinoextrud.com\/product\/aluminium-profile-cutting\/\" target=\"_blank\">Aluminium Profile Cutting<\/a><\/li>\r\n<li><a href=\"https:\/\/sinoextrud.com\/product\/high-precision-aluminum-extrusion-profile-cnc-machining-accessory-parts\/\" target=\"_blank\">High Precision Aluminum extrusion Profile CNC Machining Accessory Parts<\/a><\/li>\r\n<li><a href=\"https:\/\/sinoextrud.com\/product\/high-precision-aluminum-extrusion-profile-cnc-machining-accessory-parts-2\/\" target=\"_blank\">High Precision Aluminum extrusion Profile CNC Machining Accessory Parts<\/a><\/li>\r\n<li><a href=\"https:\/\/sinoextrud.com\/product\/aluminium-profile-drilling-cutting-bending-puching-processing\/\" target=\"_blank\">Aluminium profile drilling cutting bending puching processing<\/a><\/li>\r\n<li><a href=\"https:\/\/sinoextrud.com\/product\/aluminum-extrusion-custom-electric-vehicle-battery-enclosure-aluminum-profile\/\" target=\"_blank\">Aluminum Extrusion Custom Electric Vehicle Battery Enclosure Aluminum Profile<\/a><\/li>\r\n<li><a href=\"https:\/\/sinoextrud.com\/product\/aluminum-glazing-extrusions\/\" target=\"_blank\">Aluminum Glazing Extrusions<\/a><\/li>\r\n<li><a href=\"https:\/\/sinoextrud.com\/product\/powder-coated-aluminium-extrusion\/\" target=\"_blank\">Powder Coated Aluminium Extrusion<\/a><\/li>"},"feature_list":[]},"_links":{"self":[{"href":"https:\/\/sinoextrud.com\/et\/wp-json\/wp\/v2\/product\/8442","targetHints":{"allow":["GET"]}}],"collection":[{"href":"https:\/\/sinoextrud.com\/et\/wp-json\/wp\/v2\/product"}],"about":[{"href":"https:\/\/sinoextrud.com\/et\/wp-json\/wp\/v2\/types\/product"}],"wp:featuredmedia":[{"embeddable":true,"href":"https:\/\/sinoextrud.com\/et\/wp-json\/wp\/v2\/media\/8441"}],"wp:attachment":[{"href":"https:\/\/sinoextrud.com\/et\/wp-json\/wp\/v2\/media?parent=8442"}],"wp:term":[{"taxonomy":"category","embeddable":true,"href":"https:\/\/sinoextrud.com\/et\/wp-json\/wp\/v2\/categories?post=8442"}],"curies":[{"name":"wp","href":"https:\/\/api.w.org\/{rel}","templated":true}]}}