{"id":8432,"date":"2025-06-16T03:22:42","date_gmt":"2025-06-16T03:22:42","guid":{"rendered":"https:\/\/sinoextrud.com\/product\/aluminum-cnc\/"},"modified":"2025-06-24T06:23:48","modified_gmt":"2025-06-24T06:23:48","slug":"alumiinium-cnc","status":"publish","type":"product","link":"https:\/\/sinoextrud.com\/et\/product\/aluminum-cnc\/","title":{"rendered":"Alumiinium CNC"},"content":{"rendered":"<h2>Toodete \u00fcksikasjad<\/h2>\n<table class=\"custom-table\">\n<tr>\n<td class=\"label\">Mudel nr.:<\/td>\n<td> Alumiinium cnc t\u00f6\u00f6tlemine<\/td>\n<\/tr>\n<tr>\n<td class=\"label\">Sertifitseerimine:<\/td>\n<td> ISO, SGS, TUV<\/td>\n<\/tr>\n<tr>\n<td class=\"label\">Kohandatud:<\/td>\n<td> Kohandatud<\/td>\n<\/tr>\n<tr>\n<td class=\"label\">Nimi.:<\/td>\n<td> CNC-t\u00f6\u00f6tlemine<\/td>\n<\/tr>\n<tr>\n<td class=\"label\">Suurus:<\/td>\n<td> Kohandatud<\/td>\n<\/tr>\n<tr>\n<td class=\"label\">Tarneaeg:<\/td>\n<td> L\u00fchike<\/td>\n<\/tr>\n<tr>\n<td class=\"label\">T\u00f6\u00f6tlemise abivahend:<\/td>\n<td> Keskus CNC treipingi\/CNC<\/td>\n<\/tr>\n<tr>\n<td class=\"label\">Ettev\u00f5tte asukoht:<\/td>\n<td> Foshan<\/td>\n<\/tr>\n<tr>\n<td class=\"label\">Spetsifikatsioon:<\/td>\n<td> ISO9001, SGS, TUV<\/td>\n<\/tr>\n<tr>\n<td class=\"label\">Tingimus:<\/td>\n<td> Uus<\/td>\n<\/tr>\n<tr>\n<td class=\"label\">Materjal:<\/td>\n<td> Alumiinium<\/td>\n<\/tr>\n<tr>\n<td class=\"label\">Hind:<\/td>\n<td> Madal<\/td>\n<\/tr>\n<tr>\n<td class=\"label\">Valmis:<\/td>\n<td> K\u00f5va anodeeritud<\/td>\n<\/tr>\n<tr>\n<td class=\"label\">Kauplemismeetodid:<\/td>\n<td> EXW, Fob, CIF<\/td>\n<\/tr>\n<tr>\n<td class=\"label\">Kvaliteedikontroll:<\/td>\n<td> 100% Kontrollida enne saatmist<\/td>\n<\/tr>\n<tr>\n<td class=\"label\">Transpordipakett:<\/td>\n<td> Standardne eksporditav pakend<\/td>\n<\/tr>\n<tr>\n<td class=\"label\">P\u00e4ritolu:<\/td>\n<td> Guangdong<\/td>\n<\/tr>\n<\/table>\n<h2>Meie tootmisbaas<\/h2>\n<h3>Tehase panoraam<\/h3>\n<p><img decoding=\"async\" src=\"\/wp-content\/uploads\/factory-01.webp\"\/><\/p>\n<h3>Alumiiniumvarraste tootmise t\u00f6\u00f6koda<\/h3>\n<p><img decoding=\"async\" src=\"\/wp-content\/uploads\/factory-02.webp\"\/><\/p>\n<p><img decoding=\"async\" src=\"\/wp-content\/uploads\/factory-03.webp\"\/><\/p>\n<h3>hallituse ladustamise ladu<\/h3>\n<p><img decoding=\"async\" src=\"\/wp-content\/uploads\/factory-04.webp\"\/><\/p>\n<h3>43 alumiiniumi ekstrusiooniliini (500-5500 tonni)<\/h3>\n<p><img decoding=\"async\" src=\"\/wp-content\/uploads\/factory-05.webp\"\/><\/p>\n<p><img decoding=\"async\" src=\"\/wp-content\/uploads\/factory-06.webp\"\/><\/p>\n<p><img decoding=\"async\" src=\"\/wp-content\/uploads\/factory-07.webp\"\/><\/p>\n<h3>Pulberv\u00e4rvimise t\u00f6\u00f6koda<\/h3>\n<p><img decoding=\"async\" src=\"\/wp-content\/uploads\/factory-09.webp\"\/><\/p>\n<h3>Anodiseerimise t\u00f6\u00f6koda<\/h3>\n<p><img decoding=\"async\" src=\"\/wp-content\/uploads\/factory-10.webp\"\/><\/p>\n<h3>S\u00fcgavt\u00f6\u00f6tlemise t\u00f6\u00f6tuba<\/h3>\n<p><img decoding=\"async\" src=\"\/wp-content\/uploads\/factory-11.webp\"\/><\/p>\n<h3>CNC-t\u00e4ppist\u00f6\u00f6tlemise t\u00f6\u00f6koda<\/h3>\n<p><img decoding=\"async\" src=\"\/wp-content\/uploads\/factory-11.5.webp\"\/><\/p>\n<h3>Valmistoodete ja ekspordi ladu<\/h3>\n<p><img decoding=\"async\" src=\"\/wp-content\/uploads\/factory-12.webp\"\/><\/p>\n<p><img decoding=\"async\" src=\"\/wp-content\/uploads\/factory-13.webp\"\/><\/p>\n<p><img decoding=\"async\" src=\"\/wp-content\/uploads\/factory-14.webp\"\/><\/p>\n<h2>KKK<\/h2>\n<p><p><b>1.Mis on alumiiniumi CNC t\u00f6\u00f6tlemine?<\/b><\/p>\n<p>Alumiiniumi CNC-t\u00f6\u00f6tlemine on t\u00e4pne ja t\u00f5hus protsess, mis kasutab arvutiga juhitavaid masinaid alumiiniumi vormimiseks eri t\u00f6\u00f6stusharude jaoks kohandatud osadeks v\u00f5i toodeteks.<br \/>\n<\/p><br \/>\n<br \/>\n<p><b>2.Millised on alumiiniumi CNC eelised?<\/b><\/p>\n<p>Alumiinium CNC pakub suurt t\u00e4psust, vastupidavust ja kergeid omadusi, mist\u00f5ttu on see ideaalne tugevat ja t\u00f5husat komponenti n\u00f5udvate rakenduste jaoks.<br \/>\n<\/p><br \/>\n<br \/>\n<p><b>3.Kuidas on alumiinium CNC v\u00f5rreldes teiste materjalidega?<\/b><\/p>\n<p>Alumiinium CNC on kergem, korrosioonikindlam ja paremini t\u00f6\u00f6deldav kui paljud teised materjalid, n\u00e4iteks teras v\u00f5i plastik.<br \/>\n<\/p><br \/>\n<br \/>\n<p><b>4.Can alumiinium CNC osad on kohandatud?<\/b><\/p>\n<p>Jah, alumiiniumist CNC-t\u00f6\u00f6deldud osi saab kohandada vastavalt konkreetsetele disaini- ja funktsionaalsusn\u00f5uetele, kasutades t\u00e4iustatud t\u00f6\u00f6tlemistehnikaid.<br \/>\n<\/p><br \/>\n<br \/>\n<p><b>5.Millised t\u00f6\u00f6stusharud saavad alumiiniumist CNC-toodetest kasu?<\/b><\/p>\n<p>Sellised t\u00f6\u00f6stusharud nagu lennundus, autot\u00f6\u00f6stus, elektroonika ja tootmine saavad kasu alumiiniumist CNC-toodete suurest t\u00e4psusest ja vastupidavusest.<br \/>\n<\/p><br \/>\n<br \/>\n<p><b>6.Kas alumiinium CNC on keskkonnas\u00f5bralik?<\/b><\/p>\n<p>Jah, alumiinium on taaskasutatav materjal ja CNC-t\u00f6\u00f6tlemisel tekib minimaalselt j\u00e4\u00e4tmeid, mis teeb sellest keskkonnas\u00f5braliku tootmisprotsessi.<br \/>\n<\/p><br \/>\n<br \/>\n<p><b>7.Millised on alumiiniumi CNC-t\u00f6\u00f6tlemise kulud?<\/b><\/p>\n<p>Alumiiniumi CNC-t\u00f6\u00f6tlemine on kuluefektiivne nii v\u00e4ikeste kui ka suurte tootmismahtude puhul, pakkudes tasakaalu kvaliteedi ja hinna vahel enamiku t\u00f6\u00f6stuslike rakenduste puhul.<br \/>\n<\/p><br \/><\/p>","protected":false},"featured_media":8431,"template":"","categories":[68],"class_list":["post-8432","product","type-product","status-publish","has-post-thumbnail","hentry","category-cnc-machining-aluminum-profile"],"meta_box":{"hilight_text_group":{"product_hilight_text":"<li>High precision and tight tolerance machining for superior quality.<\/li>\r\r\n<li>Durable and lightweight material ideal for various industrial applications.<\/li>\r\r\n<li>Customizable solutions tailored to meet specific project requirements.<\/li>\r\r\n<li>Advanced CNC technology ensures high efficiency and consistent results.<\/li>\r\r\n<li>Excellent corrosion resistance and surface finish for longevity.<\/li>\r\r\n<li>Cost-effective manufacturing process for both small and large batches.<\/li>\r\r\n<li>Environmentally friendly and sustainable material with easy recyclability.<\/li>","product_chanpin_blog":"<ul>\r\r\n<li><a href=\"https:\/\/sinoextrud.com\/t-slot-v-slot-differences\/\" target=\"_blank\">t slot vs v slot<\/a><\/li>\r\r\n<li><a href=\"https:\/\/sinoextrud.com\/what-is-4040-aluminium-extrud\/\" target=\"_blank\">4040 aluminium extrusion<\/a><\/li>\r\r\n<li><a href=\"https:\/\/sinoextrud.com\/what-is-4040-aluminium-extrud\/\" target=\"_blank\">aluminum extrusions for industrial racks<\/a><\/li>\r\r\n<li><a href=\"https:\/\/sinoextrud.com\/powder-coating-aluminium-process\/\" target=\"_blank\">powder coating aluminium<\/a><\/li>\r\r\n<li><a href=\"https:\/\/sinoextrud.com\/what-is-an-aluminium-strip-ceiling\/\" target=\"_blank\">aluminium strip ceiling<\/a><\/li>\r\r\n<li><a href=\"https:\/\/sinoextrud.com\/what-is-a-heat-sink\/\" target=\"_blank\">what is a heat sink<\/a><\/li>\r\r\n<\/ul>","product_chanpin_chanpin":"<li><a href=\"https:\/\/sinoextrud.com\/product\/t-slot-extruded-aluminum-framing-systems\/\" target=\"_blank\">T Slot Extruded Aluminum Framing Systems<\/a><\/li>\r\n<li><a href=\"https:\/\/sinoextrud.com\/product\/aluminum-extrusions-milling-cutting-and-assembly\/\" target=\"_blank\">Aluminum Extrusions Milling Cutting and Assembly<\/a><\/li>\r\n<li><a href=\"https:\/\/sinoextrud.com\/product\/extruded-aluminium-cnc-machining-profile-and-anodized-surface-treatment-process\/\" target=\"_blank\">Extruded Aluminium CNC Machining profile and Anodized Surface Treatment Process<\/a><\/li>\r\n<li><a href=\"https:\/\/sinoextrud.com\/product\/aluminium-precision-cnc-fabrication-milling-process-deep-processing-machining-company\/\" target=\"_blank\">Aluminium precision CNC fabrication milling process deep processing machining company<\/a><\/li>\r\n<li><a href=\"https:\/\/sinoextrud.com\/product\/aluminum-cnc\/\" target=\"_blank\">Aluminum CNC<\/a><\/li>\r\n<li><a href=\"https:\/\/sinoextrud.com\/product\/aluminium-aerofoil-extrusion-oxidation-scrub-black\/\" target=\"_blank\">Aluminium Aerofoil Extrusion Oxidation Scrub Black<\/a><\/li>\r\n<li><a href=\"https:\/\/sinoextrud.com\/product\/aluminium-extrusion-cnc\/\" target=\"_blank\">Aluminium Extrusion CNC<\/a><\/li>\r\n<li><a href=\"https:\/\/sinoextrud.com\/product\/aluminium-profile-lock\/\" target=\"_blank\">Aluminium Profile Lock<\/a><\/li>\r\n<li><a href=\"https:\/\/sinoextrud.com\/product\/aluminium-enclosure-housing-and-shells\/\" target=\"_blank\">Aluminium Enclosure Housing And Shells<\/a><\/li>\r\n<li><a href=\"https:\/\/sinoextrud.com\/product\/extruded-aluminum-triangle-electrical-instrument-shell-housing\/\" target=\"_blank\">Extruded Aluminum Triangle Electrical Instrument Shell Housing<\/a><\/li>\r\n<li><a href=\"https:\/\/sinoextrud.com\/product\/aluminium-sliding-door-champagne-colour\/\" target=\"_blank\">Aluminium Sliding Door Champagne colour<\/a><\/li>"},"feature_list":[]},"_links":{"self":[{"href":"https:\/\/sinoextrud.com\/et\/wp-json\/wp\/v2\/product\/8432","targetHints":{"allow":["GET"]}}],"collection":[{"href":"https:\/\/sinoextrud.com\/et\/wp-json\/wp\/v2\/product"}],"about":[{"href":"https:\/\/sinoextrud.com\/et\/wp-json\/wp\/v2\/types\/product"}],"wp:featuredmedia":[{"embeddable":true,"href":"https:\/\/sinoextrud.com\/et\/wp-json\/wp\/v2\/media\/8431"}],"wp:attachment":[{"href":"https:\/\/sinoextrud.com\/et\/wp-json\/wp\/v2\/media?parent=8432"}],"wp:term":[{"taxonomy":"category","embeddable":true,"href":"https:\/\/sinoextrud.com\/et\/wp-json\/wp\/v2\/categories?post=8432"}],"curies":[{"name":"wp","href":"https:\/\/api.w.org\/{rel}","templated":true}]}}