{"id":8418,"date":"2025-06-16T02:52:22","date_gmt":"2025-06-16T02:52:22","guid":{"rendered":"https:\/\/sinoextrud.com\/product\/slotted-aluminium-extrusion\/"},"modified":"2025-06-24T06:23:45","modified_gmt":"2025-06-24T06:23:45","slug":"alumiiniumprofiili-pilu","status":"publish","type":"product","link":"https:\/\/sinoextrud.com\/et\/product\/slotted-aluminium-extrusion\/","title":{"rendered":"L\u00f5ikega alumiiniumist ekstrusioon"},"content":{"rendered":"<h2>Toodete \u00fcksikasjad<\/h2>\n<table class=\"custom-table\">\n<tbody>\n<tr>\n<td> Mudel nr.:<\/td>\n<td> Sinoextrud-8009 alumiiniumtorud koos soonega<\/td>\n<\/tr>\n<tr>\n<td> Pinnat\u00f6\u00f6tlus:<\/td>\n<td> freesitud viimistlus<\/td>\n<\/tr>\n<tr>\n<td> Sulam:<\/td>\n<td> Sulam<\/td>\n<\/tr>\n<tr>\n<td> Materjal<\/td>\n<td> Alumiiniumsulam 6060\/6061\/6063\/6005\/5083\/6082\/7n01<\/td>\n<\/tr>\n<tr>\n<td> L\u00e4bim\u00f5\u00f5t:<\/td>\n<td> Max 300mm<\/td>\n<\/tr>\n<tr>\n<td> Kaubam\u00e4rk:<\/td>\n<td> Sinoextrud<\/td>\n<\/tr>\n<tr>\n<td> Spetsifikatsioon:<\/td>\n<td> vastavalt joonistele<\/td>\n<\/tr>\n<tr>\n<td> Kuju:<\/td>\n<td> ristk\u00fclik<\/td>\n<\/tr>\n<tr>\n<td> Hinne:<\/td>\n<td> 6000 seeria<\/td>\n<\/tr>\n<tr>\n<td> Temperament:<\/td>\n<td> T3 - T8<\/td>\n<\/tr>\n<tr>\n<td> Paksus:<\/td>\n<td> Rohkem kui 1mm<\/td>\n<\/tr>\n<tr>\n<td> Iseloomulik:<\/td>\n<td> \u00d5mblustoru\/ Tavaline toru\/ soonega toru<\/td>\n<\/tr>\n<tr>\n<td> Transpordipakett:<\/td>\n<td> Tavaline \u00f5mblus\/ \u00d5hupadi<\/td>\n<\/tr>\n<tr>\n<td> P\u00e4ritolu:<\/td>\n<td> Hiina<\/td>\n<\/tr>\n<\/tbody>\n<\/table>\n<h2>Meie tootmisbaas<\/h2>\n<h3>Tehase panoraam<\/h3>\n<p><img decoding=\"async\" src=\"\/wp-content\/uploads\/factory-01.webp\"\/><\/p>\n<h3>Alumiiniumvarraste tootmise t\u00f6\u00f6koda<\/h3>\n<p><img decoding=\"async\" src=\"\/wp-content\/uploads\/factory-02.webp\"\/><\/p>\n<p><img decoding=\"async\" src=\"\/wp-content\/uploads\/factory-03.webp\"\/><\/p>\n<h3>hallituse ladustamise ladu<\/h3>\n<p><img decoding=\"async\" src=\"\/wp-content\/uploads\/factory-04.webp\"\/><\/p>\n<h3>43 alumiiniumi ekstrusiooniliini (500-5500 tonni)<\/h3>\n<p><img decoding=\"async\" src=\"\/wp-content\/uploads\/factory-05.webp\"\/><\/p>\n<p><img decoding=\"async\" src=\"\/wp-content\/uploads\/factory-06.webp\"\/><\/p>\n<p><img decoding=\"async\" src=\"\/wp-content\/uploads\/factory-07.webp\"\/><\/p>\n<h3>Pulberv\u00e4rvimise t\u00f6\u00f6koda<\/h3>\n<p><img decoding=\"async\" src=\"\/wp-content\/uploads\/factory-09.webp\"\/><\/p>\n<h3>Anodiseerimise t\u00f6\u00f6koda<\/h3>\n<p><img decoding=\"async\" src=\"\/wp-content\/uploads\/factory-10.webp\"\/><\/p>\n<h3>S\u00fcgavt\u00f6\u00f6tlemise t\u00f6\u00f6tuba<\/h3>\n<p><img decoding=\"async\" src=\"\/wp-content\/uploads\/factory-11.webp\"\/><\/p>\n<h3>CNC-t\u00e4ppist\u00f6\u00f6tlemise t\u00f6\u00f6koda<\/h3>\n<p><img decoding=\"async\" src=\"\/wp-content\/uploads\/factory-11.5.webp\"\/><\/p>\n<h3>Valmistoodete ja ekspordi ladu<\/h3>\n<p><img decoding=\"async\" src=\"\/wp-content\/uploads\/factory-12.webp\"\/><\/p>\n<p><img decoding=\"async\" src=\"\/wp-content\/uploads\/factory-13.webp\"\/><\/p>\n<p><img decoding=\"async\" src=\"\/wp-content\/uploads\/factory-14.webp\"\/><\/p>\n<h2>KKK<\/h2>\n<p><p><b>1.Mis teeb pilustatud alumiiniumist ekstrusiooni ideaalseks kohandatud raamide ja konstruktsioonide ehitamiseks? <\/b><\/p>\n<p> L\u00f5ikega alumiiniumprofiil v\u00f5imaldab lihtsat kokkupanekut ja muutmist, mis v\u00f5imaldab kasutajatel luua kohandatavaid raame ja konstruktsioone erinevateks rakendusteks.<br \/>\n<\/p><br \/>\n<br \/>\n<p><b>2.Can Slotted alumiiniumist ekstrusiooni saab kohandada? <\/b><\/p>\n<p> Jah, pilustatud alumiiniumprofiilide suurust, pikkust ja disaini saab kohandada vastavalt projekti erivajadustele.<br \/>\n<\/p><br \/>\n<br \/>\n<p><b>3.How vastupidav on pilustatud alumiiniumist ekstrusioon? <\/b><\/p>\n<p> See on v\u00e4ga vastupidav ja korrosioonikindel, mis tagab pikaajalise toimimise ka karmides tingimustes.<br \/>\n<\/p><br \/>\n<br \/>\n<p><b>4.Millised t\u00f6\u00f6stusharud saavad kasu augustatud alumiiniumist ekstrusiooni kasutamisest? <\/b><\/p>\n<p> Sellised t\u00f6\u00f6stusharud nagu automaatika, robootika, tootmine ja ehitus kasutavad augustatud alumiiniumist pressprofiili raamide, tugede ja eritellimuslike masinate ehitamiseks.<br \/>\n<\/p><br \/>\n<br \/>\n<p><b>5.Kas augustatud alumiiniumist ekstrusiooni on lihtne kokku panna? <\/b><\/p>\n<p> Jah, pilukujuline konstruktsioon v\u00f5imaldab lihtsat kokkupanekut, muutmist ja lahtiv\u00f5tmist, v\u00e4hendades seadistamisaega ja pakkudes paindlikkust tulevaste kohanduste tegemisel.<br \/>\n<\/p><br \/>\n<br \/>\n<p><b>6.Kuidas parandab augustatud alumiiniumist ekstrusioon projekti t\u00f5husust? <\/b><\/p>\n<p> Selle modulaarne olemus v\u00f5imaldab kiiret kokkupanekut ja edasist muutmist, muutes selle paindlikuks ja t\u00f5husaks lahenduseks erinevatele t\u00f6\u00f6stus- ja kaubandusprojektidele.<br \/>\n<\/p><br \/>\n<br \/>\n<p><b>7.Kas augustatud alumiiniumi ekstrusioon on keskkonnas\u00f5bralik? <\/b><\/p>\n<p> Jah, alumiinium on t\u00e4ielikult taaskasutatav, mist\u00f5ttu on pilustatud alumiiniumprofiil keskkonnas\u00f5bralik materjal j\u00e4tkusuutlike konstruktsioonide loomiseks.<br \/>\n<\/p><br \/><\/p>","protected":false},"featured_media":8417,"template":"","categories":[54],"class_list":["post-8418","product","type-product","status-publish","has-post-thumbnail","hentry","category-industrial-aluminum-profiles"],"meta_box":{"hilight_text_group":{"product_hilight_text":"<li>Highly versatile slotted aluminium extrusion for building frames, structures, and custom applications<\/li>\r\r\n<li>Durable and corrosion-resistant, ensuring long-lasting reliability in various environments<\/li>\r\r\n<li>Easy to assemble, modify, and disassemble, offering flexibility for future adjustments<\/li>\r\r\n<li>Customizable sizes and designs to meet specific project requirements<\/li>\r\r\n<li>Lightweight yet strong, providing excellent support without excessive weight<\/li>\r\r\n<li>Cost-effective solution for creating robust, modular structures with minimal effort<\/li>\r\r\n<li>Environmentally friendly, made from fully recyclable aluminium material<\/li>","product_chanpin_blog":"<ul>\r\r\n<li><a href=\"https:\/\/sinoextrud.com\/t-slot-v-slot-differences\/\" target=\"_blank\">t slot vs v slot<\/a><\/li>\r\r\n<li><a href=\"https:\/\/sinoextrud.com\/what-is-4040-aluminium-extrud\/\" target=\"_blank\">4040 aluminium extrusion<\/a><\/li>\r\r\n<li><a href=\"https:\/\/sinoextrud.com\/what-is-4040-aluminium-extrud\/\" target=\"_blank\">aluminum extrusions for industrial racks<\/a><\/li>\r\r\n<li><a href=\"https:\/\/sinoextrud.com\/powder-coating-aluminium-process\/\" target=\"_blank\">powder coating aluminium<\/a><\/li>\r\r\n<li><a href=\"https:\/\/sinoextrud.com\/what-is-an-aluminium-strip-ceiling\/\" target=\"_blank\">aluminium strip ceiling<\/a><\/li>\r\r\n<li><a href=\"https:\/\/sinoextrud.com\/what-is-a-heat-sink\/\" target=\"_blank\">what is a heat sink<\/a><\/li>\r\r\n<\/ul>","product_chanpin_chanpin":"<li><a href=\"https:\/\/sinoextrud.com\/product\/round-extruded-aluminum\/\" target=\"_blank\">Round Extruded Aluminum<\/a><\/li>\r\n<li><a href=\"https:\/\/sinoextrud.com\/product\/aluminium-lightbox-extrusion\/\" target=\"_blank\">Aluminium Lightbox Extrusion<\/a><\/li>\r\n<li><a href=\"https:\/\/sinoextrud.com\/product\/extruded-aluminum-t-track\/\" target=\"_blank\">Extruded Aluminum T Track<\/a><\/li>\r\n<li><a href=\"https:\/\/sinoextrud.com\/product\/modular-aluminum-profiles-machine-hand-robot-hand-manipulator\/\" target=\"_blank\">Modular Aluminum Profiles Machine Hand Robot Hand Manipulator<\/a><\/li>\r\n<li><a href=\"https:\/\/sinoextrud.com\/product\/slotted-aluminium-extrusion\/\" target=\"_blank\">Slotted Aluminium Extrusion<\/a><\/li>\r\n<li><a href=\"https:\/\/sinoextrud.com\/product\/aluminum-extrusion-fabrication\/\" target=\"_blank\">Aluminum Extrusion Fabrication<\/a><\/li>\r\n<li><a href=\"https:\/\/sinoextrud.com\/product\/industrial-profile-systems\/\" target=\"_blank\">Industrial Profile Systems<\/a><\/li>\r\n<li><a href=\"https:\/\/sinoextrud.com\/product\/t-slot-extruded-aluminum-framing-systems\/\" target=\"_blank\">T Slot Extruded Aluminum Framing Systems<\/a><\/li>\r\n<li><a href=\"https:\/\/sinoextrud.com\/product\/aluminum-extrusions-milling-cutting-and-assembly\/\" target=\"_blank\">Aluminum Extrusions Milling Cutting and Assembly<\/a><\/li>\r\n<li><a href=\"https:\/\/sinoextrud.com\/product\/6061-aluminum-extrusion-round-tube-for-industry\/\" target=\"_blank\">6061 Aluminum Extrusion Round Tube For Industry<\/a><\/li>\r\n<li><a href=\"https:\/\/sinoextrud.com\/product\/6063-anodized-road-case-aluminum-extrusions\/\" target=\"_blank\">6063 Anodized Road Case Aluminum Extrusions<\/a><\/li>"},"feature_list":[]},"_links":{"self":[{"href":"https:\/\/sinoextrud.com\/et\/wp-json\/wp\/v2\/product\/8418","targetHints":{"allow":["GET"]}}],"collection":[{"href":"https:\/\/sinoextrud.com\/et\/wp-json\/wp\/v2\/product"}],"about":[{"href":"https:\/\/sinoextrud.com\/et\/wp-json\/wp\/v2\/types\/product"}],"wp:featuredmedia":[{"embeddable":true,"href":"https:\/\/sinoextrud.com\/et\/wp-json\/wp\/v2\/media\/8417"}],"wp:attachment":[{"href":"https:\/\/sinoextrud.com\/et\/wp-json\/wp\/v2\/media?parent=8418"}],"wp:term":[{"taxonomy":"category","embeddable":true,"href":"https:\/\/sinoextrud.com\/et\/wp-json\/wp\/v2\/categories?post=8418"}],"curies":[{"name":"wp","href":"https:\/\/api.w.org\/{rel}","templated":true}]}}