{"id":8412,"date":"2025-06-16T02:49:27","date_gmt":"2025-06-16T02:49:27","guid":{"rendered":"https:\/\/sinoextrud.com\/product\/modular-aluminum-profiles-machine-hand-robot-hand-manipulator\/"},"modified":"2025-06-24T06:23:45","modified_gmt":"2025-06-24T06:23:45","slug":"modulaarne-alumiinium-profiilid-masin-kasi-robot-kasi-manipulaator","status":"publish","type":"product","link":"https:\/\/sinoextrud.com\/et\/product\/modular-aluminum-profiles-machine-hand-robot-hand-manipulator\/","title":{"rendered":"Modulaarne alumiinium profiilid Machine Hand Robot Hand Manipulaator"},"content":{"rendered":"<h2>Toodete \u00fcksikasjad<\/h2>\n<table class=\"custom-table\">\n<tbody>\n<tr>\n<td> Toote nimi<\/td>\n<td> Modulaarne alumiiniumprofiilide masin k\u00e4si robot k\u00e4si manipulaator<\/td>\n<\/tr>\n<tr>\n<td> Alumiiniumsulam<\/td>\n<td> 6063-T5 v\u00f5i kohandamine<\/td>\n<\/tr>\n<tr>\n<td> Pinnak\u00e4sitlus<\/td>\n<td> pulberv\u00e4rvimine, viimistlus v\u00f5i kohandamine<\/td>\n<\/tr>\n<tr>\n<td> V\u00e4rv<\/td>\n<td> valge, kuldne, valminud v\u00f5i kohandatud<\/td>\n<\/tr>\n<tr>\n<td> Suurus<\/td>\n<td> 1-9m v\u00f5i kohandamine<\/td>\n<\/tr>\n<tr>\n<td> Taotlus<\/td>\n<td> Modulaarsed alumiiniumprofiilid, masina k\u00e4si, robotk\u00e4si, manipulaator, mehaaniline k\u00e4si<\/td>\n<\/tr>\n<tr>\n<td> Br\u00e4nd<\/td>\n<td> Sinoextrud \/ Sinoextrud \/ Sinoextrud Aluminium<\/td>\n<\/tr>\n<tr>\n<td> P\u00e4ritolu<\/td>\n<td> Foshan, Hiina<\/td>\n<\/tr>\n<\/tbody>\n<\/table>\n<h2>Meie tootmisbaas<\/h2>\n<h3>Tehase panoraam<\/h3>\n<p><img decoding=\"async\" src=\"\/wp-content\/uploads\/factory-01.webp\"\/><\/p>\n<h3>Alumiiniumvarraste tootmise t\u00f6\u00f6koda<\/h3>\n<p><img decoding=\"async\" src=\"\/wp-content\/uploads\/factory-02.webp\"\/><\/p>\n<p><img decoding=\"async\" src=\"\/wp-content\/uploads\/factory-03.webp\"\/><\/p>\n<h3>hallituse ladustamise ladu<\/h3>\n<p><img decoding=\"async\" src=\"\/wp-content\/uploads\/factory-04.webp\"\/><\/p>\n<h3>43 alumiiniumi ekstrusiooniliini (500-5500 tonni)<\/h3>\n<p><img decoding=\"async\" src=\"\/wp-content\/uploads\/factory-05.webp\"\/><\/p>\n<p><img decoding=\"async\" src=\"\/wp-content\/uploads\/factory-06.webp\"\/><\/p>\n<p><img decoding=\"async\" src=\"\/wp-content\/uploads\/factory-07.webp\"\/><\/p>\n<h3>Pulberv\u00e4rvimise t\u00f6\u00f6koda<\/h3>\n<p><img decoding=\"async\" src=\"\/wp-content\/uploads\/factory-09.webp\"\/><\/p>\n<h3>Anodiseerimise t\u00f6\u00f6koda<\/h3>\n<p><img decoding=\"async\" src=\"\/wp-content\/uploads\/factory-10.webp\"\/><\/p>\n<h3>S\u00fcgavt\u00f6\u00f6tlemise t\u00f6\u00f6tuba<\/h3>\n<p><img decoding=\"async\" src=\"\/wp-content\/uploads\/factory-11.webp\"\/><\/p>\n<h3>CNC-t\u00e4ppist\u00f6\u00f6tlemise t\u00f6\u00f6koda<\/h3>\n<p><img decoding=\"async\" src=\"\/wp-content\/uploads\/factory-11.5.webp\"\/><\/p>\n<h3>Valmistoodete ja ekspordi ladu<\/h3>\n<p><img decoding=\"async\" src=\"\/wp-content\/uploads\/factory-12.webp\"\/><\/p>\n<p><img decoding=\"async\" src=\"\/wp-content\/uploads\/factory-13.webp\"\/><\/p>\n<p><img decoding=\"async\" src=\"\/wp-content\/uploads\/factory-14.webp\"\/><\/p>\n<h2>KKK<\/h2>\n<p><p><b>1.Mis muudab modulaarse alumiiniumprofiilide masina k\u00e4siroboti k\u00e4si-manipulaatori automatiseerimiseks sobivaks? <\/b><\/p>\n<p> Need modulaarsed alumiiniumprofiilid on v\u00e4ga mitmek\u00fclgsed, kohandatavad ja pakuvad tugevat tuge t\u00e4psetele robotk\u00e4te liikumistele automaatikas\u00fcsteemides.<br \/>\n<\/p><br \/>\n<br \/>\n<p><b>2.Can Modular Alumiinium profiilid Machine Hand Robot Hand Manipulator saab kohandada konkreetsete vajaduste jaoks? <\/b><\/p>\n<p> Jah, neid saab kohandada erineva pikkuse, suuruse ja disainiga, et need sobiksid erinevatele robotrakendustele, tagades optimaalse funktsionaalsuse.<br \/>\n<\/p><br \/>\n<br \/>\n<p><b>3.How vastupidav on modulaarne alumiinium profiilid Machine Hand Robot Hand Manipulator? <\/b><\/p>\n<p> Need profiilid on korrosioonikindlad ja m\u00f5eldud pikaajaliseks kasutamiseks isegi keerulistes t\u00f6\u00f6stuskeskkondades.<br \/>\n<\/p><br \/>\n<br \/>\n<p><b>4.Mis t\u00f6\u00f6stusharud saavad kasu modulaarsetest alumiiniumprofiilidest masinast Hand Robot Hand Manipulator? <\/b><\/p>\n<p> Sellised t\u00f6\u00f6stusharud nagu autot\u00f6\u00f6stus, tootmine, elektroonika ja logistika saavad kasu nende profiilide kasutamisest automaatika- ja robots\u00fcsteemides.<br \/>\n<\/p><br \/>\n<br \/>\n<p><b>5.Kas modulaarseid alumiiniumprofiile on lihtne kokku panna? <\/b><\/p>\n<p> Jah, modulaarne konstruktsioon v\u00f5imaldab kiiret kokkupanekut ja lihtsat seadistamist, v\u00e4hendades nii seadistamisaega kui ka t\u00f6\u00f6j\u00f5ukulusid.<br \/>\n<\/p><br \/>\n<br \/>\n<p><b>6.Kuidas modulaarne alumiiniumprofiilide masin k\u00e4siroboti k\u00e4si manipulaator parandab automatiseerimise tulemuslikkust? <\/b><\/p>\n<p> Kerged, kuid tugevad profiilid pakuvad stabiilsust ja t\u00e4psust, suurendades robotmanipulaatorite j\u00f5udlust ja t\u00e4psust tootmisprotsessides.<br \/>\n<\/p><br \/>\n<br \/>\n<p><b>7.Kas modulaarne alumiiniumprofiilide masin k\u00e4si robot k\u00e4si manipulaator keskkonnas\u00f5bralik? <\/b><\/p>\n<p> Jah, alumiinium on t\u00e4ielikult taaskasutatav, mis muudab need profiilid keskkonnas\u00f5bralikuks valikuks automaatika robotrakenduste jaoks.<br \/>\n<\/p><br \/><\/p>","protected":false},"featured_media":8411,"template":"","categories":[54],"class_list":["post-8412","product","type-product","status-publish","has-post-thumbnail","hentry","category-industrial-aluminum-profiles"],"meta_box":{"hilight_text_group":{"product_hilight_text":"<li>Highly versatile modular aluminum profiles for machine hand robot hand manipulator systems<\/li>\r\r\n<li>Customizable designs to meet specific automation and robotic application needs<\/li>\r\r\n<li>Lightweight yet strong, providing excellent support without compromising durability<\/li>\r\r\n<li>Easy to assemble and disassemble, reducing setup time and improving flexibility<\/li>\r\r\n<li>Corrosion-resistant, ensuring long-lasting performance in various environments<\/li>\r\r\n<li>Efficient for precise, high-performance automation in manufacturing and assembly lines<\/li>\r\r\n<li>Eco-friendly, as aluminum is a fully recyclable material<\/li>","product_chanpin_blog":"<ul>\r\r\n<li><a href=\"https:\/\/sinoextrud.com\/t-slot-v-slot-differences\/\" target=\"_blank\">t slot vs v slot<\/a><\/li>\r\r\n<li><a href=\"https:\/\/sinoextrud.com\/what-is-4040-aluminium-extrud\/\" target=\"_blank\">4040 aluminium extrusion<\/a><\/li>\r\r\n<li><a href=\"https:\/\/sinoextrud.com\/what-is-4040-aluminium-extrud\/\" target=\"_blank\">aluminum extrusions for industrial racks<\/a><\/li>\r\r\n<li><a href=\"https:\/\/sinoextrud.com\/powder-coating-aluminium-process\/\" target=\"_blank\">powder coating aluminium<\/a><\/li>\r\r\n<li><a href=\"https:\/\/sinoextrud.com\/what-is-an-aluminium-strip-ceiling\/\" target=\"_blank\">aluminium strip ceiling<\/a><\/li>\r\r\n<li><a href=\"https:\/\/sinoextrud.com\/what-is-a-heat-sink\/\" target=\"_blank\">what is a heat sink<\/a><\/li>\r\r\n<\/ul>","product_chanpin_chanpin":"<li><a href=\"https:\/\/sinoextrud.com\/product\/industrial-aluminum-extrusion\/\" target=\"_blank\">Industrial Aluminum Extrusion<\/a><\/li>\r\n<li><a href=\"https:\/\/sinoextrud.com\/product\/round-extruded-aluminum\/\" target=\"_blank\">Round Extruded Aluminum<\/a><\/li>\r\n<li><a href=\"https:\/\/sinoextrud.com\/product\/aluminium-lightbox-extrusion\/\" target=\"_blank\">Aluminium Lightbox Extrusion<\/a><\/li>\r\n<li><a href=\"https:\/\/sinoextrud.com\/product\/extruded-aluminum-t-track\/\" target=\"_blank\">Extruded Aluminum T Track<\/a><\/li>\r\n<li><a href=\"https:\/\/sinoextrud.com\/product\/modular-aluminum-profiles-machine-hand-robot-hand-manipulator\/\" target=\"_blank\">Modular Aluminum Profiles Machine Hand Robot Hand Manipulator<\/a><\/li>\r\n<li><a href=\"https:\/\/sinoextrud.com\/product\/slotted-aluminium-extrusion\/\" target=\"_blank\">Slotted Aluminium Extrusion<\/a><\/li>\r\n<li><a href=\"https:\/\/sinoextrud.com\/product\/aluminum-extrusion-fabrication\/\" target=\"_blank\">Aluminum Extrusion Fabrication<\/a><\/li>\r\n<li><a href=\"https:\/\/sinoextrud.com\/product\/industrial-profile-systems\/\" target=\"_blank\">Industrial Profile Systems<\/a><\/li>\r\n<li><a href=\"https:\/\/sinoextrud.com\/product\/t-slot-extruded-aluminum-framing-systems\/\" target=\"_blank\">T Slot Extruded Aluminum Framing Systems<\/a><\/li>\r\n<li><a href=\"https:\/\/sinoextrud.com\/product\/architectural-aluminum-extrusion-profiles\/\" target=\"_blank\">Architectural Aluminum Extrusion Profiles<\/a><\/li>\r\n<li><a href=\"https:\/\/sinoextrud.com\/product\/6463-brightness-polished-shower-room-u-channel-aluminum-profile\/\" target=\"_blank\">6463 Brightness Polished Shower Room U Channel Aluminum Profile<\/a><\/li>"},"feature_list":[]},"_links":{"self":[{"href":"https:\/\/sinoextrud.com\/et\/wp-json\/wp\/v2\/product\/8412","targetHints":{"allow":["GET"]}}],"collection":[{"href":"https:\/\/sinoextrud.com\/et\/wp-json\/wp\/v2\/product"}],"about":[{"href":"https:\/\/sinoextrud.com\/et\/wp-json\/wp\/v2\/types\/product"}],"wp:featuredmedia":[{"embeddable":true,"href":"https:\/\/sinoextrud.com\/et\/wp-json\/wp\/v2\/media\/8411"}],"wp:attachment":[{"href":"https:\/\/sinoextrud.com\/et\/wp-json\/wp\/v2\/media?parent=8412"}],"wp:term":[{"taxonomy":"category","embeddable":true,"href":"https:\/\/sinoextrud.com\/et\/wp-json\/wp\/v2\/categories?post=8412"}],"curies":[{"name":"wp","href":"https:\/\/api.w.org\/{rel}","templated":true}]}}