{"id":8410,"date":"2025-06-16T02:47:11","date_gmt":"2025-06-16T02:47:11","guid":{"rendered":"https:\/\/sinoextrud.com\/product\/extruded-aluminum-t-track\/"},"modified":"2025-06-24T06:23:44","modified_gmt":"2025-06-24T06:23:44","slug":"pressitud-alumiiniumist-t-rada","status":"publish","type":"product","link":"https:\/\/sinoextrud.com\/et\/product\/extruded-aluminum-t-track\/","title":{"rendered":"V\u00e4ljapressitud alumiiniumist T-rada"},"content":{"rendered":"<h2>Toodete \u00fcksikasjad<\/h2>\n<table class=\"custom-table\">\n<tbody>\n<tr>\n<td> Mudel nr.<\/td>\n<td> V\u00e4ljapressitud alumiiniumist T-rada<\/td>\n<td> Pinna viimistlemine<\/td>\n<td> Pulbri pihustamine<\/td>\n<\/tr>\n<tr>\n<td> Legeeriv koostisosa<\/td>\n<td> 6063<\/td>\n<td> Sertifitseerimine<\/td>\n<td> CE, SONCAP, ISO, CIQ, RoHS, TUV<\/td>\n<\/tr>\n<tr>\n<td> Poleeritud alumiiniumprofiil<\/td>\n<td> Mehhaaniline poleerimine<\/td>\n<td> Materjal<\/td>\n<td> 6063-T5, 6061-T6, 6463-T5, 7075-T6, 6082.<\/td>\n<\/tr>\n<tr>\n<td> Eesm\u00e4rk<\/td>\n<td> M\u00f6\u00f6bel, aknad ja uksed, dekoratsioonid, t\u00f6\u00f6stus<\/td>\n<td> MOQ<\/td>\n<td> 200KG iga profiili jaoks<\/td>\n<\/tr>\n<tr>\n<td> OEM teenus<\/td>\n<td> P\u00f5hineb kliendi projekteeritud joonistel v\u00f5i n\u00e4idistel<\/td>\n<td> Pinnat\u00f6\u00f6tlus<\/td>\n<td> Anodeeritud \/ elektroforees \/ pulberv\u00e4rvimine jne.<\/td>\n<\/tr>\n<tr>\n<td> S\u00fcgavt\u00f6\u00f6tlus<\/td>\n<td> Puurimine, puurimine, keermestamine, painutamine<\/td>\n<td> Tarneaeg<\/td>\n<td> 25-30 p\u00e4eva p\u00e4rast seda, kui ostjad on proovi kinnitanud<\/td>\n<\/tr>\n<tr>\n<td> Arveldust\u00e4htaeg<\/td>\n<td> L\u00f5ppmakse p\u00f5hineb l\u00f5plikul tegelikul f\u00fc\u00fcsilisel otstarbel.<\/td>\n<td> Tootmise garantii<\/td>\n<td> Pinna v\u00e4rvus suudab p\u00fcsida 10~20 aastat<\/td>\n<\/tr>\n<tr>\n<td> Sadam<\/td>\n<td> Fob Shenzhen, Guangzhou, Foshan<\/td>\n<td> Kaubam\u00e4rk<\/td>\n<td> Sinoextrud &amp; Sinoextrud<\/td>\n<\/tr>\n<tr>\n<td> Transpordipakett<\/td>\n<td> Tavaline v\u00f5i kohandatud<\/td>\n<td> Spetsifikatsioon<\/td>\n<td> Vastavalt klientide n\u00f5udmistele<\/td>\n<\/tr>\n<\/tbody>\n<\/table>\n<h2>Meie tootmisbaas<\/h2>\n<h3>Tehase panoraam<\/h3>\n<p><img decoding=\"async\" src=\"\/wp-content\/uploads\/factory-01.webp\"\/><\/p>\n<h3>Alumiiniumvarraste tootmise t\u00f6\u00f6koda<\/h3>\n<p><img decoding=\"async\" src=\"\/wp-content\/uploads\/factory-02.webp\"\/><\/p>\n<p><img decoding=\"async\" src=\"\/wp-content\/uploads\/factory-03.webp\"\/><\/p>\n<h3>hallituse ladustamise ladu<\/h3>\n<p><img decoding=\"async\" src=\"\/wp-content\/uploads\/factory-04.webp\"\/><\/p>\n<h3>43 alumiiniumi ekstrusiooniliini (500-5500 tonni)<\/h3>\n<p><img decoding=\"async\" src=\"\/wp-content\/uploads\/factory-05.webp\"\/><\/p>\n<p><img decoding=\"async\" src=\"\/wp-content\/uploads\/factory-06.webp\"\/><\/p>\n<p><img decoding=\"async\" src=\"\/wp-content\/uploads\/factory-07.webp\"\/><\/p>\n<h3>Pulberv\u00e4rvimise t\u00f6\u00f6koda<\/h3>\n<p><img decoding=\"async\" src=\"\/wp-content\/uploads\/factory-09.webp\"\/><\/p>\n<h3>Anodiseerimise t\u00f6\u00f6koda<\/h3>\n<p><img decoding=\"async\" src=\"\/wp-content\/uploads\/factory-10.webp\"\/><\/p>\n<h3>S\u00fcgavt\u00f6\u00f6tlemise t\u00f6\u00f6tuba<\/h3>\n<p><img decoding=\"async\" src=\"\/wp-content\/uploads\/factory-11.webp\"\/><\/p>\n<h3>CNC-t\u00e4ppist\u00f6\u00f6tlemise t\u00f6\u00f6koda<\/h3>\n<p><img decoding=\"async\" src=\"\/wp-content\/uploads\/factory-11.5.webp\"\/><\/p>\n<h3>Valmistoodete ja ekspordi ladu<\/h3>\n<p><img decoding=\"async\" src=\"\/wp-content\/uploads\/factory-12.webp\"\/><\/p>\n<p><img decoding=\"async\" src=\"\/wp-content\/uploads\/factory-13.webp\"\/><\/p>\n<p><img decoding=\"async\" src=\"\/wp-content\/uploads\/factory-14.webp\"\/><\/p>\n<h2>KKK<\/h2>\n<p><p><b>1.Millised on ekstrudeeritud alumiiniumist T-raja eelised?<\/b><\/p>\n<p>Sulatatud alumiiniumist T-rajad pakuvad tugevust, korrosioonikindlust, mitmek\u00fclgsust ja lihtsat montaa\u017ei, mist\u00f5ttu on need ideaalsed reguleeritavate raamide ja mooduls\u00fcsteemide jaoks.<br \/>\n<\/p><br \/>\n<br \/>\n<p><b>2.Kuidas suurendab T-raja konstruktsioon paindlikkust?<\/b><\/p>\n<p>T-rajaline s\u00fcsteem v\u00f5imaldab komponentide lihtsat reguleerimist ja kohandamist, v\u00f5imaldades paindlikke konstruktsioone erinevate rakenduste ja t\u00f6\u00f6stusharude jaoks.<br \/>\n<\/p><br \/>\n<br \/>\n<p><b>3.Mis materjali kasutatakse ekstrudeeritud alumiiniumist T-rajal?<\/b><\/p>\n<p>See on valmistatud kvaliteetsest alumiiniumist, mis tagab tugevuse, vastupidavuse ja korrosioonikindluse, j\u00e4\u00e4des samas kergeks.<br \/>\n<\/p><br \/>\n<br \/>\n<p><b>4.Kas pressitud alumiiniumist T-rada saab kohandada konkreetsete projektide jaoks?<\/b><\/p>\n<p>Jah, see pakub kohandatavat pikkust, suurust ja disaini, mis v\u00f5imaldab seda kohandada erinevatele struktuuri- ja raamimisvajadustele.<br \/>\n<\/p><br \/>\n<br \/>\n<p><b>5.How vastupidav korrosioonile on ekstrudeeritud alumiiniumist T-rada?<\/b><\/p>\n<p>Alumiiniumist materjal on v\u00e4ga korrosioonikindel, mist\u00f5ttu sobib see ideaalselt kasutamiseks karmides v\u00f5i v\u00e4litingimustes, kus on vaja pikaajalist vastupidavust.<br \/>\n<\/p><br \/>\n<br \/>\n<p><b>6.Millised t\u00f6\u00f6stusharud kasutavad pressitud alumiiniumist T-rada?<\/b><\/p>\n<p>Seda kasutatakse laialdaselt sellistes t\u00f6\u00f6stusharudes nagu ehitus, automaatika, robootika ja tootmine reguleeritavate raamide, konveierite ja tugikonstruktsioonide ehitamiseks.<br \/>\n<\/p><br \/>\n<br \/>\n<p><b>7.Kui kuluefektiivne on pressitud alumiiniumist T-raja s\u00fcsteem?<\/b><\/p>\n<p>See pakub kuluefektiivset lahendust, v\u00e4hendades vajadust t\u00e4iendava riistvara j\u00e4rele, lihtsustades montaa\u017ei ning suurendades paindlikkust disainis ja konstruktsioonis.<br \/>\n<\/p><br \/><\/p>","protected":false},"featured_media":8409,"template":"","categories":[54],"class_list":["post-8410","product","type-product","status-publish","has-post-thumbnail","hentry","category-industrial-aluminum-profiles"],"meta_box":{"hilight_text_group":{"product_hilight_text":"<li>High-strength extruded aluminum design, providing reliable support and structural integrity for various applications.<\/li>\r\r\n<li>Versatile T-track system, ideal for creating adjustable frames and modular designs with ease.<\/li>\r\r\n<li>Corrosion-resistant surface, ensuring long-lasting performance in both indoor and outdoor environments.<\/li>\r\r\n<li>Lightweight yet durable, making it easy to handle, install, and maintain with minimal effort.<\/li>\r\r\n<li>Cost-effective and customizable solution for modular construction, reducing assembly time and hardware costs.<\/li>","product_chanpin_blog":"<ul>\r\r\n<li><a href=\"https:\/\/sinoextrud.com\/t-slot-v-slot-differences\/\" target=\"_blank\">t slot vs v slot<\/a><\/li>\r\r\n<li><a href=\"https:\/\/sinoextrud.com\/what-is-4040-aluminium-extrud\/\" target=\"_blank\">4040 aluminium extrusion<\/a><\/li>\r\r\n<li><a href=\"https:\/\/sinoextrud.com\/what-is-4040-aluminium-extrud\/\" target=\"_blank\">aluminum extrusions for industrial racks<\/a><\/li>\r\r\n<li><a href=\"https:\/\/sinoextrud.com\/powder-coating-aluminium-process\/\" target=\"_blank\">powder coating aluminium<\/a><\/li>\r\r\n<li><a href=\"https:\/\/sinoextrud.com\/what-is-an-aluminium-strip-ceiling\/\" target=\"_blank\">aluminium strip ceiling<\/a><\/li>\r\r\n<li><a href=\"https:\/\/sinoextrud.com\/what-is-a-heat-sink\/\" target=\"_blank\">what is a heat sink<\/a><\/li>\r\r\n<\/ul>","product_chanpin_chanpin":"<li><a href=\"https:\/\/sinoextrud.com\/product\/extruded-aluminum-t-slot-channel\/\" target=\"_blank\">Extruded Aluminum T Slot Channel<\/a><\/li>\r\n<li><a href=\"https:\/\/sinoextrud.com\/product\/industrial-aluminum-extrusion\/\" target=\"_blank\">Industrial Aluminum Extrusion<\/a><\/li>\r\n<li><a href=\"https:\/\/sinoextrud.com\/product\/round-extruded-aluminum\/\" target=\"_blank\">Round Extruded Aluminum<\/a><\/li>\r\n<li><a href=\"https:\/\/sinoextrud.com\/product\/aluminium-lightbox-extrusion\/\" target=\"_blank\">Aluminium Lightbox Extrusion<\/a><\/li>\r\n<li><a href=\"https:\/\/sinoextrud.com\/product\/extruded-aluminum-t-track\/\" target=\"_blank\">Extruded Aluminum T Track<\/a><\/li>\r\n<li><a href=\"https:\/\/sinoextrud.com\/product\/modular-aluminum-profiles-machine-hand-robot-hand-manipulator\/\" target=\"_blank\">Modular Aluminum Profiles Machine Hand Robot Hand Manipulator<\/a><\/li>\r\n<li><a href=\"https:\/\/sinoextrud.com\/product\/slotted-aluminium-extrusion\/\" target=\"_blank\">Slotted Aluminium Extrusion<\/a><\/li>\r\n<li><a href=\"https:\/\/sinoextrud.com\/product\/aluminum-extrusion-fabrication\/\" target=\"_blank\">Aluminum Extrusion Fabrication<\/a><\/li>\r\n<li><a href=\"https:\/\/sinoextrud.com\/product\/industrial-profile-systems\/\" target=\"_blank\">Industrial Profile Systems<\/a><\/li>\r\n<li><a href=\"https:\/\/sinoextrud.com\/product\/industrial-customized-6063-t5-alloy-aluminium-extrusion-profile\/\" target=\"_blank\">Industrial Customized 6063-T5 Alloy Aluminium Extrusion Profile<\/a><\/li>\r\n<li><a href=\"https:\/\/sinoextrud.com\/product\/standard-extruded-aluminum-shapes\/\" target=\"_blank\">Standard Extruded Aluminum Shapes<\/a><\/li>"},"feature_list":[]},"_links":{"self":[{"href":"https:\/\/sinoextrud.com\/et\/wp-json\/wp\/v2\/product\/8410","targetHints":{"allow":["GET"]}}],"collection":[{"href":"https:\/\/sinoextrud.com\/et\/wp-json\/wp\/v2\/product"}],"about":[{"href":"https:\/\/sinoextrud.com\/et\/wp-json\/wp\/v2\/types\/product"}],"wp:featuredmedia":[{"embeddable":true,"href":"https:\/\/sinoextrud.com\/et\/wp-json\/wp\/v2\/media\/8409"}],"wp:attachment":[{"href":"https:\/\/sinoextrud.com\/et\/wp-json\/wp\/v2\/media?parent=8410"}],"wp:term":[{"taxonomy":"category","embeddable":true,"href":"https:\/\/sinoextrud.com\/et\/wp-json\/wp\/v2\/categories?post=8410"}],"curies":[{"name":"wp","href":"https:\/\/api.w.org\/{rel}","templated":true}]}}