{"id":8408,"date":"2025-06-16T02:38:58","date_gmt":"2025-06-16T02:38:58","guid":{"rendered":"https:\/\/sinoextrud.com\/product\/aluminium-lightbox-extrusion\/"},"modified":"2025-06-24T06:23:46","modified_gmt":"2025-06-24T06:23:46","slug":"alumiiniumist-valguskasti-ekstrusioon","status":"publish","type":"product","link":"https:\/\/sinoextrud.com\/et\/product\/aluminium-lightbox-extrusion\/","title":{"rendered":"Alumiiniumist valguskasti ekstrusioon"},"content":{"rendered":"<h2>Toodete \u00fcksikasjad<\/h2>\n<table class=\"custom-table\">\n<tbody>\n<tr>\n<td> Mudel nr.<\/td>\n<td> Alumiiniumist valguskasti ekstrusioon<\/td>\n<td> Pinna viimistlemine<\/td>\n<td> Pulbri pihustamine<\/td>\n<\/tr>\n<tr>\n<td> Legeeriv koostisosa<\/td>\n<td> 6063<\/td>\n<td> Sertifitseerimine<\/td>\n<td> CE, SONCAP, ISO, CIQ, RoHS, TUV<\/td>\n<\/tr>\n<tr>\n<td> Poleeritud alumiiniumprofiil<\/td>\n<td> Mehhaaniline poleerimine<\/td>\n<td> Materjal<\/td>\n<td> 6063-T5, 6061-T6, 6463-T5, 7075-T6, 6082.<\/td>\n<\/tr>\n<tr>\n<td> Eesm\u00e4rk<\/td>\n<td> M\u00f6\u00f6bel, aknad ja uksed, dekoratsioonid, t\u00f6\u00f6stus<\/td>\n<td> MOQ<\/td>\n<td> 200KG iga profiili jaoks<\/td>\n<\/tr>\n<tr>\n<td> OEM teenus<\/td>\n<td> P\u00f5hineb kliendi projekteeritud joonistel v\u00f5i n\u00e4idistel<\/td>\n<td> Pinnat\u00f6\u00f6tlus<\/td>\n<td> Anodeeritud \/ elektroforees \/ pulberv\u00e4rvimine jne.<\/td>\n<\/tr>\n<tr>\n<td> S\u00fcgavt\u00f6\u00f6tlus<\/td>\n<td> L\u00f6\u00f6mine, puurimine, koputamine, painutamine, painutamine<\/td>\n<td> Tarneaeg<\/td>\n<td> 25-30 p\u00e4eva p\u00e4rast seda, kui ostjad on proovi kinnitanud<\/td>\n<\/tr>\n<tr>\n<td> Arveldust\u00e4htaeg<\/td>\n<td> L\u00f5ppmakse p\u00f5hineb l\u00f5plikul tegelikul f\u00fc\u00fcsilisel otstarbel.<\/td>\n<td> Tootmise garantii<\/td>\n<td> Pinna v\u00e4rvus suudab p\u00fcsida 10~20 aastat<\/td>\n<\/tr>\n<tr>\n<td> Sadam<\/td>\n<td> Fob Shenzhen, Guangzhou, Foshan<\/td>\n<td> Kaubam\u00e4rk<\/td>\n<td> Sinoextrud &amp; Sinoextrud<\/td>\n<\/tr>\n<tr>\n<td> Transpordipakett<\/td>\n<td> Tavaline v\u00f5i kohandatud<\/td>\n<td> Spetsifikatsioon<\/td>\n<td> Vastavalt klientide n\u00f5udmistele<\/td>\n<\/tr>\n<\/tbody>\n<\/table>\n<h2>Meie tootmisbaas<\/h2>\n<h3>Tehase panoraam<\/h3>\n<p><img decoding=\"async\" src=\"\/wp-content\/uploads\/factory-01.webp\"\/><\/p>\n<h3>Alumiiniumvarraste tootmise t\u00f6\u00f6koda<\/h3>\n<p><img decoding=\"async\" src=\"\/wp-content\/uploads\/factory-02.webp\"\/><\/p>\n<p><img decoding=\"async\" src=\"\/wp-content\/uploads\/factory-03.webp\"\/><\/p>\n<h3>hallituse ladustamise ladu<\/h3>\n<p><img decoding=\"async\" src=\"\/wp-content\/uploads\/factory-04.webp\"\/><\/p>\n<h3>43 alumiiniumi ekstrusiooniliini (500-5500 tonni)<\/h3>\n<p><img decoding=\"async\" src=\"\/wp-content\/uploads\/factory-05.webp\"\/><\/p>\n<p><img decoding=\"async\" src=\"\/wp-content\/uploads\/factory-06.webp\"\/><\/p>\n<p><img decoding=\"async\" src=\"\/wp-content\/uploads\/factory-07.webp\"\/><\/p>\n<h3>Pulberv\u00e4rvimise t\u00f6\u00f6koda<\/h3>\n<p><img decoding=\"async\" src=\"\/wp-content\/uploads\/factory-09.webp\"\/><\/p>\n<h3>Anodiseerimise t\u00f6\u00f6koda<\/h3>\n<p><img decoding=\"async\" src=\"\/wp-content\/uploads\/factory-10.webp\"\/><\/p>\n<h3>S\u00fcgavt\u00f6\u00f6tlemise t\u00f6\u00f6tuba<\/h3>\n<p><img decoding=\"async\" src=\"\/wp-content\/uploads\/factory-11.webp\"\/><\/p>\n<h3>CNC-t\u00e4ppist\u00f6\u00f6tlemise t\u00f6\u00f6koda<\/h3>\n<p><img decoding=\"async\" src=\"\/wp-content\/uploads\/factory-11.5.webp\"\/><\/p>\n<h3>Valmistoodete ja ekspordi ladu<\/h3>\n<p><img decoding=\"async\" src=\"\/wp-content\/uploads\/factory-12.webp\"\/><\/p>\n<p><img decoding=\"async\" src=\"\/wp-content\/uploads\/factory-13.webp\"\/><\/p>\n<p><img decoding=\"async\" src=\"\/wp-content\/uploads\/factory-14.webp\"\/><\/p>\n<h2>KKK<\/h2>\n<p><p><b>1.Millised on alumiiniumist valguskasti ekstrusiooni eelised?<\/b><\/p>\n<p>Alumiiniumist valguskasti ekstrusioon tagab vastupidavuse, kerge k\u00e4sitsemise, t\u00f5husa valgusjaotuse ja korrosioonikindluse, mis muudab selle ideaalseks professionaalsete valguskasti rakenduste jaoks.<br \/>\n<\/p><br \/>\n<br \/>\n<p><b>2.Kuidas parandab alumiiniumist valguskasti ekstrusioon valguskasti j\u00f5udlust?<\/b><\/p>\n<p>Selle konstruktsioon on optimeeritud t\u00f5husaks valguse jaotamiseks, tagades parema visuaalse tulemuse saavutamiseks \u00fchtlase valgustuse kogu valguskasti ulatuses.<br \/>\n<\/p><br \/>\n<br \/>\n<p><b>3.Kas alumiiniumist valguskasti ekstrusioon on korrosioonikindel?<\/b><\/p>\n<p>Jah, alumiiniummaterjal on korrosioonikindel, mis tagab, et valguskast s\u00e4ilitab oma j\u00f5udluse ja v\u00e4limuse erinevates keskkondades.<br \/>\n<\/p><br \/>\n<br \/>\n<p><b>4.Kas alumiiniumist valguskasti ekstrusiooni saab kohandada erinevatele valgusfooride suurustele?<\/b><\/p>\n<p>Jah, see on v\u00e4ga h\u00e4sti kohandatav, v\u00f5imaldades teil luua erineva suuruse ja konfiguratsiooniga valguskaste vastavalt teie konkreetsetele vajadustele.<br \/>\n<\/p><br \/>\n<br \/>\n<p><b>5.Kui kuluefektiivne on alumiiniumist valguskasti ekstrusioon?<\/b><\/p>\n<p>See pakub kulut\u00f5husat lahendust, pakkudes kvaliteetseid ja vastupidavaid materjale taskukohase hinnaga, mille hoolduskulud on aja jooksul minimaalsed.<br \/>\n<\/p><br \/>\n<br \/>\n<p><b>6.Millised t\u00f6\u00f6stusharud kasutavad alumiiniumist valguskasti ekstrusioone?<\/b><\/p>\n<p>Neid kasutatakse tavaliselt jaem\u00fc\u00fcgi-, reklaami- ja reklaamit\u00f6\u00f6stuses, et luua professionaalseid ja pilkup\u00fc\u00fcdvaid valguskaste.<br \/>\n<\/p><br \/>\n<br \/>\n<p><b>7.Miks on alumiinium valitud materjal Lightboxi ekstrusioonide jaoks?<\/b><\/p>\n<p>Alumiinium valitakse selle kerge kaalu, vastupidavuse ja korrosioonikindluse t\u00f5ttu, mis teeb sellest ideaalse materjali kauakestvate ja t\u00f5husate valguskastide ehitamiseks.<br \/>\n<\/p><br \/><\/p>","protected":false},"featured_media":8407,"template":"","categories":[54],"class_list":["post-8408","product","type-product","status-publish","has-post-thumbnail","hentry","category-industrial-aluminum-profiles"],"meta_box":{"hilight_text_group":{"product_hilight_text":"<li>Durable aluminum construction, offering strength and lightweight properties for easy handling.<\/li>\r\r\n<li>Designed for efficient light distribution, making it perfect for lightbox applications.<\/li>\r\r\n<li>Corrosion-resistant surface, ensuring long-lasting performance in various environmental conditions.<\/li>\r\r\n<li>Customizable design to fit a wide range of lightbox sizes and configurations.<\/li>\r\r\n<li>Cost-effective solution for creating professional-grade lightboxes with minimal maintenance.<\/li>","product_chanpin_blog":"<ul>\r\r\n<li><a href=\"https:\/\/sinoextrud.com\/t-slot-v-slot-differences\/\" target=\"_blank\">t slot vs v slot<\/a><\/li>\r\r\n<li><a href=\"https:\/\/sinoextrud.com\/what-is-4040-aluminium-extrud\/\" target=\"_blank\">4040 aluminium extrusion<\/a><\/li>\r\r\n<li><a href=\"https:\/\/sinoextrud.com\/what-is-4040-aluminium-extrud\/\" target=\"_blank\">aluminum extrusions for industrial racks<\/a><\/li>\r\r\n<li><a href=\"https:\/\/sinoextrud.com\/powder-coating-aluminium-process\/\" target=\"_blank\">powder coating aluminium<\/a><\/li>\r\r\n<li><a href=\"https:\/\/sinoextrud.com\/what-is-an-aluminium-strip-ceiling\/\" target=\"_blank\">aluminium strip ceiling<\/a><\/li>\r\r\n<li><a href=\"https:\/\/sinoextrud.com\/what-is-a-heat-sink\/\" target=\"_blank\">what is a heat sink<\/a><\/li>\r\r\n<\/ul>","product_chanpin_chanpin":"<li><a href=\"https:\/\/sinoextrud.com\/product\/c-beam-aluminum-extrusion\/\" target=\"_blank\">C Beam Aluminum Extrusion<\/a><\/li>\r\n<li><a href=\"https:\/\/sinoextrud.com\/product\/extruded-aluminum-t-slot-channel\/\" target=\"_blank\">Extruded Aluminum T Slot Channel<\/a><\/li>\r\n<li><a href=\"https:\/\/sinoextrud.com\/product\/industrial-aluminum-extrusion\/\" target=\"_blank\">Industrial Aluminum Extrusion<\/a><\/li>\r\n<li><a href=\"https:\/\/sinoextrud.com\/product\/round-extruded-aluminum\/\" target=\"_blank\">Round Extruded Aluminum<\/a><\/li>\r\n<li><a href=\"https:\/\/sinoextrud.com\/product\/aluminium-lightbox-extrusion\/\" target=\"_blank\">Aluminium Lightbox Extrusion<\/a><\/li>\r\n<li><a href=\"https:\/\/sinoextrud.com\/product\/extruded-aluminum-t-track\/\" target=\"_blank\">Extruded Aluminum T Track<\/a><\/li>\r\n<li><a href=\"https:\/\/sinoextrud.com\/product\/modular-aluminum-profiles-machine-hand-robot-hand-manipulator\/\" target=\"_blank\">Modular Aluminum Profiles Machine Hand Robot Hand Manipulator<\/a><\/li>\r\n<li><a href=\"https:\/\/sinoextrud.com\/product\/slotted-aluminium-extrusion\/\" target=\"_blank\">Slotted Aluminium Extrusion<\/a><\/li>\r\n<li><a href=\"https:\/\/sinoextrud.com\/product\/aluminum-extrusion-fabrication\/\" target=\"_blank\">Aluminum Extrusion Fabrication<\/a><\/li>\r\n<li><a href=\"https:\/\/sinoextrud.com\/product\/aluminum-extrusion-aluminum-framing-profiles-for-sunroom\/\" target=\"_blank\">Aluminum Extrusion Aluminum Framing Profiles For Sunroom<\/a><\/li>\r\n<li><a href=\"https:\/\/sinoextrud.com\/product\/aluminum-u-profile-glass-railing\/\" target=\"_blank\">Aluminum U profile Glass Railing<\/a><\/li>"},"feature_list":[]},"_links":{"self":[{"href":"https:\/\/sinoextrud.com\/et\/wp-json\/wp\/v2\/product\/8408","targetHints":{"allow":["GET"]}}],"collection":[{"href":"https:\/\/sinoextrud.com\/et\/wp-json\/wp\/v2\/product"}],"about":[{"href":"https:\/\/sinoextrud.com\/et\/wp-json\/wp\/v2\/types\/product"}],"wp:featuredmedia":[{"embeddable":true,"href":"https:\/\/sinoextrud.com\/et\/wp-json\/wp\/v2\/media\/8407"}],"wp:attachment":[{"href":"https:\/\/sinoextrud.com\/et\/wp-json\/wp\/v2\/media?parent=8408"}],"wp:term":[{"taxonomy":"category","embeddable":true,"href":"https:\/\/sinoextrud.com\/et\/wp-json\/wp\/v2\/categories?post=8408"}],"curies":[{"name":"wp","href":"https:\/\/api.w.org\/{rel}","templated":true}]}}