{"id":8404,"date":"2025-06-16T02:32:42","date_gmt":"2025-06-16T02:32:42","guid":{"rendered":"https:\/\/sinoextrud.com\/product\/industrial-aluminum-extrusion\/"},"modified":"2025-06-24T06:23:43","modified_gmt":"2025-06-24T06:23:43","slug":"toostuslik-alumiiniumi-ekstrusioon","status":"publish","type":"product","link":"https:\/\/sinoextrud.com\/et\/product\/industrial-aluminum-extrusion\/","title":{"rendered":"T\u00f6\u00f6stuslik alumiiniumi ekstrusioon"},"content":{"rendered":"<h2>Toodete \u00fcksikasjad<\/h2>\n<table class=\"custom-table\">\n<tr>\n<td class=\"label\">Mudel nr.:<\/td>\n<td> Sinoextrud seeria<\/td>\n<\/tr>\n<tr>\n<td class=\"label\">Kuju:<\/td>\n<td> kohandatud<\/td>\n<\/tr>\n<tr>\n<td class=\"label\">Temperament:<\/td>\n<td> T3-T8<\/td>\n<\/tr>\n<tr>\n<td class=\"label\">Sulam:<\/td>\n<td> Sulam<\/td>\n<\/tr>\n<tr>\n<td class=\"label\">Legeeriv koostisosa:<\/td>\n<td> 6061\/6063<\/td>\n<\/tr>\n<tr>\n<td class=\"label\">Poleeritud alumiiniumprofiil:<\/td>\n<td> Mehhaaniline poleerimine<\/td>\n<\/tr>\n<tr>\n<td class=\"label\">T\u00f6\u00f6tlemine:<\/td>\n<td> Puurimine, augustamine, keermestamine, CNC-t\u00f6\u00f6tlemine, keevitamine<\/td>\n<\/tr>\n<tr>\n<td class=\"label\">Materjal:<\/td>\n<td> Al6063 6061 6n01 6060 v\u00f5i kliendi soovil<\/td>\n<\/tr>\n<tr>\n<td class=\"label\">Kaubam\u00e4rk:<\/td>\n<td> OEM<\/td>\n<\/tr>\n<tr>\n<td class=\"label\">Spetsifikatsioon:<\/td>\n<td> ISO 9001: 2008, RoHS, ISO TS16949, D&amp;B\uff0c<\/td>\n<\/tr>\n<tr>\n<td class=\"label\">HS-kood:<\/td>\n<td> 7604299000<\/td>\n<\/tr>\n<tr>\n<td class=\"label\">T\u00fc\u00fcp:<\/td>\n<td> Alumiiniumprofiil soojussalvesti, klaasist alumiiniumprofiil, transpordialumiiniumprofiil<\/td>\n<\/tr>\n<tr>\n<td class=\"label\">Hinne:<\/td>\n<td> 6000 seeria<\/td>\n<\/tr>\n<tr>\n<td class=\"label\">Pinna viimistlemine:<\/td>\n<td> freesitud viimistlus<\/td>\n<\/tr>\n<tr>\n<td class=\"label\">Sertifitseerimine:<\/td>\n<td> ISO, RoHS<\/td>\n<\/tr>\n<tr>\n<td class=\"label\">Eelis:<\/td>\n<td> \u00dche peatuse OEM alumiiniumist ekstrusiooniteenus<\/td>\n<\/tr>\n<tr>\n<td class=\"label\">Viimistlemine:<\/td>\n<td> Anodeerimine, liivapritsimine, pulberv\u00e4rvimine, pintseldamine<\/td>\n<\/tr>\n<tr>\n<td class=\"label\">Tarneaeg:<\/td>\n<td> 15-25 t\u00f6\u00f6p\u00e4eva<\/td>\n<\/tr>\n<tr>\n<td class=\"label\">Transpordipakett:<\/td>\n<td> Kohandatud<\/td>\n<\/tr>\n<tr>\n<td class=\"label\">P\u00e4ritolu:<\/td>\n<td> Guangdong Foshan<\/td>\n<\/tr>\n<\/table>\n<h2>Meie tootmisbaas<\/h2>\n<h3>Tehase panoraam<\/h3>\n<p><img decoding=\"async\" src=\"\/wp-content\/uploads\/factory-01.webp\"\/><\/p>\n<h3>Alumiiniumvarraste tootmise t\u00f6\u00f6koda<\/h3>\n<p><img decoding=\"async\" src=\"\/wp-content\/uploads\/factory-02.webp\"\/><\/p>\n<p><img decoding=\"async\" src=\"\/wp-content\/uploads\/factory-03.webp\"\/><\/p>\n<h3>hallituse ladustamise ladu<\/h3>\n<p><img decoding=\"async\" src=\"\/wp-content\/uploads\/factory-04.webp\"\/><\/p>\n<h3>43 alumiiniumi ekstrusiooniliini (500-5500 tonni)<\/h3>\n<p><img decoding=\"async\" src=\"\/wp-content\/uploads\/factory-05.webp\"\/><\/p>\n<p><img decoding=\"async\" src=\"\/wp-content\/uploads\/factory-06.webp\"\/><\/p>\n<p><img decoding=\"async\" src=\"\/wp-content\/uploads\/factory-07.webp\"\/><\/p>\n<h3>Pulberv\u00e4rvimise t\u00f6\u00f6koda<\/h3>\n<p><img decoding=\"async\" src=\"\/wp-content\/uploads\/factory-09.webp\"\/><\/p>\n<h3>Anodiseerimise t\u00f6\u00f6koda<\/h3>\n<p><img decoding=\"async\" src=\"\/wp-content\/uploads\/factory-10.webp\"\/><\/p>\n<h3>S\u00fcgavt\u00f6\u00f6tlemise t\u00f6\u00f6tuba<\/h3>\n<p><img decoding=\"async\" src=\"\/wp-content\/uploads\/factory-11.webp\"\/><\/p>\n<h3>CNC-t\u00e4ppist\u00f6\u00f6tlemise t\u00f6\u00f6koda<\/h3>\n<p><img decoding=\"async\" src=\"\/wp-content\/uploads\/factory-11.5.webp\"\/><\/p>\n<h3>Valmistoodete ja ekspordi ladu<\/h3>\n<p><img decoding=\"async\" src=\"\/wp-content\/uploads\/factory-12.webp\"\/><\/p>\n<p><img decoding=\"async\" src=\"\/wp-content\/uploads\/factory-13.webp\"\/><\/p>\n<p><img decoding=\"async\" src=\"\/wp-content\/uploads\/factory-14.webp\"\/><\/p>\n<h2>KKK<\/h2>\n<p><p><b>1.Mis teeb t\u00f6\u00f6stuslikud alumiiniumist ekstrusioonid ideaalseks t\u00f6\u00f6stuslikeks rakendusteks?<\/b><\/p>\n<p>T\u00f6\u00f6stuslikud alumiiniumprofiilid pakuvad suurt tugevust, kohandamisv\u00f5imalusi ja korrosioonikindlust, mist\u00f5ttu sobivad need ideaalselt mitmesuguste t\u00f6\u00f6stuslike rakenduste jaoks.<br \/>\n<\/p><br \/>\n<br \/>\n<p><b>2.Can t\u00f6\u00f6stuslik alumiiniumist ekstrusioonid on kohandatud konkreetsete vajaduste jaoks?<\/b><\/p>\n<p>Jah, t\u00f6\u00f6stuslikud alumiiniumist ekstrusioonid on v\u00e4ga h\u00e4sti kohandatavad profiilide kuju, suuruse ja viimistluse poolest, et vastata erinevate projektide ainulaadsetele n\u00f5uetele.<br \/>\n<\/p><br \/>\n<br \/>\n<p><b>3.Kuidas aitavad t\u00f6\u00f6stuslikud alumiiniumprofiilid kaasa kaalu v\u00e4hendamisele?<\/b><\/p>\n<p>T\u00f6\u00f6stuslikud alumiiniumprofiilid on konstrueeritud suure tugevuse ja kaalu suhtega, mis v\u00f5imaldab struktuurilist terviklikkust ilma raskete materjalide vajaduseta.<br \/>\n<\/p><br \/>\n<br \/>\n<p><b>4.Kas t\u00f6\u00f6stuslikud alumiiniumist ekstrusioonid on korrosioonikindlad?<\/b><\/p>\n<p>Jah, t\u00f6\u00f6stuslikud alumiiniumprofiilid on valmistatud alumiiniumist, mis on looduslikult korrosioonikindel materjal, tagades pikaajalise toimivuse n\u00f5udlikes keskkondades.<br \/>\n<\/p><br \/>\n<br \/>\n<p><b>5.Millised t\u00f6\u00f6stusharud saavad kasu t\u00f6\u00f6stuslikest alumiiniumi ekstrusioonidest?<\/b><\/p>\n<p>Sellised t\u00f6\u00f6stusharud nagu autot\u00f6\u00f6stus, ehitus, kosmoset\u00f6\u00f6stus ja tootmine saavad kasu t\u00f6\u00f6stusliku alumiiniumist ekstrusiooni mitmek\u00fclgsusest, tugevusest ja kohanemisv\u00f5imest.<br \/>\n<\/p><br \/>\n<br \/>\n<p><b>6.Kui t\u00f5hus on t\u00f6\u00f6stusliku alumiiniumist ekstrusiooni tootmisprotsess?<\/b><\/p>\n<p>T\u00f6\u00f6stuslike alumiiniumist ekstrusioonide tootmisprotsess on t\u00f5hus, v\u00f5imaldades kiiret tootmist ja kuluefektiivseid lahendusi suuremahulistele projektidele.<br \/>\n<\/p><br \/>\n<br \/>\n<p><b>7.Kas t\u00f6\u00f6stuslikud alumiiniumist ekstrusioonid on keskkonnas\u00f5bralikud?<\/b><\/p>\n<p>Jah, t\u00f6\u00f6stuslikud alumiiniumprofiilid on t\u00e4ielikult taaskasutatavad, toetades j\u00e4tkusuutlikkust ja v\u00e4hendades keskkonnam\u00f5ju.<br \/>\n<\/p><br \/>\n<br \/>\n<p><b>8.Millised on t\u00f6\u00f6stusliku alumiiniumist ekstrusiooni soojus- ja elektrijuhtivuse eelised?<\/b><\/p>\n<p>T\u00f6\u00f6stuslikud alumiiniumprofiilid pakuvad suurep\u00e4rast soojus- ja elektrijuhtivust, mis muudab need ideaalseks n\u00e4iteks jahutusradiaatorite ja elektriliste komponentide jaoks.<br \/>\n<\/p><br \/><\/p>","protected":false},"featured_media":8403,"template":"","categories":[54],"class_list":["post-8404","product","type-product","status-publish","has-post-thumbnail","hentry","category-industrial-aluminum-profiles"],"meta_box":{"hilight_text_group":{"product_hilight_text":"<li>Highly customizable profiles to meet specific industry requirements and applications.<\/li>\r\r\n<li>Superior strength-to-weight ratio, providing structural integrity without added weight.<\/li>\r\r\n<li>Corrosion-resistant, ensuring long-term durability and performance in harsh environments.<\/li>\r\r\n<li>Efficient manufacturing process, reducing lead times and costs for large-scale projects.<\/li>\r\r\n<li>Excellent thermal and electrical conductivity, making it ideal for various industrial applications.<\/li>\r\r\n<li>Recyclable, making Industrial Aluminum Extrusions an eco-friendly and sustainable choice.<\/li>\r\r\n<li>Versatile and adaptable to a wide range of industries, including automotive, construction, and aerospace.<\/li>","product_chanpin_blog":"<ul>\r\r\n<li><a href=\"https:\/\/sinoextrud.com\/t-slot-v-slot-differences\/\" target=\"_blank\">t slot vs v slot<\/a><\/li>\r\r\n<li><a href=\"https:\/\/sinoextrud.com\/what-is-4040-aluminium-extrud\/\" target=\"_blank\">4040 aluminium extrusion<\/a><\/li>\r\r\n<li><a href=\"https:\/\/sinoextrud.com\/what-is-4040-aluminium-extrud\/\" target=\"_blank\">aluminum extrusions for industrial racks<\/a><\/li>\r\r\n<li><a href=\"https:\/\/sinoextrud.com\/powder-coating-aluminium-process\/\" target=\"_blank\">powder coating aluminium<\/a><\/li>\r\r\n<li><a href=\"https:\/\/sinoextrud.com\/what-is-an-aluminium-strip-ceiling\/\" target=\"_blank\">aluminium strip ceiling<\/a><\/li>\r\r\n<li><a href=\"https:\/\/sinoextrud.com\/what-is-a-heat-sink\/\" target=\"_blank\">what is a heat sink<\/a><\/li>\r\r\n<\/ul>","product_chanpin_chanpin":"<li><a href=\"https:\/\/sinoextrud.com\/product\/aluminum-frame-extrusion-profiles\/\" target=\"_blank\">Aluminum Frame Extrusion Profiles<\/a><\/li>\r\n<li><a href=\"https:\/\/sinoextrud.com\/product\/aluminum-t-slot-channel\/\" target=\"_blank\">Aluminum T Slot Channel<\/a><\/li>\r\n<li><a href=\"https:\/\/sinoextrud.com\/product\/c-beam-aluminum-extrusion\/\" target=\"_blank\">C Beam Aluminum Extrusion<\/a><\/li>\r\n<li><a href=\"https:\/\/sinoextrud.com\/product\/extruded-aluminum-t-slot-channel\/\" target=\"_blank\">Extruded Aluminum T Slot Channel<\/a><\/li>\r\n<li><a href=\"https:\/\/sinoextrud.com\/product\/industrial-aluminum-extrusion\/\" target=\"_blank\">Industrial Aluminum Extrusion<\/a><\/li>\r\n<li><a href=\"https:\/\/sinoextrud.com\/product\/round-extruded-aluminum\/\" target=\"_blank\">Round Extruded Aluminum<\/a><\/li>\r\n<li><a href=\"https:\/\/sinoextrud.com\/product\/aluminium-lightbox-extrusion\/\" target=\"_blank\">Aluminium Lightbox Extrusion<\/a><\/li>\r\n<li><a href=\"https:\/\/sinoextrud.com\/product\/extruded-aluminum-t-track\/\" target=\"_blank\">Extruded Aluminum T Track<\/a><\/li>\r\n<li><a href=\"https:\/\/sinoextrud.com\/product\/modular-aluminum-profiles-machine-hand-robot-hand-manipulator\/\" target=\"_blank\">Modular Aluminum Profiles Machine Hand Robot Hand Manipulator<\/a><\/li>\r\n<li><a href=\"https:\/\/sinoextrud.com\/product\/sliding-door-aluminium-profile-bronze-colour\/\" target=\"_blank\">Sliding Door Aluminium Profile Bronze Colour<\/a><\/li>\r\n<li><a href=\"https:\/\/sinoextrud.com\/product\/6063-6061aluminum-extrusions-for-door-frames\/\" target=\"_blank\">6063 6061Aluminum Extrusions For Door Frames<\/a><\/li>"},"feature_list":[]},"_links":{"self":[{"href":"https:\/\/sinoextrud.com\/et\/wp-json\/wp\/v2\/product\/8404","targetHints":{"allow":["GET"]}}],"collection":[{"href":"https:\/\/sinoextrud.com\/et\/wp-json\/wp\/v2\/product"}],"about":[{"href":"https:\/\/sinoextrud.com\/et\/wp-json\/wp\/v2\/types\/product"}],"wp:featuredmedia":[{"embeddable":true,"href":"https:\/\/sinoextrud.com\/et\/wp-json\/wp\/v2\/media\/8403"}],"wp:attachment":[{"href":"https:\/\/sinoextrud.com\/et\/wp-json\/wp\/v2\/media?parent=8404"}],"wp:term":[{"taxonomy":"category","embeddable":true,"href":"https:\/\/sinoextrud.com\/et\/wp-json\/wp\/v2\/categories?post=8404"}],"curies":[{"name":"wp","href":"https:\/\/api.w.org\/{rel}","templated":true}]}}