{"id":8398,"date":"2025-06-16T01:52:26","date_gmt":"2025-06-16T01:52:26","guid":{"rendered":"https:\/\/sinoextrud.com\/product\/aluminum-t-slot-channel\/"},"modified":"2025-06-24T06:23:43","modified_gmt":"2025-06-24T06:23:43","slug":"alumiiniumist-t-pesa-kanal","status":"publish","type":"product","link":"https:\/\/sinoextrud.com\/et\/product\/aluminum-t-slot-channel\/","title":{"rendered":"Alumiiniumist T-pesa kanal"},"content":{"rendered":"<h2>Toodete \u00fcksikasjad<\/h2>\n<table class=\"custom-table\">\n<tbody>\n<tr>\n<td> Toote nimi<\/td>\n<td> Alumiiniumist T-pesa kanal<\/td>\n<\/tr>\n<tr>\n<td> Materjali klass<\/td>\n<td> 6000-seeria<\/td>\n<\/tr>\n<tr>\n<td> Temper<\/td>\n<td> T3-T8<\/td>\n<\/tr>\n<tr>\n<td> Kuju<\/td>\n<td> T-pesa<\/td>\n<\/tr>\n<tr>\n<td> Paksus<\/td>\n<td> 0.7mm-10mm v\u00f5i muu kohandatud paksus<\/td>\n<\/tr>\n<tr>\n<td> Olemasolev seeria<\/td>\n<td> 1515 15180 2020 20120 4040 4080 80160 9090 jne.<\/td>\n<\/tr>\n<tr>\n<td> V\u00e4rv<\/td>\n<td> Nagu kohandatud<\/td>\n<\/tr>\n<tr>\n<td> Pikkus<\/td>\n<td> Standardne pikkus 1-9M, eripikkus on kaubeldav<\/td>\n<\/tr>\n<tr>\n<td> Applycations<\/td>\n<td> T\u00f6\u00f6stus, tootmisliin jne.<\/td>\n<\/tr>\n<tr>\n<td> Kaubam\u00e4rk<\/td>\n<td> Sinoextrud v\u00f5i OEM<\/td>\n<\/tr>\n<tr>\n<td> S\u00fcgav protsess<\/td>\n<td> Toetades CNC freesimine, punkerdamine, puurimine, koputades, painutamine, painutamine<\/td>\n<\/tr>\n<tr>\n<td> MOQ<\/td>\n<td> 200Kg s\u00f5ltub erinevatest pindadest, mis on valmis<\/td>\n<\/tr>\n<tr>\n<td> Valmis pind<\/td>\n<td> Valmis, puidumass, anodeeritud, pulberv\u00e4rvimine, elektroforees, PVDF-kate, harjatud jne.<\/td>\n<\/tr>\n<tr>\n<td> Sertifikaadid<\/td>\n<td> ISO9001, ISO4001, CQM, SGS, CE, BV jne.<\/td>\n<\/tr>\n<tr>\n<td> P\u00e4ritolukoht<\/td>\n<td> Guangdong,Hiina<\/td>\n<\/tr>\n<tr>\n<td> L\u00e4biviimise aeg<\/td>\n<td> 1.Die avatud ja proovi test umbes 12 p\u00e4eva. 2.Massitootmine umbes 25 p\u00e4eva.<\/td>\n<\/tr>\n<tr>\n<td> Tarnetingimused<\/td>\n<td> EXW v\u00f5i FOB Foshan\/Guangzhou\/Shenzhen<\/td>\n<\/tr>\n<tr>\n<td> Tingimused<br \/>\nMaksmine<\/td>\n<td> Alipay, LC v\u00f5i TT 30% ettemaks, 70% saldo enne saatmist<\/td>\n<\/tr>\n<tr>\n<td> Pakkimine<\/td>\n<td> 1.Inside : pakitud plastist kaitsekilega v\u00f5i pol\u00fckotiga. 2.V\u00e4ljaspool: pakitud veekindla j\u00f5upaberiga iga kimbu jaoks. 3.Other pakkimismeetod vastavalt kokkuleppele.<\/td>\n<\/tr>\n<\/tbody>\n<\/table>\n<h2>Meie tootmisbaas<\/h2>\n<h3>Tehase panoraam<\/h3>\n<p><img decoding=\"async\" src=\"\/wp-content\/uploads\/factory-01.webp\"\/><\/p>\n<h3>Alumiiniumvarraste tootmise t\u00f6\u00f6koda<\/h3>\n<p><img decoding=\"async\" src=\"\/wp-content\/uploads\/factory-02.webp\"\/><\/p>\n<\/p>\n<p><img decoding=\"async\" src=\"\/wp-content\/uploads\/factory-03.webp\"\/><\/p>\n<h3>hallituse ladustamise ladu<\/h3>\n<p><img decoding=\"async\" src=\"\/wp-content\/uploads\/factory-04.webp\"\/><\/p>\n<h3>43 alumiiniumi ekstrusiooniliini (500-5500 tonni)<\/h3>\n<p><img decoding=\"async\" src=\"\/wp-content\/uploads\/factory-05.webp\"\/><\/p>\n<p><img decoding=\"async\" src=\"\/wp-content\/uploads\/factory-06.webp\"\/><\/p>\n<p><img decoding=\"async\" src=\"\/wp-content\/uploads\/factory-07.webp\"\/><\/p>\n<h3>Pulberv\u00e4rvimise t\u00f6\u00f6koda<\/h3>\n<p><img decoding=\"async\" src=\"\/wp-content\/uploads\/factory-09.webp\"\/><\/p>\n<h3>Anodiseerimise t\u00f6\u00f6koda<\/h3>\n<p><img decoding=\"async\" src=\"\/wp-content\/uploads\/factory-10.webp\"\/><\/p>\n<h3>S\u00fcgavt\u00f6\u00f6tlemise t\u00f6\u00f6tuba<\/h3>\n<p><img decoding=\"async\" src=\"\/wp-content\/uploads\/factory-11.webp\"\/><\/p>\n<h3>CNC-t\u00e4ppist\u00f6\u00f6tlemise t\u00f6\u00f6koda<\/h3>\n<p><img decoding=\"async\" src=\"\/wp-content\/uploads\/factory-11.5.webp\"\/><\/p>\n<h3>Valmistoodete ja ekspordi ladu<\/h3>\n<p><img decoding=\"async\" src=\"\/wp-content\/uploads\/factory-12.webp\"\/><\/p>\n<p><img decoding=\"async\" src=\"\/wp-content\/uploads\/factory-13.webp\"\/><\/p>\n<p><img decoding=\"async\" src=\"\/wp-content\/uploads\/factory-14.webp\"\/><\/p>\n<h2>KKK<\/h2>\n<p><b>1.Mis on alumiiniumist T-ava kanal kasutatakse?<\/b><\/p>\n<p>Alumiiniumist T-ava kanalit kasutatakse kohandatavate raamide, tugede ja konstruktsioonide ehitamiseks t\u00f6\u00f6stus-, auto- ja DIY-projektides, pakkudes tugevust ja paindlikkust.\n<\/p>\n<p><\/p>\n<p><b>2.Miks on T-ava disain alumiiniumkanalite puhul kasulik?<\/b><\/p>\n<p>T-pesade konstruktsioon v\u00f5imaldab konstruktsioonide lihtsat \u00fchendamist, muutmist ja laiendamist, pakkudes suuremat paindlikkust modulaarsete ja skaleeritavate s\u00fcsteemide loomisel.\n<\/p>\n<p><\/p>\n<p><b>3.Kas alumiiniumist T-ava kanal on korrosioonikindel?<\/b><\/p>\n<p>Jah, T-ava kanalites kasutatav alumiiniummaterjal on korrosioonikindel, tagades pikaajalise vastupidavuse ja s\u00e4ilitades j\u00f5udluse erinevates keskkonnatingimustes.\n<\/p>\n<p><\/p>\n<p><b>4.Kuidas parandab alumiiniumist T-ava kanal projekti t\u00f5husust?<\/b><\/p>\n<p>Lihtsalt kasutatav T-pesade konstruktsioon lihtsustab monteerimist ja muutmist, v\u00e4hendades paigaldusaega ja v\u00f5imaldades projektide kiiremat l\u00f5puleviimist.\n<\/p>\n<p><\/p>\n<p><b>5.Can Alumiinium T Slot Channel saab kohandada erinevate rakenduste jaoks?<\/b><\/p>\n<p>Jah, alumiiniumist T-ava kanal on pikkuse, profiili ja tarvikute poolest v\u00e4ga h\u00e4sti kohandatav, v\u00f5imaldades seda kohandada konkreetsete projektin\u00f5uetega.\n<\/p>\n<p><\/p>\n<p><b>6.Millised t\u00f6\u00f6stusharud saavad alumiiniumist T-ava kanalit kasutades kasu?<\/b><\/p>\n<p>Alumiiniumist T-ava kanalit kasutatakse tavaliselt sellistes t\u00f6\u00f6stusharudes nagu tootmine, automaatika, robootika ja ehitus t\u00e4nu selle mitmek\u00fclgsusele ja tugevusele kohandatavate raamistike loomisel.\n<\/p>\n<p><\/p>\n<p><b>7.Kui kaua kestab alumiiniumist T-ava kanal?<\/b><\/p>\n<p>Alumiiniumist T-ava kanal on loodud vastupidavuse ja pikaajalise toimivuse tagamiseks, pakkudes suurep\u00e4rast kulumis- ja korrosioonikindlust, et kasutada seda pikemaajaliselt n\u00f5udlikes keskkondades.\n<\/p>\n<p><\/p>","protected":false},"featured_media":8397,"template":"","categories":[54],"class_list":["post-8398","product","type-product","status-publish","has-post-thumbnail","hentry","category-industrial-aluminum-profiles"],"meta_box":{"hilight_text_group":{"product_hilight_text":"<li>Aluminum T Slot Channel offers a versatile framing solution for creating customizable structures and assemblies.<\/li>\r\r\n<li>Corrosion-resistant aluminum ensures long-lasting durability and reliable performance in various environments.<\/li>\r\r\n<li>The T-slot design allows for easy integration with other profiles, making it ideal for modular constructions.<\/li>\r\r\n<li>Lightweight yet strong, offering a high strength-to-weight ratio for efficient and robust designs.<\/li>\r\r\n<li>Quick and easy assembly process, reducing installation time and overall project costs.<\/li>","product_chanpin_blog":"<ul>\r\r\n<li><a href=\"https:\/\/sinoextrud.com\/t-slot-v-slot-differences\/\" target=\"_blank\">t slot vs v slot<\/a><\/li>\r\r\n<li><a href=\"https:\/\/sinoextrud.com\/what-is-4040-aluminium-extrud\/\" target=\"_blank\">4040 aluminium extrusion<\/a><\/li>\r\r\n<li><a href=\"https:\/\/sinoextrud.com\/what-is-4040-aluminium-extrud\/\" target=\"_blank\">aluminum extrusions for industrial racks<\/a><\/li>\r\r\n<li><a href=\"https:\/\/sinoextrud.com\/powder-coating-aluminium-process\/\" target=\"_blank\">powder coating aluminium<\/a><\/li>\r\r\n<li><a href=\"https:\/\/sinoextrud.com\/what-is-an-aluminium-strip-ceiling\/\" target=\"_blank\">aluminium strip ceiling<\/a><\/li>\r\r\n<li><a href=\"https:\/\/sinoextrud.com\/what-is-a-heat-sink\/\" target=\"_blank\">what is a heat sink<\/a><\/li>\r\r\n<\/ul>","product_chanpin_chanpin":"<li><a href=\"https:\/\/sinoextrud.com\/product\/t-slot-aluminium-profile\/\" target=\"_blank\">T Slot Aluminium Profile<\/a><\/li>\r\n<li><a href=\"https:\/\/sinoextrud.com\/product\/aluminum-boat-extrusions-6082\/\" target=\"_blank\">Aluminum Boat Extrusions 6082<\/a><\/li>\r\n<li><a href=\"https:\/\/sinoextrud.com\/product\/aluminum-car-pedal-anodized-silver\/\" target=\"_blank\">Aluminum Car Pedal Anodized Silver<\/a><\/li>\r\n<li><a href=\"https:\/\/sinoextrud.com\/product\/aluminum-frame-extrusion-profiles\/\" target=\"_blank\">Aluminum Frame Extrusion Profiles<\/a><\/li>\r\n<li><a href=\"https:\/\/sinoextrud.com\/product\/aluminum-t-slot-channel\/\" target=\"_blank\">Aluminum T Slot Channel<\/a><\/li>\r\n<li><a href=\"https:\/\/sinoextrud.com\/product\/c-beam-aluminum-extrusion\/\" target=\"_blank\">C Beam Aluminum Extrusion<\/a><\/li>\r\n<li><a href=\"https:\/\/sinoextrud.com\/product\/extruded-aluminum-t-slot-channel\/\" target=\"_blank\">Extruded Aluminum T Slot Channel<\/a><\/li>\r\n<li><a href=\"https:\/\/sinoextrud.com\/product\/industrial-aluminum-extrusion\/\" target=\"_blank\">Industrial Aluminum Extrusion<\/a><\/li>\r\n<li><a href=\"https:\/\/sinoextrud.com\/product\/round-extruded-aluminum\/\" target=\"_blank\">Round Extruded Aluminum<\/a><\/li>\r\n<li><a href=\"https:\/\/sinoextrud.com\/product\/aluminum-profile-solar-panel-structure\/\" target=\"_blank\">Aluminum Profile Solar Panel Structure<\/a><\/li>\r\n<li><a href=\"https:\/\/sinoextrud.com\/product\/shaped-tile-ceiling-system\/\" target=\"_blank\">Shaped Tile Ceiling System<\/a><\/li>"},"feature_list":[]},"_links":{"self":[{"href":"https:\/\/sinoextrud.com\/et\/wp-json\/wp\/v2\/product\/8398","targetHints":{"allow":["GET"]}}],"collection":[{"href":"https:\/\/sinoextrud.com\/et\/wp-json\/wp\/v2\/product"}],"about":[{"href":"https:\/\/sinoextrud.com\/et\/wp-json\/wp\/v2\/types\/product"}],"wp:featuredmedia":[{"embeddable":true,"href":"https:\/\/sinoextrud.com\/et\/wp-json\/wp\/v2\/media\/8397"}],"wp:attachment":[{"href":"https:\/\/sinoextrud.com\/et\/wp-json\/wp\/v2\/media?parent=8398"}],"wp:term":[{"taxonomy":"category","embeddable":true,"href":"https:\/\/sinoextrud.com\/et\/wp-json\/wp\/v2\/categories?post=8398"}],"curies":[{"name":"wp","href":"https:\/\/api.w.org\/{rel}","templated":true}]}}