{"id":8392,"date":"2025-06-16T01:46:29","date_gmt":"2025-06-16T01:46:29","guid":{"rendered":"https:\/\/sinoextrud.com\/product\/aluminum-boat-extrusions-6082\/"},"modified":"2025-06-24T06:23:41","modified_gmt":"2025-06-24T06:23:41","slug":"alumiiniumist-paadiprofiilid-6082","status":"publish","type":"product","link":"https:\/\/sinoextrud.com\/et\/product\/aluminum-boat-extrusions-6082\/","title":{"rendered":"Alumiiniumist paadi ekstrusioonid 6082"},"content":{"rendered":"<h2>Toodete \u00fcksikasjad<\/h2>\n<table class=\"custom-table\">\n<tbody>\n<tr>\n<td> Mudel nr.<\/td>\n<td> 6000seeriaAlumiiniumist paadiprofiilid 6082<\/td>\n<td> Pinna viimistlemine<\/td>\n<td> Pulbri pihustamine<\/td>\n<\/tr>\n<tr>\n<td> Legeeriv koostisosa<\/td>\n<td> 6063<\/td>\n<td> Sertifitseerimine<\/td>\n<td> CE, SONCAP, ISO, CIQ, RoHS, TUV<\/td>\n<\/tr>\n<tr>\n<td> Poleeritud alumiiniumprofiil<\/td>\n<td> Mehhaaniline poleerimine<\/td>\n<td> Materjal<\/td>\n<td> 6063-T5, 6061-T6, 6463-T5, 7075-T6, 6082.<\/td>\n<\/tr>\n<tr>\n<td> Eesm\u00e4rk<\/td>\n<td> M\u00f6\u00f6bel, aknad ja uksed, dekoratsioonid, t\u00f6\u00f6stus<\/td>\n<td> MOQ<\/td>\n<td> 200KG iga profiili jaoks<\/td>\n<\/tr>\n<tr>\n<td> OEM teenus<\/td>\n<td> P\u00f5hineb kliendi projekteeritud joonistel v\u00f5i n\u00e4idistel<\/td>\n<td> Pinnat\u00f6\u00f6tlus<\/td>\n<td> Anodeeritud \/ elektroforees \/ pulberv\u00e4rvimine jne.<\/td>\n<\/tr>\n<tr>\n<td> S\u00fcgavt\u00f6\u00f6tlus<\/td>\n<td> Puurimine, puurimine, keermestamine, painutamine<\/td>\n<td> Tarneaeg<\/td>\n<td> 25-30 p\u00e4eva p\u00e4rast seda, kui ostjad on proovi kinnitanud<\/td>\n<\/tr>\n<tr>\n<td> Arveldust\u00e4htaeg<\/td>\n<td> L\u00f5ppmakse p\u00f5hineb l\u00f5plikul tegelikul f\u00fc\u00fcsilisel otstarbel.<\/td>\n<td> Tootmise garantii<\/td>\n<td> Pinna v\u00e4rvus suudab p\u00fcsida 10~20 aastat<\/td>\n<\/tr>\n<tr>\n<td> Sadam<\/td>\n<td> Fob Shenzhen, Guangzhou, Foshan<\/td>\n<td> Kaubam\u00e4rk<\/td>\n<td> Sinoextrud &amp; Sinoextrud<\/td>\n<\/tr>\n<tr>\n<td> Transpordipakett<\/td>\n<td> Tavaline v\u00f5i kohandatud<\/td>\n<td> Spetsifikatsioon<\/td>\n<td> Vastavalt klientide n\u00f5udmistele<\/td>\n<\/tr>\n<tr>\n<td> P\u00e4ritolu<\/td>\n<td> Mandri-Hiina<\/td>\n<td> HS-kood<\/td>\n<td> 76042100<\/td>\n<\/tr>\n<\/tbody>\n<\/table>\n<h2>Meie tootmisbaas<\/h2>\n<h3>Tehase panoraam<\/h3>\n<p><img decoding=\"async\" src=\"\/wp-content\/uploads\/factory-01.webp\"\/><\/p>\n<h3>Alumiiniumvarraste tootmise t\u00f6\u00f6koda<\/h3>\n<p><img decoding=\"async\" src=\"\/wp-content\/uploads\/factory-02.webp\"\/><\/p>\n<p><img decoding=\"async\" src=\"\/wp-content\/uploads\/factory-03.webp\"\/><\/p>\n<h3>hallituse ladustamise ladu<\/h3>\n<p><img decoding=\"async\" src=\"\/wp-content\/uploads\/factory-04.webp\"\/><\/p>\n<h3>43 alumiiniumi ekstrusiooniliini (500-5500 tonni)<\/h3>\n<p><img decoding=\"async\" src=\"\/wp-content\/uploads\/factory-05.webp\"\/><\/p>\n<p><img decoding=\"async\" src=\"\/wp-content\/uploads\/factory-06.webp\"\/><\/p>\n<p><img decoding=\"async\" src=\"\/wp-content\/uploads\/factory-07.webp\"\/><\/p>\n<h3>Pulberv\u00e4rvimise t\u00f6\u00f6koda<\/h3>\n<p><img decoding=\"async\" src=\"\/wp-content\/uploads\/factory-09.webp\"\/><\/p>\n<h3>Anodiseerimise t\u00f6\u00f6koda<\/h3>\n<p><img decoding=\"async\" src=\"\/wp-content\/uploads\/factory-10.webp\"\/><\/p>\n<h3>S\u00fcgavt\u00f6\u00f6tlemise t\u00f6\u00f6tuba<\/h3>\n<p><img decoding=\"async\" src=\"\/wp-content\/uploads\/factory-11.webp\"\/><\/p>\n<h3>CNC-t\u00e4ppist\u00f6\u00f6tlemise t\u00f6\u00f6koda<\/h3>\n<p><img decoding=\"async\" src=\"\/wp-content\/uploads\/factory-11.5.webp\"\/><\/p>\n<h3>Valmistoodete ja ekspordi ladu<\/h3>\n<p><img decoding=\"async\" src=\"\/wp-content\/uploads\/factory-12.webp\"\/><\/p>\n<p><img decoding=\"async\" src=\"\/wp-content\/uploads\/factory-13.webp\"\/><\/p>\n<p><img decoding=\"async\" src=\"\/wp-content\/uploads\/factory-14.webp\"\/><\/p>\n<h2>KKK<\/h2>\n<p><p><b>1.Mis on alumiiniumist paadiprofiilide 6082 kasutamine? <\/b><\/p>\n<p> Alumiiniumist paadiprofiil 6082 kasutatakse laevaehituses raami, konstruktsiooni tugevdamise ja komponentide toetamiseks t\u00e4nu nende tugevusele ja korrosioonikindlusele.<br \/>\n<\/p><br \/>\n<br \/>\n<p><b>2.Miks sobib 6082 alumiinium meres\u00f5idut\u00f6\u00f6deks? <\/b><\/p>\n<p> Alumiinium 6082 pakub suurep\u00e4rast korrosioonikindlust soolases vees, suurt mehaanilist tugevust ja head keevitatavust, mis muudab selle ideaalseks paadiehituseks.<br \/>\n<\/p><br \/>\n<br \/>\n<p><b>3.Can 6082 alumiiniumist ekstrusioonid on kohandatud? <\/b><\/p>\n<p> Jah, me pakume kohandatud kujundeid, pikkusi ja viimistlusi, et t\u00e4ita merendusprojektide spetsiifilisi disaini- ja struktuurin\u00f5udeid.<br \/>\n<\/p><br \/>\n<br \/>\n<p><b>4.Kas 6082 alumiiniumi on lihtne keevitada paadi kokkupanekuks? <\/b><\/p>\n<p> Kindlasti on 6082 alumiiniumil suurep\u00e4rane keevitatavus, mis lihtsustab valmistamist ja parandamist paaditootmises.<br \/>\n<\/p><br \/>\n<br \/>\n<p><b>5.Kuidas on 6082 alumiiniumi kasutamine kasulik paadi j\u00f5udlusele? <\/b><\/p>\n<p> 6082 alumiiniumi kergus v\u00e4hendab paadi kaalu, parandab kiirust ja k\u00fctuses\u00e4\u00e4stlikkust ning parandab juhitavust.<br \/>\n<\/p><br \/>\n<br \/>\n<p><b>6.Kas alumiiniumprofiil 6082 on merevee suhtes vastupidav? <\/b><\/p>\n<p> Jah, 6082 alumiinium on v\u00e4ga vastupidav korrosioonile merekeskkonnas, sealhulgas pikaajaline kokkupuude soolase veega.<br \/>\n<\/p><br \/>\n<br \/>\n<p><b>7.Milliseid paadiosi saab valmistada 6082 ekstrusioonist? <\/b><\/p>\n<p> Levinud kasutusalad on kere raamid, teki tuged, piirded, klambrid ja trimmi osad nii kaubandus- kui ka l\u00f5bus\u00f5idulaevades.<br \/>\n<\/p><br \/><\/p>","protected":false},"featured_media":8391,"template":"","categories":[54],"class_list":["post-8392","product","type-product","status-publish","has-post-thumbnail","hentry","category-industrial-aluminum-profiles"],"meta_box":{"hilight_text_group":{"product_hilight_text":"<li>Made from 6082 aluminum alloy for high strength and excellent corrosion resistance.<\/li>\r\r\n<li>Ideal for marine environments due to its seawater-resistant properties.<\/li>\r\r\n<li>Lightweight material reduces overall boat weight and improves fuel efficiency.<\/li>\r\r\n<li>Excellent weldability for easy boat assembly and repairs.<\/li>\r\r\n<li>Available in various extruded shapes for structural and decorative marine use.<\/li>\r\r\n<li>Precision extrusion ensures consistent dimensions and easy fabrication.<\/li>\r\r\n<li>Long service life with minimal maintenance in harsh saltwater conditions.<\/li>","product_chanpin_blog":"<ul>\r\r\n<li><a href=\"https:\/\/sinoextrud.com\/t-slot-v-slot-differences\/\" target=\"_blank\">t slot vs v slot<\/a><\/li>\r\r\n<li><a href=\"https:\/\/sinoextrud.com\/what-is-4040-aluminium-extrud\/\" target=\"_blank\">4040 aluminium extrusion<\/a><\/li>\r\r\n<li><a href=\"https:\/\/sinoextrud.com\/what-is-4040-aluminium-extrud\/\" target=\"_blank\">aluminum extrusions for industrial racks<\/a><\/li>\r\r\n<li><a href=\"https:\/\/sinoextrud.com\/powder-coating-aluminium-process\/\" target=\"_blank\">powder coating aluminium<\/a><\/li>\r\r\n<li><a href=\"https:\/\/sinoextrud.com\/what-is-an-aluminium-strip-ceiling\/\" target=\"_blank\">aluminium strip ceiling<\/a><\/li>\r\r\n<li><a href=\"https:\/\/sinoextrud.com\/what-is-a-heat-sink\/\" target=\"_blank\">what is a heat sink<\/a><\/li>\r\r\n<\/ul>","product_chanpin_chanpin":"<li><a href=\"https:\/\/sinoextrud.com\/product\/stock-aluminum-extrusion-profiles\/\" target=\"_blank\">Stock Aluminum Extrusion Profiles<\/a><\/li>\r\n<li><a href=\"https:\/\/sinoextrud.com\/product\/the-hinges-of-aluminium-clean-room\/\" target=\"_blank\">The Hinges Of Aluminium Clean Room<\/a><\/li>\r\n<li><a href=\"https:\/\/sinoextrud.com\/product\/special-aluminium-profiles-heat-sink-aluminum\/\" target=\"_blank\">Special Aluminium Profiles Heat Sink Aluminum<\/a><\/li>\r\n<li><a href=\"https:\/\/sinoextrud.com\/product\/t-slot-aluminium-profile\/\" target=\"_blank\">T Slot Aluminium Profile<\/a><\/li>\r\n<li><a href=\"https:\/\/sinoextrud.com\/product\/aluminum-boat-extrusions-6082\/\" target=\"_blank\">Aluminum Boat Extrusions 6082<\/a><\/li>\r\n<li><a href=\"https:\/\/sinoextrud.com\/product\/aluminum-car-pedal-anodized-silver\/\" target=\"_blank\">Aluminum Car Pedal Anodized Silver<\/a><\/li>\r\n<li><a href=\"https:\/\/sinoextrud.com\/product\/aluminum-frame-extrusion-profiles\/\" target=\"_blank\">Aluminum Frame Extrusion Profiles<\/a><\/li>\r\n<li><a href=\"https:\/\/sinoextrud.com\/product\/aluminum-t-slot-channel\/\" target=\"_blank\">Aluminum T Slot Channel<\/a><\/li>\r\n<li><a href=\"https:\/\/sinoextrud.com\/product\/c-beam-aluminum-extrusion\/\" target=\"_blank\">C Beam Aluminum Extrusion<\/a><\/li>\r\n<li><a href=\"https:\/\/sinoextrud.com\/product\/cnc-anodized-6063-curved-aluminum-extrusions\/\" target=\"_blank\">CNC Anodized 6063 Curved Aluminum Extrusions<\/a><\/li>\r\n<li><a href=\"https:\/\/sinoextrud.com\/product\/round-aluminum-extrusion-profiles\/\" target=\"_blank\">Round Aluminum Extrusion Profiles<\/a><\/li>"},"feature_list":[]},"_links":{"self":[{"href":"https:\/\/sinoextrud.com\/et\/wp-json\/wp\/v2\/product\/8392","targetHints":{"allow":["GET"]}}],"collection":[{"href":"https:\/\/sinoextrud.com\/et\/wp-json\/wp\/v2\/product"}],"about":[{"href":"https:\/\/sinoextrud.com\/et\/wp-json\/wp\/v2\/types\/product"}],"wp:featuredmedia":[{"embeddable":true,"href":"https:\/\/sinoextrud.com\/et\/wp-json\/wp\/v2\/media\/8391"}],"wp:attachment":[{"href":"https:\/\/sinoextrud.com\/et\/wp-json\/wp\/v2\/media?parent=8392"}],"wp:term":[{"taxonomy":"category","embeddable":true,"href":"https:\/\/sinoextrud.com\/et\/wp-json\/wp\/v2\/categories?post=8392"}],"curies":[{"name":"wp","href":"https:\/\/api.w.org\/{rel}","templated":true}]}}