{"id":8390,"date":"2025-06-16T01:43:06","date_gmt":"2025-06-16T01:43:06","guid":{"rendered":"https:\/\/sinoextrud.com\/product\/t-slot-aluminium-profile\/"},"modified":"2025-06-24T06:23:41","modified_gmt":"2025-06-24T06:23:41","slug":"t-ava-alumiiniumprofiil-2","status":"publish","type":"product","link":"https:\/\/sinoextrud.com\/et\/product\/t-slot-aluminium-profile\/","title":{"rendered":"T-ava alumiiniumprofiil"},"content":{"rendered":"<h2>Toodete \u00fcksikasjad<\/h2>\n<table class=\"custom-table\">\n<tbody>\n<tr>\n<td> Toote nimi<\/td>\n<td> T-ava alumiiniumprofiil<\/td>\n<\/tr>\n<tr>\n<td> Materjal<\/td>\n<td> 6063<\/td>\n<\/tr>\n<tr>\n<td> Temper<\/td>\n<td> T5, T6<\/td>\n<\/tr>\n<tr>\n<td> Paksus<\/td>\n<td> 1.0mm<\/td>\n<\/tr>\n<tr>\n<td> Pikkus<\/td>\n<td> 5.8m v\u00f5i kohandatud<\/td>\n<\/tr>\n<tr>\n<td> Kuju<\/td>\n<td> kohandatud<\/td>\n<\/tr>\n<tr>\n<td> Pinnat\u00f6\u00f6tlus<\/td>\n<td> Pulbriga katmine<\/td>\n<\/tr>\n<tr>\n<td> V\u00e4rv<\/td>\n<td> Valge<\/td>\n<\/tr>\n<tr>\n<td> Taotlus<\/td>\n<td> Masina tootmisliin, transpordir\u00f6\u00f6pad<\/td>\n<\/tr>\n<tr>\n<td> S\u00fcgav protsess<\/td>\n<td> CNC, puurimine, l\u00f5ikamine, keevitamine, kokkupanek<\/td>\n<\/tr>\n<tr>\n<td> MOQ<\/td>\n<td> 200 kg iga eseme kohta<\/td>\n<\/tr>\n<tr>\n<td> Tootmisv\u00f5imsus<\/td>\n<td> 15 000+ tonni \/ kuu<\/td>\n<\/tr>\n<tr>\n<td> Sertifikaat ja standard<\/td>\n<td> 1) ISO9001-2008\/ISO 9001:2008;<br \/>\n2) CQM sertifitseerimine;<br \/>\n3) SGS, BV, ROSH saadaval<\/td>\n<\/tr>\n<tr>\n<td> Garantii<\/td>\n<td> Pinna v\u00e4rv v\u00f5ib olla stabiilne 10~20 aastat siseruumides.<\/td>\n<\/tr>\n<tr>\n<td> Pakendamise \u00fcksikasjad<\/td>\n<td> Sisemine : pakitud kilega, et kaitsta iga detaili.<\/td>\n<\/tr>\n<tr>\n<td> V\u00e4ljaspool: <\/td>\n<td>M\u00e4hkige kimbud veekindla k\u00e4sit\u00f6\u00f6paberi v\u00f5i EPE-kilega. Kohandatud requesti saadaval<\/td>\n<\/tr>\n<tr>\n<td> Juhtumisaeg<\/td>\n<td> Survet\u00f6\u00f6tlus ja proovide testimine: 12-18 p\u00e4eva .<\/td>\n<\/tr>\n<tr>\n<td> Masstootmine: <\/td>\n<td>20-30 p\u00e4eva.<\/td>\n<\/tr>\n<tr>\n<td> Maksetingimused<\/td>\n<td> T\/T 30% tagatisraha, saldo enne tarnimist.<\/td>\n<\/tr>\n<tr>\n<td> Maksetingimused<\/td>\n<td> T\/T 30% tagatisraha, saldo enne tarnimist.<\/td>\n<\/tr>\n<tr>\n<td> Alates<\/td>\n<td> Foshan, Guangdong, Hiina<\/td>\n<\/tr>\n<\/tbody>\n<\/table>\n<h2>Meie tootmisbaas<\/h2>\n<h3>Tehase panoraam<\/h3>\n<p><img decoding=\"async\" src=\"\/wp-content\/uploads\/factory-01.webp\"\/><\/p>\n<h3>Alumiiniumvarraste tootmise t\u00f6\u00f6koda<\/h3>\n<p><img decoding=\"async\" src=\"\/wp-content\/uploads\/factory-02.webp\"\/><\/p>\n<\/p>\n<p><img decoding=\"async\" src=\"\/wp-content\/uploads\/factory-03.webp\"\/><\/p>\n<h3>hallituse ladustamise ladu<\/h3>\n<p><img decoding=\"async\" src=\"\/wp-content\/uploads\/factory-04.webp\"\/><\/p>\n<h3>43 alumiiniumi ekstrusiooniliini (500-5500 tonni)<\/h3>\n<p><img decoding=\"async\" src=\"\/wp-content\/uploads\/factory-05.webp\"\/><\/p>\n<p><img decoding=\"async\" src=\"\/wp-content\/uploads\/factory-06.webp\"\/><\/p>\n<p><img decoding=\"async\" src=\"\/wp-content\/uploads\/factory-07.webp\"\/><\/p>\n<h3>Pulberv\u00e4rvimise t\u00f6\u00f6koda<\/h3>\n<p><img decoding=\"async\" src=\"\/wp-content\/uploads\/factory-09.webp\"\/><\/p>\n<h3>Anodiseerimise t\u00f6\u00f6koda<\/h3>\n<p><img decoding=\"async\" src=\"\/wp-content\/uploads\/factory-10.webp\"\/><\/p>\n<h3>S\u00fcgavt\u00f6\u00f6tlemise t\u00f6\u00f6tuba<\/h3>\n<p><img decoding=\"async\" src=\"\/wp-content\/uploads\/factory-11.webp\"\/><\/p>\n<h3>CNC-t\u00e4ppist\u00f6\u00f6tlemise t\u00f6\u00f6koda<\/h3>\n<p><img decoding=\"async\" src=\"\/wp-content\/uploads\/factory-11.5.webp\"\/><\/p>\n<h3>Valmistoodete ja ekspordi ladu<\/h3>\n<p><img decoding=\"async\" src=\"\/wp-content\/uploads\/factory-12.webp\"\/><\/p>\n<p><img decoding=\"async\" src=\"\/wp-content\/uploads\/factory-13.webp\"\/><\/p>\n<p><img decoding=\"async\" src=\"\/wp-content\/uploads\/factory-14.webp\"\/><\/p>\n<h2>KKK<\/h2>\n<p><b>1.Milleks kasutatakse T-ava alumiiniumprofiile?<\/b><\/p>\n<p>T-ava alumiiniumprofiile kasutatakse kohandatavate struktuuriraamide, korpuste ja t\u00f6\u00f6kohtade loomiseks erinevates t\u00f6\u00f6stusharudes, nagu automaatika, ehitus ja tootmine.\n<\/p>\n<p><\/p>\n<p><b>2.Miks on T-ava alumiiniumprofiili lihtne kokku panna?<\/b><\/p>\n<p>T-ava alumiiniumprofiilid on m\u00f5eldud lihtsaks kokkupanekuks, kasutades kinnitusi ja \u00fchendusi, mis v\u00e4listab keevitamise vajaduse ning v\u00e4hendab paigaldusaega ja keerukust.\n<\/p>\n<p><\/p>\n<p><b>3.Millised on alumiiniumi kasutamise eelised T-ava profiilide jaoks?<\/b><\/p>\n<p>Alumiiniumil on suurep\u00e4rane tugevuse ja kaalu suhe, korrosioonikindlus ja vastupidavus, mist\u00f5ttu on see ideaalne T-ava profiilide jaoks, mis vajavad nii struktuurset tuge kui ka pikaealisust.\n<\/p>\n<p><\/p>\n<p><b>4.Can T Slot Alumiinium profiilid saab kohandada?<\/b><\/p>\n<p>Jah, need profiilid on suuruse, kuju ja konfiguratsiooni poolest v\u00e4ga h\u00e4sti kohandatavad, v\u00f5imaldades ettev\u00f5tetel kujundada oma erivajadustele vastavaid raame ja konstruktsioone.\n<\/p>\n<p><\/p>\n<p><b>5.Kuidas on T-ava alumiiniumprofiilide korrosioonikindlus nende j\u00f5udlusele kasulik?<\/b><\/p>\n<p>Alumiiniumi korrosioonikindlus tagab, et T-ava profiilid s\u00e4ilitavad oma v\u00e4limuse ja tugevuse aja jooksul isegi karmides keskkonnatingimustes.\n<\/p>\n<p><\/p>\n<p><b>6.Kas T-ava alumiiniumprofiilid on kulut\u00f5husad?<\/b><\/p>\n<p>Jah, need on kuluefektiivsed, sest need v\u00e4hendavad t\u00f6\u00f6j\u00f5u- ja materjalikulusid, kuna neid saab h\u00f5lpsasti kokku panna ja erinevates konfiguratsioonides uuesti kasutada.\n<\/p>\n<p><\/p>\n<p><b>7.Millised t\u00f6\u00f6stusharud saavad T-ava alumiiniumprofiilidest kasu?<\/b><\/p>\n<p>Sellised t\u00f6\u00f6stusharud nagu automaatika, tootmine, robootika ja ehitus saavad kasu T-ava alumiiniumprofiilide tugevusest, paindlikkusest ja kasutusmugavusest kohandatud konstruktsioonide ja s\u00fcsteemide loomisel.\n<\/p>\n<p><\/p>","protected":false},"featured_media":8389,"template":"","categories":[54],"class_list":["post-8390","product","type-product","status-publish","has-post-thumbnail","hentry","category-industrial-aluminum-profiles"],"meta_box":{"hilight_text_group":{"product_hilight_text":"<li>Highly flexible design that can be easily adapted for various structural applications.<\/li>\r\r\n<li>Durable aluminum construction ensures long-lasting performance with minimal maintenance.<\/li>\r\r\n<li>Easy to assemble with no welding required, saving time and reducing costs.<\/li>\r\r\n<li>Compatible with a wide range of accessories and connectors for versatile configurations.<\/li>\r\r\n<li>Lightweight yet strong, offering excellent support for both small and large-scale projects.<\/li>","product_chanpin_blog":"<ul>\r\r\n<li><a href=\"https:\/\/sinoextrud.com\/t-slot-v-slot-differences\/\" target=\"_blank\">t slot vs v slot<\/a><\/li>\r\r\n<li><a href=\"https:\/\/sinoextrud.com\/what-is-4040-aluminium-extrud\/\" target=\"_blank\">4040 aluminium extrusion<\/a><\/li>\r\r\n<li><a href=\"https:\/\/sinoextrud.com\/what-is-4040-aluminium-extrud\/\" target=\"_blank\">aluminum extrusions for industrial racks<\/a><\/li>\r\r\n<li><a href=\"https:\/\/sinoextrud.com\/powder-coating-aluminium-process\/\" target=\"_blank\">powder coating aluminium<\/a><\/li>\r\r\n<li><a href=\"https:\/\/sinoextrud.com\/what-is-an-aluminium-strip-ceiling\/\" target=\"_blank\">aluminium strip ceiling<\/a><\/li>\r\r\n<li><a href=\"https:\/\/sinoextrud.com\/what-is-a-heat-sink\/\" target=\"_blank\">what is a heat sink<\/a><\/li>\r\r\n<\/ul>","product_chanpin_chanpin":"<li><a href=\"https:\/\/sinoextrud.com\/product\/l-shape-aluminum-angle-profile\/\" target=\"_blank\">L Shape Aluminum Angle Profile<\/a><\/li>\r\n<li><a href=\"https:\/\/sinoextrud.com\/product\/stock-aluminum-extrusion-profiles\/\" target=\"_blank\">Stock Aluminum Extrusion Profiles<\/a><\/li>\r\n<li><a href=\"https:\/\/sinoextrud.com\/product\/the-hinges-of-aluminium-clean-room\/\" target=\"_blank\">The Hinges Of Aluminium Clean Room<\/a><\/li>\r\n<li><a href=\"https:\/\/sinoextrud.com\/product\/special-aluminium-profiles-heat-sink-aluminum\/\" target=\"_blank\">Special Aluminium Profiles Heat Sink Aluminum<\/a><\/li>\r\n<li><a href=\"https:\/\/sinoextrud.com\/product\/t-slot-aluminium-profile\/\" target=\"_blank\">T Slot Aluminium Profile<\/a><\/li>\r\n<li><a href=\"https:\/\/sinoextrud.com\/product\/aluminum-boat-extrusions-6082\/\" target=\"_blank\">Aluminum Boat Extrusions 6082<\/a><\/li>\r\n<li><a href=\"https:\/\/sinoextrud.com\/product\/aluminum-car-pedal-anodized-silver\/\" target=\"_blank\">Aluminum Car Pedal Anodized Silver<\/a><\/li>\r\n<li><a href=\"https:\/\/sinoextrud.com\/product\/aluminum-frame-extrusion-profiles\/\" target=\"_blank\">Aluminum Frame Extrusion Profiles<\/a><\/li>\r\n<li><a href=\"https:\/\/sinoextrud.com\/product\/aluminum-t-slot-channel\/\" target=\"_blank\">Aluminum T Slot Channel<\/a><\/li>\r\n<li><a href=\"https:\/\/sinoextrud.com\/product\/standard-aluminum-shapes\/\" target=\"_blank\">Standard Aluminum Shapes<\/a><\/li>\r\n<li><a href=\"https:\/\/sinoextrud.com\/product\/aluminium-profiles-for-bedroom-doors\/\" target=\"_blank\">Aluminium Profiles For Bedroom Doors<\/a><\/li>"},"feature_list":[]},"_links":{"self":[{"href":"https:\/\/sinoextrud.com\/et\/wp-json\/wp\/v2\/product\/8390","targetHints":{"allow":["GET"]}}],"collection":[{"href":"https:\/\/sinoextrud.com\/et\/wp-json\/wp\/v2\/product"}],"about":[{"href":"https:\/\/sinoextrud.com\/et\/wp-json\/wp\/v2\/types\/product"}],"wp:featuredmedia":[{"embeddable":true,"href":"https:\/\/sinoextrud.com\/et\/wp-json\/wp\/v2\/media\/8389"}],"wp:attachment":[{"href":"https:\/\/sinoextrud.com\/et\/wp-json\/wp\/v2\/media?parent=8390"}],"wp:term":[{"taxonomy":"category","embeddable":true,"href":"https:\/\/sinoextrud.com\/et\/wp-json\/wp\/v2\/categories?post=8390"}],"curies":[{"name":"wp","href":"https:\/\/api.w.org\/{rel}","templated":true}]}}