{"id":8387,"date":"2025-06-16T01:41:58","date_gmt":"2025-06-16T01:41:58","guid":{"rendered":"https:\/\/sinoextrud.com\/product\/special-aluminium-profiles-heat-sink-aluminum\/"},"modified":"2025-06-24T06:23:41","modified_gmt":"2025-06-24T06:23:41","slug":"spetsiaalsed-alumiiniumprofiilid-soojusalvesti-alumiiniumist","status":"publish","type":"product","link":"https:\/\/sinoextrud.com\/et\/product\/special-aluminium-profiles-heat-sink-aluminum\/","title":{"rendered":"Spetsiaalsed alumiiniumprofiilid Soojusp\u00fc\u00fcdja Alumiinium"},"content":{"rendered":"<h2>Toodete \u00fcksikasjad<\/h2>\n<table class=\"custom-table\">\n<tbody>\n<tr>\n<td> Toote nimi<\/td>\n<td> Spetsiaalsed alumiiniumprofiilid soojusjuhtmete alumiiniumist ekstrusiooniprofiilid<\/td>\n<\/tr>\n<tr>\n<td> Alumiiniumsulam<\/td>\n<td> 6063-T5 v\u00f5i kohandamine<\/td>\n<\/tr>\n<tr>\n<td> Pinnak\u00e4sitlus<\/td>\n<td> Valmis v\u00f5i kohandamine<\/td>\n<\/tr>\n<tr>\n<td> V\u00e4rv<\/td>\n<td> Valmis v\u00f5i kohandamine<\/td>\n<\/tr>\n<tr>\n<td> Suurus<\/td>\n<td> CNC v\u00f5i kohandamine<\/td>\n<\/tr>\n<tr>\n<td> Taotlus<\/td>\n<td> soojusalumiinium elektrimasinate, mootorite, seadmete, ect jaoks<\/td>\n<\/tr>\n<tr>\n<td> Br\u00e4nd<\/td>\n<td> Sinoextrud \/ Sinoextrud \/ Sinoextrud Aluminium<\/td>\n<\/tr>\n<tr>\n<td> P\u00e4ritolu<\/td>\n<td> Foshan, Hiina<\/td>\n<\/tr>\n<\/tbody>\n<\/table>\n<h2>Meie tootmisbaas<\/h2>\n<h3>Tehase panoraam<\/h3>\n<p><img decoding=\"async\" src=\"\/wp-content\/uploads\/factory-01.webp\"\/><\/p>\n<h3>Alumiiniumvarraste tootmise t\u00f6\u00f6koda<\/h3>\n<p><img decoding=\"async\" src=\"\/wp-content\/uploads\/factory-02.webp\"\/><\/p>\n<p><img decoding=\"async\" src=\"\/wp-content\/uploads\/factory-03.webp\"\/><\/p>\n<h3>hallituse ladustamise ladu<\/h3>\n<p><img decoding=\"async\" src=\"\/wp-content\/uploads\/factory-04.webp\"\/><\/p>\n<h3>43 alumiiniumi ekstrusiooniliini (500-5500 tonni)<\/h3>\n<p><img decoding=\"async\" src=\"\/wp-content\/uploads\/factory-05.webp\"\/><\/p>\n<p><img decoding=\"async\" src=\"\/wp-content\/uploads\/factory-06.webp\"\/><\/p>\n<p><img decoding=\"async\" src=\"\/wp-content\/uploads\/factory-07.webp\"\/><\/p>\n<h3>Pulberv\u00e4rvimise t\u00f6\u00f6koda<\/h3>\n<p><img decoding=\"async\" src=\"\/wp-content\/uploads\/factory-09.webp\"\/><\/p>\n<h3>Anodiseerimise t\u00f6\u00f6koda<\/h3>\n<p><img decoding=\"async\" src=\"\/wp-content\/uploads\/factory-10.webp\"\/><\/p>\n<h3>S\u00fcgavt\u00f6\u00f6tlemise t\u00f6\u00f6tuba<\/h3>\n<p><img decoding=\"async\" src=\"\/wp-content\/uploads\/factory-11.webp\"\/><\/p>\n<h3>CNC-t\u00e4ppist\u00f6\u00f6tlemise t\u00f6\u00f6koda<\/h3>\n<p><img decoding=\"async\" src=\"\/wp-content\/uploads\/factory-11.5.webp\"\/><\/p>\n<h3>Valmistoodete ja ekspordi ladu<\/h3>\n<p><img decoding=\"async\" src=\"\/wp-content\/uploads\/factory-12.webp\"\/><\/p>\n<p><img decoding=\"async\" src=\"\/wp-content\/uploads\/factory-13.webp\"\/><\/p>\n<p><img decoding=\"async\" src=\"\/wp-content\/uploads\/factory-14.webp\"\/><\/p>\n<h2>KKK<\/h2>\n<p><p><b>1.Mis on spetsiaalsed alumiiniumprofiilid soojuskaevu alumiiniumist, mida kasutatakse?<\/b><\/p>\n<p>Spetsiaalsed alumiiniumprofiilid Soojuskaev Alumiinium kasutatakse soojusjuhtimiseks elektroonikaseadmetes, t\u00f6\u00f6stuslikes masinates ja muudes rakendustes, mis n\u00f5uavad t\u00f5husat soojuse hajutamist.<br \/>\n<\/p><br \/>\n<br \/>\n<p><b>2.Kuidas parandab alumiiniumprofiil soojuse hajutamist?<\/b><\/p>\n<p>Spetsiaalsete alumiiniumprofiilide t\u00e4iustatud disainiga soojussalvesti alumiinium maksimeerib pindala, v\u00f5imaldades paremat \u00f5huvoolu ja t\u00f5husamat soojus\u00fclekannet elektroonilistelt komponentidelt.<br \/>\n<\/p><br \/>\n<br \/>\n<p><b>3.Kas spetsiaalsed alumiiniumprofiilid soojuskaevu alumiiniumist saab kohandada?<\/b><\/p>\n<p>Jah, need profiilid on v\u00e4ga h\u00e4sti kohandatavad, et vastata konkreetsetele soojusjuhtimise vajadustele, tagades optimaalse j\u00f5udluse erinevate rakenduste jaoks.<br \/>\n<\/p><br \/>\n<br \/>\n<p><b>4.Miks kasutatakse alumiiniumist jahutusradiaatorit?<\/b><\/p>\n<p>Alumiinium on suurep\u00e4rane soojusjuht ning kerge, vastupidav ja korrosioonikindel, mist\u00f5ttu on see ideaalne materjal erinevate rakenduste jahutusprofiilide jaoks.<br \/>\n<\/p><br \/>\n<br \/>\n<p><b>5.Kuidas on korrosioonikindlusest kasu soojusalvestuse rakendustele?<\/b><\/p>\n<p>Alumiiniumi korrosioonikindlad omadused tagavad, et jahutusradiaator s\u00e4ilitab oma t\u00f5hususe ja v\u00e4limuse aja jooksul isegi karmides tingimustes.<br \/>\n<\/p><br \/>\n<br \/>\n<p><b>6.Kas spetsiaalseid alumiiniumprofiile on lihtne integreerida olemasolevatesse s\u00fcsteemidesse?<\/b><\/p>\n<p>Jah, need alumiiniumprofiilid on m\u00f5eldud lihtsaks integreerimiseks, v\u00f5imaldades kasutajatel parandada oma soojusjuhtimiss\u00fcsteemide t\u00f5husust minimaalsete kohandustega.<br \/>\n<\/p><br \/>\n<br \/>\n<p><b>7.Millised t\u00f6\u00f6stusharud saavad kasu spetsiaalsetest alumiiniumprofiilidest Heat Sink Aluminum?<\/b><\/p>\n<p>Sellised t\u00f6\u00f6stusharud nagu elektroonika, autot\u00f6\u00f6stus, taastuvenergia ja t\u00f6\u00f6stusmasinad saavad kasu nende alumiiniumprofiilide suurep\u00e4rasest soojusjuhtimisest ja tulemuslikkusest soojuse juhtimisel.<br \/>\n<\/p><br \/><\/p>","protected":false},"featured_media":8386,"template":"","categories":[54],"class_list":["post-8387","product","type-product","status-publish","has-post-thumbnail","hentry","category-industrial-aluminum-profiles"],"meta_box":{"hilight_text_group":{"product_hilight_text":"<li>Highly efficient heat dissipation with advanced aluminum profiles design.<\/li>\r\r\n<li>Durable and lightweight material ideal for various electronic and industrial applications.<\/li>\r\r\n<li>Customizable profiles to meet specific thermal management requirements.<\/li>\r\r\n<li>Corrosion-resistant aluminum ensures long-lasting performance in various environments.<\/li>\r\r\n<li>Easy integration into existing systems, enhancing the overall efficiency of cooling systems.<\/li>","product_chanpin_blog":"<ul>\r\r\n<li><a href=\"https:\/\/sinoextrud.com\/t-slot-v-slot-differences\/\" target=\"_blank\">t slot vs v slot<\/a><\/li>\r\r\n<li><a href=\"https:\/\/sinoextrud.com\/what-is-4040-aluminium-extrud\/\" target=\"_blank\">4040 aluminium extrusion<\/a><\/li>\r\r\n<li><a href=\"https:\/\/sinoextrud.com\/what-is-4040-aluminium-extrud\/\" target=\"_blank\">aluminum extrusions for industrial racks<\/a><\/li>\r\r\n<li><a href=\"https:\/\/sinoextrud.com\/powder-coating-aluminium-process\/\" target=\"_blank\">powder coating aluminium<\/a><\/li>\r\r\n<li><a href=\"https:\/\/sinoextrud.com\/what-is-an-aluminium-strip-ceiling\/\" target=\"_blank\">aluminium strip ceiling<\/a><\/li>\r\r\n<li><a href=\"https:\/\/sinoextrud.com\/what-is-a-heat-sink\/\" target=\"_blank\">what is a heat sink<\/a><\/li>\r\r\n<\/ul>","product_chanpin_chanpin":"<li><a href=\"https:\/\/sinoextrud.com\/product\/extruded-aluminum-triangle-electrical-instrument-shell-housing\/\" target=\"_blank\">Extruded Aluminum Triangle Electrical Instrument Shell Housing<\/a><\/li>\r\n<li><a href=\"https:\/\/sinoextrud.com\/product\/l-shape-aluminum-angle-profile\/\" target=\"_blank\">L Shape Aluminum Angle Profile<\/a><\/li>\r\n<li><a href=\"https:\/\/sinoextrud.com\/product\/stock-aluminum-extrusion-profiles\/\" target=\"_blank\">Stock Aluminum Extrusion Profiles<\/a><\/li>\r\n<li><a href=\"https:\/\/sinoextrud.com\/product\/the-hinges-of-aluminium-clean-room\/\" target=\"_blank\">The Hinges Of Aluminium Clean Room<\/a><\/li>\r\n<li><a href=\"https:\/\/sinoextrud.com\/product\/special-aluminium-profiles-heat-sink-aluminum\/\" target=\"_blank\">Special Aluminium Profiles Heat Sink Aluminum<\/a><\/li>\r\n<li><a href=\"https:\/\/sinoextrud.com\/product\/t-slot-aluminium-profile\/\" target=\"_blank\">T Slot Aluminium Profile<\/a><\/li>\r\n<li><a href=\"https:\/\/sinoextrud.com\/product\/aluminum-boat-extrusions-6082\/\" target=\"_blank\">Aluminum Boat Extrusions 6082<\/a><\/li>\r\n<li><a href=\"https:\/\/sinoextrud.com\/product\/aluminum-car-pedal-anodized-silver\/\" target=\"_blank\">Aluminum Car Pedal Anodized Silver<\/a><\/li>\r\n<li><a href=\"https:\/\/sinoextrud.com\/product\/aluminum-frame-extrusion-profiles\/\" target=\"_blank\">Aluminum Frame Extrusion Profiles<\/a><\/li>\r\n<li><a href=\"https:\/\/sinoextrud.com\/product\/aluminum-profile-connector\/\" target=\"_blank\">Aluminum Profile Connector<\/a><\/li>\r\n<li><a href=\"https:\/\/sinoextrud.com\/product\/aluminum-tube-framing\/\" target=\"_blank\">Aluminum Tube Framing<\/a><\/li>"},"feature_list":[]},"_links":{"self":[{"href":"https:\/\/sinoextrud.com\/et\/wp-json\/wp\/v2\/product\/8387","targetHints":{"allow":["GET"]}}],"collection":[{"href":"https:\/\/sinoextrud.com\/et\/wp-json\/wp\/v2\/product"}],"about":[{"href":"https:\/\/sinoextrud.com\/et\/wp-json\/wp\/v2\/types\/product"}],"wp:featuredmedia":[{"embeddable":true,"href":"https:\/\/sinoextrud.com\/et\/wp-json\/wp\/v2\/media\/8386"}],"wp:attachment":[{"href":"https:\/\/sinoextrud.com\/et\/wp-json\/wp\/v2\/media?parent=8387"}],"wp:term":[{"taxonomy":"category","embeddable":true,"href":"https:\/\/sinoextrud.com\/et\/wp-json\/wp\/v2\/categories?post=8387"}],"curies":[{"name":"wp","href":"https:\/\/api.w.org\/{rel}","templated":true}]}}