{"id":8383,"date":"2025-06-16T01:40:07","date_gmt":"2025-06-16T01:40:07","guid":{"rendered":"https:\/\/sinoextrud.com\/product\/the-hinges-of-aluminium-clean-room\/"},"modified":"2025-06-24T06:23:40","modified_gmt":"2025-06-24T06:23:40","slug":"alumiiniumist-puhta-ruumi-hingedega","status":"publish","type":"product","link":"https:\/\/sinoextrud.com\/et\/product\/the-hinges-of-aluminium-clean-room\/","title":{"rendered":"Alumiiniumist puhta ruumi hinged"},"content":{"rendered":"<h2>Toodete \u00fcksikasjad<\/h2>\n<table class=\"custom-table\">\n<tr>\n<td class=\"label\">Alumiiniumprofiilid<\/td>\n<td>Materjal: alumiiniumsulam6063-T5<br \/>\nPinnat\u00f6\u00f6tlus: pulberv\u00e4rvitud, anodeeritud jne.<br \/>\nV\u00e4rv: kohandatud<br \/>\nPaksus: 1.0mm\/1.2mm\/1.4mm\/2.0mm<\/td>\n<\/tr>\n<tr>\n<td class=\"label\">Klaas<\/td>\n<td>Materjal: Alumiiniumprofiil puhasruumi jaoks, alumiiniumist puhta ruumi hinged.<br \/>\nV\u00e4rv: l\u00e4bipaistev\/halli\/roheline\/j\u00e4\u00e4tunud<br \/>\nThickness:insulatingglass5+9A+56+12A+6<br \/>\n\u00dcksik: 3mm kuni 12mm<br \/>\nKolmik: 5+6A+5+6A+5<\/td>\n<\/tr>\n<tr>\n<td class=\"label\">Tihendamine<\/td>\n<td>Kaut\u0161uk<\/td>\n<\/tr>\n<tr>\n<td class=\"label\">Riistvara<\/td>\n<td>kohandatud<\/td>\n<\/tr>\n<tr>\n<td class=\"label\">Pakett<\/td>\n<td>1) kile, j\u00f5upaber<br \/>\n2) puukoorik<br \/>\n3) kohandatud<\/td>\n<\/tr>\n<\/table>\n<h2>Meie tootmisbaas<\/h2>\n<h3>Tehase panoraam<\/h3>\n<p><img decoding=\"async\" src=\"\/wp-content\/uploads\/factory-01.webp\"\/><\/p>\n<h3>Alumiiniumvarraste tootmise t\u00f6\u00f6koda<\/h3>\n<p><img decoding=\"async\" src=\"\/wp-content\/uploads\/factory-02.webp\"\/><\/p>\n<\/p>\n<p><img decoding=\"async\" src=\"\/wp-content\/uploads\/factory-03.webp\"\/><\/p>\n<h3>hallituse ladustamise ladu<\/h3>\n<p><img decoding=\"async\" src=\"\/wp-content\/uploads\/factory-04.webp\"\/><\/p>\n<h3>43 alumiiniumi ekstrusiooniliini (500-5500 tonni)<\/h3>\n<p><img decoding=\"async\" src=\"\/wp-content\/uploads\/factory-05.webp\"\/><\/p>\n<p><img decoding=\"async\" src=\"\/wp-content\/uploads\/factory-06.webp\"\/><\/p>\n<p><img decoding=\"async\" src=\"\/wp-content\/uploads\/factory-07.webp\"\/><\/p>\n<h3>Pulberv\u00e4rvimise t\u00f6\u00f6koda<\/h3>\n<p><img decoding=\"async\" src=\"\/wp-content\/uploads\/factory-09.webp\"\/><\/p>\n<h3>Anodiseerimise t\u00f6\u00f6koda<\/h3>\n<p><img decoding=\"async\" src=\"\/wp-content\/uploads\/factory-10.webp\"\/><\/p>\n<h3>S\u00fcgavt\u00f6\u00f6tlemise t\u00f6\u00f6tuba<\/h3>\n<p><img decoding=\"async\" src=\"\/wp-content\/uploads\/factory-11.webp\"\/><\/p>\n<h3>CNC-t\u00e4ppist\u00f6\u00f6tlemise t\u00f6\u00f6koda<\/h3>\n<p><img decoding=\"async\" src=\"\/wp-content\/uploads\/factory-11.5.webp\"\/><\/p>\n<h3>Valmistoodete ja ekspordi ladu<\/h3>\n<p><img decoding=\"async\" src=\"\/wp-content\/uploads\/factory-12.webp\"\/><\/p>\n<p><img decoding=\"async\" src=\"\/wp-content\/uploads\/factory-13.webp\"\/><\/p>\n<p><img decoding=\"async\" src=\"\/wp-content\/uploads\/factory-14.webp\"\/><\/p>\n<h2>KKK<\/h2>\n<p><b>1.Millised on alumiiniumist hingede eelised puhaste ruumide jaoks?<\/b><\/p>\n<p>Alumiiniumist hinged tagavad tugevuse, korrosioonikindluse ja vastupidavuse, mist\u00f5ttu on need ideaalsed h\u00fcgieeni ja t\u00f6\u00f6kindluse s\u00e4ilitamiseks puhasruumides.\n<\/p>\n<p><\/p>\n<p><b>2.Miks on korrosioonikindlus puhasruumi hingede puhul oluline?<\/b><\/p>\n<p>Korrosioonikindlus tagab, et hinged j\u00e4\u00e4vad funktsionaalseks ja puhtaks, ilma et need aja jooksul laguneksid, aidates s\u00e4ilitada puhtates ruumides n\u00f5utavaid rangeid standardeid.\n<\/p>\n<p><\/p>\n<p><b>3.Kuidas alumiiniumist hinged parandavad puhaste ruumide uste toimivust?<\/b><\/p>\n<p>Alumiiniumist hinged pakuvad sujuvat t\u00f6\u00f6d, v\u00e4hendades kulumist ja v\u00e4hendades hooldusvajadust, tagades ukse p\u00fcsiva toimimise puhtates ruumides.\n<\/p>\n<p><\/p>\n<p><b>4.Kas alumiiniumist puhta ruumi hinged on lihtne paigaldada?<\/b><\/p>\n<p>Jah, puhta ruumi alumiiniumist hinged on m\u00f5eldud lihtsaks paigaldamiseks, mis v\u00e4hendab seadistusaega ja tagab, et puhta ruumi uks t\u00f6\u00f6tab t\u00f5husalt.\n<\/p>\n<p><\/p>\n<p><b>5.Kas alumiiniumist hinged saab kohandada erinevate uksem\u00f5\u00f5tude jaoks?<\/b><\/p>\n<p>Jah, alumiiniumist hinged saab kohandada erinevate uksesuuruste ja -kaalude j\u00e4rgi, mis tagab paindlikkuse erinevate puhtaruumiliste rakenduste jaoks.\n<\/p>\n<p><\/p>\n<p><b>6.Kuidas aitavad alumiiniumist puhta ruumi hinged kaasa h\u00fcgieenistandarditele?<\/b><\/p>\n<p>Alumiiniumist hingede korrosioonikindel ja kergesti puhastatav pind aitab puhtates ruumides s\u00e4ilitada k\u00f5rgeid h\u00fcgieenistandardeid, v\u00e4ltides saastumist.\n<\/p>\n<p><\/p>\n<p><b>7.Kui kaua kestavad alumiiniumist puhta ruumi hinged?<\/b><\/p>\n<p>Alumiiniumist puhta ruumi hinged on kavandatud pikaajaliseks kasutamiseks, pakkudes vastupidavust ja vastupidavust kulumisele, korrosioonile ja kahjustustele n\u00f5udlikes keskkondades.\n<\/p>\n<p><\/p>","protected":false},"featured_media":8382,"template":"","categories":[54],"class_list":["post-8383","product","type-product","status-publish","has-post-thumbnail","hentry","category-industrial-aluminum-profiles"],"meta_box":{"hilight_text_group":{"product_hilight_text":"<li>Durable aluminum hinges ensure long-lasting performance in clean room environments.<\/li>\r\r\n<li>Corrosion-resistant material provides reliability and maintains hygiene standards in clean rooms.<\/li>\r\r\n<li>Precision engineering for smooth door operation and minimal maintenance requirements.<\/li>\r\r\n<li>Easy to install and maintain, reducing downtime in clean room operations.<\/li>\r\r\n<li>Customizable designs to meet specific size and weight requirements for clean room doors.<\/li>","product_chanpin_blog":"<ul>\r\r\n<li><a href=\"https:\/\/sinoextrud.com\/t-slot-v-slot-differences\/\" target=\"_blank\">t slot vs v slot<\/a><\/li>\r\r\n<li><a href=\"https:\/\/sinoextrud.com\/what-is-4040-aluminium-extrud\/\" target=\"_blank\">4040 aluminium extrusion<\/a><\/li>\r\r\n<li><a href=\"https:\/\/sinoextrud.com\/what-is-4040-aluminium-extrud\/\" target=\"_blank\">aluminum extrusions for industrial racks<\/a><\/li>\r\r\n<li><a href=\"https:\/\/sinoextrud.com\/powder-coating-aluminium-process\/\" target=\"_blank\">powder coating aluminium<\/a><\/li>\r\r\n<li><a href=\"https:\/\/sinoextrud.com\/what-is-an-aluminium-strip-ceiling\/\" target=\"_blank\">aluminium strip ceiling<\/a><\/li>\r\r\n<li><a href=\"https:\/\/sinoextrud.com\/what-is-a-heat-sink\/\" target=\"_blank\">what is a heat sink<\/a><\/li>\r\r\n<\/ul>","product_chanpin_chanpin":"<li><a href=\"https:\/\/sinoextrud.com\/product\/extrusion-aluminum-pipe-anodized-sandblasted-black\/\" target=\"_blank\">Extrusion Aluminum Pipe Anodized Sandblasted Black<\/a><\/li>\r\n<li><a href=\"https:\/\/sinoextrud.com\/product\/extruded-aluminum-triangle-electrical-instrument-shell-housing\/\" target=\"_blank\">Extruded Aluminum Triangle Electrical Instrument Shell Housing<\/a><\/li>\r\n<li><a href=\"https:\/\/sinoextrud.com\/product\/l-shape-aluminum-angle-profile\/\" target=\"_blank\">L Shape Aluminum Angle Profile<\/a><\/li>\r\n<li><a href=\"https:\/\/sinoextrud.com\/product\/stock-aluminum-extrusion-profiles\/\" target=\"_blank\">Stock Aluminum Extrusion Profiles<\/a><\/li>\r\n<li><a href=\"https:\/\/sinoextrud.com\/product\/the-hinges-of-aluminium-clean-room\/\" target=\"_blank\">The Hinges Of Aluminium Clean Room<\/a><\/li>\r\n<li><a href=\"https:\/\/sinoextrud.com\/product\/special-aluminium-profiles-heat-sink-aluminum\/\" target=\"_blank\">Special Aluminium Profiles Heat Sink Aluminum<\/a><\/li>\r\n<li><a href=\"https:\/\/sinoextrud.com\/product\/t-slot-aluminium-profile\/\" target=\"_blank\">T Slot Aluminium Profile<\/a><\/li>\r\n<li><a href=\"https:\/\/sinoextrud.com\/product\/aluminum-boat-extrusions-6082\/\" target=\"_blank\">Aluminum Boat Extrusions 6082<\/a><\/li>\r\n<li><a href=\"https:\/\/sinoextrud.com\/product\/aluminum-car-pedal-anodized-silver\/\" target=\"_blank\">Aluminum Car Pedal Anodized Silver<\/a><\/li>\r\n<li><a href=\"https:\/\/sinoextrud.com\/product\/aluminum-extruded-enclosure-for-power-supply\/\" target=\"_blank\">Aluminum Extruded Enclosure For Power Supply<\/a><\/li>\r\n<li><a href=\"https:\/\/sinoextrud.com\/product\/extruded-aluminum-stock\/\" target=\"_blank\">Extruded Aluminum Stock<\/a><\/li>"},"feature_list":[]},"_links":{"self":[{"href":"https:\/\/sinoextrud.com\/et\/wp-json\/wp\/v2\/product\/8383","targetHints":{"allow":["GET"]}}],"collection":[{"href":"https:\/\/sinoextrud.com\/et\/wp-json\/wp\/v2\/product"}],"about":[{"href":"https:\/\/sinoextrud.com\/et\/wp-json\/wp\/v2\/types\/product"}],"wp:featuredmedia":[{"embeddable":true,"href":"https:\/\/sinoextrud.com\/et\/wp-json\/wp\/v2\/media\/8382"}],"wp:attachment":[{"href":"https:\/\/sinoextrud.com\/et\/wp-json\/wp\/v2\/media?parent=8383"}],"wp:term":[{"taxonomy":"category","embeddable":true,"href":"https:\/\/sinoextrud.com\/et\/wp-json\/wp\/v2\/categories?post=8383"}],"curies":[{"name":"wp","href":"https:\/\/api.w.org\/{rel}","templated":true}]}}