{"id":8375,"date":"2025-06-16T01:33:01","date_gmt":"2025-06-16T01:33:01","guid":{"rendered":"https:\/\/sinoextrud.com\/product\/extruded-aluminum-triangle-electrical-instrument-shell-housing\/"},"modified":"2025-06-24T06:23:39","modified_gmt":"2025-06-24T06:23:39","slug":"pressitud-alumiiniumist-kolmnurkne-elektriline-instrumentide-korpus","status":"publish","type":"product","link":"https:\/\/sinoextrud.com\/et\/product\/extruded-aluminum-triangle-electrical-instrument-shell-housing\/","title":{"rendered":"V\u00e4ljapressitud alumiiniumist kolmnurkne elektriline instrumentide korpus"},"content":{"rendered":"<h2>Toodete \u00fcksikasjad<\/h2>\n<table class=\"custom-table\">\n<tbody>\n<tr>\n<td> Toote nimi<\/td>\n<td> Pressitud alumiiniumist kolmnurkse elektrilise m\u00f5\u00f5teriista korpuse korpus<\/td>\n<\/tr>\n<tr>\n<td> Alumiiniumsulam<\/td>\n<td> 6063-T5 v\u00f5i kohandamine<\/td>\n<\/tr>\n<tr>\n<td> Pinnak\u00e4sitlus<\/td>\n<td> veski valmis, harjatud v\u00f5i kohandamine<\/td>\n<\/tr>\n<tr>\n<td> V\u00e4rv<\/td>\n<td> valmis veski v\u00f5i kohandamine<\/td>\n<\/tr>\n<tr>\n<td> Suurus<\/td>\n<td> 1-9m v\u00f5i kohandamine<\/td>\n<\/tr>\n<tr>\n<td> Taotlus<\/td>\n<td> Pressitud alumiiniumist kolmnurkne kest, korpus elektriseadme jaoks, pulberpank, laadimishunnik<\/td>\n<\/tr>\n<tr>\n<td> Br\u00e4nd<\/td>\n<td> Sinoextrud \/ Sinoextrud \/ Sinoextrud Aluminium<\/td>\n<\/tr>\n<tr>\n<td> P\u00e4ritolu<\/td>\n<td> Foshan, Hiina<\/td>\n<\/tr>\n<\/tbody>\n<\/table>\n<h2>Meie tootmisbaas<\/h2>\n<h3>Tehase panoraam<\/h3>\n<p><img decoding=\"async\" src=\"\/wp-content\/uploads\/factory-01.webp\"\/><\/p>\n<h3>Alumiiniumvarraste tootmise t\u00f6\u00f6koda<\/h3>\n<p><img decoding=\"async\" src=\"\/wp-content\/uploads\/factory-02.webp\"\/><\/p>\n<p><img decoding=\"async\" src=\"\/wp-content\/uploads\/factory-03.webp\"\/><\/p>\n<h3>hallituse ladustamise ladu<\/h3>\n<p><img decoding=\"async\" src=\"\/wp-content\/uploads\/factory-04.webp\"\/><\/p>\n<h3>43 alumiiniumi ekstrusiooniliini (500-5500 tonni)<\/h3>\n<p><img decoding=\"async\" src=\"\/wp-content\/uploads\/factory-05.webp\"\/><\/p>\n<p><img decoding=\"async\" src=\"\/wp-content\/uploads\/factory-06.webp\"\/><\/p>\n<p><img decoding=\"async\" src=\"\/wp-content\/uploads\/factory-07.webp\"\/><\/p>\n<h3>Pulberv\u00e4rvimise t\u00f6\u00f6koda<\/h3>\n<p><img decoding=\"async\" src=\"\/wp-content\/uploads\/factory-09.webp\"\/><\/p>\n<h3>Anodiseerimise t\u00f6\u00f6koda<\/h3>\n<p><img decoding=\"async\" src=\"\/wp-content\/uploads\/factory-10.webp\"\/><\/p>\n<h3>S\u00fcgavt\u00f6\u00f6tlemise t\u00f6\u00f6tuba<\/h3>\n<p><img decoding=\"async\" src=\"\/wp-content\/uploads\/factory-11.webp\"\/><\/p>\n<h3>CNC-t\u00e4ppist\u00f6\u00f6tlemise t\u00f6\u00f6koda<\/h3>\n<p><img decoding=\"async\" src=\"\/wp-content\/uploads\/factory-11.5.webp\"\/><\/p>\n<h3>Valmistoodete ja ekspordi ladu<\/h3>\n<p><img decoding=\"async\" src=\"\/wp-content\/uploads\/factory-12.webp\"\/><\/p>\n<p><img decoding=\"async\" src=\"\/wp-content\/uploads\/factory-13.webp\"\/><\/p>\n<p><img decoding=\"async\" src=\"\/wp-content\/uploads\/factory-14.webp\"\/><\/p>\n<h2>KKK<\/h2>\n<p><p><b>1.Mis teeb ekstrudeeritud alumiiniumist kolmnurkse elektriliste instrumentide korpuse ideaalseks elektriliste instrumentide jaoks? <\/b><\/p>\n<p> See pakub suurep\u00e4rast kaitset, korrosioonikindlust ja t\u00f5husat soojuse hajutamist, tagades elektriliste komponentide ohutuse ja pikaealisuse.<br \/>\n<\/p><br \/>\n<br \/>\n<p><b>2.Can ekstrudeeritud alumiiniumist kolmnurk elektriline instrument Shell korpus on kohandatud? <\/b><\/p>\n<p> Jah, neid korpuseid saab kohandada suuruse, kuju ja disaini poolest, et need sobiksid konkreetsete elektriseadmete vajadustega.<br \/>\n<\/p><br \/>\n<br \/>\n<p><b>3.How vastupidav on ekstrudeeritud alumiiniumist kolmnurkse elektriseadme korpus? <\/b><\/p>\n<p> Korrosioonikindel alumiinium tagab korpuse vastupidavuse ja vastupidavuse karmidele keskkonnatingimustele.<br \/>\n<\/p><br \/>\n<br \/>\n<p><b>4.Mis t\u00f6\u00f6stusharud saavad ekstrudeeritud alumiiniumist kolmnurkse elektriseadme korpusest kasu? <\/b><\/p>\n<p> Seda kasutatakse laialdaselt sellistes t\u00f6\u00f6stusharudes nagu elektroonika, telekommunikatsioon ja m\u00f5\u00f5teriistad tundlike elektriliste komponentide paigutamiseks.<br \/>\n<\/p><br \/>\n<br \/>\n<p><b>5.Kas pressitud alumiiniumist kolmnurkse elektrilise instrumendi korpus on lihtne paigaldada? <\/b><\/p>\n<p> Jah, see on m\u00f5eldud lihtsaks kokkupanekuks ja muutmiseks, mist\u00f5ttu on seda kuluefektiivne ja kiire rakendada erinevates projektides.<br \/>\n<\/p><br \/>\n<br \/>\n<p><b>6.Kuidas parandab ekstrudeeritud alumiiniumist kolmnurkne elektriliste instrumentide korpus elektriliste instrumentide j\u00f5udlust? <\/b><\/p>\n<p> Korpus aitab t\u00f5husalt juhtida soojust, s\u00e4ilitada komponentide terviklikkust ja kaitsta tundlikke osi keskkonnakahjustuste eest.<br \/>\n<\/p><br \/>\n<br \/>\n<p><b>7.Kas pressitud alumiiniumist kolmnurkne elektriline instrumentide korpus on keskkonnas\u00f5bralik? <\/b><\/p>\n<p> Jah, alumiinium on t\u00e4ielikult taaskasutatav, mis muudab korpuse keskkonnas\u00f5bralikuks valikuks erinevate rakenduste jaoks.<br \/>\n<\/p><br \/><\/p>","protected":false},"featured_media":8374,"template":"","categories":[54],"class_list":["post-8375","product","type-product","status-publish","has-post-thumbnail","hentry","category-industrial-aluminum-profiles"],"meta_box":{"hilight_text_group":{"product_hilight_text":"<li>Durable extruded aluminum triangle electrical instrument shell housing for enhanced protection<\/li>\r\r\n<li>Corrosion-resistant, ensuring long-lasting reliability in various environments<\/li>\r\r\n<li>Lightweight yet sturdy, offering strong protection without adding excess weight<\/li>\r\r\n<li>Customizable sizes and designs to meet specific requirements for electrical instruments<\/li>\r\r\n<li>Efficient heat dissipation, helping to maintain optimal operating temperatures<\/li>\r\r\n<li>Easy to assemble and modify, reducing production and setup time<\/li>\r\r\n<li>Eco-friendly, as aluminum is a fully recyclable material<\/li>","product_chanpin_blog":"<ul>\r\r\n<li><a href=\"https:\/\/sinoextrud.com\/t-slot-v-slot-differences\/\" target=\"_blank\">t slot vs v slot<\/a><\/li>\r\r\n<li><a href=\"https:\/\/sinoextrud.com\/what-is-4040-aluminium-extrud\/\" target=\"_blank\">4040 aluminium extrusion<\/a><\/li>\r\r\n<li><a href=\"https:\/\/sinoextrud.com\/what-is-4040-aluminium-extrud\/\" target=\"_blank\">aluminum extrusions for industrial racks<\/a><\/li>\r\r\n<li><a href=\"https:\/\/sinoextrud.com\/powder-coating-aluminium-process\/\" target=\"_blank\">powder coating aluminium<\/a><\/li>\r\r\n<li><a href=\"https:\/\/sinoextrud.com\/what-is-an-aluminium-strip-ceiling\/\" target=\"_blank\">aluminium strip ceiling<\/a><\/li>\r\r\n<li><a href=\"https:\/\/sinoextrud.com\/what-is-a-heat-sink\/\" target=\"_blank\">what is a heat sink<\/a><\/li>\r\r\n<\/ul>","product_chanpin_chanpin":"<li><a href=\"https:\/\/sinoextrud.com\/product\/aluminum-t-track-extrusion\/\" target=\"_blank\">Aluminum T Track Extrusion<\/a><\/li>\r\n<li><a href=\"https:\/\/sinoextrud.com\/product\/cutting-aluminum-extrusion\/\" target=\"_blank\">Cutting Aluminum Extrusion<\/a><\/li>\r\n<li><a href=\"https:\/\/sinoextrud.com\/product\/extruded-aluminum-rail-system\/\" target=\"_blank\">Extruded Aluminum Rail System<\/a><\/li>\r\n<li><a href=\"https:\/\/sinoextrud.com\/product\/extrusion-aluminum-pipe-anodized-sandblasted-black\/\" target=\"_blank\">Extrusion Aluminum Pipe Anodized Sandblasted Black<\/a><\/li>\r\n<li><a href=\"https:\/\/sinoextrud.com\/product\/extruded-aluminum-triangle-electrical-instrument-shell-housing\/\" target=\"_blank\">Extruded Aluminum Triangle Electrical Instrument Shell Housing<\/a><\/li>\r\n<li><a href=\"https:\/\/sinoextrud.com\/product\/l-shape-aluminum-angle-profile\/\" target=\"_blank\">L Shape Aluminum Angle Profile<\/a><\/li>\r\n<li><a href=\"https:\/\/sinoextrud.com\/product\/stock-aluminum-extrusion-profiles\/\" target=\"_blank\">Stock Aluminum Extrusion Profiles<\/a><\/li>\r\n<li><a href=\"https:\/\/sinoextrud.com\/product\/the-hinges-of-aluminium-clean-room\/\" target=\"_blank\">The Hinges Of Aluminium Clean Room<\/a><\/li>\r\n<li><a href=\"https:\/\/sinoextrud.com\/product\/special-aluminium-profiles-heat-sink-aluminum\/\" target=\"_blank\">Special Aluminium Profiles Heat Sink Aluminum<\/a><\/li>\r\n<li><a href=\"https:\/\/sinoextrud.com\/product\/6061-6063-6082-street-lamp-column-aluminum-profile\/\" target=\"_blank\">6061 6063 6082 Street Lamp Column Aluminum Profile<\/a><\/li>\r\n<li><a href=\"https:\/\/sinoextrud.com\/product\/t-section-aluminium-extrusion\/\" target=\"_blank\">T Section Aluminium Extrusion<\/a><\/li>"},"feature_list":[]},"_links":{"self":[{"href":"https:\/\/sinoextrud.com\/et\/wp-json\/wp\/v2\/product\/8375","targetHints":{"allow":["GET"]}}],"collection":[{"href":"https:\/\/sinoextrud.com\/et\/wp-json\/wp\/v2\/product"}],"about":[{"href":"https:\/\/sinoextrud.com\/et\/wp-json\/wp\/v2\/types\/product"}],"wp:featuredmedia":[{"embeddable":true,"href":"https:\/\/sinoextrud.com\/et\/wp-json\/wp\/v2\/media\/8374"}],"wp:attachment":[{"href":"https:\/\/sinoextrud.com\/et\/wp-json\/wp\/v2\/media?parent=8375"}],"wp:term":[{"taxonomy":"category","embeddable":true,"href":"https:\/\/sinoextrud.com\/et\/wp-json\/wp\/v2\/categories?post=8375"}],"curies":[{"name":"wp","href":"https:\/\/api.w.org\/{rel}","templated":true}]}}