{"id":8336,"date":"2025-06-15T06:38:01","date_gmt":"2025-06-15T06:38:01","guid":{"rendered":"https:\/\/sinoextrud.com\/product\/aluminum-t-track-extrusion\/"},"modified":"2025-06-24T06:23:38","modified_gmt":"2025-06-24T06:23:38","slug":"alumiinium-t-raja-ekstrusioon","status":"publish","type":"product","link":"https:\/\/sinoextrud.com\/et\/product\/aluminum-t-track-extrusion\/","title":{"rendered":"Alumiinium T-raja ekstrusioon"},"content":{"rendered":"<h2>Toodete \u00fcksikasjad<\/h2>\n<table class=\"custom-table\">\n<tr>\n<td class=\"label\">Punkti<\/td>\n<td>Alumiinium T-raja ekstrusioon<\/td>\n<\/tr>\n<tr>\n<td class=\"label\">Alumiiniumsulam<\/td>\n<td>\u00dcldine sulam: 6063,6063A,6061,6005,6005A,6060,6082,6463 jne.<br \/>\nErisulam: 5052, 5050 jne.<\/td>\n<\/tr>\n<tr>\n<td class=\"label\">Temper<\/td>\n<td>T0,T3,T4,T5,T6,T66 jne.<\/td>\n<\/tr>\n<tr>\n<td class=\"label\">Standard<\/td>\n<td>Toote taotluse alusel. V\u00f5i kasutage Hiina standardi GB5237-2008 \u00fclik\u00f5rget kvaliteeditaset.<\/td>\n<\/tr>\n<tr>\n<td class=\"label\">Pinna viimistlus<\/td>\n<td>V\u00e4rvitud viimistlus<br \/>\nLiivapritsimine<br \/>\nPoleerimine<br \/>\nHarjamine<br \/>\nAnodeerimine: Kuld, K-kuld, BMW-kuld,<br \/>\nImiteeriv teras, titaan. Saadaval on ka k\u00f5va anodeerimine.<br \/>\nElektroforees: tavaline v\u00e4rv, kohandatud v\u00e4rvus<br \/>\nElektrikate: V\u00e4rv: Tavaline v\u00e4rv, kohandatud v\u00e4rv<br \/>\nFluors\u00fcsivesinikkate\/PVDF-kate: Tavaline v\u00e4rv, kohandatud v\u00e4rv<br \/>\nPuidu imitatsioon: 3D\/4D puidutera: Tavaline v\u00e4rv, eriv\u00e4rv, 3D\/4D puidutera.<\/td>\n<\/tr>\n<tr>\n<td class=\"label\">Valmistamise v\u00f5imed<\/td>\n<td>V\u00e4\u00e4rtuslik l\u00f5ikamine, t\u00e4psus: \u00b10.05MM<br \/>\nCNC (puurimine, freesimine, keermestamine) T\u00e4psus: \u00b1 0,05MM<br \/>\nLaserl\u00f5ikamise t\u00e4psus: \u00b10.05MM<br \/>\nKeevitamine<br \/>\nPainutamine<br \/>\nMarmorist tasane pink<\/td>\n<\/tr>\n<tr>\n<td class=\"label\">Maksetingimused<\/td>\n<td>30% tagatisraha enne tellimuse alustamist, 70% Saldo enne TT-ga saatmist.<\/td>\n<\/tr>\n<tr>\n<td class=\"label\">Pakkimine<\/td>\n<td>EPE, j\u00f5upaber, kaitsekile, kokkut\u00f5mbekile, puidust raam, raudauto,<br \/>\nKaubaalus, kartong, vahukott<\/td>\n<\/tr>\n<tr>\n<td class=\"label\">Massitootmise aeg<\/td>\n<td>15-30 p\u00e4eva p\u00e4rast proovi kinnitamist ja makse saabumist<\/td>\n<\/tr>\n<tr>\n<td class=\"label\">Vormi tootmise aeg<\/td>\n<td>3-5 p\u00e4eva normaalse profiili puhul.<\/td>\n<\/tr>\n<tr>\n<td class=\"label\">Proovide tootmise aeg<\/td>\n<td>3-5 p\u00e4eva tavalise toote puhul.<\/td>\n<\/tr>\n<\/table>\n<h2>Meie tootmisbaas<\/h2>\n<h3>Tehase panoraam<\/h3>\n<p><img decoding=\"async\" src=\"\/wp-content\/uploads\/factory-01.webp\"\/><\/p>\n<h3>Alumiiniumvarraste tootmise t\u00f6\u00f6koda<\/h3>\n<p><img decoding=\"async\" src=\"\/wp-content\/uploads\/factory-02.webp\"\/><\/p>\n<\/p>\n<p><img decoding=\"async\" src=\"\/wp-content\/uploads\/factory-03.webp\"\/><\/p>\n<h3>hallituse ladustamise ladu<\/h3>\n<p><img decoding=\"async\" src=\"\/wp-content\/uploads\/factory-04.webp\"\/><\/p>\n<h3>43 alumiiniumi ekstrusiooniliini (500-5500 tonni)<\/h3>\n<p><img decoding=\"async\" src=\"\/wp-content\/uploads\/factory-05.webp\"\/><\/p>\n<p><img decoding=\"async\" src=\"\/wp-content\/uploads\/factory-06.webp\"\/><\/p>\n<p><img decoding=\"async\" src=\"\/wp-content\/uploads\/factory-07.webp\"\/><\/p>\n<h3>Pulberv\u00e4rvimise t\u00f6\u00f6koda<\/h3>\n<p><img decoding=\"async\" src=\"\/wp-content\/uploads\/factory-09.webp\"\/><\/p>\n<h3>Anodiseerimise t\u00f6\u00f6koda<\/h3>\n<p><img decoding=\"async\" src=\"\/wp-content\/uploads\/factory-10.webp\"\/><\/p>\n<h3>S\u00fcgavt\u00f6\u00f6tlemise t\u00f6\u00f6tuba<\/h3>\n<p><img decoding=\"async\" src=\"\/wp-content\/uploads\/factory-11.webp\"\/><\/p>\n<h3>CNC-t\u00e4ppist\u00f6\u00f6tlemise t\u00f6\u00f6koda<\/h3>\n<p><img decoding=\"async\" src=\"\/wp-content\/uploads\/factory-11.5.webp\"\/><\/p>\n<h3>Valmistoodete ja ekspordi ladu<\/h3>\n<p><img decoding=\"async\" src=\"\/wp-content\/uploads\/factory-12.webp\"\/><\/p>\n<p><img decoding=\"async\" src=\"\/wp-content\/uploads\/factory-13.webp\"\/><\/p>\n<p><img decoding=\"async\" src=\"\/wp-content\/uploads\/factory-14.webp\"\/><\/p>\n<h2>KKK<\/h2>\n<p><b>1. milleks kasutatakse alumiiniumist T-raja ekstrusiooni?<\/b><\/p>\n<p>Alumiiniumist T-raja ekstrusiooni kasutatakse puidut\u00f6\u00f6tlemise rakiste, kinnituste ja t\u00f6\u00f6pinkide reguleeritavate r\u00f6\u00f6baste loomiseks, mis pakuvad t\u00e4psust ja mitmek\u00fclgsust.\n<\/p>\n<p><\/p>\n<p><b>2.Kas alumiiniumist T-raja ekstrusioon \u00fchildub standardse riistvaraga?<\/b><\/p>\n<p>Jah, alumiiniumist T-raja ekstrusioon on m\u00f5eldud t\u00f6\u00f6tama koos standardsete T-poltide, nuppude ja muude tavaliste kinnitusvahenditega, mis v\u00f5imaldavad lihtsat integreerimist.\n<\/p>\n<p><\/p>\n<p><b>3.Miks valida alumiinium T-raja ekstrusiooni jaoks?<\/b><\/p>\n<p>Alumiinium on kerge, korrosioonikindel ja vastupidav materjal, mis muudab selle ideaalseks k\u00f5rgtehnoloogiliste T-raja ekstrusioonirakenduste jaoks.\n<\/p>\n<p><\/p>\n<p><b>4.Kas ma saan l\u00f5igata alumiiniumist T-raja ekstrusiooni suuruse j\u00e4rgi?<\/b><\/p>\n<p>Jah, alumiiniumist T-raja ekstrusiooni saab h\u00f5lpsasti l\u00f5igata soovitud pikkusele, kasutades standardseid t\u00f6\u00f6riistu, ilma et see kahjustaks selle terviklikkust.\n<\/p>\n<p><\/p>\n<p><b>5.Kas alumiiniumist T-raja ekstrusioon toetab rasket kasutamist?<\/b><\/p>\n<p>Absoluutselt, Alumiinium T-raja ekstrusioon on konstrueeritud tugevuse ja stabiilsuse jaoks, toetades n\u00f5udlikke t\u00f6\u00f6koja- ja t\u00f6\u00f6stus\u00fclesandeid.\n<\/p>\n<p><\/p>\n<p><b>6.Kuidas paigaldada alumiiniumist T-raja ekstrusiooni?<\/b><\/p>\n<p>Enamik alumiiniumist T-raja ekstrusioone on eelnevalt puuritud, et neid saaks h\u00f5lpsasti kruvidega puidu- v\u00f5i metallpindadele paigaldada.\n<\/p>\n<p><\/p>\n<p><b>7.Kas alumiiniumi T-raja ekstrusiooni viimistlus on oluline?<\/b><\/p>\n<p>Jah, anodeeritud viimistlus suurendab korrosioonikindlust ja annab puhta, professionaalse v\u00e4limuse, parandades pikaealisust ja j\u00f5udlust.\n<\/p>\n<p><\/p>","protected":false},"featured_media":8335,"template":"","categories":[54],"class_list":["post-8336","product","type-product","status-publish","has-post-thumbnail","hentry","category-industrial-aluminum-profiles"],"meta_box":{"hilight_text_group":{"product_hilight_text":"<li>Precision-machined for secure and accurate tool positioning<\/li>\r\r\n<li>Compatible with standard T-bolts and hardware for easy installation<\/li>\r\r\n<li>Durable aluminum construction with excellent corrosion resistance<\/li>\r\r\n<li>Available in multiple lengths for flexible project requirements<\/li>\r\r\n<li>Lightweight yet strong, ideal for jigs, fixtures, and workbenches<\/li>\r\r\n<li>Pre-drilled mounting holes for quick and simple setup<\/li>\r\r\n<li>Clean anodized finish for professional appearance and longevity<\/li>","product_chanpin_blog":"<ul>\r\r\n<li><a href=\"https:\/\/sinoextrud.com\/t-slot-v-slot-differences\/\" target=\"_blank\">t slot vs v slot<\/a><\/li>\r\r\n<li><a href=\"https:\/\/sinoextrud.com\/what-is-4040-aluminium-extrud\/\" target=\"_blank\">4040 aluminium extrusion<\/a><\/li>\r\r\n<li><a href=\"https:\/\/sinoextrud.com\/what-is-4040-aluminium-extrud\/\" target=\"_blank\">aluminum extrusions for industrial racks<\/a><\/li>\r\r\n<li><a href=\"https:\/\/sinoextrud.com\/powder-coating-aluminium-process\/\" target=\"_blank\">powder coating aluminium<\/a><\/li>\r\r\n<li><a href=\"https:\/\/sinoextrud.com\/what-is-an-aluminium-strip-ceiling\/\" target=\"_blank\">aluminium strip ceiling<\/a><\/li>\r\r\n<li><a href=\"https:\/\/sinoextrud.com\/what-is-a-heat-sink\/\" target=\"_blank\">what is a heat sink<\/a><\/li>\r\r\n<\/ul>","product_chanpin_chanpin":"<li><a href=\"https:\/\/sinoextrud.com\/product\/cnc-aluminum-bar-profile-for-instrument\/\" target=\"_blank\">CNC Aluminum Bar Profile For Instrument<\/a><\/li>\r\n<li><a href=\"https:\/\/sinoextrud.com\/product\/extruded-aluminum-profile-aluminum-t-slot\/\" target=\"_blank\">Extruded Aluminum Profile Aluminum T Slot<\/a><\/li>\r\n<li><a href=\"https:\/\/sinoextrud.com\/product\/extruded-manufacturer-aluminum-profile-heatsink\/\" target=\"_blank\">Extruded Manufacturer Aluminum Profile Heatsink<\/a><\/li>\r\n<li><a href=\"https:\/\/sinoextrud.com\/product\/customized-structural-aluminum-profiles\/\" target=\"_blank\">Customized Structural Aluminum Profiles<\/a><\/li>\r\n<li><a href=\"https:\/\/sinoextrud.com\/product\/aluminum-t-track-extrusion\/\" target=\"_blank\">Aluminum T Track Extrusion<\/a><\/li>\r\n<li><a href=\"https:\/\/sinoextrud.com\/product\/cutting-aluminum-extrusion\/\" target=\"_blank\">Cutting Aluminum Extrusion<\/a><\/li>\r\n<li><a href=\"https:\/\/sinoextrud.com\/product\/extruded-aluminum-rail-system\/\" target=\"_blank\">Extruded Aluminum Rail System<\/a><\/li>\r\n<li><a href=\"https:\/\/sinoextrud.com\/product\/extrusion-aluminum-pipe-anodized-sandblasted-black\/\" target=\"_blank\">Extrusion Aluminum Pipe Anodized Sandblasted Black<\/a><\/li>\r\n<li><a href=\"https:\/\/sinoextrud.com\/product\/extruded-aluminum-triangle-electrical-instrument-shell-housing\/\" target=\"_blank\">Extruded Aluminum Triangle Electrical Instrument Shell Housing<\/a><\/li>\r\n<li><a href=\"https:\/\/sinoextrud.com\/product\/anodized-mill-finish-auminium-extrusion-angle\/\" target=\"_blank\">Anodized Mill Finish Auminium Extrusion Angle<\/a><\/li>\r\n<li><a href=\"https:\/\/sinoextrud.com\/product\/aluminum-profile-clean-room-for-workshop-and-hospital\/\" target=\"_blank\">Aluminum Profile Clean Room for Workshop and Hospital<\/a><\/li>"},"feature_list":[]},"_links":{"self":[{"href":"https:\/\/sinoextrud.com\/et\/wp-json\/wp\/v2\/product\/8336","targetHints":{"allow":["GET"]}}],"collection":[{"href":"https:\/\/sinoextrud.com\/et\/wp-json\/wp\/v2\/product"}],"about":[{"href":"https:\/\/sinoextrud.com\/et\/wp-json\/wp\/v2\/types\/product"}],"wp:featuredmedia":[{"embeddable":true,"href":"https:\/\/sinoextrud.com\/et\/wp-json\/wp\/v2\/media\/8335"}],"wp:attachment":[{"href":"https:\/\/sinoextrud.com\/et\/wp-json\/wp\/v2\/media?parent=8336"}],"wp:term":[{"taxonomy":"category","embeddable":true,"href":"https:\/\/sinoextrud.com\/et\/wp-json\/wp\/v2\/categories?post=8336"}],"curies":[{"name":"wp","href":"https:\/\/api.w.org\/{rel}","templated":true}]}}