{"id":8328,"date":"2025-06-15T06:28:00","date_gmt":"2025-06-15T06:28:00","guid":{"rendered":"https:\/\/sinoextrud.com\/product\/cnc-aluminum-bar-profile-for-instrument\/"},"modified":"2025-06-24T06:23:36","modified_gmt":"2025-06-24T06:23:36","slug":"cnc-alumiiniumist-baariprofiil-instrumendi-jaoks","status":"publish","type":"product","link":"https:\/\/sinoextrud.com\/et\/product\/cnc-aluminum-bar-profile-for-instrument\/","title":{"rendered":"CNC alumiiniumist baariprofiil instrumendi jaoks"},"content":{"rendered":"<h2>Toodete \u00fcksikasjad<\/h2>\n<table class=\"custom-table\">\n<tbody>\n<tr>\n<td> Toote nimi<\/td>\n<td> CNC alumiiniumist baariprofiil instrumendi jaoks<\/td>\n<\/tr>\n<tr>\n<td> Alumiiniumsulam<\/td>\n<td> 1000-seeria, 200-seeria, 3000-seeria, 5000-seeria, 6000-seeria, 7000-seeria<\/td>\n<\/tr>\n<tr>\n<td> Temper<\/td>\n<td> T3-T8<\/td>\n<\/tr>\n<tr>\n<td> Kuju<\/td>\n<td> kohandamine<\/td>\n<\/tr>\n<tr>\n<td> V\u00e4rv<\/td>\n<td> kohandamine<\/td>\n<\/tr>\n<tr>\n<td> Pinnat\u00f6\u00f6tlus<\/td>\n<td> freesitud, anodeeritud, puidumass, elektripinnakate, liivapritsimine, elektroforees, harjatud, poleerimine jne.<\/td>\n<\/tr>\n<tr>\n<td> CNC s\u00fcgavt\u00f6\u00f6tlemine<\/td>\n<td> l\u00f5ikamine, puurimine, mehaaniline t\u00f6\u00f6tlemine, stantsimine, painutamine, koputades jne.<\/td>\n<\/tr>\n<tr>\n<td> Sertifikaadid<\/td>\n<td> CE, ISO, SGS, TUV, ROHS<\/td>\n<\/tr>\n<tr>\n<td> Proovid<\/td>\n<td> tasuta proov. 1-3 p\u00e4eva jooksul toimetatakse teile.<\/td>\n<\/tr>\n<tr>\n<td> MOQ<\/td>\n<td> 200 kg iga profiili kohta<\/td>\n<\/tr>\n<tr>\n<td> Tarneaeg<\/td>\n<td> Vormi v\u00e4ljat\u00f6\u00f6tamine ja n\u00e4idise konformatsioon on 12-15 p\u00e4eva, seej\u00e4rel tootmisperiood on 15-25 p\u00e4eva p\u00e4rast ostjalt tagatisraha saamist.<\/td>\n<\/tr>\n<tr>\n<td> Maksetingimused<\/td>\n<td> 30% tagatisraha enne tootmist ja saldo enne saatmist.<\/td>\n<\/tr>\n<tr>\n<td> Sadam<\/td>\n<td> Foshan, Shenzhen, Guangzhou jne.<\/td>\n<\/tr>\n<\/tbody>\n<\/table>\n<h2>Meie tootmisbaas<\/h2>\n<h3>Tehase panoraam<\/h3>\n<p><img decoding=\"async\" src=\"\/wp-content\/uploads\/factory-01.webp\"\/><\/p>\n<h3>Alumiiniumvarraste tootmise t\u00f6\u00f6koda<\/h3>\n<p><img decoding=\"async\" src=\"\/wp-content\/uploads\/factory-02.webp\"\/><\/p>\n<\/p>\n<p><img decoding=\"async\" src=\"\/wp-content\/uploads\/factory-03.webp\"\/><\/p>\n<h3>hallituse ladustamise ladu<\/h3>\n<p><img decoding=\"async\" src=\"\/wp-content\/uploads\/factory-04.webp\"\/><\/p>\n<h3>43 alumiiniumi ekstrusiooniliini (500-5500 tonni)<\/h3>\n<p><img decoding=\"async\" src=\"\/wp-content\/uploads\/factory-05.webp\"\/><\/p>\n<p><img decoding=\"async\" src=\"\/wp-content\/uploads\/factory-06.webp\"\/><\/p>\n<p><img decoding=\"async\" src=\"\/wp-content\/uploads\/factory-07.webp\"\/><\/p>\n<h3>Pulberv\u00e4rvimise t\u00f6\u00f6koda<\/h3>\n<p><img decoding=\"async\" src=\"\/wp-content\/uploads\/factory-09.webp\"\/><\/p>\n<h3>Anodiseerimise t\u00f6\u00f6koda<\/h3>\n<p><img decoding=\"async\" src=\"\/wp-content\/uploads\/factory-10.webp\"\/><\/p>\n<h3>S\u00fcgavt\u00f6\u00f6tlemise t\u00f6\u00f6tuba<\/h3>\n<p><img decoding=\"async\" src=\"\/wp-content\/uploads\/factory-11.webp\"\/><\/p>\n<h3>CNC-t\u00e4ppist\u00f6\u00f6tlemise t\u00f6\u00f6koda<\/h3>\n<p><img decoding=\"async\" src=\"\/wp-content\/uploads\/factory-11.5.webp\"\/><\/p>\n<h3>Valmistoodete ja ekspordi ladu<\/h3>\n<p><img decoding=\"async\" src=\"\/wp-content\/uploads\/factory-12.webp\"\/><\/p>\n<p><img decoding=\"async\" src=\"\/wp-content\/uploads\/factory-13.webp\"\/><\/p>\n<p><img decoding=\"async\" src=\"\/wp-content\/uploads\/factory-14.webp\"\/><\/p>\n<h2>KKK<\/h2>\n<p><b>1.Mis on CNC alumiiniumist ribaprofiil instrumentide jaoks? <\/b><\/p>\n<p> CNC alumiiniumprofiil on t\u00e4ppist\u00f6\u00f6deldud alumiiniumist komponent, mida kasutatakse t\u00e4psuse ja vastupidavuse tagamiseks seadmete korpustes ja konstruktsioonielementides.\n<\/p>\n<p><\/p>\n<p><b>2.Miks valida CNC alumiiniumprofiilid instrumentide jaoks? <\/b><\/p>\n<p> CNC alumiiniumprofiilid pakuvad tihedaid tolerantse, sileda viimistluse ja suurt tugevust, mis on ideaalsed t\u00e4ppisinstrumentide koostude jaoks.\n<\/p>\n<p><\/p>\n<p><b>3.Kas CNC alumiiniumist profiilid on kohandatud? <\/b><\/p>\n<p> Jah, me pakume eripikkuste, -laiuste ja -t\u00f6\u00f6deldud omadustega kohandatud profiile, et t\u00e4ita unikaalse seadme disaini n\u00f5udeid.\n<\/p>\n<p><\/p>\n<p><b>4.Mis t\u00fc\u00fcpi alumiiniumi kasutatakse CNC-varraste profiilides instrumentide jaoks? <\/b><\/p>\n<p> Tavaliselt kasutame k\u00f5rgekvaliteedilisi sulameid, nagu 6061 v\u00f5i 6063, mis tagavad nende mehaanilise t\u00f6\u00f6deldavuse, tugevuse ja korrosioonikindluse.\n<\/p>\n<p><\/p>\n<p><b>5.Kas CNC alumiiniumprofiilid on korrosioonikindlad? <\/b><\/p>\n<p> Kindlasti pakuvad alumiiniumist materjal ja valikuline anodeeritud viimistlus suurep\u00e4rase kaitse korrosiooni ja oks\u00fcdeerumise eest.\n<\/p>\n<p><\/p>\n<p><b>6.Millised on CNC alumiiniumprofiilide tavalised rakendused? <\/b><\/p>\n<p> Neid profiile kasutatakse meditsiiniseadmetes, m\u00f5\u00f5teriistades, juhtpaneelides, heliseadmetes ja elektroonikakappides.\n<\/p>\n<p><\/p>\n<p><b>7.Kuidas on CNC-t\u00f6\u00f6tlemine kasulik alumiiniumist instrumentide profiilidele? <\/b><\/p>\n<p> CNC-t\u00f6\u00f6tlemine tagab t\u00e4psed m\u00f5\u00f5tmed, korratava kvaliteedi ja keerulised geomeetrilised vormid, mis on olulised kriitiliste m\u00f5\u00f5teriistade komponentide jaoks.\n<\/p>\n<p><\/p>","protected":false},"featured_media":8327,"template":"","categories":[54],"class_list":["post-8328","product","type-product","status-publish","has-post-thumbnail","hentry","category-industrial-aluminum-profiles"],"meta_box":{"hilight_text_group":{"product_hilight_text":"<li>Precision CNC-machined for high dimensional accuracy and consistency.<\/li>\r\r\n<li>High-quality aluminum bar provides excellent strength-to-weight ratio.<\/li>\r\r\n<li>Ideal for instrument housings, brackets, and structural components.<\/li>\r\r\n<li>Corrosion-resistant surface ensures long-term durability and performance.<\/li>\r\r\n<li>Customizable shapes and sizes for a wide range of instrumentation applications.<\/li>\r\r\n<li>Excellent machinability supports complex designs and tight tolerances.<\/li>\r\r\n<li>Lightweight material reduces overall assembly weight and improves efficiency.<\/li>","product_chanpin_blog":"<ul>\r\r\n<li><a href=\"https:\/\/sinoextrud.com\/t-slot-v-slot-differences\/\" target=\"_blank\">t slot vs v slot<\/a><\/li>\r\r\n<li><a href=\"https:\/\/sinoextrud.com\/what-is-4040-aluminium-extrud\/\" target=\"_blank\">4040 aluminium extrusion<\/a><\/li>\r\r\n<li><a href=\"https:\/\/sinoextrud.com\/what-is-4040-aluminium-extrud\/\" target=\"_blank\">aluminum extrusions for industrial racks<\/a><\/li>\r\r\n<li><a href=\"https:\/\/sinoextrud.com\/powder-coating-aluminium-process\/\" target=\"_blank\">powder coating aluminium<\/a><\/li>\r\r\n<li><a href=\"https:\/\/sinoextrud.com\/what-is-an-aluminium-strip-ceiling\/\" target=\"_blank\">aluminium strip ceiling<\/a><\/li>\r\r\n<li><a href=\"https:\/\/sinoextrud.com\/what-is-a-heat-sink\/\" target=\"_blank\">what is a heat sink<\/a><\/li>\r\r\n<\/ul>","product_chanpin_chanpin":"<li><a href=\"https:\/\/sinoextrud.com\/product\/aluminum-pipe-handrail\/\" target=\"_blank\">Aluminum Pipe Handrail<\/a><\/li>\r\n<li><a href=\"https:\/\/sinoextrud.com\/product\/aluminum-profile-clean-room-for-workshop-and-hospital\/\" target=\"_blank\">Aluminum Profile Clean Room for Workshop and Hospital<\/a><\/li>\r\n<li><a href=\"https:\/\/sinoextrud.com\/product\/aluminum-profile-t-slot-for-machine-frame\/\" target=\"_blank\">Aluminum Profile T-Slot For Machine Frame<\/a><\/li>\r\n<li><a href=\"https:\/\/sinoextrud.com\/product\/aluminum-trailer-floor-extrusions\/\" target=\"_blank\">Aluminum Trailer Floor Extrusions<\/a><\/li>\r\n<li><a href=\"https:\/\/sinoextrud.com\/product\/cnc-aluminum-bar-profile-for-instrument\/\" target=\"_blank\">CNC Aluminum Bar Profile For Instrument<\/a><\/li>\r\n<li><a href=\"https:\/\/sinoextrud.com\/product\/extruded-aluminum-profile-aluminum-t-slot\/\" target=\"_blank\">Extruded Aluminum Profile Aluminum T Slot<\/a><\/li>\r\n<li><a href=\"https:\/\/sinoextrud.com\/product\/extruded-manufacturer-aluminum-profile-heatsink\/\" target=\"_blank\">Extruded Manufacturer Aluminum Profile Heatsink<\/a><\/li>\r\n<li><a href=\"https:\/\/sinoextrud.com\/product\/customized-structural-aluminum-profiles\/\" target=\"_blank\">Customized Structural Aluminum Profiles<\/a><\/li>\r\n<li><a href=\"https:\/\/sinoextrud.com\/product\/aluminum-t-track-extrusion\/\" target=\"_blank\">Aluminum T Track Extrusion<\/a><\/li>\r\n<li><a href=\"https:\/\/sinoextrud.com\/product\/extruded-aluminum-sliding-channel\/\" target=\"_blank\">Extruded Aluminum Sliding Channel<\/a><\/li>\r\n<li><a href=\"https:\/\/sinoextrud.com\/product\/t-slot-framing-systems\/\" target=\"_blank\">T Slot Framing Systems<\/a><\/li>"},"feature_list":[]},"_links":{"self":[{"href":"https:\/\/sinoextrud.com\/et\/wp-json\/wp\/v2\/product\/8328","targetHints":{"allow":["GET"]}}],"collection":[{"href":"https:\/\/sinoextrud.com\/et\/wp-json\/wp\/v2\/product"}],"about":[{"href":"https:\/\/sinoextrud.com\/et\/wp-json\/wp\/v2\/types\/product"}],"wp:featuredmedia":[{"embeddable":true,"href":"https:\/\/sinoextrud.com\/et\/wp-json\/wp\/v2\/media\/8327"}],"wp:attachment":[{"href":"https:\/\/sinoextrud.com\/et\/wp-json\/wp\/v2\/media?parent=8328"}],"wp:term":[{"taxonomy":"category","embeddable":true,"href":"https:\/\/sinoextrud.com\/et\/wp-json\/wp\/v2\/categories?post=8328"}],"curies":[{"name":"wp","href":"https:\/\/api.w.org\/{rel}","templated":true}]}}