{"id":8314,"date":"2025-06-15T06:15:59","date_gmt":"2025-06-15T06:15:59","guid":{"rendered":"https:\/\/sinoextrud.com\/product\/aluminum-extrusion-standards\/"},"modified":"2025-06-24T06:23:33","modified_gmt":"2025-06-24T06:23:33","slug":"alumiiniumi-ekstrusiooni-standardid","status":"publish","type":"product","link":"https:\/\/sinoextrud.com\/et\/product\/aluminum-extrusion-standards\/","title":{"rendered":"Alumiiniumi ekstrusiooni standardid"},"content":{"rendered":"<h2>Toodete \u00fcksikasjad<\/h2>\n<table class=\"custom-table\">\n<tbody>\n<tr>\n<td> <\/td>\n<td>6063 v\u00f5i 6061<\/td>\n<\/tr>\n<tr>\n<td>Pikkus<\/td>\n<td>Standard 1-9M, muud pikkused saadaval<\/td>\n<\/tr>\n<tr>\n<td>Kvaliteedistandard<\/td>\n<td>K\u00f5rge kvaliteet<\/td>\n<\/tr>\n<tr>\n<td>Garantii<\/td>\n<td>100% kontroll k\u00f5rge kvaliteedi tagamiseks<\/td>\n<\/tr>\n<tr>\n<td>Sertifikaadid<\/td>\n<td>ISO9001, ISO4001, CE, BV, SGS jne.<\/td>\n<\/tr>\n<tr>\n<td>Br\u00e4nd<\/td>\n<td>Sinoextrud, Sinoextrud (Guangdongi tuntud kaubam\u00e4rk)<\/td>\n<\/tr>\n<tr>\n<td>P\u00e4ritolu<\/td>\n<td>Guangdong,Hiina<\/td>\n<\/tr>\n<tr>\n<td>T\u00fc\u00fcpilised rakendused<\/td>\n<td>T\u00f6\u00f6stus jne.<\/td>\n<\/tr>\n<tr>\n<td>Pinnat\u00f6\u00f6tlus<\/td>\n<td>Veski valmis, anodeeritud, pulberv\u00e4rvitud, puidumass jne.<\/td>\n<\/tr>\n<tr>\n<td>K\u00f5vadus<\/td>\n<td>13-15<\/td>\n<\/tr>\n<\/tbody>\n<\/table>\n<h2>Meie tootmisbaas<\/h2>\n<h3>Tehase panoraam<\/h3>\n<p><img decoding=\"async\" src=\"\/wp-content\/uploads\/factory-01.webp\"\/><\/p>\n<h3>Alumiiniumvarraste tootmise t\u00f6\u00f6koda<\/h3>\n<p><img decoding=\"async\" src=\"\/wp-content\/uploads\/factory-02.webp\"\/><\/p>\n<p><img decoding=\"async\" src=\"\/wp-content\/uploads\/factory-03.webp\"\/><\/p>\n<h3>hallituse ladustamise ladu<\/h3>\n<p><img decoding=\"async\" src=\"\/wp-content\/uploads\/factory-04.webp\"\/><\/p>\n<h3>43 alumiiniumi ekstrusiooniliini (500-5500 tonni)<\/h3>\n<p><img decoding=\"async\" src=\"\/wp-content\/uploads\/factory-05.webp\"\/><\/p>\n<p><img decoding=\"async\" src=\"\/wp-content\/uploads\/factory-06.webp\"\/><\/p>\n<p><img decoding=\"async\" src=\"\/wp-content\/uploads\/factory-07.webp\"\/><\/p>\n<h3>Pulberv\u00e4rvimise t\u00f6\u00f6koda<\/h3>\n<p><img decoding=\"async\" src=\"\/wp-content\/uploads\/factory-09.webp\"\/><\/p>\n<h3>Anodiseerimise t\u00f6\u00f6koda<\/h3>\n<p><img decoding=\"async\" src=\"\/wp-content\/uploads\/factory-10.webp\"\/><\/p>\n<h3>S\u00fcgavt\u00f6\u00f6tlemise t\u00f6\u00f6tuba<\/h3>\n<p><img decoding=\"async\" src=\"\/wp-content\/uploads\/factory-11.webp\"\/><\/p>\n<h3>CNC-t\u00e4ppist\u00f6\u00f6tlemise t\u00f6\u00f6koda<\/h3>\n<p><img decoding=\"async\" src=\"\/wp-content\/uploads\/factory-11.5.webp\"\/><\/p>\n<h3>Valmistoodete ja ekspordi ladu<\/h3>\n<p><img decoding=\"async\" src=\"\/wp-content\/uploads\/factory-12.webp\"\/><\/p>\n<p><img decoding=\"async\" src=\"\/wp-content\/uploads\/factory-13.webp\"\/><\/p>\n<p><img decoding=\"async\" src=\"\/wp-content\/uploads\/factory-14.webp\"\/><\/p>\n<h2>KKK<\/h2>\n<p><p><b>1.Mis on alumiiniumi ekstrusiooni standardid?<\/b><\/p>\n<p>Alumiiniumist ekstrusioonistandardid m\u00e4\u00e4ratlevad alumiiniumist ekstrusioonide valmistamiseks n\u00f5utavad spetsifikatsioonid, tagades \u00fchtlase kvaliteedi, vastupidavuse ja j\u00f5udluse erinevates t\u00f6\u00f6stuslikes rakendustes.<br \/>\n<\/p><br \/>\n<br \/>\n<p><b>2.Miks on alumiiniumi ekstrusioonistandardid olulised?<\/b><\/p>\n<p>Alumiiniumi ekstrusioonistandardid tagavad, et ekstrusioonid vastavad t\u00e4psetele kvaliteedi-, tugevus- ja m\u00f5\u00f5tmete kriteeriumidele, tagades usaldusv\u00e4\u00e4rse ja j\u00e4rjepideva toimivuse k\u00f5igis t\u00f6\u00f6stusharudes.<br \/>\n<\/p><br \/>\n<br \/>\n<p><b>3.Kas alumiiniumi ekstrusioonistandardid on kohandatavad?<\/b><\/p>\n<p>Kuigi need j\u00e4rgivad kehtestatud rahvusvahelisi suuniseid, saab standardite raames luua kohandatud profiile ja spetsifikatsioone, et rahuldada konkreetseid rakendusvajadusi.<br \/>\n<\/p><br \/>\n<br \/>\n<p><b>4.Kuidas alumiiniumist ekstrusioonistandardid t\u00f6\u00f6stusharudele kasu toovad?<\/b><\/p>\n<p>Neid standardeid j\u00e4rgides saavad t\u00f6\u00f6stused tagada, et kasutatavad komponendid vastavad rangetele kvaliteedin\u00f5uetele, mis viib pikemaajaliste ja usaldusv\u00e4\u00e4rsemate toodete valmimiseni.<br \/>\n<\/p><br \/>\n<br \/>\n<p><b>5.Kas alumiiniumi ekstrusioonistandardid sobivad k\u00f5igile t\u00f6\u00f6stusharudele?<\/b><\/p>\n<p>Jah, need standardid on kohaldatavad paljudes t\u00f6\u00f6stusharudes, sealhulgas autot\u00f6\u00f6stuses, ehituses, elektroonikas ja tootmises, tagades mitmek\u00fclgsed ja kvaliteetsed alumiiniumkomponendid.<br \/>\n<\/p><br \/>\n<br \/>\n<p><b>6.Kuidas need standardid parandavad alumiiniumist pressprofiilide kvaliteeti?<\/b><\/p>\n<p>Alumiiniumi ekstrusioonistandardid tagavad t\u00e4psuse, j\u00e4rjepidevuse ja vastupidavuse tootmisprotsessis, mille tulemuseks on kvaliteetsed tooted, mis vastavad t\u00f6\u00f6stuse n\u00f5uetele.<br \/>\n<\/p><br \/>\n<br \/>\n<p><b>7.Mis on alumiiniumi ekstrusioonistandardite kasutamise eelis tootmises?<\/b><\/p>\n<p>Nende standardite kasutamine tootmises aitab v\u00e4hendada defekte, tagab \u00fchilduvuse teiste s\u00fcsteemidega ja tagab l\u00f5pptoodete usaldusv\u00e4\u00e4rse toimimise etten\u00e4htud rakendustes.<br \/>\n<\/p><br \/><\/p>","protected":false},"featured_media":8313,"template":"","categories":[54],"class_list":["post-8314","product","type-product","status-publish","has-post-thumbnail","hentry","category-industrial-aluminum-profiles"],"meta_box":{"hilight_text_group":{"product_hilight_text":"<li>Compliant with international standards, ensuring high-quality and reliable aluminum extrusions.<\/li>\r\r\n<li>Offers a wide range of profiles for various industrial and commercial applications.<\/li>\r\r\n<li>Precise dimensional accuracy for easy integration into diverse systems and structures.<\/li>\r\r\n<li>Cost-effective solution for industries requiring high-performance and durable aluminum components.<\/li>\r\r\n<li>Flexible design options to meet specific application needs while adhering to quality standards.<\/li>","product_chanpin_blog":"<ul>\r\r\n<li><a href=\"https:\/\/sinoextrud.com\/t-slot-v-slot-differences\/\" target=\"_blank\">t slot vs v slot<\/a><\/li>\r\r\n<li><a href=\"https:\/\/sinoextrud.com\/what-is-4040-aluminium-extrud\/\" target=\"_blank\">4040 aluminium extrusion<\/a><\/li>\r\r\n<li><a href=\"https:\/\/sinoextrud.com\/what-is-4040-aluminium-extrud\/\" target=\"_blank\">aluminum extrusions for industrial racks<\/a><\/li>\r\r\n<li><a href=\"https:\/\/sinoextrud.com\/powder-coating-aluminium-process\/\" target=\"_blank\">powder coating aluminium<\/a><\/li>\r\r\n<li><a href=\"https:\/\/sinoextrud.com\/what-is-an-aluminium-strip-ceiling\/\" target=\"_blank\">aluminium strip ceiling<\/a><\/li>\r\r\n<li><a href=\"https:\/\/sinoextrud.com\/what-is-a-heat-sink\/\" target=\"_blank\">what is a heat sink<\/a><\/li>\r\r\n<\/ul>","product_chanpin_chanpin":"<li><a href=\"https:\/\/sinoextrud.com\/product\/aluminum-alloy-section\/\" target=\"_blank\">Aluminum Alloy Section<\/a><\/li>\r\n<li><a href=\"https:\/\/sinoextrud.com\/product\/aluminum-balustrade-handrail\/\" target=\"_blank\">Aluminum Balustrade Handrail<\/a><\/li>\r\n<li><a href=\"https:\/\/sinoextrud.com\/product\/aluminum-extruded-products\/\" target=\"_blank\">Aluminum Extruded Products<\/a><\/li>\r\n<li><a href=\"https:\/\/sinoextrud.com\/product\/aluminum-extrusion-channel-profiles\/\" target=\"_blank\">Aluminum Extrusion Channel Profiles<\/a><\/li>\r\n<li><a href=\"https:\/\/sinoextrud.com\/product\/aluminum-extrusion-standards\/\" target=\"_blank\">Aluminum Extrusion Standards<\/a><\/li>\r\n<li><a href=\"https:\/\/sinoextrud.com\/product\/aluminum-heat-sink\/\" target=\"_blank\">Aluminum Heat Sink<\/a><\/li>\r\n<li><a href=\"https:\/\/sinoextrud.com\/product\/aluminum-outdoor-enclose-heat-sinks\/\" target=\"_blank\">Aluminum outdoor enclose heat sinks<\/a><\/li>\r\n<li><a href=\"https:\/\/sinoextrud.com\/product\/aluminum-pipe-handrail\/\" target=\"_blank\">Aluminum Pipe Handrail<\/a><\/li>\r\n<li><a href=\"https:\/\/sinoextrud.com\/product\/aluminum-profile-clean-room-for-workshop-and-hospital\/\" target=\"_blank\">Aluminum Profile Clean Room for Workshop and Hospital<\/a><\/li>\r\n<li><a href=\"https:\/\/sinoextrud.com\/product\/perforation-aluminum-ceiling-system\/\" target=\"_blank\">Perforation Aluminum Ceiling System<\/a><\/li>\r\n<li><a href=\"https:\/\/sinoextrud.com\/product\/extruded-h-beam-aluminum-profile\/\" target=\"_blank\">Extruded H Beam Aluminum Profile<\/a><\/li>"},"feature_list":[]},"_links":{"self":[{"href":"https:\/\/sinoextrud.com\/et\/wp-json\/wp\/v2\/product\/8314","targetHints":{"allow":["GET"]}}],"collection":[{"href":"https:\/\/sinoextrud.com\/et\/wp-json\/wp\/v2\/product"}],"about":[{"href":"https:\/\/sinoextrud.com\/et\/wp-json\/wp\/v2\/types\/product"}],"wp:featuredmedia":[{"embeddable":true,"href":"https:\/\/sinoextrud.com\/et\/wp-json\/wp\/v2\/media\/8313"}],"wp:attachment":[{"href":"https:\/\/sinoextrud.com\/et\/wp-json\/wp\/v2\/media?parent=8314"}],"wp:term":[{"taxonomy":"category","embeddable":true,"href":"https:\/\/sinoextrud.com\/et\/wp-json\/wp\/v2\/categories?post=8314"}],"curies":[{"name":"wp","href":"https:\/\/api.w.org\/{rel}","templated":true}]}}