{"id":8310,"date":"2025-06-15T06:13:33","date_gmt":"2025-06-15T06:13:33","guid":{"rendered":"https:\/\/sinoextrud.com\/product\/aluminum-extruded-products\/"},"modified":"2025-06-24T06:23:33","modified_gmt":"2025-06-24T06:23:33","slug":"alumiiniumist-pressitud-tooted-2","status":"publish","type":"product","link":"https:\/\/sinoextrud.com\/et\/product\/aluminum-extruded-products\/","title":{"rendered":"Alumiiniumist pressitud tooted"},"content":{"rendered":"<h2>Toodete \u00fcksikasjad<\/h2>\n<table class=\"custom-table\">\n<tr>\n<td class=\"label\">Mudel nr.:<\/td>\n<td> 6063 T5 T6<\/td>\n<\/tr>\n<tr>\n<td class=\"label\">Taotlus:<\/td>\n<td> Soojusp\u00fc\u00fcdja<\/td>\n<\/tr>\n<tr>\n<td class=\"label\">Hinne:<\/td>\n<td> 6000 seeria<\/td>\n<\/tr>\n<tr>\n<td class=\"label\">Tehnika:<\/td>\n<td> V\u00e4ljapressitud<\/td>\n<\/tr>\n<tr>\n<td class=\"label\">Temperament:<\/td>\n<td> T3 - T8<\/td>\n<\/tr>\n<tr>\n<td class=\"label\">Maksimaalne Od:<\/td>\n<td> 250mm<\/td>\n<\/tr>\n<tr>\n<td class=\"label\">Saadaval pind:<\/td>\n<td> Mill Finish, pulberv\u00e4rvimine<\/td>\n<\/tr>\n<tr>\n<td class=\"label\">Spetsifikatsioon:<\/td>\n<td> GB\/T, ISO ja SGS<\/td>\n<\/tr>\n<tr>\n<td class=\"label\">HS-kood:<\/td>\n<td> 76042990<\/td>\n<\/tr>\n<tr>\n<td class=\"label\">T\u00fc\u00fcp:<\/td>\n<td> Alumiiniumprofiilid<\/td>\n<\/tr>\n<tr>\n<td class=\"label\">Kuju:<\/td>\n<td> Konkreetsete jooniste alusel<\/td>\n<\/tr>\n<tr>\n<td class=\"label\">Pinnat\u00f6\u00f6tlus:<\/td>\n<td> Oks\u00fcdeeritud<\/td>\n<\/tr>\n<tr>\n<td class=\"label\">Sulam:<\/td>\n<td> Sulam<\/td>\n<\/tr>\n<tr>\n<td class=\"label\">Sertifitseerimine:<\/td>\n<td> GB\/T, ISO, SGS<\/td>\n<\/tr>\n<tr>\n<td class=\"label\">Minimaalne seinapaksus:<\/td>\n<td> 1mm<\/td>\n<\/tr>\n<tr>\n<td class=\"label\">Kaubam\u00e4rk:<\/td>\n<td> Sinoextrud<\/td>\n<\/tr>\n<tr>\n<td class=\"label\">P\u00e4ritolu:<\/td>\n<td> Guangdong, Hiina<\/td>\n<\/tr>\n<\/table>\n<h2>Meie tootmisbaas<\/h2>\n<h3>Tehase panoraam<\/h3>\n<p><img decoding=\"async\" src=\"\/wp-content\/uploads\/factory-01.webp\"\/><\/p>\n<h3>Alumiiniumvarraste tootmise t\u00f6\u00f6koda<\/h3>\n<p><img decoding=\"async\" src=\"\/wp-content\/uploads\/factory-02.webp\"\/><\/p>\n<p><img decoding=\"async\" src=\"\/wp-content\/uploads\/factory-03.webp\"\/><\/p>\n<h3>hallituse ladustamise ladu<\/h3>\n<p><img decoding=\"async\" src=\"\/wp-content\/uploads\/factory-04.webp\"\/><\/p>\n<h3>43 alumiiniumi ekstrusiooniliini (500-5500 tonni)<\/h3>\n<p><img decoding=\"async\" src=\"\/wp-content\/uploads\/factory-05.webp\"\/><\/p>\n<p><img decoding=\"async\" src=\"\/wp-content\/uploads\/factory-06.webp\"\/><\/p>\n<p><img decoding=\"async\" src=\"\/wp-content\/uploads\/factory-07.webp\"\/><\/p>\n<h3>Pulberv\u00e4rvimise t\u00f6\u00f6koda<\/h3>\n<p><img decoding=\"async\" src=\"\/wp-content\/uploads\/factory-09.webp\"\/><\/p>\n<h3>Anodiseerimise t\u00f6\u00f6koda<\/h3>\n<p><img decoding=\"async\" src=\"\/wp-content\/uploads\/factory-10.webp\"\/><\/p>\n<h3>S\u00fcgavt\u00f6\u00f6tlemise t\u00f6\u00f6tuba<\/h3>\n<p><img decoding=\"async\" src=\"\/wp-content\/uploads\/factory-11.webp\"\/><\/p>\n<h3>CNC-t\u00e4ppist\u00f6\u00f6tlemise t\u00f6\u00f6koda<\/h3>\n<p><img decoding=\"async\" src=\"\/wp-content\/uploads\/factory-11.5.webp\"\/><\/p>\n<h3>Valmistoodete ja ekspordi ladu<\/h3>\n<p><img decoding=\"async\" src=\"\/wp-content\/uploads\/factory-12.webp\"\/><\/p>\n<p><img decoding=\"async\" src=\"\/wp-content\/uploads\/factory-13.webp\"\/><\/p>\n<p><img decoding=\"async\" src=\"\/wp-content\/uploads\/factory-14.webp\"\/><\/p>\n<h2>KKK<\/h2>\n<p><p><b>1.Millised on alumiiniumist pressitud toodete peamised eelised?<\/b><\/p>\n<p>Alumiiniumist pressitud tooted pakuvad suurt tugevuse ja kaalu suhet, korrosioonikindlust ja paindlikkust disainis, mist\u00f5ttu sobivad need erinevatesse t\u00f6\u00f6stusharudesse, n\u00e4iteks ehitus- ja autot\u00f6\u00f6stusesse.<br \/>\n<\/p><br \/>\n<br \/>\n<p><b>2.Millised t\u00f6\u00f6stusharud saavad alumiiniumist pressitud toodetest kasu?<\/b><\/p>\n<p>T\u00e4nu oma mitmek\u00fclgsusele ja vastupidavusele kasutatakse alumiiniumist ekstrudeeritud tooteid laialdaselt autot\u00f6\u00f6stuses, ehituses, elektroonikas, lennunduses ja muudes t\u00f6\u00f6tlevates t\u00f6\u00f6stusharudes.<br \/>\n<\/p><br \/>\n<br \/>\n<p><b>3.Kuidas on alumiiniumist ekstrusioonist kasu disaini paindlikkusele?<\/b><\/p>\n<p>Alumiiniumi ekstrusioon v\u00f5imaldab luua keerukaid profiile, mis vastavad konkreetsetele disainin\u00f5uetele, pakkudes suuremat paindlikkust v\u00f5rreldes teiste materjalidega.<br \/>\n<\/p><br \/>\n<br \/>\n<p><b>4.Kas alumiiniumist pressitud tooted on energiat\u00f5husad?<\/b><\/p>\n<p>Jah, alumiiniumprofiilide tootmisprotsess on energiat\u00f5hus, minimeerides keskkonnaj\u00e4lge ja pakkudes samal ajal kvaliteetseid tooteid.<br \/>\n<\/p><br \/>\n<br \/>\n<p><b>5.Kas alumiiniumi ekstrusioon on keskkonnas\u00f5bralik?<\/b><\/p>\n<p>Alumiiniumist pressitud tooted on t\u00e4ielikult taaskasutatavad, toetades j\u00e4tkusuutlikkust ja v\u00e4hendades tootmisj\u00e4\u00e4tmeid.<br \/>\n<\/p><br \/>\n<br \/>\n<p><b>6.Kuidas toimivad alumiiniumist pressitud tooted karmides keskkondades?<\/b><\/p>\n<p>T\u00e4nu oma korrosioonikindlusele s\u00e4ilitavad alumiiniumist pressitud tooted k\u00f5rge j\u00f5udluse isegi keerulistes keskkondades, n\u00e4iteks mere- v\u00f5i t\u00f6\u00f6stuskeskkondades.<br \/>\n<\/p><br \/>\n<br \/>\n<p><b>7.Kas alumiiniumist pressitud tooteid saab kohandada konkreetsete rakenduste jaoks?<\/b><\/p>\n<p>Jah, alumiiniumprofiile saab h\u00f5lpsasti kohandada vastavalt erinevate rakenduste unikaalsetele spetsifikatsioonidele ja n\u00f5uetele, alates konstruktsioonilistest kuni dekoratiivsete eesm\u00e4rkideni.<br \/>\n<\/p><br \/>\n<br \/>\n<p><b>8.Mis teeb alumiiniumist ekstrusioonid vastupidavaks?<\/b><\/p>\n<p>Alumiiniumist pressitud tooted on tuntud oma vastupidavuse ja keskkonnakoormuse taluvuse poolest, pakkudes pikaajalist j\u00f5udlust ja usaldusv\u00e4\u00e4rsust.<br \/>\n<\/p><br \/><\/p>","protected":false},"featured_media":8309,"template":"","categories":[54],"class_list":["post-8310","product","type-product","status-publish","has-post-thumbnail","hentry","category-industrial-aluminum-profiles"],"meta_box":{"hilight_text_group":{"product_hilight_text":"<li>High strength-to-weight ratio, making aluminum extrusions ideal for structural applications.<\/li>\r\r\n<li>Corrosion-resistant, ensuring long-lasting durability in various environments.<\/li>\r\r\n<li>Customizable profiles for diverse design flexibility and specific customer needs.<\/li>\r\r\n<li>Lightweight yet sturdy, reducing transportation costs and improving handling efficiency.<\/li>\r\r\n<li>Energy-efficient production process, reducing environmental impact.<\/li>\r\r\n<li>Excellent thermal and electrical conductivity, ideal for heat sinks and electrical components.<\/li>\r\r\n<li>Highly versatile, suitable for a wide range of industries, including automotive, construction, and electronics.<\/li>\r\r\n<li>Recyclable, contributing to sustainability and reducing waste.<\/li>","product_chanpin_blog":"<ul>\r\r\n<li><a href=\"https:\/\/sinoextrud.com\/t-slot-v-slot-differences\/\" target=\"_blank\">t slot vs v slot<\/a><\/li>\r\r\n<li><a href=\"https:\/\/sinoextrud.com\/what-is-4040-aluminium-extrud\/\" target=\"_blank\">4040 aluminium extrusion<\/a><\/li>\r\r\n<li><a href=\"https:\/\/sinoextrud.com\/what-is-4040-aluminium-extrud\/\" target=\"_blank\">aluminum extrusions for industrial racks<\/a><\/li>\r\r\n<li><a href=\"https:\/\/sinoextrud.com\/powder-coating-aluminium-process\/\" target=\"_blank\">powder coating aluminium<\/a><\/li>\r\r\n<li><a href=\"https:\/\/sinoextrud.com\/what-is-an-aluminium-strip-ceiling\/\" target=\"_blank\">aluminium strip ceiling<\/a><\/li>\r\r\n<li><a href=\"https:\/\/sinoextrud.com\/what-is-a-heat-sink\/\" target=\"_blank\">what is a heat sink<\/a><\/li>\r\r\n<\/ul>","product_chanpin_chanpin":"<li><a href=\"https:\/\/sinoextrud.com\/product\/aluminium-roof-rack-extrusions\/\" target=\"_blank\">Aluminium Roof Rack Extrusions<\/a><\/li>\r\n<li><a href=\"https:\/\/sinoextrud.com\/product\/aluminium-seamless-pipe\/\" target=\"_blank\">Aluminium Seamless Pipe<\/a><\/li>\r\n<li><a href=\"https:\/\/sinoextrud.com\/product\/aluminum-alloy-section\/\" target=\"_blank\">Aluminum Alloy Section<\/a><\/li>\r\n<li><a href=\"https:\/\/sinoextrud.com\/product\/aluminum-balustrade-handrail\/\" target=\"_blank\">Aluminum Balustrade Handrail<\/a><\/li>\r\n<li><a href=\"https:\/\/sinoextrud.com\/product\/aluminum-extruded-products\/\" target=\"_blank\">Aluminum Extruded Products<\/a><\/li>\r\n<li><a href=\"https:\/\/sinoextrud.com\/product\/aluminum-extrusion-channel-profiles\/\" target=\"_blank\">Aluminum Extrusion Channel Profiles<\/a><\/li>\r\n<li><a href=\"https:\/\/sinoextrud.com\/product\/aluminum-extrusion-standards\/\" target=\"_blank\">Aluminum Extrusion Standards<\/a><\/li>\r\n<li><a href=\"https:\/\/sinoextrud.com\/product\/aluminum-heat-sink\/\" target=\"_blank\">Aluminum Heat Sink<\/a><\/li>\r\n<li><a href=\"https:\/\/sinoextrud.com\/product\/aluminum-outdoor-enclose-heat-sinks\/\" target=\"_blank\">Aluminum outdoor enclose heat sinks<\/a><\/li>\r\n<li><a href=\"https:\/\/sinoextrud.com\/product\/led-strip-aluminum-profile\/\" target=\"_blank\">Led Strip Aluminum Profile<\/a><\/li>\r\n<li><a href=\"https:\/\/sinoextrud.com\/product\/aluminum-t-slot-table\/\" target=\"_blank\">Aluminum T Slot Table<\/a><\/li>"},"feature_list":[]},"_links":{"self":[{"href":"https:\/\/sinoextrud.com\/et\/wp-json\/wp\/v2\/product\/8310","targetHints":{"allow":["GET"]}}],"collection":[{"href":"https:\/\/sinoextrud.com\/et\/wp-json\/wp\/v2\/product"}],"about":[{"href":"https:\/\/sinoextrud.com\/et\/wp-json\/wp\/v2\/types\/product"}],"wp:featuredmedia":[{"embeddable":true,"href":"https:\/\/sinoextrud.com\/et\/wp-json\/wp\/v2\/media\/8309"}],"wp:attachment":[{"href":"https:\/\/sinoextrud.com\/et\/wp-json\/wp\/v2\/media?parent=8310"}],"wp:term":[{"taxonomy":"category","embeddable":true,"href":"https:\/\/sinoextrud.com\/et\/wp-json\/wp\/v2\/categories?post=8310"}],"curies":[{"name":"wp","href":"https:\/\/api.w.org\/{rel}","templated":true}]}}