{"id":8304,"date":"2025-06-15T06:06:50","date_gmt":"2025-06-15T06:06:50","guid":{"rendered":"https:\/\/sinoextrud.com\/product\/aluminium-seamless-pipe\/"},"modified":"2025-06-24T06:23:32","modified_gmt":"2025-06-24T06:23:32","slug":"alumiiniumist-omblusteta-toru","status":"publish","type":"product","link":"https:\/\/sinoextrud.com\/et\/product\/aluminium-seamless-pipe\/","title":{"rendered":"Alumiiniumist \u00f5mblusteta toru"},"content":{"rendered":"<h2>Toodete \u00fcksikasjad<\/h2>\n<table class=\"custom-table\">\n<tr>\n<td class=\"label\">Punkti<\/td>\n<td>Alumiiniumist \u00f5mblusteta toru<\/td>\n<\/tr>\n<tr>\n<td class=\"label\">Materjal<\/td>\n<td>6000-seeria alumiinium (6063, 6061, 6463, 6082)<\/td>\n<\/tr>\n<tr>\n<td class=\"label\">Temper<\/td>\n<td>T4, T5, T6<\/td>\n<\/tr>\n<tr>\n<td class=\"label\">Suurus \/ paksus<\/td>\n<td>\u00dcldine profiilide paksus 0,8 kuni 5,0 mm v\u00f5i kohandatud, pikkus 1m-9m v\u00f5i kohandatud saadaval;<br \/>\nAnodeeritud kaitsekile paksus 8 ~ 20 um, pulberv\u00e4rvimine 40 ~ 120 um.<\/td>\n<\/tr>\n<tr>\n<td class=\"label\">Kuju<\/td>\n<td>ruudukujuline, \u00fcmmargune, ristk\u00fclikukujuline, kolmnurkne jne v\u00f5i kohandatud.<\/td>\n<\/tr>\n<tr>\n<td class=\"label\">Taotlus<\/td>\n<td>M\u00f6\u00f6bel, aknad ja uksed, dekoratsioonid, t\u00f6\u00f6stus, ehitus jne.<\/td>\n<\/tr>\n<tr>\n<td class=\"label\">Pinnat\u00f6\u00f6tlus<\/td>\n<td>pulberv\u00e4rvimine, PVDF, anodeeritud, puidumass, elektroforees, harjatud, poleerimine jne.<\/td>\n<\/tr>\n<tr>\n<td class=\"label\">V\u00e4rvid<\/td>\n<td>Ref pulberv\u00e4rvi leht ja kohandatud v\u00e4rvi saadaval<\/td>\n<\/tr>\n<tr>\n<td class=\"label\">S\u00fcgav protsess<\/td>\n<td>CNC, puurimine, freesimine, l\u00f5ikamine, keevitamine, painutamine, kokkupanek<\/td>\n<\/tr>\n<tr>\n<td class=\"label\">MOQ<\/td>\n<td>200 kg iga eseme kohta<\/td>\n<\/tr>\n<tr>\n<td class=\"label\">Pakendamise \u00fcksikasjad<\/td>\n<td>(1) Sisemine : pakitud kilega v\u00f5i kilekaitsekotiga<\/td>\n<\/tr>\n<tr>\n<td class=\"label\"><\/td>\n<td>(2) V\u00e4ljaspool: M\u00e4hkida kimbud veekindla k\u00e4sit\u00f6\u00f6paberiga.<\/td>\n<\/tr>\n<tr>\n<td class=\"label\">Tarneaeg<\/td>\n<td>(1) Survematerjali v\u00e4ljat\u00f6\u00f6tamine ja proovide katsetamine: 10-15 p\u00e4eva<\/td>\n<\/tr>\n<tr>\n<td class=\"label\"><\/td>\n<td>(2) Masstootmine l\u00f5petatud: 20-30 p\u00e4eva p\u00e4rast seda, kui ostja on proovi kinnitanud<\/td>\n<\/tr>\n<tr>\n<td class=\"label\">FOB sadam<\/td>\n<td>Guangzhou, Foshan, Shenzhen<\/td>\n<\/tr>\n<tr>\n<td class=\"label\">maksetingimused<\/td>\n<td>T\/T, L\/C<\/td>\n<\/tr>\n<tr>\n<td class=\"label\">arveldust\u00e4htaeg<\/td>\n<td>Laadimine tegeliku l\u00f5ppkaalu v\u00f5i teoreetilise kaalu j\u00e4rgi.<\/td>\n<\/tr>\n<tr>\n<td class=\"label\">T\u00f6\u00f6tlemine<\/td>\n<td>P\u00e4ring - Proov v\u00f5i CAD joonis (klientide poolt) -CAD joonis (meie firma) -Joonise kinnitamine -Vormi valmistamine -Mustrite konformatsioon -Masstootmine-KontrollTarnimineTarne\uff0c<\/td>\n<\/tr>\n<tr>\n<td class=\"label\">Sertifitseerimine on v\u00f5imalik:<\/td>\n<td>ISO:9001, SONCAP, BV sertifikaat v\u00f5i kliendi sertifikaat saadaval<\/td>\n<\/tr>\n<\/table>\n<h2>Meie tootmisbaas<\/h2>\n<h3>Tehase panoraam<\/h3>\n<p><img decoding=\"async\" src=\"\/wp-content\/uploads\/factory-01.webp\"\/><\/p>\n<h3>Alumiiniumvarraste tootmise t\u00f6\u00f6koda<\/h3>\n<p><img decoding=\"async\" src=\"\/wp-content\/uploads\/factory-02.webp\"\/><\/p>\n<p><img decoding=\"async\" src=\"\/wp-content\/uploads\/factory-03.webp\"\/><\/p>\n<h3>hallituse ladustamise ladu<\/h3>\n<p><img decoding=\"async\" src=\"\/wp-content\/uploads\/factory-04.webp\"\/><\/p>\n<h3>43 alumiiniumi ekstrusiooniliini (500-5500 tonni)<\/h3>\n<p><img decoding=\"async\" src=\"\/wp-content\/uploads\/factory-05.webp\"\/><\/p>\n<p><img decoding=\"async\" src=\"\/wp-content\/uploads\/factory-06.webp\"\/><\/p>\n<p><img decoding=\"async\" src=\"\/wp-content\/uploads\/factory-07.webp\"\/><\/p>\n<h3>Pulberv\u00e4rvimise t\u00f6\u00f6koda<\/h3>\n<p><img decoding=\"async\" src=\"\/wp-content\/uploads\/factory-09.webp\"\/><\/p>\n<h3>Anodiseerimise t\u00f6\u00f6koda<\/h3>\n<p><img decoding=\"async\" src=\"\/wp-content\/uploads\/factory-10.webp\"\/><\/p>\n<h3>S\u00fcgavt\u00f6\u00f6tlemise t\u00f6\u00f6tuba<\/h3>\n<p><img decoding=\"async\" src=\"\/wp-content\/uploads\/factory-11.webp\"\/><\/p>\n<h3>CNC-t\u00e4ppist\u00f6\u00f6tlemise t\u00f6\u00f6koda<\/h3>\n<p><img decoding=\"async\" src=\"\/wp-content\/uploads\/factory-11.5.webp\"\/><\/p>\n<h3>Valmistoodete ja ekspordi ladu<\/h3>\n<p><img decoding=\"async\" src=\"\/wp-content\/uploads\/factory-12.webp\"\/><\/p>\n<p><img decoding=\"async\" src=\"\/wp-content\/uploads\/factory-13.webp\"\/><\/p>\n<p><img decoding=\"async\" src=\"\/wp-content\/uploads\/factory-14.webp\"\/><\/p>\n<h2>KKK<\/h2>\n<p><p><b>1.Millised on alumiiniumist \u00f5mblusteta torude eelised?<\/b><\/p>\n<p>Alumiiniumist \u00f5mblusteta torud pakuvad suurt tugevust, vastupidavust, korrosioonikindlust ja mitmek\u00fclgsust, mist\u00f5ttu sobivad need ideaalselt paljudeks t\u00f6\u00f6stuslikeks ja vedeliku \u00fclekandmise rakendusteks.<br \/>\n<\/p><br \/>\n<br \/>\n<p><b>2.Kuidas parandab \u00f5mblusteta konstruktsioon toru j\u00f5udlust?<\/b><\/p>\n<p>\u00d5mblusteta konstruktsioon tagab \u00fchtlase tugevuse ja hoiab \u00e4ra n\u00f5rgad kohad, suurendades vastupidavust ja usaldusv\u00e4\u00e4rsust k\u00f5rgsurvekeskkonnas.<br \/>\n<\/p><br \/>\n<br \/>\n<p><b>3.Mis materjali kasutatakse alumiiniumist \u00f5mblusteta torude jaoks?<\/b><\/p>\n<p>Need on valmistatud kvaliteetsest alumiiniumist, mis tagab tugevuse, kerguse ja korrosioonikindluse, mis tagab pikaajalise toimimise.<br \/>\n<\/p><br \/>\n<br \/>\n<p><b>4.Can alumiiniumist \u00f5mblusteta torud on kohandatud?<\/b><\/p>\n<p>Jah, need on saadaval kohandatavates suurustes ja pikkustes, et vastata erinevate rakenduste erivajadustele, pakkudes paindlikkust disainis ja kasutuses.<br \/>\n<\/p><br \/>\n<br \/>\n<p><b>5.How korrosioonikindel on alumiiniumist \u00f5mblusteta torud?<\/b><\/p>\n<p>Alumiinium on looduslikult korrosioonikindel, mis tagab, et torud s\u00e4ilitavad oma tugevuse ja j\u00f5udluse ka karmides v\u00e4lis- ja t\u00f6\u00f6stuskeskkondades.<br \/>\n<\/p><br \/>\n<br \/>\n<p><b>6.Millised t\u00f6\u00f6stusharud kasutavad alumiiniumist \u00f5mblusteta torusid?<\/b><\/p>\n<p>Neid kasutatakse sellistes t\u00f6\u00f6stusharudes nagu ehitus, autot\u00f6\u00f6stus, lennundus ja vedelikuvahetuss\u00fcsteemid, kus tugevus, korrosioonikindlus ja paindlikkus on olulised.<br \/>\n<\/p><br \/>\n<br \/>\n<p><b>7.How kulut\u00f5husad on alumiiniumist \u00f5mblusteta torud?<\/b><\/p>\n<p>Need pakuvad kulutasuvat lahendust t\u00e4nu oma vastupidavusele, kergetele omadustele ja v\u00e4hendatud hooldusvajadusele, mis v\u00e4hendab \u00fcldisi tegevuskulusid erinevates t\u00f6\u00f6stusharudes.<br \/>\n<\/p><br \/><\/p>","protected":false},"featured_media":8303,"template":"","categories":[54],"class_list":["post-8304","product","type-product","status-publish","has-post-thumbnail","hentry","category-industrial-aluminum-profiles"],"meta_box":{"hilight_text_group":{"product_hilight_text":"<li>High-strength, seamless construction, offering superior durability and reliability in various industrial applications.<\/li>\r\r\n<li>Lightweight yet strong aluminum material, making it easy to handle, transport, and install.<\/li>\r\r\n<li>Corrosion-resistant, ensuring long-lasting performance in both indoor and outdoor environments.<\/li>\r\r\n<li>Versatile, ideal for applications in construction, automotive, aerospace, and fluid transfer systems.<\/li>\r\r\n<li>Customizable sizes and lengths, providing flexible solutions for different project requirements.<\/li>","product_chanpin_blog":"<ul>\r\r\n<li><a href=\"https:\/\/sinoextrud.com\/t-slot-v-slot-differences\/\" target=\"_blank\">t slot vs v slot<\/a><\/li>\r\r\n<li><a href=\"https:\/\/sinoextrud.com\/what-is-4040-aluminium-extrud\/\" target=\"_blank\">4040 aluminium extrusion<\/a><\/li>\r\r\n<li><a href=\"https:\/\/sinoextrud.com\/what-is-4040-aluminium-extrud\/\" target=\"_blank\">aluminum extrusions for industrial racks<\/a><\/li>\r\r\n<li><a href=\"https:\/\/sinoextrud.com\/powder-coating-aluminium-process\/\" target=\"_blank\">powder coating aluminium<\/a><\/li>\r\r\n<li><a href=\"https:\/\/sinoextrud.com\/what-is-an-aluminium-strip-ceiling\/\" target=\"_blank\">aluminium strip ceiling<\/a><\/li>\r\r\n<li><a href=\"https:\/\/sinoextrud.com\/what-is-a-heat-sink\/\" target=\"_blank\">what is a heat sink<\/a><\/li>\r\r\n<\/ul>","product_chanpin_chanpin":"<li><a href=\"https:\/\/sinoextrud.com\/product\/aluminium-profile-case\/\" target=\"_blank\">Aluminium Profile Case<\/a><\/li>\r\n<li><a href=\"https:\/\/sinoextrud.com\/product\/aluminium-profile-for-clean-room\/\" target=\"_blank\">Aluminium Profile For Clean Room<\/a><\/li>\r\n<li><a href=\"https:\/\/sinoextrud.com\/product\/aluminium-profile-workbench\/\" target=\"_blank\">Aluminium Profile Workbench<\/a><\/li>\r\n<li><a href=\"https:\/\/sinoextrud.com\/product\/aluminium-roof-rack-extrusions\/\" target=\"_blank\">Aluminium Roof Rack Extrusions<\/a><\/li>\r\n<li><a href=\"https:\/\/sinoextrud.com\/product\/aluminium-seamless-pipe\/\" target=\"_blank\">Aluminium Seamless Pipe<\/a><\/li>\r\n<li><a href=\"https:\/\/sinoextrud.com\/product\/aluminum-alloy-section\/\" target=\"_blank\">Aluminum Alloy Section<\/a><\/li>\r\n<li><a href=\"https:\/\/sinoextrud.com\/product\/aluminum-balustrade-handrail\/\" target=\"_blank\">Aluminum Balustrade Handrail<\/a><\/li>\r\n<li><a href=\"https:\/\/sinoextrud.com\/product\/aluminum-extruded-products\/\" target=\"_blank\">Aluminum Extruded Products<\/a><\/li>\r\n<li><a href=\"https:\/\/sinoextrud.com\/product\/aluminum-extrusion-channel-profiles\/\" target=\"_blank\">Aluminum Extrusion Channel Profiles<\/a><\/li>\r\n<li><a href=\"https:\/\/sinoextrud.com\/product\/aluminum-profiles-partition\/\" target=\"_blank\">Aluminum Profiles Partition<\/a><\/li>\r\n<li><a href=\"https:\/\/sinoextrud.com\/product\/aluminum-extruded-profile-f-channel\/\" target=\"_blank\">Aluminum Extruded Profile F Channel<\/a><\/li>"},"feature_list":[]},"_links":{"self":[{"href":"https:\/\/sinoextrud.com\/et\/wp-json\/wp\/v2\/product\/8304","targetHints":{"allow":["GET"]}}],"collection":[{"href":"https:\/\/sinoextrud.com\/et\/wp-json\/wp\/v2\/product"}],"about":[{"href":"https:\/\/sinoextrud.com\/et\/wp-json\/wp\/v2\/types\/product"}],"wp:featuredmedia":[{"embeddable":true,"href":"https:\/\/sinoextrud.com\/et\/wp-json\/wp\/v2\/media\/8303"}],"wp:attachment":[{"href":"https:\/\/sinoextrud.com\/et\/wp-json\/wp\/v2\/media?parent=8304"}],"wp:term":[{"taxonomy":"category","embeddable":true,"href":"https:\/\/sinoextrud.com\/et\/wp-json\/wp\/v2\/categories?post=8304"}],"curies":[{"name":"wp","href":"https:\/\/api.w.org\/{rel}","templated":true}]}}