{"id":8300,"date":"2025-06-15T06:03:05","date_gmt":"2025-06-15T06:03:05","guid":{"rendered":"https:\/\/sinoextrud.com\/product\/aluminium-profile-workbench\/"},"modified":"2025-06-24T06:23:31","modified_gmt":"2025-06-24T06:23:31","slug":"alumiiniumprofiiliga-toolaud","status":"publish","type":"product","link":"https:\/\/sinoextrud.com\/et\/product\/aluminium-profile-workbench\/","title":{"rendered":"Alumiiniumprofiiliga t\u00f6\u00f6laud"},"content":{"rendered":"<h2>Toodete \u00fcksikasjad<\/h2>\n<table class=\"custom-table\">\n<tbody>\n<tr>\n<td> Mudel nr.:<\/td>\n<td> alumiiniumprofiiliga t\u00f6\u00f6laud<\/td>\n<\/tr>\n<tr>\n<td> Kvaliteedikontroll:<\/td>\n<td> Professionaalne kvaliteedikontroll, spektrograaf<\/td>\n<\/tr>\n<tr>\n<td> Tarne:<\/td>\n<td> avatud kirje<\/td>\n<\/tr>\n<tr>\n<td> Br\u00e4ndi nimi:<\/td>\n<td> Sinoextrud<\/td>\n<\/tr>\n<tr>\n<td> \u00c4rit\u00fc\u00fcp:<\/td>\n<td> Tehas\/tootja<\/td>\n<\/tr>\n<tr>\n<td> P\u00e4ritolu:<\/td>\n<td> Foshan City, GD provintsi. Hiina<\/td>\n<\/tr>\n<tr>\n<td> Standard:<\/td>\n<td> GB<\/td>\n<\/tr>\n<tr>\n<td> Materjal:<\/td>\n<td> Alumiiniumsulam 6063<\/td>\n<\/tr>\n<tr>\n<td> Tehnika:<\/td>\n<td> Kuum\/k\u00fclmik\/valuvormimine\/kaotamine<\/td>\n<\/tr>\n<tr>\n<td> Ainulaadne:<\/td>\n<td> Hiina kuldne tarnija<\/td>\n<\/tr>\n<tr>\n<td> Kaubam\u00e4rk:<\/td>\n<td> OEM<\/td>\n<\/tr>\n<tr>\n<td> Spetsifikatsioon:<\/td>\n<td> SGS\/Rohs\/ISO<\/td>\n<\/tr>\n<tr>\n<td> HS-kood:<\/td>\n<td> 7604299000<\/td>\n<\/tr>\n<\/tbody>\n<\/table>\n<h2>Meie tootmisbaas<\/h2>\n<h3>Tehase panoraam<\/h3>\n<p><img decoding=\"async\" src=\"\/wp-content\/uploads\/factory-01.webp\"\/><\/p>\n<h3>Alumiiniumvarraste tootmise t\u00f6\u00f6koda<\/h3>\n<p><img decoding=\"async\" src=\"\/wp-content\/uploads\/factory-02.webp\"\/><\/p>\n<p><img decoding=\"async\" src=\"\/wp-content\/uploads\/factory-03.webp\"\/><\/p>\n<h3>hallituse ladustamise ladu<\/h3>\n<p><img decoding=\"async\" src=\"\/wp-content\/uploads\/factory-04.webp\"\/><\/p>\n<h3>43 alumiiniumi ekstrusiooniliini (500-5500 tonni)<\/h3>\n<p><img decoding=\"async\" src=\"\/wp-content\/uploads\/factory-05.webp\"\/><\/p>\n<p><img decoding=\"async\" src=\"\/wp-content\/uploads\/factory-06.webp\"\/><\/p>\n<p><img decoding=\"async\" src=\"\/wp-content\/uploads\/factory-07.webp\"\/><\/p>\n<h3>Pulberv\u00e4rvimise t\u00f6\u00f6koda<\/h3>\n<p><img decoding=\"async\" src=\"\/wp-content\/uploads\/factory-09.webp\"\/><\/p>\n<h3>Anodiseerimise t\u00f6\u00f6koda<\/h3>\n<p><img decoding=\"async\" src=\"\/wp-content\/uploads\/factory-10.webp\"\/><\/p>\n<h3>S\u00fcgavt\u00f6\u00f6tlemise t\u00f6\u00f6tuba<\/h3>\n<p><img decoding=\"async\" src=\"\/wp-content\/uploads\/factory-11.webp\"\/><\/p>\n<h3>CNC-t\u00e4ppist\u00f6\u00f6tlemise t\u00f6\u00f6koda<\/h3>\n<p><img decoding=\"async\" src=\"\/wp-content\/uploads\/factory-11.5.webp\"\/><\/p>\n<h3>Valmistoodete ja ekspordi ladu<\/h3>\n<p><img decoding=\"async\" src=\"\/wp-content\/uploads\/factory-12.webp\"\/><\/p>\n<p><img decoding=\"async\" src=\"\/wp-content\/uploads\/factory-13.webp\"\/><\/p>\n<p><img decoding=\"async\" src=\"\/wp-content\/uploads\/factory-14.webp\"\/><\/p>\n<h2>KKK<\/h2>\n<p><p><b>1.Milleks kasutatakse alumiiniumprofiiliga t\u00f6\u00f6pinki?<\/b><\/p>\n<p>Alumiiniumprofiiliga t\u00f6\u00f6pinki kasutatakse kohandatud ja vastupidavate t\u00f6\u00f6kohtade loomiseks t\u00f6\u00f6stus-, tootmis- ja t\u00f6\u00f6keskkondades, mis pakuvad paindlikkust ja tugevust.<br \/>\n<\/p><br \/>\n<br \/>\n<p><b>2.Miks valida alumiiniumprofiiliga t\u00f6\u00f6pink traditsiooniliste t\u00f6\u00f6pinkide asemel?<\/b><\/p>\n<p>Alumiiniumprofiiliga t\u00f6\u00f6pink pakub kerget, vastupidavat ja modulaarset lahendust, mis muudab selle kohandamise ja \u00fcmberkonfigureerimise lihtsamaks v\u00f5rreldes traditsiooniliste puidust v\u00f5i terasest t\u00f6\u00f6pinkidega.<br \/>\n<\/p><br \/>\n<br \/>\n<p><b>3.Kuidas on alumiiniumprofiiliga t\u00f6\u00f6laua modulaarne konstruktsioon kasutajatele kasulik?<\/b><\/p>\n<p>Modulaarne konstruktsioon v\u00f5imaldab kasutajatel h\u00f5lpsasti kohandada ja kohandada t\u00f6\u00f6pinki vastavalt oma konkreetsetele vajadustele, tagades paindliku ja funktsionaalse t\u00f6\u00f6ruumi.<br \/>\n<\/p><br \/>\n<br \/>\n<p><b>4.Kas alumiiniumprofiiliga t\u00f6\u00f6laud on korrosioonikindel?<\/b><\/p>\n<p>Jah, t\u00f6\u00f6laua alumiiniummaterjal on korrosioonikindel, mist\u00f5ttu sobib see kasutamiseks k\u00f5rge niiskuse v\u00f5i kemikaalidega kokkupuute keskkonnas.<br \/>\n<\/p><br \/>\n<br \/>\n<p><b>5.Kas alumiiniumprofiili t\u00f6\u00f6pinki saab kohandada?<\/b><\/p>\n<p>Jah, alumiiniumprofiiliga t\u00f6\u00f6pinki saab suuruse, kuju ja paigutuse poolest kohandada vastavalt konkreetsetele t\u00f6\u00f6ruumi n\u00f5uetele, pakkudes maksimaalset paindlikkust erinevate rakenduste jaoks.<br \/>\n<\/p><br \/>\n<br \/>\n<p><b>6.Kui kaua kestab alumiiniumprofiiliga t\u00f6\u00f6laud?<\/b><\/p>\n<p>Alumiiniumprofiiliga t\u00f6\u00f6laud on m\u00f5eldud pikaajaliseks vastupidavuseks, korrosioonikindlate omadustega ja tugeva konstruktsiooniga, mis tagab, et see peab vastu pika aja jooksul ka raskele kasutamisele.<br \/>\n<\/p><br \/>\n<br \/>\n<p><b>7.Milliseid lisaseadmeid saab alumiiniumprofiiliga t\u00f6\u00f6lauale lisada?<\/b><\/p>\n<p>T\u00f6\u00f6lauale saab integreerida mitmesuguseid lisaseadmeid, nagu riiulid, t\u00f6\u00f6riistahoidjad, sahtlid ja kaablijuhtimiss\u00fcsteemid, et suurendada selle funktsionaalsust ja organiseeritust.<br \/>\n<\/p><br \/><\/p>","protected":false},"featured_media":8299,"template":"","categories":[54],"class_list":["post-8300","product","type-product","status-publish","has-post-thumbnail","hentry","category-industrial-aluminum-profiles"],"meta_box":{"hilight_text_group":{"product_hilight_text":"<li>Aluminium Profile Workbench provides a customizable and durable solution for various industrial and workshop environments.<\/li>\r\r\n<li>Lightweight yet strong aluminum profiles ensure high load-bearing capacity without added weight.<\/li>\r\r\n<li>Corrosion-resistant material guarantees long-term performance in challenging environments.<\/li>\r\r\n<li>Modular design allows for easy assembly, adjustment, and expansion to meet specific workspace needs.<\/li>\r\r\n<li>Compatible with a wide range of accessories for added functionality and organization.<\/li>","product_chanpin_blog":"<ul>\r\r\n<li><a href=\"https:\/\/sinoextrud.com\/t-slot-v-slot-differences\/\" target=\"_blank\">t slot vs v slot<\/a><\/li>\r\r\n<li><a href=\"https:\/\/sinoextrud.com\/what-is-4040-aluminium-extrud\/\" target=\"_blank\">4040 aluminium extrusion<\/a><\/li>\r\r\n<li><a href=\"https:\/\/sinoextrud.com\/what-is-4040-aluminium-extrud\/\" target=\"_blank\">aluminum extrusions for industrial racks<\/a><\/li>\r\r\n<li><a href=\"https:\/\/sinoextrud.com\/powder-coating-aluminium-process\/\" target=\"_blank\">powder coating aluminium<\/a><\/li>\r\r\n<li><a href=\"https:\/\/sinoextrud.com\/what-is-an-aluminium-strip-ceiling\/\" target=\"_blank\">aluminium strip ceiling<\/a><\/li>\r\r\n<li><a href=\"https:\/\/sinoextrud.com\/what-is-a-heat-sink\/\" target=\"_blank\">what is a heat sink<\/a><\/li>\r\r\n<\/ul>","product_chanpin_chanpin":"<li><a href=\"https:\/\/sinoextrud.com\/product\/aluminium-extrusion-case\/\" target=\"_blank\">Aluminium Extrusion Case<\/a><\/li>\r\n<li><a href=\"https:\/\/sinoextrud.com\/product\/aluminium-extrusion-moulding\/\" target=\"_blank\">Aluminium Extrusion Moulding<\/a><\/li>\r\n<li><a href=\"https:\/\/sinoextrud.com\/product\/aluminium-profile-case\/\" target=\"_blank\">Aluminium Profile Case<\/a><\/li>\r\n<li><a href=\"https:\/\/sinoextrud.com\/product\/aluminium-profile-for-clean-room\/\" target=\"_blank\">Aluminium Profile For Clean Room<\/a><\/li>\r\n<li><a href=\"https:\/\/sinoextrud.com\/product\/aluminium-profile-workbench\/\" target=\"_blank\">Aluminium Profile Workbench<\/a><\/li>\r\n<li><a href=\"https:\/\/sinoextrud.com\/product\/aluminium-roof-rack-extrusions\/\" target=\"_blank\">Aluminium Roof Rack Extrusions<\/a><\/li>\r\n<li><a href=\"https:\/\/sinoextrud.com\/product\/aluminium-seamless-pipe\/\" target=\"_blank\">Aluminium Seamless Pipe<\/a><\/li>\r\n<li><a href=\"https:\/\/sinoextrud.com\/product\/aluminum-alloy-section\/\" target=\"_blank\">Aluminum Alloy Section<\/a><\/li>\r\n<li><a href=\"https:\/\/sinoextrud.com\/product\/aluminum-balustrade-handrail\/\" target=\"_blank\">Aluminum Balustrade Handrail<\/a><\/li>\r\n<li><a href=\"https:\/\/sinoextrud.com\/product\/industrial-aluminum-extrusion\/\" target=\"_blank\">Industrial Aluminum Extrusion<\/a><\/li>\r\n<li><a href=\"https:\/\/sinoextrud.com\/product\/aluminum-cabinet-door-extrusion\/\" target=\"_blank\">Aluminum Cabinet Door Extrusion<\/a><\/li>"},"feature_list":[]},"_links":{"self":[{"href":"https:\/\/sinoextrud.com\/et\/wp-json\/wp\/v2\/product\/8300","targetHints":{"allow":["GET"]}}],"collection":[{"href":"https:\/\/sinoextrud.com\/et\/wp-json\/wp\/v2\/product"}],"about":[{"href":"https:\/\/sinoextrud.com\/et\/wp-json\/wp\/v2\/types\/product"}],"wp:featuredmedia":[{"embeddable":true,"href":"https:\/\/sinoextrud.com\/et\/wp-json\/wp\/v2\/media\/8299"}],"wp:attachment":[{"href":"https:\/\/sinoextrud.com\/et\/wp-json\/wp\/v2\/media?parent=8300"}],"wp:term":[{"taxonomy":"category","embeddable":true,"href":"https:\/\/sinoextrud.com\/et\/wp-json\/wp\/v2\/categories?post=8300"}],"curies":[{"name":"wp","href":"https:\/\/api.w.org\/{rel}","templated":true}]}}