{"id":8298,"date":"2025-06-15T06:01:26","date_gmt":"2025-06-15T06:01:26","guid":{"rendered":"https:\/\/sinoextrud.com\/product\/aluminium-profile-for-clean-room\/"},"modified":"2025-06-24T06:23:31","modified_gmt":"2025-06-24T06:23:31","slug":"alumiiniumprofiil-puhta-ruumi-jaoks","status":"publish","type":"product","link":"https:\/\/sinoextrud.com\/et\/product\/aluminium-profile-for-clean-room\/","title":{"rendered":"Alumiiniumprofiil puhta ruumi jaoks"},"content":{"rendered":"<h2>Toodete \u00fcksikasjad<\/h2>\n<table class=\"custom-table\">\n<tr>\n<td class=\"label\">Nimi<\/td>\n<td>Alumiiniumprofiil puhta ruumi jaoks<\/td>\n<\/tr>\n<\/table>\n<h2>Meie tootmisbaas<\/h2>\n<h3>Tehase panoraam<\/h3>\n<p><img decoding=\"async\" src=\"\/wp-content\/uploads\/factory-01.webp\"\/><\/p>\n<h3>Alumiiniumvarraste tootmise t\u00f6\u00f6koda<\/h3>\n<p><img decoding=\"async\" src=\"\/wp-content\/uploads\/factory-02.webp\"\/><\/p>\n<p><img decoding=\"async\" src=\"\/wp-content\/uploads\/factory-03.webp\"\/><\/p>\n<h3>hallituse ladustamise ladu<\/h3>\n<p><img decoding=\"async\" src=\"\/wp-content\/uploads\/factory-04.webp\"\/><\/p>\n<h3>43 alumiiniumi ekstrusiooniliini (500-5500 tonni)<\/h3>\n<p><img decoding=\"async\" src=\"\/wp-content\/uploads\/factory-05.webp\"\/><\/p>\n<p><img decoding=\"async\" src=\"\/wp-content\/uploads\/factory-06.webp\"\/><\/p>\n<p><img decoding=\"async\" src=\"\/wp-content\/uploads\/factory-07.webp\"\/><\/p>\n<h3>Pulberv\u00e4rvimise t\u00f6\u00f6koda<\/h3>\n<p><img decoding=\"async\" src=\"\/wp-content\/uploads\/factory-09.webp\"\/><\/p>\n<h3>Anodiseerimise t\u00f6\u00f6koda<\/h3>\n<p><img decoding=\"async\" src=\"\/wp-content\/uploads\/factory-10.webp\"\/><\/p>\n<h3>S\u00fcgavt\u00f6\u00f6tlemise t\u00f6\u00f6tuba<\/h3>\n<p><img decoding=\"async\" src=\"\/wp-content\/uploads\/factory-11.webp\"\/><\/p>\n<h3>CNC-t\u00e4ppist\u00f6\u00f6tlemise t\u00f6\u00f6koda<\/h3>\n<p><img decoding=\"async\" src=\"\/wp-content\/uploads\/factory-11.5.webp\"\/><\/p>\n<h3>Valmistoodete ja ekspordi ladu<\/h3>\n<p><img decoding=\"async\" src=\"\/wp-content\/uploads\/factory-12.webp\"\/><\/p>\n<p><img decoding=\"async\" src=\"\/wp-content\/uploads\/factory-13.webp\"\/><\/p>\n<p><img decoding=\"async\" src=\"\/wp-content\/uploads\/factory-14.webp\"\/><\/p>\n<h2>KKK<\/h2>\n<p><p><b>1.Milleks kasutatakse alumiiniumprofiili puhaste ruumide jaoks?<\/b><\/p>\n<p>Puhaste ruumide alumiiniumprofiili kasutatakse raamide, tugede ja korpuste loomiseks kontrollitud keskkonnas, pakkudes vastupidavust ja kaitset puhaste ruumide rakenduste jaoks.<br \/>\n<\/p><br \/>\n<br \/>\n<p><b>2.Miks on korrosioonikindlus puhasruumiprofiilide puhul oluline?<\/b><\/p>\n<p>Korrosioonikindlus aitab tagada, et profiilid s\u00e4ilitavad oma terviklikkuse ja j\u00f5udluse aja jooksul, v\u00e4ltides saastumist ja lagunemist puhasruumi keskkonnas.<br \/>\n<\/p><br \/>\n<br \/>\n<p><b>3.Kuidas aitab alumiiniumprofiil puhaste ruumide jaoks puhtust tagada?<\/b><\/p>\n<p>Alumiiniumprofiilide sile, kergesti puhastatav pind aitab s\u00e4ilitada k\u00f5rgeid h\u00fcgieenistandardeid, tagades puhtates ruumides saastevaba keskkonna.<br \/>\n<\/p><br \/>\n<br \/>\n<p><b>4.Kas alumiiniumprofiilid puhaste ruumide jaoks on v\u00f5imalik kohandada konkreetsete rakenduste jaoks?<\/b><\/p>\n<p>Jah, puhta ruumi alumiiniumprofiile saab kohandada eri suurustele ja konfiguratsioonidele, pakkudes paindlikkust konkreetsete projekti vajaduste rahuldamiseks.<br \/>\n<\/p><br \/>\n<br \/>\n<p><b>5. millistele t\u00f6\u00f6stusharudele on alumiiniumprofiilid puhaste ruumide jaoks kasulikud?<\/b><\/p>\n<p>Sellised t\u00f6\u00f6stusharud nagu farmaatsiat\u00f6\u00f6stus, elektroonika, lennundus ja biotehnoloogia saavad alumiiniumprofiilidest puhastesse ruumidesse kasu nende t\u00e4psuse, vastupidavuse ja puhtuse t\u00f5ttu.<br \/>\n<\/p><br \/>\n<br \/>\n<p><b>6.Kuidas parandab alumiiniumprofiilide t\u00e4ppisehitus puhta ruumi j\u00f5udlust?<\/b><\/p>\n<p>T\u00e4ppistehnika tagab, et profiilid sobituvad kindlalt kokku, v\u00e4hendades t\u00fchimikke ja aidates s\u00e4ilitada tundlikeks toiminguteks vajalikku kontrollitud keskkonda.<br \/>\n<\/p><br \/>\n<br \/>\n<p><b>7.Kui kaua kestab alumiiniumprofiil puhaste ruumide jaoks?<\/b><\/p>\n<p>Alumiiniumprofiil puhaste ruumide jaoks on kavandatud pikaajaliseks kasutamiseks, pakkudes suurep\u00e4rast vastupidavust ja korrosioonikindlust, mist\u00f5ttu on see ideaalne pidevaks kasutamiseks puhtates ruumides.<br \/>\n<\/p><br \/><\/p>","protected":false},"featured_media":8297,"template":"","categories":[54],"class_list":["post-8298","product","type-product","status-publish","has-post-thumbnail","hentry","category-industrial-aluminum-profiles"],"meta_box":{"hilight_text_group":{"product_hilight_text":"<li>Aluminium Profile for Clean Rooms is designed for high durability and performance in controlled environments.<\/li>\r\r\n<li>Corrosion-resistant properties ensure long-lasting protection and reliability in clean room conditions.<\/li>\r\r\n<li>Precision-engineered profiles create secure and effective enclosures for sensitive equipment and processes.<\/li>\r\r\n<li>Easy to clean and maintain, helping to meet stringent hygiene standards in clean rooms.<\/li>\r\r\n<li>Customizable designs to fit various clean room requirements, providing flexibility for different applications.<\/li>","product_chanpin_blog":"<ul>\r\r\n<li><a href=\"https:\/\/sinoextrud.com\/t-slot-v-slot-differences\/\" target=\"_blank\">t slot vs v slot<\/a><\/li>\r\r\n<li><a href=\"https:\/\/sinoextrud.com\/what-is-4040-aluminium-extrud\/\" target=\"_blank\">4040 aluminium extrusion<\/a><\/li>\r\r\n<li><a href=\"https:\/\/sinoextrud.com\/what-is-4040-aluminium-extrud\/\" target=\"_blank\">aluminum extrusions for industrial racks<\/a><\/li>\r\r\n<li><a href=\"https:\/\/sinoextrud.com\/powder-coating-aluminium-process\/\" target=\"_blank\">powder coating aluminium<\/a><\/li>\r\r\n<li><a href=\"https:\/\/sinoextrud.com\/what-is-an-aluminium-strip-ceiling\/\" target=\"_blank\">aluminium strip ceiling<\/a><\/li>\r\r\n<li><a href=\"https:\/\/sinoextrud.com\/what-is-a-heat-sink\/\" target=\"_blank\">what is a heat sink<\/a><\/li>\r\r\n<\/ul>","product_chanpin_chanpin":"<li><a href=\"https:\/\/sinoextrud.com\/product\/aerospace-aluminum-extrusions\/\" target=\"_blank\">Aerospace Aluminum Extrusions<\/a><\/li>\r\n<li><a href=\"https:\/\/sinoextrud.com\/product\/aluminium-extrusion-case\/\" target=\"_blank\">Aluminium Extrusion Case<\/a><\/li>\r\n<li><a href=\"https:\/\/sinoextrud.com\/product\/aluminium-extrusion-moulding\/\" target=\"_blank\">Aluminium Extrusion Moulding<\/a><\/li>\r\n<li><a href=\"https:\/\/sinoextrud.com\/product\/aluminium-profile-case\/\" target=\"_blank\">Aluminium Profile Case<\/a><\/li>\r\n<li><a href=\"https:\/\/sinoextrud.com\/product\/aluminium-profile-for-clean-room\/\" target=\"_blank\">Aluminium Profile For Clean Room<\/a><\/li>\r\n<li><a href=\"https:\/\/sinoextrud.com\/product\/aluminium-profile-workbench\/\" target=\"_blank\">Aluminium Profile Workbench<\/a><\/li>\r\n<li><a href=\"https:\/\/sinoextrud.com\/product\/aluminium-roof-rack-extrusions\/\" target=\"_blank\">Aluminium Roof Rack Extrusions<\/a><\/li>\r\n<li><a href=\"https:\/\/sinoextrud.com\/product\/aluminium-seamless-pipe\/\" target=\"_blank\">Aluminium Seamless Pipe<\/a><\/li>\r\n<li><a href=\"https:\/\/sinoextrud.com\/product\/aluminum-alloy-section\/\" target=\"_blank\">Aluminum Alloy Section<\/a><\/li>\r\n<li><a href=\"https:\/\/sinoextrud.com\/product\/anodized-extruded-aluminium-glazing-profiles\/\" target=\"_blank\">Anodized Extruded Aluminium Glazing Profiles<\/a><\/li>\r\n<li><a href=\"https:\/\/sinoextrud.com\/product\/aluminium-extrusions-for-heavy-duty-surface-mounted-recessed-led-strip-light-channel\/\" target=\"_blank\">Aluminium extrusions for heavy duty surface mounted recessed LED strip light channel<\/a><\/li>"},"feature_list":[]},"_links":{"self":[{"href":"https:\/\/sinoextrud.com\/et\/wp-json\/wp\/v2\/product\/8298","targetHints":{"allow":["GET"]}}],"collection":[{"href":"https:\/\/sinoextrud.com\/et\/wp-json\/wp\/v2\/product"}],"about":[{"href":"https:\/\/sinoextrud.com\/et\/wp-json\/wp\/v2\/types\/product"}],"wp:featuredmedia":[{"embeddable":true,"href":"https:\/\/sinoextrud.com\/et\/wp-json\/wp\/v2\/media\/8297"}],"wp:attachment":[{"href":"https:\/\/sinoextrud.com\/et\/wp-json\/wp\/v2\/media?parent=8298"}],"wp:term":[{"taxonomy":"category","embeddable":true,"href":"https:\/\/sinoextrud.com\/et\/wp-json\/wp\/v2\/categories?post=8298"}],"curies":[{"name":"wp","href":"https:\/\/api.w.org\/{rel}","templated":true}]}}