{"id":8283,"date":"2025-06-14T06:49:44","date_gmt":"2025-06-14T06:49:44","guid":{"rendered":"https:\/\/sinoextrud.com\/product\/aluminium-extrusion-moulding\/"},"modified":"2025-06-24T06:23:30","modified_gmt":"2025-06-24T06:23:30","slug":"alumiiniumi-ekstrusioonivalu","status":"publish","type":"product","link":"https:\/\/sinoextrud.com\/et\/product\/aluminium-extrusion-moulding\/","title":{"rendered":"Alumiiniumi ekstrusioonivalu"},"content":{"rendered":"<h2>Toodete \u00fcksikasjad<\/h2>\n<table class=\"custom-table\">\n<tbody>\n<tr>\n<td> Mudel nr.<\/td>\n<td> 6000-seeria<\/td>\n<td> Pinna viimistlemine<\/td>\n<td> Pinna viimistlemine<\/td>\n<\/tr>\n<tr>\n<td> Legeeriv koostisosa<\/td>\n<td> 6063-T5, 6061-T6, 6463-T5, 7075-T6, 6082.<\/td>\n<td> Sertifitseerimine<\/td>\n<td> CE, SONCAP, ISO, CIQ, RoHS, TUV<\/td>\n<\/tr>\n<tr>\n<td> Poleeritud alumiiniumprofiil<\/td>\n<td> Mehhaaniline poleerimine<\/td>\n<td> Tarneaeg<\/td>\n<td> 20 p\u00e4eva p\u00e4rast hoiuse saamist<\/td>\n<\/tr>\n<tr>\n<td> Standard<\/td>\n<td> GB\/75237-2004, Q\/320281\/Pdwd-2008<\/td>\n<td> Makset\u00e4htaeg<\/td>\n<td> T \/ T, 30% ettemaks, samas kui saldo tuleb maksta<\/td>\n<\/tr>\n<tr>\n<td> Sadam<\/td>\n<td> Shenzhen, Guangzhou, Foshan<\/td>\n<td> Garantii<\/td>\n<td> Pinna v\u00e4rvus suudab s\u00e4ilitada 10 ~ 20 aastat F<\/td>\n<\/tr>\n<tr>\n<td> V\u00e4rvid<\/td>\n<td> Anodeeritud, puidumass, pulberv\u00e4rvimine<\/td>\n<td> Punkti<\/td>\n<td> Alumiiniumprofiilide ekstrusioonid<\/td>\n<\/tr>\n<tr>\n<td> MOQ<\/td>\n<td> 200KG iga eseme kohta<\/td>\n<td> S\u00fcgav protsess<\/td>\n<td> CNC, puurimine, freesimine, l\u00f5ikamine, keevitamine, painutamine<\/td>\n<\/tr>\n<tr>\n<td> Kaubam\u00e4rk<\/td>\n<td> OEM<\/td>\n<td> Transpordipakett<\/td>\n<td> Plastkile v\u00f5i pol\u00fckott, veekindel k\u00e4sit\u00f6\u00f6paber<\/td>\n<\/tr>\n<tr>\n<td> Spetsifikatsioon<\/td>\n<td> 1-9m v\u00f5i kohandatud suurus<\/td>\n<td> P\u00e4ritolu<\/td>\n<td> Foshan, Hiina<\/td>\n<\/tr>\n<tr>\n<td> 1-9m v\u00f5i kohandatud suurus<\/td>\n<td> 76042100<\/td>\n<td> Pinnat\u00f6\u00f6tlus<\/td>\n<td> pulberv\u00e4rvimine, elektroforees, puidumass, anodeeritud, harjatud, poleerimine<\/td>\n<\/tr>\n<\/tbody>\n<\/table>\n<h2>Meie tootmisbaas<\/h2>\n<h3>Tehase panoraam<\/h3>\n<p><img decoding=\"async\" src=\"\/wp-content\/uploads\/factory-01.webp\"\/><\/p>\n<h3>Alumiiniumvarraste tootmise t\u00f6\u00f6koda<\/h3>\n<p><img decoding=\"async\" src=\"\/wp-content\/uploads\/factory-02.webp\"\/><\/p>\n<p><img decoding=\"async\" src=\"\/wp-content\/uploads\/factory-03.webp\"\/><\/p>\n<h3>hallituse ladustamise ladu<\/h3>\n<p><img decoding=\"async\" src=\"\/wp-content\/uploads\/factory-04.webp\"\/><\/p>\n<h3>43 alumiiniumi ekstrusiooniliini (500-5500 tonni)<\/h3>\n<p><img decoding=\"async\" src=\"\/wp-content\/uploads\/factory-05.webp\"\/><\/p>\n<p><img decoding=\"async\" src=\"\/wp-content\/uploads\/factory-06.webp\"\/><\/p>\n<p><img decoding=\"async\" src=\"\/wp-content\/uploads\/factory-07.webp\"\/><\/p>\n<h3>Pulberv\u00e4rvimise t\u00f6\u00f6koda<\/h3>\n<p><img decoding=\"async\" src=\"\/wp-content\/uploads\/factory-09.webp\"\/><\/p>\n<h3>Anodiseerimise t\u00f6\u00f6koda<\/h3>\n<p><img decoding=\"async\" src=\"\/wp-content\/uploads\/factory-10.webp\"\/><\/p>\n<h3>S\u00fcgavt\u00f6\u00f6tlemise t\u00f6\u00f6tuba<\/h3>\n<p><img decoding=\"async\" src=\"\/wp-content\/uploads\/factory-11.webp\"\/><\/p>\n<h3>CNC-t\u00e4ppist\u00f6\u00f6tlemise t\u00f6\u00f6koda<\/h3>\n<p><img decoding=\"async\" src=\"\/wp-content\/uploads\/factory-11.5.webp\"\/><\/p>\n<h3>Valmistoodete ja ekspordi ladu<\/h3>\n<p><img decoding=\"async\" src=\"\/wp-content\/uploads\/factory-12.webp\"\/><\/p>\n<p><img decoding=\"async\" src=\"\/wp-content\/uploads\/factory-13.webp\"\/><\/p>\n<p><img decoding=\"async\" src=\"\/wp-content\/uploads\/factory-14.webp\"\/><\/p>\n<h2>KKK<\/h2>\n<p><p><b>1.Mis teeb alumiiniumist ekstrusioonivalu ideaalseks kohandatud profiilide ja detailide jaoks? <\/b><\/p>\n<p> Alumiiniumi ekstrusioonivalu pakub suurt t\u00e4psust ja paindlikkust, mis v\u00f5imaldab luua kohandatud kujundeid ja profiile, mis vastavad konkreetsetele disainivajadustele.<br \/>\n<\/p><br \/>\n<br \/>\n<p><b>2.Kas alumiiniumist ekstrusioonivalu saab kohandada? <\/b><\/p>\n<p> Jah, alumiiniumi ekstrusioonivalu saab kohandada suuruse, kuju ja viimistluse poolest, et vastata erinevate t\u00f6\u00f6stuslike rakenduste ainulaadsetele n\u00f5uetele.<br \/>\n<\/p><br \/>\n<br \/>\n<p><b>3.Kui vastupidav on alumiiniumist ekstrusioonvalu? <\/b><\/p>\n<p> Alumiiniumist ekstrusioonvalu on t\u00e4nu oma korrosioonikindlatele omadustele v\u00e4ga vastupidav, tagades pikaajalise toimivuse erinevates keskkondades.<br \/>\n<\/p><br \/>\n<br \/>\n<p><b>4.Millised t\u00f6\u00f6stusharud saavad kasu alumiiniumist ekstrusioonivalust? <\/b><\/p>\n<p> Sellised t\u00f6\u00f6stusharud nagu autot\u00f6\u00f6stus, ehitus, elektroonika ja tootmine saavad alumiiniumi ekstrusioonivalmistamisest kasu kohandatud detailide ja profiilide loomiseks.<br \/>\n<\/p><br \/>\n<br \/>\n<p><b>5.Kas alumiiniumi ekstrusioonivalu on kuluefektiivne? <\/b><\/p>\n<p> Jah, see on kuluefektiivne protsess, eriti suurte tootmismahtude puhul, pakkudes \u00fchtlast kvaliteeti ja v\u00e4hendades tootmiskulusid.<br \/>\n<\/p><br \/>\n<br \/>\n<p><b>6.Kuidas parandab alumiiniumi ekstrusioonvalu disaini paindlikkust? <\/b><\/p>\n<p> Ekstrusiooniprotsess v\u00f5imaldab luua keerulisi kujundeid ja profiile, pakkudes paindlikkust disainis, s\u00e4ilitades samal ajal struktuurilise terviklikkuse.<br \/>\n<\/p><br \/>\n<br \/>\n<p><b>7.Kas alumiiniumi ekstrusioonivalu on keskkonnas\u00f5bralik? <\/b><\/p>\n<p> Jah, alumiinium on t\u00e4ielikult taaskasutatav, mis teeb sellest keskkonnas\u00f5braliku v\u00f5imaluse eri rakenduste kohandatud detailide ja profiilide loomiseks.<br \/>\n<\/p><br \/><\/p>","protected":false},"featured_media":8282,"template":"","categories":[54],"class_list":["post-8283","product","type-product","status-publish","has-post-thumbnail","hentry","category-industrial-aluminum-profiles"],"meta_box":{"hilight_text_group":{"product_hilight_text":"<li>High-precision aluminium extrusion moulding for custom-designed profiles and parts<\/li>\r\r\n<li>Corrosion-resistant, ensuring long-lasting performance in various industrial environments<\/li>\r\r\n<li>Cost-effective production process for high-volume manufacturing with consistent quality<\/li>\r\r\n<li>Customizable designs, sizes, and finishes to meet specific project requirements<\/li>\r\r\n<li>Lightweight yet durable, offering strength without adding excessive weight<\/li>\r\r\n<li>Efficient for creating complex shapes and profiles, ideal for a wide range of applications<\/li>\r\r\n<li>Environmentally friendly, made from recyclable aluminum material<\/li>","product_chanpin_blog":"<ul>\r\r\n<li><a href=\"https:\/\/sinoextrud.com\/t-slot-v-slot-differences\/\" target=\"_blank\">t slot vs v slot<\/a><\/li>\r\r\n<li><a href=\"https:\/\/sinoextrud.com\/what-is-4040-aluminium-extrud\/\" target=\"_blank\">4040 aluminium extrusion<\/a><\/li>\r\r\n<li><a href=\"https:\/\/sinoextrud.com\/what-is-4040-aluminium-extrud\/\" target=\"_blank\">aluminum extrusions for industrial racks<\/a><\/li>\r\r\n<li><a href=\"https:\/\/sinoextrud.com\/powder-coating-aluminium-process\/\" target=\"_blank\">powder coating aluminium<\/a><\/li>\r\r\n<li><a href=\"https:\/\/sinoextrud.com\/what-is-an-aluminium-strip-ceiling\/\" target=\"_blank\">aluminium strip ceiling<\/a><\/li>\r\r\n<li><a href=\"https:\/\/sinoextrud.com\/what-is-a-heat-sink\/\" target=\"_blank\">what is a heat sink<\/a><\/li>\r\r\n<\/ul>","product_chanpin_chanpin":"<li><a href=\"https:\/\/sinoextrud.com\/product\/6061-aluminum-price-per-pound-best-quality-anodized-t-slot-aluminum-profile-extrusion-framing-track\/\" target=\"_blank\">6061 aluminum price per pound best quality anodized t-slot aluminum profile extrusion framing track<\/a><\/li>\r\n<li><a href=\"https:\/\/sinoextrud.com\/product\/6061-t5-l-shape-aluminum-profile-bar-customized-40x40-extruded-aluminum-angle-profile\/\" target=\"_blank\">6061-t5 L Shape Aluminum Profile Bar Customized 40\u00c3\u201440 Extruded Aluminum Angle Profile<\/a><\/li>\r\n<li><a href=\"https:\/\/sinoextrud.com\/product\/aerospace-aluminum-extrusions\/\" target=\"_blank\">Aerospace Aluminum Extrusions<\/a><\/li>\r\n<li><a href=\"https:\/\/sinoextrud.com\/product\/aluminium-extrusion-case\/\" target=\"_blank\">Aluminium Extrusion Case<\/a><\/li>\r\n<li><a href=\"https:\/\/sinoextrud.com\/product\/aluminium-extrusion-moulding\/\" target=\"_blank\">Aluminium Extrusion Moulding<\/a><\/li>\r\n<li><a href=\"https:\/\/sinoextrud.com\/product\/aluminium-profile-case\/\" target=\"_blank\">Aluminium Profile Case<\/a><\/li>\r\n<li><a href=\"https:\/\/sinoextrud.com\/product\/aluminium-profile-for-clean-room\/\" target=\"_blank\">Aluminium Profile For Clean Room<\/a><\/li>\r\n<li><a href=\"https:\/\/sinoextrud.com\/product\/aluminium-profile-workbench\/\" target=\"_blank\">Aluminium Profile Workbench<\/a><\/li>\r\n<li><a href=\"https:\/\/sinoextrud.com\/product\/aluminium-roof-rack-extrusions\/\" target=\"_blank\">Aluminium Roof Rack Extrusions<\/a><\/li>\r\n<li><a href=\"https:\/\/sinoextrud.com\/product\/aluminium-profile-material\/\" target=\"_blank\">Aluminium Profile Material<\/a><\/li>\r\n<li><a href=\"https:\/\/sinoextrud.com\/product\/extruded-aluminum-profile-aluminum-t-slot\/\" target=\"_blank\">Extruded Aluminum Profile Aluminum T Slot<\/a><\/li>"},"feature_list":[]},"_links":{"self":[{"href":"https:\/\/sinoextrud.com\/et\/wp-json\/wp\/v2\/product\/8283","targetHints":{"allow":["GET"]}}],"collection":[{"href":"https:\/\/sinoextrud.com\/et\/wp-json\/wp\/v2\/product"}],"about":[{"href":"https:\/\/sinoextrud.com\/et\/wp-json\/wp\/v2\/types\/product"}],"wp:featuredmedia":[{"embeddable":true,"href":"https:\/\/sinoextrud.com\/et\/wp-json\/wp\/v2\/media\/8282"}],"wp:attachment":[{"href":"https:\/\/sinoextrud.com\/et\/wp-json\/wp\/v2\/media?parent=8283"}],"wp:term":[{"taxonomy":"category","embeddable":true,"href":"https:\/\/sinoextrud.com\/et\/wp-json\/wp\/v2\/categories?post=8283"}],"curies":[{"name":"wp","href":"https:\/\/api.w.org\/{rel}","templated":true}]}}