{"id":8281,"date":"2025-06-14T06:48:33","date_gmt":"2025-06-14T06:48:33","guid":{"rendered":"https:\/\/sinoextrud.com\/product\/aluminium-extrusion-case\/"},"modified":"2025-06-24T06:23:29","modified_gmt":"2025-06-24T06:23:29","slug":"alumiiniumist-ekstrusiooni-puhul","status":"publish","type":"product","link":"https:\/\/sinoextrud.com\/et\/product\/aluminium-extrusion-case\/","title":{"rendered":"Alumiiniumist ekstrusiooni juhtum"},"content":{"rendered":"<h2>Toodete \u00fcksikasjad<\/h2>\n<table class=\"custom-table\">\n<tbody>\n<tr>\n<td> Nimi<\/td>\n<td> Alumiiniumist ekstrusioonikast<\/td>\n<\/tr>\n<tr>\n<td> Br\u00e4nd<\/td>\n<td> Sinoextrud\/<\/td>\n<\/tr>\n<tr>\n<td> Kategooria<\/td>\n<td> Alumiiniumi ekstrusioon \/ CNC t\u00f6\u00f6tlemine<\/td>\n<\/tr>\n<tr>\n<td> Materjal<\/td>\n<td> Alumiiniumsulam (6063, 6061, 6464, 6082), 1000 ja 3000 seeria on saadaval.<\/td>\n<\/tr>\n<tr>\n<td> Temper<\/td>\n<td> T5-T8<\/td>\n<\/tr>\n<tr>\n<td> Pikkus<\/td>\n<td> Vastavalt joonisele<\/td>\n<\/tr>\n<tr>\n<td> Suurus (mm)<\/td>\n<td> Saab l\u00f5igata vastavalt teie soovile.<\/td>\n<\/tr>\n<tr>\n<td> Kuju<\/td>\n<td> Kohandamine<\/td>\n<\/tr>\n<tr>\n<td> Pinnat\u00f6\u00f6tlus<\/td>\n<td> Power coating; Mill valmis, anodeeritud, liivapritsimine, Electrophoresis on ka saadaval<\/td>\n<\/tr>\n<tr>\n<td> V\u00e4rv<\/td>\n<td> H\u00f5be, must, kuld, Champange, pronks, punane. sinine ja me saame kohandada v\u00e4rve vastavalt klientide proovidele.<\/td>\n<\/tr>\n<tr>\n<td> Garantii<\/td>\n<td> BV , TUV ,ISO<\/td>\n<\/tr>\n<tr>\n<td> Standard<\/td>\n<td> Keskmine ja k\u00f5rge kvaliteet<\/td>\n<\/tr>\n<tr>\n<td> MOQ<\/td>\n<td> 200KGS iga eseme kohta<\/td>\n<\/tr>\n<tr>\n<td> Alates<\/td>\n<td> Guangdong, Hiina<\/td>\n<\/tr>\n<tr>\n<td> Taotlus<\/td>\n<td> T\u00f6\u00f6stus, elektrilised, mehaanilised seadmed, erinevad alumiiniumist korpused<\/td>\n<\/tr>\n<tr>\n<td> S\u00fcgav t\u00f6\u00f6tlemine<\/td>\n<td> L\u00f5ikamine, puurimine, mehaaniline t\u00f6\u00f6tlemine, stantsimine, painutamine, koputades jne.<\/td>\n<\/tr>\n<tr>\n<td> Pakett<\/td>\n<td> Seestpoolt kaitsekile, plastmassist kokkut\u00f5mbekile v\u00f5i PE-vaht. V\u00e4ljaspool karbi, kartongi v\u00f5i puitkarkassiga v\u00f5i kohandatud.<\/td>\n<\/tr>\n<tr>\n<td> Tarneaeg<\/td>\n<td> Vormi v\u00e4ljat\u00f6\u00f6tamine ja n\u00e4idise kujundamine on 12-18 p\u00e4eva, seej\u00e4rel tootmise kestus on 25-30 p\u00e4eva p\u00e4rast ostjalt tagatisraha saamist.<\/td>\n<\/tr>\n<tr>\n<td> Toote maht<\/td>\n<td> 15 000+ tonni \/ kuu<\/td>\n<\/tr>\n<\/tbody>\n<\/table>\n<h2>Meie tootmisbaas<\/h2>\n<h3>Tehase panoraam<\/h3>\n<p><img decoding=\"async\" src=\"\/wp-content\/uploads\/factory-01.webp\"\/><\/p>\n<h3>Alumiiniumvarraste tootmise t\u00f6\u00f6koda<\/h3>\n<p><img decoding=\"async\" src=\"\/wp-content\/uploads\/factory-02.webp\"\/><\/p>\n<p><img decoding=\"async\" src=\"\/wp-content\/uploads\/factory-03.webp\"\/><\/p>\n<h3>hallituse ladustamise ladu<\/h3>\n<p><img decoding=\"async\" src=\"\/wp-content\/uploads\/factory-04.webp\"\/><\/p>\n<h3>43 alumiiniumi ekstrusiooniliini (500-5500 tonni)<\/h3>\n<p><img decoding=\"async\" src=\"\/wp-content\/uploads\/factory-05.webp\"\/><\/p>\n<p><img decoding=\"async\" src=\"\/wp-content\/uploads\/factory-06.webp\"\/><\/p>\n<p><img decoding=\"async\" src=\"\/wp-content\/uploads\/factory-07.webp\"\/><\/p>\n<h3>Pulberv\u00e4rvimise t\u00f6\u00f6koda<\/h3>\n<p><img decoding=\"async\" src=\"\/wp-content\/uploads\/factory-09.webp\"\/><\/p>\n<h3>Anodiseerimise t\u00f6\u00f6koda<\/h3>\n<p><img decoding=\"async\" src=\"\/wp-content\/uploads\/factory-10.webp\"\/><\/p>\n<h3>S\u00fcgavt\u00f6\u00f6tlemise t\u00f6\u00f6tuba<\/h3>\n<p><img decoding=\"async\" src=\"\/wp-content\/uploads\/factory-11.webp\"\/><\/p>\n<h3>CNC-t\u00e4ppist\u00f6\u00f6tlemise t\u00f6\u00f6koda<\/h3>\n<p><img decoding=\"async\" src=\"\/wp-content\/uploads\/factory-11.5.webp\"\/><\/p>\n<h3>Valmistoodete ja ekspordi ladu<\/h3>\n<p><img decoding=\"async\" src=\"\/wp-content\/uploads\/factory-12.webp\"\/><\/p>\n<p><img decoding=\"async\" src=\"\/wp-content\/uploads\/factory-13.webp\"\/><\/p>\n<p><img decoding=\"async\" src=\"\/wp-content\/uploads\/factory-14.webp\"\/><\/p>\n<h2>KKK<\/h2>\n<p><p><b>1.Mis muudab alumiiniumist ekstrusioonikarbi elektrooniliste komponentide kaitseks sobivaks? <\/b><\/p>\n<p> Alumiiniumist pressitud korpused on tugevad, korrosioonikindlad ja pakuvad tundlikele elektroonikakomponentidele suurep\u00e4rast kaitset, mist\u00f5ttu on need ideaalsed elektroonikakarbid.<br \/>\n<\/p><br \/>\n<br \/>\n<p><b>2.Can alumiiniumist ekstrusiooni puhul saab kohandada? <\/b><\/p>\n<p> Jah, neid korpusi saab kohandada suuruse, kuju ja disaini poolest, et need vastaksid erinevate elektrooniliste rakenduste erin\u00f5uetele.<br \/>\n<\/p><br \/>\n<br \/>\n<p><b>3.Kui vastupidav on alumiiniumist ekstrusioonikast? <\/b><\/p>\n<p> See on t\u00e4nu oma korrosioonikindlatele omadustele v\u00e4ga vastupidav, tagades komponentide pikaajalise kaitse karmides tingimustes.<br \/>\n<\/p><br \/>\n<br \/>\n<p><b>4.Millised t\u00f6\u00f6stusharud saavad alumiiniumist ekstrusiooni puhul kasu? <\/b><\/p>\n<p> Sellised t\u00f6\u00f6stusharud nagu elektroonika, autot\u00f6\u00f6stus, telekommunikatsioon ja elektrivarustuss\u00fcsteemid saavad nendest korpustest kasu, et kaitsta tundlikke seadmeid.<br \/>\n<\/p><br \/>\n<br \/>\n<p><b>5.Kas alumiiniumist ekstrusioonikoda on lihtne paigaldada? <\/b><\/p>\n<p> Jah, need kastid on m\u00f5eldud lihtsaks kokkupanekuks ja muutmiseks, v\u00e4hendades seadistamisaega ja t\u00f6\u00f6j\u00f5ukulusid.<br \/>\n<\/p><br \/>\n<br \/>\n<p><b>6.Kuidas parandab alumiiniumist ekstrusioonikarp soojapidavust? <\/b><\/p>\n<p> Pressitud alumiiniumist konstruktsioon tagab t\u00f5husa soojuse hajutamise, tagades, et elektroonilised komponendid p\u00fcsivad optimaalses t\u00f6\u00f6temperatuurivahemikus.<br \/>\n<\/p><br \/>\n<br \/>\n<p><b>7.Kas alumiiniumist ekstrusioonikast on keskkonnas\u00f5bralik? <\/b><\/p>\n<p> Jah, alumiinium on t\u00e4ielikult taaskasutatav materjal, mis muudab pressitud korpuse keskkonnas\u00f5bralikuks valikuks erinevate t\u00f6\u00f6stuslike rakenduste jaoks.<br \/>\n<\/p><br \/><\/p>","protected":false},"featured_media":8280,"template":"","categories":[54],"class_list":["post-8281","product","type-product","status-publish","has-post-thumbnail","hentry","category-industrial-aluminum-profiles"],"meta_box":{"hilight_text_group":{"product_hilight_text":"<li>High-strength aluminium extrusion case for protecting sensitive electronic components<\/li>\r\r\n<li>Corrosion-resistant, ensuring long-lasting durability and reliability<\/li>\r\r\n<li>Customizable sizes and designs to meet specific project requirements<\/li>\r\r\n<li>Lightweight yet sturdy, providing excellent protection without adding excess weight<\/li>\r\r\n<li>Efficient thermal management, helping to dissipate heat and maintain optimal performance<\/li>\r\r\n<li>Easy to assemble and modify, reducing production and setup time<\/li>\r\r\n<li>Environmentally friendly, as aluminum is fully recyclable<\/li>","product_chanpin_blog":"<ul>\r\r\n<li><a href=\"https:\/\/sinoextrud.com\/t-slot-v-slot-differences\/\" target=\"_blank\">t slot vs v slot<\/a><\/li>\r\r\n<li><a href=\"https:\/\/sinoextrud.com\/what-is-4040-aluminium-extrud\/\" target=\"_blank\">4040 aluminium extrusion<\/a><\/li>\r\r\n<li><a href=\"https:\/\/sinoextrud.com\/what-is-4040-aluminium-extrud\/\" target=\"_blank\">aluminum extrusions for industrial racks<\/a><\/li>\r\r\n<li><a href=\"https:\/\/sinoextrud.com\/powder-coating-aluminium-process\/\" target=\"_blank\">powder coating aluminium<\/a><\/li>\r\r\n<li><a href=\"https:\/\/sinoextrud.com\/what-is-an-aluminium-strip-ceiling\/\" target=\"_blank\">aluminium strip ceiling<\/a><\/li>\r\r\n<li><a href=\"https:\/\/sinoextrud.com\/what-is-a-heat-sink\/\" target=\"_blank\">what is a heat sink<\/a><\/li>\r\r\n<\/ul>","product_chanpin_chanpin":"<li><a href=\"https:\/\/sinoextrud.com\/product\/6061-aluminum-extrusion-round-tube-for-industry\/\" target=\"_blank\">6061 Aluminum Extrusion Round Tube For Industry<\/a><\/li>\r\n<li><a href=\"https:\/\/sinoextrud.com\/product\/6061-aluminum-price-per-pound-best-quality-anodized-t-slot-aluminum-profile-extrusion-framing-track\/\" target=\"_blank\">6061 aluminum price per pound best quality anodized t-slot aluminum profile extrusion framing track<\/a><\/li>\r\n<li><a href=\"https:\/\/sinoextrud.com\/product\/6061-t5-l-shape-aluminum-profile-bar-customized-40x40-extruded-aluminum-angle-profile\/\" target=\"_blank\">6061-t5 L Shape Aluminum Profile Bar Customized 40\u00c3\u201440 Extruded Aluminum Angle Profile<\/a><\/li>\r\n<li><a href=\"https:\/\/sinoextrud.com\/product\/aerospace-aluminum-extrusions\/\" target=\"_blank\">Aerospace Aluminum Extrusions<\/a><\/li>\r\n<li><a href=\"https:\/\/sinoextrud.com\/product\/aluminium-extrusion-case\/\" target=\"_blank\">Aluminium Extrusion Case<\/a><\/li>\r\n<li><a href=\"https:\/\/sinoextrud.com\/product\/aluminium-extrusion-moulding\/\" target=\"_blank\">Aluminium Extrusion Moulding<\/a><\/li>\r\n<li><a href=\"https:\/\/sinoextrud.com\/product\/aluminium-profile-case\/\" target=\"_blank\">Aluminium Profile Case<\/a><\/li>\r\n<li><a href=\"https:\/\/sinoextrud.com\/product\/aluminium-profile-for-clean-room\/\" target=\"_blank\">Aluminium Profile For Clean Room<\/a><\/li>\r\n<li><a href=\"https:\/\/sinoextrud.com\/product\/aluminium-profile-workbench\/\" target=\"_blank\">Aluminium Profile Workbench<\/a><\/li>\r\n<li><a href=\"https:\/\/sinoextrud.com\/product\/sliding-door-extrusions\/\" target=\"_blank\">Sliding Door Extrusions<\/a><\/li>\r\n<li><a href=\"https:\/\/sinoextrud.com\/product\/clip-on-aluminium-profiles\/\" target=\"_blank\">Clip On Aluminium Profiles<\/a><\/li>"},"feature_list":[]},"_links":{"self":[{"href":"https:\/\/sinoextrud.com\/et\/wp-json\/wp\/v2\/product\/8281","targetHints":{"allow":["GET"]}}],"collection":[{"href":"https:\/\/sinoextrud.com\/et\/wp-json\/wp\/v2\/product"}],"about":[{"href":"https:\/\/sinoextrud.com\/et\/wp-json\/wp\/v2\/types\/product"}],"wp:featuredmedia":[{"embeddable":true,"href":"https:\/\/sinoextrud.com\/et\/wp-json\/wp\/v2\/media\/8280"}],"wp:attachment":[{"href":"https:\/\/sinoextrud.com\/et\/wp-json\/wp\/v2\/media?parent=8281"}],"wp:term":[{"taxonomy":"category","embeddable":true,"href":"https:\/\/sinoextrud.com\/et\/wp-json\/wp\/v2\/categories?post=8281"}],"curies":[{"name":"wp","href":"https:\/\/api.w.org\/{rel}","templated":true}]}}