{"id":8265,"date":"2025-06-14T06:36:25","date_gmt":"2025-06-14T06:36:25","guid":{"rendered":"https:\/\/sinoextrud.com\/product\/profile-square-aluminum-heat-sink\/"},"modified":"2025-06-24T06:23:27","modified_gmt":"2025-06-24T06:23:27","slug":"profiiliga-ruudukujuline-alumiiniumist-jahutusradiaator","status":"publish","type":"product","link":"https:\/\/sinoextrud.com\/et\/product\/profile-square-aluminum-heat-sink\/","title":{"rendered":"Profiili ruudukujuline alumiiniumist soojusalvesti"},"content":{"rendered":"<h2>Toodete \u00fcksikasjad<\/h2>\n<table class=\"custom-table\">\n<tr>\n<td class=\"label\">Toote nimi<\/td>\n<td>Profiili ruudukujuline alumiiniumist soojusalvesti<\/td>\n<\/tr>\n<tr>\n<td class=\"label\">Mudel<\/td>\n<td>Sinoextrud-HS-916<\/td>\n<\/tr>\n<tr>\n<td class=\"label\">Suurus:<\/td>\n<td>vastavalt teie soovile<\/td>\n<\/tr>\n<tr>\n<td class=\"label\">Kuju<\/td>\n<td>ruut<\/td>\n<\/tr>\n<tr>\n<td class=\"label\">Tootmismeetod<\/td>\n<td>ekstrusioon alumiinium<\/td>\n<\/tr>\n<tr>\n<td class=\"label\">T\u00f6\u00f6tlemine<\/td>\n<td>Puurimine, koputamine, poleerimine, freesimine, laserl\u00f5ikamine, CNC-t\u00f6\u00f6tlemine, kaldpind, deburr<\/td>\n<\/tr>\n<tr>\n<td class=\"label\">Sallivus<\/td>\n<td>0.01mm<\/td>\n<\/tr>\n<tr>\n<td class=\"label\">Pinnat\u00f6\u00f6tlus<\/td>\n<td>anodeeritud, pulberv\u00e4rvimine, galvaaniline katmine, elektroforeesimine<\/td>\n<\/tr>\n<tr>\n<td class=\"label\">V\u00e4rv<\/td>\n<td>must, punane, h\u00f5bedane, sinine, vastavalt teie soovile<\/td>\n<\/tr>\n<tr>\n<td class=\"label\">N\u00e4ide<\/td>\n<td>Saadaval<\/td>\n<\/tr>\n<tr>\n<td class=\"label\">T\u00e4helepanu<\/td>\n<td>Siin on \u00fcle 200 alumiiniumist jahutusradiaatori kujunduse, l\u00e4bim\u00f5\u00f5t 15mm kuni 350mm, palun k\u00fcsige julgelt lisateavet<\/td>\n<\/tr>\n<\/table>\n<h2>Meie tootmisbaas<\/h2>\n<h3>Tehase panoraam<\/h3>\n<p><img decoding=\"async\" src=\"\/wp-content\/uploads\/factory-01.webp\"\/><\/p>\n<h3>Alumiiniumvarraste tootmise t\u00f6\u00f6koda<\/h3>\n<p><img decoding=\"async\" src=\"\/wp-content\/uploads\/factory-02.webp\"\/><\/p>\n<p><img decoding=\"async\" src=\"\/wp-content\/uploads\/factory-03.webp\"\/><\/p>\n<h3>hallituse ladustamise ladu<\/h3>\n<p><img decoding=\"async\" src=\"\/wp-content\/uploads\/factory-04.webp\"\/><\/p>\n<h3>43 alumiiniumi ekstrusiooniliini (500-5500 tonni)<\/h3>\n<p><img decoding=\"async\" src=\"\/wp-content\/uploads\/factory-05.webp\"\/><\/p>\n<p><img decoding=\"async\" src=\"\/wp-content\/uploads\/factory-06.webp\"\/><\/p>\n<p><img decoding=\"async\" src=\"\/wp-content\/uploads\/factory-07.webp\"\/><\/p>\n<h3>Pulberv\u00e4rvimise t\u00f6\u00f6koda<\/h3>\n<p><img decoding=\"async\" src=\"\/wp-content\/uploads\/factory-09.webp\"\/><\/p>\n<h3>Anodiseerimise t\u00f6\u00f6koda<\/h3>\n<p><img decoding=\"async\" src=\"\/wp-content\/uploads\/factory-10.webp\"\/><\/p>\n<h3>S\u00fcgavt\u00f6\u00f6tlemise t\u00f6\u00f6tuba<\/h3>\n<p><img decoding=\"async\" src=\"\/wp-content\/uploads\/factory-11.webp\"\/><\/p>\n<h3>CNC-t\u00e4ppist\u00f6\u00f6tlemise t\u00f6\u00f6koda<\/h3>\n<p><img decoding=\"async\" src=\"\/wp-content\/uploads\/factory-11.5.webp\"\/><\/p>\n<h3>Valmistoodete ja ekspordi ladu<\/h3>\n<p><img decoding=\"async\" src=\"\/wp-content\/uploads\/factory-12.webp\"\/><\/p>\n<p><img decoding=\"async\" src=\"\/wp-content\/uploads\/factory-13.webp\"\/><\/p>\n<p><img decoding=\"async\" src=\"\/wp-content\/uploads\/factory-14.webp\"\/><\/p>\n<h2>KKK<\/h2>\n<p><p><b>1.Millised on profiili Square Aluminium Heat Sink eelised?<\/b><\/p>\n<p>Profile Square Aluminium Heat Sink pakub suure t\u00f5hususega soojuse hajutamist, vastupidavust ja kompaktset disaini, mis muudab selle ideaalseks erinevate elektrooniliste jahutusrakenduste jaoks.<br \/>\n<\/p><br \/>\n<br \/>\n<p><b>2.Kuidas parandab Profile Square Aluminum Heat Sink jahutuse j\u00f5udlust?<\/b><\/p>\n<p>Selle t\u00f5hus konstruktsioon maksimeerib pindala, tagades optimaalse soojuse hajutamise ja elektrooniliste komponentide ohutu t\u00f6\u00f6temperatuuri s\u00e4ilitamise.<br \/>\n<\/p><br \/>\n<br \/>\n<p><b>3.Millisest materjalist on valmistatud Profile Square Aluminum Heat Sink?<\/b><\/p>\n<p>See on valmistatud kvaliteetsest alumiiniumist, mis on kerge, vastupidav ja korrosioonikindel, tagades pikaajalise kasutuse.<br \/>\n<\/p><br \/>\n<br \/>\n<p><b>4.Kas profiiliga ruudukujuline alumiiniumist jahutusalus saab kasutada piiratud ruumiga rakendustes?<\/b><\/p>\n<p>Jah, selle kompaktne ruudukujuline disain muudab selle ideaalseks piiratud ruumiga rakenduste jaoks, pakkudes samal ajal suurep\u00e4rast soojusjuhtimist.<br \/>\n<\/p><br \/>\n<br \/>\n<p><b>5.Kas profiili ruudukujuline alumiiniumist soojuss\u00f5lm on korrosioonikindel?<\/b><\/p>\n<p>Jah, sellel on korrosioonikindel pind, mis tagab, et see s\u00e4ilitab oma j\u00f5udluse ja v\u00e4limuse ka n\u00f5udlikes keskkondades.<br \/>\n<\/p><br \/>\n<br \/>\n<p><b>6.Kui kohandatav on Profile Square Aluminium Heat Sink?<\/b><\/p>\n<p>Jahutusallikas on v\u00e4ga h\u00e4sti kohandatav, v\u00f5imaldades kohandusi, mis vastavad eri elektrooniliste rakenduste spetsiifilistele jahutusvajadustele.<br \/>\n<\/p><br \/>\n<br \/>\n<p><b>7.Mis teeb Profile Square Aluminum Heat Sink sobilikuks elektroonika jaoks?<\/b><\/p>\n<p>T\u00e4nu t\u00f5husale soojuse hajutamisele, vastupidavale materjalile ja kompaktsele disainile sobib see ideaalselt tundlike elektroonikakomponentide usaldusv\u00e4\u00e4rse toimimise tagamiseks.<br \/>\n<\/p><br \/><\/p>","protected":false},"featured_media":8264,"template":"","categories":[54],"class_list":["post-8265","product","type-product","status-publish","has-post-thumbnail","hentry","category-industrial-aluminum-profiles"],"meta_box":{"hilight_text_group":{"product_hilight_text":"<li>High-efficiency heat dissipation, providing reliable cooling for various electronic devices.<\/li>\r\r\n<li>Durable and lightweight aluminum construction for strength and ease of handling.<\/li>\r\r\n<li>Compact square profile design, ideal for space-constrained applications.<\/li>\r\r\n<li>Corrosion-resistant surface, ensuring long-lasting performance in harsh environments.<\/li>\r\r\n<li>Versatile and customizable, suitable for a wide range of thermal management needs.<\/li>","product_chanpin_blog":"<ul>\r\r\n<li><a href=\"https:\/\/sinoextrud.com\/t-slot-v-slot-differences\/\" target=\"_blank\">t slot vs v slot<\/a><\/li>\r\r\n<li><a href=\"https:\/\/sinoextrud.com\/what-is-4040-aluminium-extrud\/\" target=\"_blank\">4040 aluminium extrusion<\/a><\/li>\r\r\n<li><a href=\"https:\/\/sinoextrud.com\/what-is-4040-aluminium-extrud\/\" target=\"_blank\">aluminum extrusions for industrial racks<\/a><\/li>\r\r\n<li><a href=\"https:\/\/sinoextrud.com\/powder-coating-aluminium-process\/\" target=\"_blank\">powder coating aluminium<\/a><\/li>\r\r\n<li><a href=\"https:\/\/sinoextrud.com\/what-is-an-aluminium-strip-ceiling\/\" target=\"_blank\">aluminium strip ceiling<\/a><\/li>\r\r\n<li><a href=\"https:\/\/sinoextrud.com\/what-is-a-heat-sink\/\" target=\"_blank\">what is a heat sink<\/a><\/li>\r\r\n<\/ul>","product_chanpin_chanpin":"<li><a href=\"https:\/\/sinoextrud.com\/product\/industrial-t-slot-aluminum-profile\/\" target=\"_blank\">Industrial T Slot Aluminum Profile<\/a><\/li>\r\n<li><a href=\"https:\/\/sinoextrud.com\/product\/large-scale-industrial-aluminum-profile\/\" target=\"_blank\">Large Scale Industrial Aluminum Profile<\/a><\/li>\r\n<li><a href=\"https:\/\/sinoextrud.com\/product\/solar-aluminium-profile-2\/\" target=\"_blank\">Solar Aluminium Profile<\/a><\/li>\r\n<li><a href=\"https:\/\/sinoextrud.com\/product\/round-sunflower-led-light-aluminium-heat-sink\/\" target=\"_blank\">Round Sunflower LED Light Aluminium Heat Sink<\/a><\/li>\r\n<li><a href=\"https:\/\/sinoextrud.com\/product\/profile-square-aluminum-heat-sink\/\" target=\"_blank\">Profile Square Aluminum Heat Sink<\/a><\/li>\r\n<li><a href=\"https:\/\/sinoextrud.com\/product\/triangular-aluminum-extrusion\/\" target=\"_blank\">Triangular Aluminum Extrusion<\/a><\/li>\r\n<li><a href=\"https:\/\/sinoextrud.com\/product\/standard-aluminum-extrusions\/\" target=\"_blank\">Standard Aluminum Extrusions<\/a><\/li>\r\n<li><a href=\"https:\/\/sinoextrud.com\/product\/solar-frames-aluminum-extrusions\/\" target=\"_blank\">Solar Frames Aluminum Extrusions<\/a><\/li>\r\n<li><a href=\"https:\/\/sinoextrud.com\/product\/6061-aluminum-extrusion-round-tube-for-industry\/\" target=\"_blank\">6061 Aluminum Extrusion Round Tube For Industry<\/a><\/li>\r\n<li><a href=\"https:\/\/sinoextrud.com\/product\/t-shaped-aluminium-profile\/\" target=\"_blank\">T Shaped Aluminium Profile<\/a><\/li>\r\n<li><a href=\"https:\/\/sinoextrud.com\/product\/aluminum-profil-louver-roof\/\" target=\"_blank\">Aluminum Profil Louver Roof<\/a><\/li>"},"feature_list":[]},"_links":{"self":[{"href":"https:\/\/sinoextrud.com\/et\/wp-json\/wp\/v2\/product\/8265","targetHints":{"allow":["GET"]}}],"collection":[{"href":"https:\/\/sinoextrud.com\/et\/wp-json\/wp\/v2\/product"}],"about":[{"href":"https:\/\/sinoextrud.com\/et\/wp-json\/wp\/v2\/types\/product"}],"wp:featuredmedia":[{"embeddable":true,"href":"https:\/\/sinoextrud.com\/et\/wp-json\/wp\/v2\/media\/8264"}],"wp:attachment":[{"href":"https:\/\/sinoextrud.com\/et\/wp-json\/wp\/v2\/media?parent=8265"}],"wp:term":[{"taxonomy":"category","embeddable":true,"href":"https:\/\/sinoextrud.com\/et\/wp-json\/wp\/v2\/categories?post=8265"}],"curies":[{"name":"wp","href":"https:\/\/api.w.org\/{rel}","templated":true}]}}