{"id":8263,"date":"2025-06-14T06:34:05","date_gmt":"2025-06-14T06:34:05","guid":{"rendered":"https:\/\/sinoextrud.com\/product\/round-sunflower-led-light-aluminium-heat-sink\/"},"modified":"2025-06-24T06:23:26","modified_gmt":"2025-06-24T06:23:26","slug":"ummargune-paevalilleseaded-alumiiniumist-soojusalvesti","status":"publish","type":"product","link":"https:\/\/sinoextrud.com\/et\/product\/round-sunflower-led-light-aluminium-heat-sink\/","title":{"rendered":"\u00dcmmargune p\u00e4ikeselille LED-valgus alumiiniumist soojusalvesti"},"content":{"rendered":"<h2>Toodete \u00fcksikasjad<\/h2>\n<table class=\"custom-table\">\n<tr>\n<td class=\"label\">Toote nimi<\/td>\n<td>\u00dcmmargune p\u00e4ikeselille LED-valgus alumiiniumist soojusalvesti<\/td>\n<\/tr>\n<tr>\n<td class=\"label\">Suurus:<\/td>\n<td>vastavalt teie soovile<\/td>\n<\/tr>\n<tr>\n<td class=\"label\">Kuju<\/td>\n<td>\u00fcmmargune<\/td>\n<\/tr>\n<tr>\n<td class=\"label\">Tootmismeetod<\/td>\n<td>ekstrusioon alumiinium<\/td>\n<\/tr>\n<tr>\n<td class=\"label\">T\u00f6\u00f6tlemine<\/td>\n<td>Puurimine, koputamine, poleerimine, freesimine, laserl\u00f5ikamine, CNC-t\u00f6\u00f6tlemine, kaldpind, deburr<\/td>\n<\/tr>\n<tr>\n<td class=\"label\">Sallivus<\/td>\n<td>0.01mm<\/td>\n<\/tr>\n<tr>\n<td class=\"label\">Pinnat\u00f6\u00f6tlus<\/td>\n<td>anodeeritud, pulberv\u00e4rvimine, galvaaniline katmine, elektroforeesimine<\/td>\n<\/tr>\n<tr>\n<td class=\"label\">V\u00e4rv<\/td>\n<td>must, punane, h\u00f5bedane, sinine, vastavalt teie soovile<\/td>\n<\/tr>\n<tr>\n<td class=\"label\">T\u00e4helepanu<\/td>\n<td>Siin on \u00fcle 2000 disainilahenduse alumiiniumist jahutusradiaator, l\u00e4bim\u00f5\u00f5t 15mm kuni 350mm, palun k\u00fcsige julgelt lisateavet<\/td>\n<\/tr>\n<\/table>\n<h2>Meie tootmisbaas<\/h2>\n<h3>Tehase panoraam<\/h3>\n<p><img decoding=\"async\" src=\"\/wp-content\/uploads\/factory-01.webp\"\/><\/p>\n<h3>Alumiiniumvarraste tootmise t\u00f6\u00f6koda<\/h3>\n<p><img decoding=\"async\" src=\"\/wp-content\/uploads\/factory-02.webp\"\/><\/p>\n<\/p>\n<p><img decoding=\"async\" src=\"\/wp-content\/uploads\/factory-03.webp\"\/><\/p>\n<h3>hallituse ladustamise ladu<\/h3>\n<p><img decoding=\"async\" src=\"\/wp-content\/uploads\/factory-04.webp\"\/><\/p>\n<h3>43 alumiiniumi ekstrusiooniliini (500-5500 tonni)<\/h3>\n<p><img decoding=\"async\" src=\"\/wp-content\/uploads\/factory-05.webp\"\/><\/p>\n<p><img decoding=\"async\" src=\"\/wp-content\/uploads\/factory-06.webp\"\/><\/p>\n<p><img decoding=\"async\" src=\"\/wp-content\/uploads\/factory-07.webp\"\/><\/p>\n<h3>Pulberv\u00e4rvimise t\u00f6\u00f6koda<\/h3>\n<p><img decoding=\"async\" src=\"\/wp-content\/uploads\/factory-09.webp\"\/><\/p>\n<h3>Anodiseerimise t\u00f6\u00f6koda<\/h3>\n<p><img decoding=\"async\" src=\"\/wp-content\/uploads\/factory-10.webp\"\/><\/p>\n<h3>S\u00fcgavt\u00f6\u00f6tlemise t\u00f6\u00f6tuba<\/h3>\n<p><img decoding=\"async\" src=\"\/wp-content\/uploads\/factory-11.webp\"\/><\/p>\n<h3>CNC-t\u00e4ppist\u00f6\u00f6tlemise t\u00f6\u00f6koda<\/h3>\n<p><img decoding=\"async\" src=\"\/wp-content\/uploads\/factory-11.5.webp\"\/><\/p>\n<h3>Valmistoodete ja ekspordi ladu<\/h3>\n<p><img decoding=\"async\" src=\"\/wp-content\/uploads\/factory-12.webp\"\/><\/p>\n<p><img decoding=\"async\" src=\"\/wp-content\/uploads\/factory-13.webp\"\/><\/p>\n<p><img decoding=\"async\" src=\"\/wp-content\/uploads\/factory-14.webp\"\/><\/p>\n<h2>KKK<\/h2>\n<p><b>1.Millised on \u00fcmmarguse p\u00e4evalille LED-valguse alumiiniumist soojusalvestuse peamised eelised?<\/b><\/p>\n<p>\u00dcmmargune p\u00e4ikeselille LED-valgusti alumiiniumist soojuss\u00f5lm pakub t\u00f5husat soojuse hajutamist, vastupidavust ja korrosioonikindlust, tagades LED-valgustite optimaalse j\u00f5udluse ja pikema eluea.\n<\/p>\n<p><\/p>\n<p><b>2.Kuidas parandab p\u00e4evalillede konstruktsioon jahutuse t\u00f5husust?<\/b><\/p>\n<p>Uuenduslik p\u00e4evalille kuju suurendab \u00f5huvoolu, mis parandab jahutuse t\u00f5husust ja aitab s\u00e4ilitada LED-tulede j\u00f5udlust.\n<\/p>\n<p><\/p>\n<p><b>3.Kas \u00fcmmargune p\u00e4ikeselille LED-valgusti alumiiniumist soojusalvesti on kerge?<\/b><\/p>\n<p>Jah, see on valmistatud kergest alumiiniumist, mist\u00f5ttu seda on lihtne k\u00e4sitseda ja paigaldada, ilma et see kahjustaks vastupidavust.\n<\/p>\n<p><\/p>\n<p><b>4.Mis materjali kasutatakse Round Sunflower LED Light Aluminium Heat Sink?<\/b><\/p>\n<p>See on valmistatud kvaliteetsest alumiiniumist, mis pakub tugevust, korrosioonikindlust ja suurep\u00e4raseid soojusjuhtimisomadusi.\n<\/p>\n<p><\/p>\n<p><b>5.Kas \u00fcmmargune p\u00e4ikeselille LED-valgusti alumiiniumist soojusalvesti saab kasutada LED-valgustuse jaoks v\u00e4ljas?<\/b><\/p>\n<p>Jah, selle korrosioonikindel pind muudab selle sobivaks nii sise- kui ka v\u00e4lisvalgustuse LED-valgustuse rakendusteks.\n<\/p>\n<p><\/p>\n<p><b>6.Kuidas aitab \u00fcmmargune p\u00e4ikeselille LED-valgusti alumiiniumist soojuss\u00f5lm kaasa LED-valgustuse j\u00f5udlusele?<\/b><\/p>\n<p>See aitab reguleerida temperatuuri ja hajutada t\u00f5husalt soojust, v\u00f5imaldades LED-valgustitel s\u00e4ilitada optimaalset heledust ja pikaealisust.\n<\/p>\n<p><\/p>\n<p><b>7.Mis muudab \u00fcmmarguse p\u00e4ikeselille LED-valguse alumiiniumist soojusalvestuse sobilikuks erinevateks rakendusteks?<\/b><\/p>\n<p>Kompaktne suurus, vastupidavus ja t\u00f5hus soojusjuhtimine muudavad selle mitmek\u00fclgseks LED-valgustuse kasutamiseks paljudes erinevates rakendustes, alates t\u00f6\u00f6stusest kuni kodumajapidamisteni.\n<\/p>\n<p><\/p>","protected":false},"featured_media":8262,"template":"","categories":[54],"class_list":["post-8263","product","type-product","status-publish","has-post-thumbnail","hentry","category-industrial-aluminum-profiles"],"meta_box":{"hilight_text_group":{"product_hilight_text":"<li>Efficient heat dissipation design, ensuring optimal performance for LED lights.<\/li>\r\r\n<li>Durable and lightweight aluminum material for long-lasting use and easy handling.<\/li>\r\r\n<li>Innovative sunflower shape enhances airflow for better cooling efficiency.<\/li>\r\r\n<li>Corrosion-resistant surface, extending the lifespan of the LED lights and heat sink.<\/li>\r\r\n<li>Compact and versatile, suitable for various LED lighting applications.<\/li>","product_chanpin_blog":"<ul>\r\r\n<li><a href=\"https:\/\/sinoextrud.com\/t-slot-v-slot-differences\/\" target=\"_blank\">t slot vs v slot<\/a><\/li>\r\r\n<li><a href=\"https:\/\/sinoextrud.com\/what-is-4040-aluminium-extrud\/\" target=\"_blank\">4040 aluminium extrusion<\/a><\/li>\r\r\n<li><a href=\"https:\/\/sinoextrud.com\/what-is-4040-aluminium-extrud\/\" target=\"_blank\">aluminum extrusions for industrial racks<\/a><\/li>\r\r\n<li><a href=\"https:\/\/sinoextrud.com\/powder-coating-aluminium-process\/\" target=\"_blank\">powder coating aluminium<\/a><\/li>\r\r\n<li><a href=\"https:\/\/sinoextrud.com\/what-is-an-aluminium-strip-ceiling\/\" target=\"_blank\">aluminium strip ceiling<\/a><\/li>\r\r\n<li><a href=\"https:\/\/sinoextrud.com\/what-is-a-heat-sink\/\" target=\"_blank\">what is a heat sink<\/a><\/li>\r\r\n<\/ul>","product_chanpin_chanpin":"<li><a href=\"https:\/\/sinoextrud.com\/product\/industrial-large-aluminum-heat-sink\/\" target=\"_blank\">Industrial Large Aluminum Heat Sink<\/a><\/li>\r\n<li><a href=\"https:\/\/sinoextrud.com\/product\/industrial-t-slot-aluminum-profile\/\" target=\"_blank\">Industrial T Slot Aluminum Profile<\/a><\/li>\r\n<li><a href=\"https:\/\/sinoextrud.com\/product\/large-scale-industrial-aluminum-profile\/\" target=\"_blank\">Large Scale Industrial Aluminum Profile<\/a><\/li>\r\n<li><a href=\"https:\/\/sinoextrud.com\/product\/solar-aluminium-profile-2\/\" target=\"_blank\">Solar Aluminium Profile<\/a><\/li>\r\n<li><a href=\"https:\/\/sinoextrud.com\/product\/round-sunflower-led-light-aluminium-heat-sink\/\" target=\"_blank\">Round Sunflower LED Light Aluminium Heat Sink<\/a><\/li>\r\n<li><a href=\"https:\/\/sinoextrud.com\/product\/profile-square-aluminum-heat-sink\/\" target=\"_blank\">Profile Square Aluminum Heat Sink<\/a><\/li>\r\n<li><a href=\"https:\/\/sinoextrud.com\/product\/triangular-aluminum-extrusion\/\" target=\"_blank\">Triangular Aluminum Extrusion<\/a><\/li>\r\n<li><a href=\"https:\/\/sinoextrud.com\/product\/standard-aluminum-extrusions\/\" target=\"_blank\">Standard Aluminum Extrusions<\/a><\/li>\r\n<li><a href=\"https:\/\/sinoextrud.com\/product\/solar-frames-aluminum-extrusions\/\" target=\"_blank\">Solar Frames Aluminum Extrusions<\/a><\/li>\r\n<li><a href=\"https:\/\/sinoextrud.com\/product\/oval-aluminum-extrusion\/\" target=\"_blank\">Oval Aluminum Extrusion<\/a><\/li>\r\n<li><a href=\"https:\/\/sinoextrud.com\/product\/slotted-extruded-aluminum-u-shaped-bending-punching\/\" target=\"_blank\">Slotted Extruded Aluminum U Shaped Bending Punching<\/a><\/li>"},"feature_list":[]},"_links":{"self":[{"href":"https:\/\/sinoextrud.com\/et\/wp-json\/wp\/v2\/product\/8263","targetHints":{"allow":["GET"]}}],"collection":[{"href":"https:\/\/sinoextrud.com\/et\/wp-json\/wp\/v2\/product"}],"about":[{"href":"https:\/\/sinoextrud.com\/et\/wp-json\/wp\/v2\/types\/product"}],"wp:featuredmedia":[{"embeddable":true,"href":"https:\/\/sinoextrud.com\/et\/wp-json\/wp\/v2\/media\/8262"}],"wp:attachment":[{"href":"https:\/\/sinoextrud.com\/et\/wp-json\/wp\/v2\/media?parent=8263"}],"wp:term":[{"taxonomy":"category","embeddable":true,"href":"https:\/\/sinoextrud.com\/et\/wp-json\/wp\/v2\/categories?post=8263"}],"curies":[{"name":"wp","href":"https:\/\/api.w.org\/{rel}","templated":true}]}}