{"id":8259,"date":"2025-06-14T06:30:54","date_gmt":"2025-06-14T06:30:54","guid":{"rendered":"https:\/\/sinoextrud.com\/product\/large-scale-industrial-aluminum-profile\/"},"modified":"2025-06-24T06:23:26","modified_gmt":"2025-06-24T06:23:26","slug":"suuremahuline-toostuslik-alumiiniumprofiil","status":"publish","type":"product","link":"https:\/\/sinoextrud.com\/et\/product\/large-scale-industrial-aluminum-profile\/","title":{"rendered":"Suuremahuline t\u00f6\u00f6stuslik alumiiniumprofiil"},"content":{"rendered":"<h2>Toodete \u00fcksikasjad<\/h2>\n<table class=\"custom-table\">\n<tbody>\n<tr>\n<td> Toote nimi<\/td>\n<td> Suuremahuline t\u00f6\u00f6stuslik alumiiniumprofiil                            <\/td>\n<\/tr>\n<tr>\n<td> Materjal<\/td>\n<td> 6063, 6061, 6043, 6082 Alumiiniumsulam<\/td>\n<\/tr>\n<tr>\n<td> V\u00e4rv<\/td>\n<td> Kohandatud<\/td>\n<\/tr>\n<tr>\n<td> Standard<\/td>\n<td> GB2008<\/td>\n<\/tr>\n<tr>\n<td> Hinne<\/td>\n<td> 6000-seeria<\/td>\n<\/tr>\n<tr>\n<td> Paksus<\/td>\n<td> Kohandatud<\/td>\n<\/tr>\n<tr>\n<td> Kasutamine<\/td>\n<td> T\u00f6\u00f6stuslik<\/td>\n<\/tr>\n<tr>\n<td> Temper<\/td>\n<td> T3-T8<\/td>\n<\/tr>\n<tr>\n<td> Pikkus<\/td>\n<td> Kohandatud<\/td>\n<\/tr>\n<tr>\n<td> Pinnat\u00f6\u00f6tlus<\/td>\n<td> Pulbriline pinnakate, Mill Finish, PVDF, anodeeritud, puidumass, poleeritud, harjatud jne.<\/td>\n<\/tr>\n<tr>\n<td> Orgin<\/td>\n<td> KINA<\/td>\n<\/tr>\n<tr>\n<td> Kas sulam v\u00f5i mitte<\/td>\n<td> Kas sulam on sulam<\/td>\n<\/tr>\n<tr>\n<td> Sadam<\/td>\n<td> Guangzhou, Shenzhen, Foshan<\/td>\n<\/tr>\n<\/tbody>\n<\/table>\n<h2>Meie tootmisbaas<\/h2>\n<h3>Tehase panoraam<\/h3>\n<p><img decoding=\"async\" src=\"\/wp-content\/uploads\/factory-01.webp\"\/><\/p>\n<h3>Alumiiniumvarraste tootmise t\u00f6\u00f6koda<\/h3>\n<p><img decoding=\"async\" src=\"\/wp-content\/uploads\/factory-02.webp\"\/><\/p>\n<p><img decoding=\"async\" src=\"\/wp-content\/uploads\/factory-03.webp\"\/><\/p>\n<h3>hallituse ladustamise ladu<\/h3>\n<p><img decoding=\"async\" src=\"\/wp-content\/uploads\/factory-04.webp\"\/><\/p>\n<h3>43 alumiiniumi ekstrusiooniliini (500-5500 tonni)<\/h3>\n<p><img decoding=\"async\" src=\"\/wp-content\/uploads\/factory-05.webp\"\/><\/p>\n<p><img decoding=\"async\" src=\"\/wp-content\/uploads\/factory-06.webp\"\/><\/p>\n<p><img decoding=\"async\" src=\"\/wp-content\/uploads\/factory-07.webp\"\/><\/p>\n<h3>Pulberv\u00e4rvimise t\u00f6\u00f6koda<\/h3>\n<p><img decoding=\"async\" src=\"\/wp-content\/uploads\/factory-09.webp\"\/><\/p>\n<h3>Anodiseerimise t\u00f6\u00f6koda<\/h3>\n<p><img decoding=\"async\" src=\"\/wp-content\/uploads\/factory-10.webp\"\/><\/p>\n<h3>S\u00fcgavt\u00f6\u00f6tlemise t\u00f6\u00f6tuba<\/h3>\n<p><img decoding=\"async\" src=\"\/wp-content\/uploads\/factory-11.webp\"\/><\/p>\n<h3>CNC-t\u00e4ppist\u00f6\u00f6tlemise t\u00f6\u00f6koda<\/h3>\n<p><img decoding=\"async\" src=\"\/wp-content\/uploads\/factory-11.5.webp\"\/><\/p>\n<h3>Valmistoodete ja ekspordi ladu<\/h3>\n<p><img decoding=\"async\" src=\"\/wp-content\/uploads\/factory-12.webp\"\/><\/p>\n<p><img decoding=\"async\" src=\"\/wp-content\/uploads\/factory-13.webp\"\/><\/p>\n<p><img decoding=\"async\" src=\"\/wp-content\/uploads\/factory-14.webp\"\/><\/p>\n<h2>KKK<\/h2>\n<p><p><b>1.Mis on suures mahus t\u00f6\u00f6stuslikud alumiiniumprofiilid, mida kasutatakse?<\/b><\/p>\n<p>Suuremahulisi t\u00f6\u00f6stuslikke alumiiniumprofiile kasutatakse suurte raamistike, ehituss\u00fcsteemide ja t\u00f6\u00f6stuslike seadmete ehitamisel, kus on vaja tugevust, vastupidavust ja paindlikkust.<br \/>\n<\/p><br \/>\n<br \/>\n<p><b>2.Miks kasutatakse alumiiniumi suuremahulistes t\u00f6\u00f6stusprofiilides?<\/b><\/p>\n<p>Alumiinium on kerge, korrosioonikindel ja vastupidav, mist\u00f5ttu on see ideaalne materjal suurte t\u00f6\u00f6stuslike rakenduste jaoks, mis n\u00f5uavad nii tugevust kui ka lihtsat k\u00e4sitsemist.<br \/>\n<\/p><br \/>\n<br \/>\n<p><b>3.Kas suuremahulisi t\u00f6\u00f6stuslikke alumiiniumprofiile saab kohandada?<\/b><\/p>\n<p>Jah, need profiilid on v\u00e4ga h\u00e4sti kohandatavad, v\u00f5imaldades suurte t\u00f6\u00f6stusprojektide spetsiifilistele struktuurilistele ja funktsionaalsetele n\u00f5uetele vastavaid kohandatud konstruktsioone.<br \/>\n<\/p><br \/>\n<br \/>\n<p><b>4.Kuidas on korrosioonikindlusest kasu suurte t\u00f6\u00f6stuslike alumiiniumprofiilide puhul?<\/b><\/p>\n<p>Korrosioonikindlus tagab, et profiilid s\u00e4ilitavad oma tugevuse ja v\u00e4limuse aja jooksul isegi karmides t\u00f6\u00f6stuskeskkondades, v\u00e4hendades hooldust\u00f6id ja suurendades pikaealisust.<br \/>\n<\/p><br \/>\n<br \/>\n<p><b>5.Kas suuremahulised t\u00f6\u00f6stuslikud alumiiniumprofiilid on kulut\u00f5husad?<\/b><\/p>\n<p>Jah, need profiilid pakuvad kuluefektiivset lahendust suuremahulistele t\u00f6\u00f6stusprojektidele, v\u00e4hendades materjalikulusid ja pakkudes pikaajalist vastupidavust minimaalse hooldusega.<br \/>\n<\/p><br \/>\n<br \/>\n<p><b>6.Kuidas aitavad suuremahulised t\u00f6\u00f6stuslikud alumiiniumprofiilid kaasa energiat\u00f5hususele?<\/b><\/p>\n<p>Alumiiniumi kerge olemus aitab v\u00e4hendada transpordikulusid ja energiakulu paigaldamisel, muutes need profiilid energiat\u00f5husamaks lahenduseks t\u00f6\u00f6stuslikele rakendustele.<br \/>\n<\/p><br \/>\n<br \/>\n<p><b>7.Millised t\u00f6\u00f6stusharud saavad kasu suurtest t\u00f6\u00f6stuslikest alumiiniumprofiilidest?<\/b><\/p>\n<p>Sellised t\u00f6\u00f6stusharud nagu tootmine, ehitus, kosmoset\u00f6\u00f6stus ja automaatika saavad kasu suurte t\u00f6\u00f6stuslike alumiiniumprofiilide tugevusest, paindlikkusest ja kuluefektiivsusest suuremahuliste rakenduste puhul.<br \/>\n<\/p><br \/><\/p>","protected":false},"featured_media":8258,"template":"","categories":[54],"class_list":["post-8259","product","type-product","status-publish","has-post-thumbnail","hentry","category-industrial-aluminum-profiles"],"meta_box":{"hilight_text_group":{"product_hilight_text":"<li>High-strength aluminum profiles designed for large-scale industrial applications.<\/li>\r\r\n<li>Customizable profiles for specific structural needs, offering maximum design flexibility.<\/li>\r\r\n<li>Corrosion-resistant properties ensure long-lasting performance in challenging industrial environments.<\/li>\r\r\n<li>Lightweight yet durable, providing ease of handling and transport for large projects.<\/li>\r\r\n<li>Cost-effective and energy-efficient solution for constructing large structures and frameworks.<\/li>","product_chanpin_blog":"<ul>\r\r\n<li><a href=\"https:\/\/sinoextrud.com\/t-slot-v-slot-differences\/\" target=\"_blank\">t slot vs v slot<\/a><\/li>\r\r\n<li><a href=\"https:\/\/sinoextrud.com\/what-is-4040-aluminium-extrud\/\" target=\"_blank\">4040 aluminium extrusion<\/a><\/li>\r\r\n<li><a href=\"https:\/\/sinoextrud.com\/what-is-4040-aluminium-extrud\/\" target=\"_blank\">aluminum extrusions for industrial racks<\/a><\/li>\r\r\n<li><a href=\"https:\/\/sinoextrud.com\/powder-coating-aluminium-process\/\" target=\"_blank\">powder coating aluminium<\/a><\/li>\r\r\n<li><a href=\"https:\/\/sinoextrud.com\/what-is-an-aluminium-strip-ceiling\/\" target=\"_blank\">aluminium strip ceiling<\/a><\/li>\r\r\n<li><a href=\"https:\/\/sinoextrud.com\/what-is-a-heat-sink\/\" target=\"_blank\">what is a heat sink<\/a><\/li>\r\r\n<\/ul>","product_chanpin_chanpin":"<li><a href=\"https:\/\/sinoextrud.com\/product\/hospital-aluminum-profile\/\" target=\"_blank\">Hospital Aluminum Profile<\/a><\/li>\r\n<li><a href=\"https:\/\/sinoextrud.com\/product\/industrial-large-aluminium-extrusions\/\" target=\"_blank\">Industrial Large Aluminium Extrusions<\/a><\/li>\r\n<li><a href=\"https:\/\/sinoextrud.com\/product\/industrial-large-aluminum-heat-sink\/\" target=\"_blank\">Industrial Large Aluminum Heat Sink<\/a><\/li>\r\n<li><a href=\"https:\/\/sinoextrud.com\/product\/industrial-t-slot-aluminum-profile\/\" target=\"_blank\">Industrial T Slot Aluminum Profile<\/a><\/li>\r\n<li><a href=\"https:\/\/sinoextrud.com\/product\/large-scale-industrial-aluminum-profile\/\" target=\"_blank\">Large Scale Industrial Aluminum Profile<\/a><\/li>\r\n<li><a href=\"https:\/\/sinoextrud.com\/product\/solar-aluminium-profile-2\/\" target=\"_blank\">Solar Aluminium Profile<\/a><\/li>\r\n<li><a href=\"https:\/\/sinoextrud.com\/product\/round-sunflower-led-light-aluminium-heat-sink\/\" target=\"_blank\">Round Sunflower LED Light Aluminium Heat Sink<\/a><\/li>\r\n<li><a href=\"https:\/\/sinoextrud.com\/product\/profile-square-aluminum-heat-sink\/\" target=\"_blank\">Profile Square Aluminum Heat Sink<\/a><\/li>\r\n<li><a href=\"https:\/\/sinoextrud.com\/product\/triangular-aluminum-extrusion\/\" target=\"_blank\">Triangular Aluminum Extrusion<\/a><\/li>\r\n<li><a href=\"https:\/\/sinoextrud.com\/product\/aluminum-profile-slider-for-window-curtain\/\" target=\"_blank\">Aluminum Profile Slider For Window Curtain<\/a><\/li>\r\n<li><a href=\"https:\/\/sinoextrud.com\/product\/60x60-aluminium-extrusion\/\" target=\"_blank\">60\u00c3\u201460 Aluminium Extrusion<\/a><\/li>"},"feature_list":[]},"_links":{"self":[{"href":"https:\/\/sinoextrud.com\/et\/wp-json\/wp\/v2\/product\/8259","targetHints":{"allow":["GET"]}}],"collection":[{"href":"https:\/\/sinoextrud.com\/et\/wp-json\/wp\/v2\/product"}],"about":[{"href":"https:\/\/sinoextrud.com\/et\/wp-json\/wp\/v2\/types\/product"}],"wp:featuredmedia":[{"embeddable":true,"href":"https:\/\/sinoextrud.com\/et\/wp-json\/wp\/v2\/media\/8258"}],"wp:attachment":[{"href":"https:\/\/sinoextrud.com\/et\/wp-json\/wp\/v2\/media?parent=8259"}],"wp:term":[{"taxonomy":"category","embeddable":true,"href":"https:\/\/sinoextrud.com\/et\/wp-json\/wp\/v2\/categories?post=8259"}],"curies":[{"name":"wp","href":"https:\/\/api.w.org\/{rel}","templated":true}]}}