{"id":8255,"date":"2025-06-14T06:28:18","date_gmt":"2025-06-14T06:28:18","guid":{"rendered":"https:\/\/sinoextrud.com\/product\/industrial-large-aluminum-heat-sink\/"},"modified":"2025-06-24T06:23:25","modified_gmt":"2025-06-24T06:23:25","slug":"toostuslik-suur-alumiiniumist-jahutusradiaator","status":"publish","type":"product","link":"https:\/\/sinoextrud.com\/et\/product\/industrial-large-aluminum-heat-sink\/","title":{"rendered":"T\u00f6\u00f6stuslik suur alumiiniumist jahutusalus"},"content":{"rendered":"<h2>Toodete \u00fcksikasjad<\/h2>\n<table class=\"custom-table\">\n<tr>\n<td class=\"label\">Punkti<\/td>\n<td>T\u00f6\u00f6stuslik suur alumiiniumist jahutusalus<\/td>\n<\/tr>\n<tr>\n<td class=\"label\">Materjal<\/td>\n<td>6000-seeria alumiinium<\/td>\n<\/tr>\n<tr>\n<td class=\"label\">Temper<\/td>\n<td>T4, T5, T6<\/td>\n<\/tr>\n<tr>\n<td class=\"label\">Suurus \/ paksus<\/td>\n<td>\u00dcldine profiilide paksus 0,8 kuni 5,0 mm, pikkus 1m-9m v\u00f5i kohandatud; anodeeritud kaitsekile paksus 8 ~ 25 um, pulberv\u00e4rvimine 40 ~ 120 um.<\/td>\n<\/tr>\n<tr>\n<td class=\"label\">Kuju<\/td>\n<td>Esitatud joonise alusel<\/td>\n<\/tr>\n<tr>\n<td class=\"label\">Taotlus<\/td>\n<td>T\u00f6\u00f6stus<\/td>\n<\/tr>\n<tr>\n<td class=\"label\">Pinnat\u00f6\u00f6tlus<\/td>\n<td>Veski viimistlus, anodeeritud, pulberv\u00e4rvimine, elektroforees, puidurafineerimine<\/td>\n<\/tr>\n<tr>\n<td class=\"label\">V\u00e4rvid<\/td>\n<td>Kohandatud v\u00e4rvi saadaval<\/td>\n<\/tr>\n<tr>\n<td class=\"label\">S\u00fcgav protsess<\/td>\n<td>CNC, puurimine, freesimine, l\u00f5ikamine, keevitamine, painutamine, kokkupanek<\/td>\n<\/tr>\n<tr>\n<td class=\"label\">MOQ<\/td>\n<td>200 kg iga artikli kohta<\/td>\n<\/tr>\n<tr>\n<td class=\"label\">PackingDetails<\/td>\n<td>(1) Sees: pakitud plastist kaitsekilega, mis kaitseb iga t\u00fckki.<br \/>\n(2) V\u00e4ljaspool: M\u00e4hkida kimbud veekindla k\u00e4sit\u00f6\u00f6paberi abil.<\/td>\n<\/tr>\n<tr>\n<td class=\"label\">Deliverytime<\/td>\n<td>(1) DieDevelopingandSampletesting:12-18 p\u00e4eva.<br \/>\n(2) Massitootmine l\u00f5petatud: 20-30 p\u00e4eva p\u00e4rast seda, kui ostja on n\u00e4idise kinnitanud.<\/td>\n<\/tr>\n<tr>\n<td class=\"label\">FOB sadam<\/td>\n<td>SHENZHEN \/ GUANGZHOU \/ FOSHAN<\/td>\n<\/tr>\n<tr>\n<td class=\"label\">maksetingimused<\/td>\n<td>T\/T 30% hoiuse eest, saldo enne saatmist.<\/td>\n<\/tr>\n<tr>\n<td class=\"label\">settlementterm<\/td>\n<td>Tasu l\u00f5pliku tegeliku kaalu v\u00f5i teoreetilise kaalu alusel.<\/td>\n<\/tr>\n<tr>\n<td class=\"label\">tootmisv\u00f5imsus<\/td>\n<td>15 000 tonni kuus, 200 000 tonni aastas.<\/td>\n<\/tr>\n<tr>\n<td class=\"label\">Sertifikaat ja standard<\/td>\n<td>CQM, SGS, CE, BV, SONCAP \/ GB, ISO, JIS, AS, NZS, QUALICOAT, QUOLANOD saadaval.<\/td>\n<\/tr>\n<tr>\n<td class=\"label\">Garantii<\/td>\n<td>Pinnav\u00e4rv v\u00f5ib olla parim 10-20 aastat kestev sisekasutuses.<\/td>\n<\/tr>\n<\/table>\n<h2>Meie tootmisbaas<\/h2>\n<h3>Tehase panoraam<\/h3>\n<p><img decoding=\"async\" src=\"\/wp-content\/uploads\/factory-01.webp\"\/><\/p>\n<h3>Alumiiniumvarraste tootmise t\u00f6\u00f6koda<\/h3>\n<p><img decoding=\"async\" src=\"\/wp-content\/uploads\/factory-02.webp\"\/><\/p>\n<p><img decoding=\"async\" src=\"\/wp-content\/uploads\/factory-03.webp\"\/><\/p>\n<h3>hallituse ladustamise ladu<\/h3>\n<p><img decoding=\"async\" src=\"\/wp-content\/uploads\/factory-04.webp\"\/><\/p>\n<h3>43 alumiiniumi ekstrusiooniliini (500-5500 tonni)<\/h3>\n<p><img decoding=\"async\" src=\"\/wp-content\/uploads\/factory-05.webp\"\/><\/p>\n<p><img decoding=\"async\" src=\"\/wp-content\/uploads\/factory-06.webp\"\/><\/p>\n<p><img decoding=\"async\" src=\"\/wp-content\/uploads\/factory-07.webp\"\/><\/p>\n<h3>Pulberv\u00e4rvimise t\u00f6\u00f6koda<\/h3>\n<p><img decoding=\"async\" src=\"\/wp-content\/uploads\/factory-09.webp\"\/><\/p>\n<h3>Anodiseerimise t\u00f6\u00f6koda<\/h3>\n<p><img decoding=\"async\" src=\"\/wp-content\/uploads\/factory-10.webp\"\/><\/p>\n<h3>S\u00fcgavt\u00f6\u00f6tlemise t\u00f6\u00f6tuba<\/h3>\n<p><img decoding=\"async\" src=\"\/wp-content\/uploads\/factory-11.webp\"\/><\/p>\n<h3>CNC-t\u00e4ppist\u00f6\u00f6tlemise t\u00f6\u00f6koda<\/h3>\n<p><img decoding=\"async\" src=\"\/wp-content\/uploads\/factory-11.5.webp\"\/><\/p>\n<h3>Valmistoodete ja ekspordi ladu<\/h3>\n<p><img decoding=\"async\" src=\"\/wp-content\/uploads\/factory-12.webp\"\/><\/p>\n<p><img decoding=\"async\" src=\"\/wp-content\/uploads\/factory-13.webp\"\/><\/p>\n<p><img decoding=\"async\" src=\"\/wp-content\/uploads\/factory-14.webp\"\/><\/p>\n<h2>KKK<\/h2>\n<p><p><b>1.Mis teeb t\u00f6\u00f6stuslikust suurest alumiiniumist soojusalvest ideaalseks t\u00f6\u00f6stuslikuks kasutamiseks? <\/b><\/p>\n<p> T\u00f6\u00f6stuslik suur alumiiniumist jahutusalus on m\u00f5eldud t\u00f5husa soojusjuhtimise tagamiseks, tagades optimaalse temperatuuri juhtimise suure j\u00f5udlusega masinate jaoks.<br \/>\n<\/p><br \/>\n<br \/>\n<p><b>2.Can t\u00f6\u00f6stuslik suur alumiiniumist soojusalvesti saab kohandada? <\/b><\/p>\n<p> Jah, seda saab kohandada suuruse, kuju ja disaini poolest, et see vastaks konkreetsetele jahutusvajadustele ja soojusn\u00f5uetele erinevates t\u00f6\u00f6stusrakendustes.<br \/>\n<\/p><br \/>\n<br \/>\n<p><b>3.How vastupidav on Industrial Large Aluminum Heat Sink? <\/b><\/p>\n<p> Korrosioonikindel alumiiniumkonstruktsioon tagab, et jahutusradiaator j\u00e4\u00e4b vastupidavaks ja toimib h\u00e4sti ka karmides t\u00f6\u00f6stuskeskkondades.<br \/>\n<\/p><br \/>\n<br \/>\n<p><b>4.Millised on t\u00f6\u00f6stusliku suure alumiiniumist soojusalvestuse kasutamise eelised? <\/b><\/p>\n<p> Jahutuselemendid pakuvad suurep\u00e4rast jahutust\u00f5husust, pikaajalist vastupidavust ja kohandatavust, olles samal ajal kerged ja kulut\u00f5husad.<br \/>\n<\/p><br \/>\n<br \/>\n<p><b>5.Kas t\u00f6\u00f6stuslik suur alumiiniumist soojusalvesti on kerge? <\/b><\/p>\n<p> Jah, alumiiniummaterjal on kerge, kuid tugev, mis muudab selle ideaalseks lahenduseks raskete jahutusrakenduste jaoks, lisamata seejuures liigset kaalu.<br \/>\n<\/p><br \/>\n<br \/>\n<p><b>6.Kas t\u00f6\u00f6stuslik suur alumiiniumist soojusalvesti on keskkonnas\u00f5bralik? <\/b><\/p>\n<p> Jah, alumiinium on t\u00e4ielikult taaskasutatav materjal, mis muudab jahutusradiaatori keskkonnas\u00f5bralikuks valikuks t\u00f6\u00f6stuslikes jahutuss\u00fcsteemides.<br \/>\n<\/p><br \/>\n<br \/>\n<p><b>7.Kuidas parandab t\u00f6\u00f6stuslik suur alumiiniumist jahutusalus t\u00f6\u00f6stusseadmete j\u00f5udlust? <\/b><\/p>\n<p> T\u00f5husalt soojust \u00e4rajuhtides tagab jahutusradiaator, et t\u00f6\u00f6stusseadmed t\u00f6\u00f6tavad optimaalsel temperatuuril, v\u00e4hendades \u00fclekuumenemise ohtu ja pikendades seadmete kasutusiga.<br \/>\n<\/p><br \/><\/p>","protected":false},"featured_media":8254,"template":"","categories":[54],"class_list":["post-8255","product","type-product","status-publish","has-post-thumbnail","hentry","category-industrial-aluminum-profiles"],"meta_box":{"hilight_text_group":{"product_hilight_text":"<ul>\r\r\n  <li>Large aluminum heat sinks designed for high-performance industrial applications<\/li>\r\r\n  <li>Efficient heat dissipation to maintain optimal operating temperatures<\/li>\r\r\n  <li>Corrosion-resistant aluminum construction ensures durability and longevity<\/li>\r\r\n  <li>Customizable designs to meet specific thermal management requirements<\/li>\r\r\n  <li>Lightweight and durable, ideal for heavy-duty industrial equipment<\/li>\r\r\n  <li>Cost-effective solution for cooling large-scale industrial machinery<\/li>\r\r\n  <li>Environmentally friendly, made from fully recyclable aluminum material<\/li>\r\r\n<\/ul>","product_chanpin_blog":"<ul>\r\r\n<li><a href=\"https:\/\/sinoextrud.com\/t-slot-v-slot-differences\/\" target=\"_blank\">t slot vs v slot<\/a><\/li>\r\r\n<li><a href=\"https:\/\/sinoextrud.com\/what-is-4040-aluminium-extrud\/\" target=\"_blank\">4040 aluminium extrusion<\/a><\/li>\r\r\n<li><a href=\"https:\/\/sinoextrud.com\/what-is-4040-aluminium-extrud\/\" target=\"_blank\">aluminum extrusions for industrial racks<\/a><\/li>\r\r\n<li><a href=\"https:\/\/sinoextrud.com\/powder-coating-aluminium-process\/\" target=\"_blank\">powder coating aluminium<\/a><\/li>\r\r\n<li><a href=\"https:\/\/sinoextrud.com\/what-is-an-aluminium-strip-ceiling\/\" target=\"_blank\">aluminium strip ceiling<\/a><\/li>\r\r\n<li><a href=\"https:\/\/sinoextrud.com\/what-is-a-heat-sink\/\" target=\"_blank\">what is a heat sink<\/a><\/li>\r\r\n<\/ul>","product_chanpin_chanpin":"<li><a href=\"https:\/\/sinoextrud.com\/product\/manufacturer-price-of-customized-oem-matt-anodized-aluminium-profile-for-hospital-pharmaceutical-clean-room\/\" target=\"_blank\">Manufacturer Price Of Customized OEM Matt Anodized Aluminium Profile For Hospital Pharmaceutical Clean Room<\/a><\/li>\r\n<li><a href=\"https:\/\/sinoextrud.com\/product\/large-aluminium-pipe-aluminium-pole\/\" target=\"_blank\">Large Aluminium Pipe Aluminium Pole<\/a><\/li>\r\n<li><a href=\"https:\/\/sinoextrud.com\/product\/hospital-aluminum-profile\/\" target=\"_blank\">Hospital Aluminum Profile<\/a><\/li>\r\n<li><a href=\"https:\/\/sinoextrud.com\/product\/industrial-large-aluminium-extrusions\/\" target=\"_blank\">Industrial Large Aluminium Extrusions<\/a><\/li>\r\n<li><a href=\"https:\/\/sinoextrud.com\/product\/industrial-large-aluminum-heat-sink\/\" target=\"_blank\">Industrial Large Aluminum Heat Sink<\/a><\/li>\r\n<li><a href=\"https:\/\/sinoextrud.com\/product\/industrial-t-slot-aluminum-profile\/\" target=\"_blank\">Industrial T Slot Aluminum Profile<\/a><\/li>\r\n<li><a href=\"https:\/\/sinoextrud.com\/product\/large-scale-industrial-aluminum-profile\/\" target=\"_blank\">Large Scale Industrial Aluminum Profile<\/a><\/li>\r\n<li><a href=\"https:\/\/sinoextrud.com\/product\/solar-aluminium-profile-2\/\" target=\"_blank\">Solar Aluminium Profile<\/a><\/li>\r\n<li><a href=\"https:\/\/sinoextrud.com\/product\/round-sunflower-led-light-aluminium-heat-sink\/\" target=\"_blank\">Round Sunflower LED Light Aluminium Heat Sink<\/a><\/li>\r\n<li><a href=\"https:\/\/sinoextrud.com\/product\/aluminum-profile-for-clean-room-circle-shape\/\" target=\"_blank\">Aluminum Profile For Clean Room Circle Shape<\/a><\/li>\r\n<li><a href=\"https:\/\/sinoextrud.com\/product\/h-shaped-closed-linear-ceiling-system\/\" target=\"_blank\">H-Shaped Closed Linear Ceiling System<\/a><\/li>"},"feature_list":[]},"_links":{"self":[{"href":"https:\/\/sinoextrud.com\/et\/wp-json\/wp\/v2\/product\/8255","targetHints":{"allow":["GET"]}}],"collection":[{"href":"https:\/\/sinoextrud.com\/et\/wp-json\/wp\/v2\/product"}],"about":[{"href":"https:\/\/sinoextrud.com\/et\/wp-json\/wp\/v2\/types\/product"}],"wp:featuredmedia":[{"embeddable":true,"href":"https:\/\/sinoextrud.com\/et\/wp-json\/wp\/v2\/media\/8254"}],"wp:attachment":[{"href":"https:\/\/sinoextrud.com\/et\/wp-json\/wp\/v2\/media?parent=8255"}],"wp:term":[{"taxonomy":"category","embeddable":true,"href":"https:\/\/sinoextrud.com\/et\/wp-json\/wp\/v2\/categories?post=8255"}],"curies":[{"name":"wp","href":"https:\/\/api.w.org\/{rel}","templated":true}]}}