{"id":8206,"date":"2025-06-13T07:44:38","date_gmt":"2025-06-13T07:44:38","guid":{"rendered":"https:\/\/sinoextrud.com\/product\/industrial-aluminum-profile-cad-drawing-uses-in-industry-customized-extrusion-press-manufacturers\/"},"modified":"2025-06-24T06:23:22","modified_gmt":"2025-06-24T06:23:22","slug":"toostuslik-alumiiniumprofiil-cad-joonis-kasutab-toostuses-kohandatud-ekstrusioonipressi-tootjad","status":"publish","type":"product","link":"https:\/\/sinoextrud.com\/et\/product\/industrial-aluminum-profile-cad-drawing-uses-in-industry-customized-extrusion-press-manufacturers\/","title":{"rendered":"t\u00f6\u00f6stuslik alumiiniumprofiil cad joonis kasutab t\u00f6\u00f6stuses kohandatud ekstrusioonipressi tootjad"},"content":{"rendered":"<h2>Toodete \u00fcksikasjad<\/h2>\n<table class=\"custom-table\">\n<tr>\n<td class=\"label\">Mudel nr.:<\/td>\n<td> t\u00f6\u00f6stuslik alumiiniumprofiil cad joonis kasutab t\u00f6\u00f6stuses kohandatud ekstrusioonipressi tootjad<\/td>\n<\/tr>\n<tr>\n<td class=\"label\">Kuju:<\/td>\n<td> alumiiniumprofiili cad joonis<\/td>\n<\/tr>\n<tr>\n<td class=\"label\">Temperament:<\/td>\n<td> T3-T8<\/td>\n<\/tr>\n<tr>\n<td class=\"label\">Pinna viimistlemine:<\/td>\n<td> Anodeeritud,Pinnakate,Pihustamine,Poleeritud,Puiduraksed<\/td>\n<\/tr>\n<tr>\n<td class=\"label\">Sertifitseerimine:<\/td>\n<td> CE, ISO, RoHS<\/td>\n<\/tr>\n<tr>\n<td class=\"label\">Kaubam\u00e4rk:<\/td>\n<td> Sinoextrud<\/td>\n<\/tr>\n<tr>\n<td class=\"label\">Spetsifikatsioon:<\/td>\n<td> BV CE RoHS SGS<\/td>\n<\/tr>\n<tr>\n<td class=\"label\">T\u00fc\u00fcp:<\/td>\n<td> alumiiniumi kasutamine t\u00f6\u00f6stuses<\/td>\n<\/tr>\n<tr>\n<td class=\"label\">Hinne:<\/td>\n<td> kui vajadus<\/td>\n<\/tr>\n<tr>\n<td class=\"label\">Sulam:<\/td>\n<td> Sulam<\/td>\n<\/tr>\n<tr>\n<td class=\"label\">Legeeriv koostisosa:<\/td>\n<td> 6063<\/td>\n<\/tr>\n<tr>\n<td class=\"label\">Poleeritud alumiiniumprofiil:<\/td>\n<td> Keemiline poleerimine<\/td>\n<\/tr>\n<tr>\n<td class=\"label\">Transpordipakett:<\/td>\n<td> nagu kliendid vajavad<\/td>\n<\/tr>\n<tr>\n<td class=\"label\">P\u00e4ritolu:<\/td>\n<td> Fo Shani linn, Guangdongi provints, Hiina<\/td>\n<\/tr>\n<\/table>\n<h2>Meie tootmisbaas<\/h2>\n<h3>Tehase panoraam<\/h3>\n<p><img decoding=\"async\" src=\"\/wp-content\/uploads\/factory-01.webp\"\/><\/p>\n<h3>Alumiiniumvarraste tootmise t\u00f6\u00f6koda<\/h3>\n<p><img decoding=\"async\" src=\"\/wp-content\/uploads\/factory-02.webp\"\/><\/p>\n<p><img decoding=\"async\" src=\"\/wp-content\/uploads\/factory-03.webp\"\/><\/p>\n<h3>hallituse ladustamise ladu<\/h3>\n<p><img decoding=\"async\" src=\"\/wp-content\/uploads\/factory-04.webp\"\/><\/p>\n<h3>43 alumiiniumi ekstrusiooniliini (500-5500 tonni)<\/h3>\n<p><img decoding=\"async\" src=\"\/wp-content\/uploads\/factory-05.webp\"\/><\/p>\n<p><img decoding=\"async\" src=\"\/wp-content\/uploads\/factory-06.webp\"\/><\/p>\n<p><img decoding=\"async\" src=\"\/wp-content\/uploads\/factory-07.webp\"\/><\/p>\n<h3>Pulberv\u00e4rvimise t\u00f6\u00f6koda<\/h3>\n<p><img decoding=\"async\" src=\"\/wp-content\/uploads\/factory-09.webp\"\/><\/p>\n<h3>Anodiseerimise t\u00f6\u00f6koda<\/h3>\n<p><img decoding=\"async\" src=\"\/wp-content\/uploads\/factory-10.webp\"\/><\/p>\n<h3>S\u00fcgavt\u00f6\u00f6tlemise t\u00f6\u00f6tuba<\/h3>\n<p><img decoding=\"async\" src=\"\/wp-content\/uploads\/factory-11.webp\"\/><\/p>\n<h3>CNC-t\u00e4ppist\u00f6\u00f6tlemise t\u00f6\u00f6koda<\/h3>\n<p><img decoding=\"async\" src=\"\/wp-content\/uploads\/factory-11.5.webp\"\/><\/p>\n<h3>Valmistoodete ja ekspordi ladu<\/h3>\n<p><img decoding=\"async\" src=\"\/wp-content\/uploads\/factory-12.webp\"\/><\/p>\n<p><img decoding=\"async\" src=\"\/wp-content\/uploads\/factory-13.webp\"\/><\/p>\n<p><img decoding=\"async\" src=\"\/wp-content\/uploads\/factory-14.webp\"\/><\/p>\n<h2>KKK<\/h2>\n<p><p><b>1.Millised on CAD-jooniste kasutamise eelised t\u00f6\u00f6stuslike alumiiniumprofiilide jaoks? <\/b><\/p>\n<p>CAD-joonised v\u00f5imaldavad alumiiniumprofiilide t\u00e4pset projekteerimist ja kohandamist, tagades t\u00e4psed m\u00f5\u00f5tmed ja kohandatud lahendused konkreetsetele t\u00f6\u00f6stuslikele vajadustele.<br \/>\n<\/p><br \/>\n<br \/>\n<p><b>2.Kuidas parandab ekstrusioonipress alumiiniumprofiilide kvaliteeti? <\/b><\/p>\n<p>Ekstrusioonipress tagab suure t\u00e4psuse ja tihedad tolerantsid, mis tagavad, et alumiiniumprofiilid vastavad t\u00e4psetele spetsifikatsioonidele ja toimivad t\u00f6\u00f6stuslikes rakendustes usaldusv\u00e4\u00e4rselt.<br \/>\n<\/p><br \/>\n<br \/>\n<p><b>3.Kas alumiiniumprofiile saab kohandada konkreetsete t\u00f6\u00f6stuslike rakenduste jaoks? <\/b><\/p>\n<p>Jah, t\u00f6\u00f6stuslikke alumiiniumprofiile saab projekteerida ja valmistada vastavalt erin\u00f5uetele, pakkudes paindlikkust kuju, suuruse ja funktsiooni osas.<br \/>\n<\/p><br \/>\n<br \/>\n<p><b>4.Milliseid eeliseid pakuvad alumiiniumprofiilid t\u00f6\u00f6stuskeskkonnas? <\/b><\/p>\n<p>Alumiiniumprofiilid on kerged, korrosioonikindlad ja vastupidavad, mist\u00f5ttu sobivad need ideaalselt kasutamiseks erinevates t\u00f6\u00f6stuslikes rakendustes, sealhulgas masinates, ehituses ja automaatikas.<br \/>\n<\/p><br \/>\n<br \/>\n<p><b>5.Kuidas tagavad ekstrusioonipresside tootjad alumiiniumprofiilide \u00fchtlase kvaliteedi? <\/b><\/p>\n<p>Ekstrusioonipresside tootjad kasutavad k\u00f5rgekvaliteedilise kvaliteedi s\u00e4ilitamiseks t\u00e4iustatud masinaid ja t\u00e4pseid kontrolliprotsesse, mis tagavad, et iga alumiiniumprofiil vastab t\u00f6\u00f6stusstandarditele.<br \/>\n<\/p><br \/>\n<br \/>\n<p><b>6.Kas tootmisprotsess on suurte projektide puhul kulut\u00f5hus? <\/b><\/p>\n<p>Jah, t\u00f5hus ekstrusiooniprotsess v\u00f5imaldab kvaliteetsete alumiiniumprofiilide kulut\u00f5husat tootmist, mis teeb sellest suurep\u00e4rase v\u00f5imaluse suuremahulisteks t\u00f6\u00f6stusprojektideks.<br \/>\n<\/p><br \/>\n<br \/>\n<p><b>7. kuidas alumiiniumprofiilide kohandamine parandab t\u00f6\u00f6stuslikke rakendusi? <\/b><\/p>\n<p>Alumiiniumprofiilide kohandamine v\u00f5imaldab neid optimeerida konkreetsete t\u00f6\u00f6stuslike funktsioonide jaoks, parandada j\u00f5udlust, v\u00e4hendada j\u00e4\u00e4tmeid ja pakkuda kohandatud lahendusi, mis vastavad ainulaadsetele projektin\u00f5uetele.<br \/>\n<\/p><br \/><\/p>","protected":false},"featured_media":8205,"template":"","categories":[54],"class_list":["post-8206","product","type-product","status-publish","has-post-thumbnail","hentry","category-industrial-aluminum-profiles"],"meta_box":{"hilight_text_group":{"product_hilight_text":"<ul>\r\r\n  <li>Customizable CAD drawings allow for precise industrial aluminum profile design tailored to specific project requirements.<\/li>\r\r\n  <li>High-quality extrusion press manufacturing ensures superior strength, durability, and consistent performance in various industrial applications.<\/li>\r\r\n  <li>Flexible aluminum profiles that can be easily modified to accommodate a wide range of applications, from structural components to custom machinery parts.<\/li>\r\r\n  <li>Advanced extrusion processes provide tight tolerances and high precision, resulting in high-quality, reliable aluminum profiles.<\/li>\r\r\n  <li>Efficient and cost-effective manufacturing, providing high-quality aluminum profiles at competitive prices for large-scale industrial projects.<\/li>\r\r\n  <li>Excellent corrosion resistance and lightweight properties, making these profiles suitable for demanding environments and reducing overall system weight.<\/li>\r\r\n  <li>Custom extrusion presses enable the creation of profiles in any size or shape, offering maximum flexibility for industrial needs.<\/li>\r\r\n<\/ul>","product_chanpin_blog":"<ul>\r\r\n<li><a href=\"https:\/\/sinoextrud.com\/t-slot-v-slot-differences\/\" target=\"_blank\">t slot vs v slot<\/a><\/li>\r\r\n<li><a href=\"https:\/\/sinoextrud.com\/what-is-4040-aluminium-extrud\/\" target=\"_blank\">4040 aluminium extrusion<\/a><\/li>\r\r\n<li><a href=\"https:\/\/sinoextrud.com\/what-is-4040-aluminium-extrud\/\" target=\"_blank\">aluminum extrusions for industrial racks<\/a><\/li>\r\r\n<li><a href=\"https:\/\/sinoextrud.com\/powder-coating-aluminium-process\/\" target=\"_blank\">powder coating aluminium<\/a><\/li>\r\r\n<li><a href=\"https:\/\/sinoextrud.com\/what-is-an-aluminium-strip-ceiling\/\" target=\"_blank\">aluminium strip ceiling<\/a><\/li>\r\r\n<li><a href=\"https:\/\/sinoextrud.com\/what-is-a-heat-sink\/\" target=\"_blank\">what is a heat sink<\/a><\/li>\r\r\n<\/ul>","product_chanpin_chanpin":"<li><a href=\"https:\/\/sinoextrud.com\/product\/v-slot-rail-aluminum-profile-extrusion\/\" target=\"_blank\">V Slot Rail Aluminum Profile Extrusion<\/a><\/li>\r\n<li><a href=\"https:\/\/sinoextrud.com\/product\/extruded-aluminium-profiles-heat-sink\/\" target=\"_blank\">Extruded Aluminium Profiles Heat Sink<\/a><\/li>\r\n<li><a href=\"https:\/\/sinoextrud.com\/product\/industrial-aluminium-profiles\/\" target=\"_blank\">Industrial Aluminium Profiles<\/a><\/li>\r\n<li><a href=\"https:\/\/sinoextrud.com\/product\/extruded-aluminum-case\/\" target=\"_blank\">Extruded Aluminum Case<\/a><\/li>\r\n<li><a href=\"https:\/\/sinoextrud.com\/product\/industrial-aluminum-profile-cad-drawing-uses-in-industry-customized-extrusion-press-manufacturers\/\" target=\"_blank\">industrial aluminum profile cad drawing uses in industry customized extrusion press manufacturers<\/a><\/li>\r\n<li><a href=\"https:\/\/sinoextrud.com\/product\/extruded-aluminum-framing-systems\/\" target=\"_blank\">Extruded Aluminum Framing Systems<\/a><\/li>\r\n<li><a href=\"https:\/\/sinoextrud.com\/product\/extruded-aluminum-h-channel\/\" target=\"_blank\">Extruded Aluminum H Channel<\/a><\/li>\r\n<li><a href=\"https:\/\/sinoextrud.com\/product\/polished-aluminum-profile-bending-cnc-industrial-aluminium\/\" target=\"_blank\">Polished Aluminum Profile Bending CNC Industrial Aluminium<\/a><\/li>\r\n<li><a href=\"https:\/\/sinoextrud.com\/product\/customized-led-aluminium-profile-led-aluminum-extrusion\/\" target=\"_blank\">Customized LED Aluminium Profile  LED Aluminum Extrusion<\/a><\/li>\r\n<li><a href=\"https:\/\/sinoextrud.com\/product\/fluorocarbon-coating-aluminium-extrusions-anti-fluorite-pvdf-aluminium-profile\/\" target=\"_blank\">Fluorocarbon coating aluminium extrusions Anti fluorite PVDF aluminium profile<\/a><\/li>\r\n<li><a href=\"https:\/\/sinoextrud.com\/product\/aluminium-rail-extrusions\/\" target=\"_blank\">Aluminium Rail Extrusions<\/a><\/li>"},"feature_list":[]},"_links":{"self":[{"href":"https:\/\/sinoextrud.com\/et\/wp-json\/wp\/v2\/product\/8206","targetHints":{"allow":["GET"]}}],"collection":[{"href":"https:\/\/sinoextrud.com\/et\/wp-json\/wp\/v2\/product"}],"about":[{"href":"https:\/\/sinoextrud.com\/et\/wp-json\/wp\/v2\/types\/product"}],"wp:featuredmedia":[{"embeddable":true,"href":"https:\/\/sinoextrud.com\/et\/wp-json\/wp\/v2\/media\/8205"}],"wp:attachment":[{"href":"https:\/\/sinoextrud.com\/et\/wp-json\/wp\/v2\/media?parent=8206"}],"wp:term":[{"taxonomy":"category","embeddable":true,"href":"https:\/\/sinoextrud.com\/et\/wp-json\/wp\/v2\/categories?post=8206"}],"curies":[{"name":"wp","href":"https:\/\/api.w.org\/{rel}","templated":true}]}}