{"id":8181,"date":"2025-06-13T07:19:10","date_gmt":"2025-06-13T07:19:10","guid":{"rendered":"https:\/\/sinoextrud.com\/product\/solar-panel-frame-aluminum-profile\/"},"modified":"2025-06-24T06:23:17","modified_gmt":"2025-06-24T06:23:17","slug":"paikesepaneelide-raam-alumiiniumprofiil","status":"publish","type":"product","link":"https:\/\/sinoextrud.com\/et\/product\/solar-panel-frame-aluminum-profile\/","title":{"rendered":"P\u00e4ikesepaneelide raami alumiiniumprofiil"},"content":{"rendered":"<h2>Toodete \u00fcksikasjad<\/h2>\n<table class=\"custom-table\">\n<tbody>\n<tr>\n<td> Nimi<\/td>\n<td> P\u00e4ikesepaneelide raam alumiiniumprofiil<\/td>\n<\/tr>\n<tr>\n<td> Br\u00e4nd<\/td>\n<td> Sinoextrud\/Sinoextrud<\/td>\n<\/tr>\n<tr>\n<td> Kategooria<\/td>\n<td> Alumiiniumist raam<\/td>\n<\/tr>\n<tr>\n<td> T\u00fc\u00fcp<\/td>\n<td> Raami t\u00fc\u00fcp<\/td>\n<\/tr>\n<tr>\n<td> Materjal<\/td>\n<td> 6063 on laialdaselt kasutusel. Saadaval on ka 6061, 6463, 6005, 6082.<\/td>\n<\/tr>\n<tr>\n<td> Temper<\/td>\n<td> T5-T8<\/td>\n<\/tr>\n<tr>\n<td> Pikkus<\/td>\n<td> 1-9m v\u00f5i kohandamine<\/td>\n<\/tr>\n<tr>\n<td> Suurus (mm)<\/td>\n<td> Erinevad suurused, v\u00f5ite v\u00f5tta \u00fchendust detailide saamiseks.<\/td>\n<\/tr>\n<tr>\n<td> Paksus<\/td>\n<td> \u00dcle 0,7MM<\/td>\n<\/tr>\n<tr>\n<td> Kuju<\/td>\n<td> Kohandamine<\/td>\n<\/tr>\n<tr>\n<td> Pinnat\u00f6\u00f6tlus<\/td>\n<td> Veski valmis, anodeeritud, liivapritsimine, elektroforeesimine, elektrikate jne.<\/td>\n<\/tr>\n<tr>\n<td> V\u00e4rv<\/td>\n<td> H\u00f5bedane, must, valge, punane, kollane, \u0161ampanja v\u00f5i kohandatud v\u00e4rvus.<\/td>\n<\/tr>\n<tr>\n<td> Standard<\/td>\n<td> ASTM, GB, DIN<\/td>\n<\/tr>\n<tr>\n<td> Alates<\/td>\n<td> Guangdong, Hiina<\/td>\n<\/tr>\n<tr>\n<td> Taotlus<\/td>\n<td> T\u00f6\u00f6stus-, kodu- ja elektriseadmed<\/td>\n<\/tr>\n<\/tbody>\n<\/table>\n<h2>Meie tootmisbaas<\/h2>\n<h3>Tehase panoraam<\/h3>\n<p><img decoding=\"async\" src=\"\/wp-content\/uploads\/factory-01.webp\"\/><\/p>\n<h3>Alumiiniumvarraste tootmise t\u00f6\u00f6koda<\/h3>\n<p><img decoding=\"async\" src=\"\/wp-content\/uploads\/factory-02.webp\"\/><\/p>\n<p><img decoding=\"async\" src=\"\/wp-content\/uploads\/factory-03.webp\"\/><\/p>\n<h3>hallituse ladustamise ladu<\/h3>\n<p><img decoding=\"async\" src=\"\/wp-content\/uploads\/factory-04.webp\"\/><\/p>\n<h3>43 alumiiniumi ekstrusiooniliini (500-5500 tonni)<\/h3>\n<p><img decoding=\"async\" src=\"\/wp-content\/uploads\/factory-05.webp\"\/><\/p>\n<p><img decoding=\"async\" src=\"\/wp-content\/uploads\/factory-06.webp\"\/><\/p>\n<p><img decoding=\"async\" src=\"\/wp-content\/uploads\/factory-07.webp\"\/><\/p>\n<h3>Pulberv\u00e4rvimise t\u00f6\u00f6koda<\/h3>\n<p><img decoding=\"async\" src=\"\/wp-content\/uploads\/factory-09.webp\"\/><\/p>\n<h3>Anodiseerimise t\u00f6\u00f6koda<\/h3>\n<p><img decoding=\"async\" src=\"\/wp-content\/uploads\/factory-10.webp\"\/><\/p>\n<h3>S\u00fcgavt\u00f6\u00f6tlemise t\u00f6\u00f6tuba<\/h3>\n<p><img decoding=\"async\" src=\"\/wp-content\/uploads\/factory-11.webp\"\/><\/p>\n<h3>CNC-t\u00e4ppist\u00f6\u00f6tlemise t\u00f6\u00f6koda<\/h3>\n<p><img decoding=\"async\" src=\"\/wp-content\/uploads\/factory-11.5.webp\"\/><\/p>\n<h3>Valmistoodete ja ekspordi ladu<\/h3>\n<p><img decoding=\"async\" src=\"\/wp-content\/uploads\/factory-12.webp\"\/><\/p>\n<p><img decoding=\"async\" src=\"\/wp-content\/uploads\/factory-13.webp\"\/><\/p>\n<p><img decoding=\"async\" src=\"\/wp-content\/uploads\/factory-14.webp\"\/><\/p>\n<h2>KKK<\/h2>\n<p><p><b>1.Mis on p\u00e4ikesepaneeli raami alumiiniumprofiil? <\/b><\/p>\n<p> P\u00e4ikesepaneelide raami alumiiniumprofiil on konstruktsioonielement, mis \u00fcmbritseb ja toetab p\u00e4ikesepaneele, tagades vastupidavuse ja joondamise paigaldamise ajal.<br \/>\n<\/p><br \/>\n<br \/>\n<p><b>2.Miks kasutada alumiiniumprofiile p\u00e4ikesepaneelide raamideks? <\/b><\/p>\n<p> Alumiiniumprofiilid on v\u00e4ga tugevad, korrosioonikindlad ja kerged, mist\u00f5ttu sobivad need ideaalselt usaldusv\u00e4\u00e4rsete ja kauakestvate p\u00e4ikesepaneelide raamimiseks.<br \/>\n<\/p><br \/>\n<br \/>\n<p><b>3.Kas p\u00e4ikesepaneelide alumiiniumraame saab kohandada? <\/b><\/p>\n<p> Jah, me pakume kohandatud pikkusi, kujundeid ja viimistlusi, et need vastaksid konkreetsetele p\u00e4ikesemooduli m\u00f5\u00f5tmetele ja projekti n\u00f5uetele.<br \/>\n<\/p><br \/>\n<br \/>\n<p><b>4.Kas need alumiiniumprofiilid sobivad v\u00e4litingimustes kasutamiseks? <\/b><\/p>\n<p> Kindlasti muudab anodeeritud v\u00f5i pulberv\u00e4rvitud pind need v\u00e4ga vastupidavaks ilmastikutingimustele ja korrosioonile.<br \/>\n<\/p><br \/>\n<br \/>\n<p><b>5.Millised on kerge alumiiniumi eelised p\u00e4ikeseenergia rakendustes? <\/b><\/p>\n<p> Kerge alumiinium v\u00e4hendab paigaldust\u00f6\u00f6d, v\u00e4hendab transpordikulusid ja lihtsustab k\u00e4itlemist, ilma et see kahjustaks tugevust.<br \/>\n<\/p><br \/>\n<br \/>\n<p><b>6.Kuidas suurendavad p\u00e4ikesepaneelide alumiiniumraamid paneelide j\u00f5udlust? <\/b><\/p>\n<p> Raam tagab struktuurilise toe, n\u00f5uetekohase joondamise ja soojuse hajutamise, aidates s\u00e4ilitada p\u00e4ikesepaneelide optimaalset j\u00f5udlust.<br \/>\n<\/p><br \/>\n<br \/>\n<p><b>7.Kas p\u00e4ikesepaneelide raamid sobivad standardsetele paigalduss\u00fcsteemidele? <\/b><\/p>\n<p> Jah, meie alumiiniumprofiilid on kavandatud nii, et need \u00fchilduksid enamiku kommertslike p\u00e4ikesepaneelide paigalduss\u00fcsteemide ja tarvikutega.<br \/>\n<\/p><br \/><\/p>","protected":false},"featured_media":8180,"template":"","categories":[54],"class_list":["post-8181","product","type-product","status-publish","has-post-thumbnail","hentry","category-industrial-aluminum-profiles"],"meta_box":{"hilight_text_group":{"product_hilight_text":"<li>High-strength aluminum ensures reliable structural support for solar panels.<\/li>\r\r\n<li>Corrosion-resistant surface is ideal for long-term outdoor exposure.<\/li>\r\r\n<li>Lightweight material simplifies transportation and installation.<\/li>\r\r\n<li>Customizable profiles to match different solar module sizes and layouts.<\/li>\r\r\n<li>Precision extrusion for tight tolerance and easy assembly.<\/li>\r\r\n<li>Compatible with various mounting systems and brackets.<\/li>\r\r\n<li>Low maintenance and long service life reduce overall system cost.<\/li>","product_chanpin_blog":"<ul>\r\r\n<li><a href=\"https:\/\/sinoextrud.com\/t-slot-v-slot-differences\/\" target=\"_blank\">t slot vs v slot<\/a><\/li>\r\r\n<li><a href=\"https:\/\/sinoextrud.com\/what-is-4040-aluminium-extrud\/\" target=\"_blank\">4040 aluminium extrusion<\/a><\/li>\r\r\n<li><a href=\"https:\/\/sinoextrud.com\/what-is-4040-aluminium-extrud\/\" target=\"_blank\">aluminum extrusions for industrial racks<\/a><\/li>\r\r\n<li><a href=\"https:\/\/sinoextrud.com\/powder-coating-aluminium-process\/\" target=\"_blank\">powder coating aluminium<\/a><\/li>\r\r\n<li><a href=\"https:\/\/sinoextrud.com\/what-is-an-aluminium-strip-ceiling\/\" target=\"_blank\">aluminium strip ceiling<\/a><\/li>\r\r\n<li><a href=\"https:\/\/sinoextrud.com\/what-is-a-heat-sink\/\" target=\"_blank\">what is a heat sink<\/a><\/li>\r\r\n<\/ul>","product_chanpin_chanpin":"<li><a href=\"https:\/\/sinoextrud.com\/product\/cnc-machining-aluminum-heat-sink\/\" target=\"_blank\">CNC Machining Aluminum Heat Sink<\/a><\/li>\r\n<li><a href=\"https:\/\/sinoextrud.com\/product\/comb-shape-aluminium-heat-sink\/\" target=\"_blank\">Comb Shape Aluminium Heat Sink<\/a><\/li>\r\n<li><a href=\"https:\/\/sinoextrud.com\/product\/aluminum-heat-sink-box-shapes-profiles\/\" target=\"_blank\">Aluminum Heat Sink Box  Shapes  Profiles<\/a><\/li>\r\n<li><a href=\"https:\/\/sinoextrud.com\/product\/solar-aluminium-profiles\/\" target=\"_blank\">Solar Aluminium Profiles<\/a><\/li>\r\n<li><a href=\"https:\/\/sinoextrud.com\/product\/solar-panel-frame-aluminum-profile\/\" target=\"_blank\">Solar Panel Frame Aluminum Profile<\/a><\/li>\r\n<li><a href=\"https:\/\/sinoextrud.com\/product\/t-section-aluminium-extrusion\/\" target=\"_blank\">T Section Aluminium Extrusion<\/a><\/li>\r\n<li><a href=\"https:\/\/sinoextrud.com\/product\/customized-extruded-shaped-aluminum-profiles-6063-anodized-industrial-aluminum-profile\/\" target=\"_blank\">Customized Extruded Shaped Aluminum Profiles 6063 Anodized Industrial Aluminum Profile<\/a><\/li>\r\n<li><a href=\"https:\/\/sinoextrud.com\/product\/customized-industrial-aluminum-heat-sink\/\" target=\"_blank\">Customized Industrial Aluminum Heat Sink<\/a><\/li>\r\n<li><a href=\"https:\/\/sinoextrud.com\/product\/led-strip-aluminum-profile\/\" target=\"_blank\">Led Strip Aluminum Profile<\/a><\/li>\r\n<li><a href=\"https:\/\/sinoextrud.com\/product\/the-hinges-of-aluminium-clean-room\/\" target=\"_blank\">The Hinges Of Aluminium Clean Room<\/a><\/li>\r\n<li><a href=\"https:\/\/sinoextrud.com\/product\/industrial-large-aluminum-heat-sink\/\" target=\"_blank\">Industrial Large Aluminum Heat Sink<\/a><\/li>"},"feature_list":[]},"_links":{"self":[{"href":"https:\/\/sinoextrud.com\/et\/wp-json\/wp\/v2\/product\/8181","targetHints":{"allow":["GET"]}}],"collection":[{"href":"https:\/\/sinoextrud.com\/et\/wp-json\/wp\/v2\/product"}],"about":[{"href":"https:\/\/sinoextrud.com\/et\/wp-json\/wp\/v2\/types\/product"}],"wp:featuredmedia":[{"embeddable":true,"href":"https:\/\/sinoextrud.com\/et\/wp-json\/wp\/v2\/media\/8180"}],"wp:attachment":[{"href":"https:\/\/sinoextrud.com\/et\/wp-json\/wp\/v2\/media?parent=8181"}],"wp:term":[{"taxonomy":"category","embeddable":true,"href":"https:\/\/sinoextrud.com\/et\/wp-json\/wp\/v2\/categories?post=8181"}],"curies":[{"name":"wp","href":"https:\/\/api.w.org\/{rel}","templated":true}]}}