{"id":8172,"date":"2025-06-13T07:07:20","date_gmt":"2025-06-13T07:07:20","guid":{"rendered":"https:\/\/sinoextrud.com\/product\/cnc-machining-aluminum-heat-sink\/"},"modified":"2025-06-24T06:23:16","modified_gmt":"2025-06-24T06:23:16","slug":"cnc-mehaaniline-alumiiniumist-jahutusradiaator","status":"publish","type":"product","link":"https:\/\/sinoextrud.com\/et\/product\/cnc-machining-aluminum-heat-sink\/","title":{"rendered":"CNC mehaaniline alumiiniumist soojusalvestus"},"content":{"rendered":"<h2>Toodete \u00fcksikasjad<\/h2>\n<table class=\"custom-table\">\n<tr>\n<td class=\"label\">Nimetus<\/td>\n<td>CNC mehaaniline alumiiniumist soojusalvestus<\/td>\n<\/tr>\n<tr>\n<td class=\"label\">Materjali klass<\/td>\n<td>Sulam 6000 seeria<\/td>\n<\/tr>\n<tr>\n<td class=\"label\">Temper<\/td>\n<td>T5-T6<\/td>\n<\/tr>\n<tr>\n<td class=\"label\">Tehnoloogia<\/td>\n<td>Alumiiniumi ekstrusioon, CNC-t\u00f6\u00f6tlemine<\/td>\n<\/tr>\n<tr>\n<td class=\"label\">Pinnat\u00f6\u00f6tlus<\/td>\n<td>Veskiviimistlus, anodeerimine, pulberv\u00e4rvimine, liivapritsimine, elektroforees jne.<\/td>\n<\/tr>\n<tr>\n<td class=\"label\">V\u00e4rv<\/td>\n<td>H\u00f5bevalge, must, kuldne, \u0161ampanja, tume pronks v\u00f5i vastavalt teie soovile.<\/td>\n<\/tr>\n<tr>\n<td class=\"label\">Anodeerimise paksus<\/td>\n<td>8-25 um<\/td>\n<\/tr>\n<tr>\n<td class=\"label\">Power Coating paksus<\/td>\n<td>40-120 um<\/td>\n<\/tr>\n<tr>\n<td class=\"label\">Kuju<\/td>\n<td>Jooniste alusel<\/td>\n<\/tr>\n<tr>\n<td class=\"label\">Pikkus<\/td>\n<td>Standardne ekspordipikkus on 5.8m, anodeerimine6.5meetrit k\u00f5ige rohkem, Millfinish13meetrit k\u00f5ige rohkem<\/td>\n<\/tr>\n<tr>\n<td class=\"label\">S\u00fcgav t\u00f6\u00f6tlemine<\/td>\n<td>l\u00f5ikamine, puurimine, stantsimine, painutamine jne.<\/td>\n<\/tr>\n<tr>\n<td class=\"label\">2D&amp;3D disain<\/td>\n<td>\n2: Auto CAD, 3D, AI, SLD, PRT. IGS, PDF, JPEG jne.<\/td>\n<\/tr>\n<tr>\n<td class=\"label\">Engineering&amp; Tooling<\/td>\n<td>\nKasutage suure tonnaa\u017eiga ekstruder, traat-EMD, CNC, puurpingid jne.<\/td>\n<\/tr>\n<tr>\n<td class=\"label\">Pakendamise \u00fcksikasjad<\/td>\n<td>(1) Sees: pakitud plastist kaitsekilega, mis kaitseb iga t\u00fckki.<br \/>\n(2) V\u00e4ljaspool: M\u00e4hkida kimbud veekindla k\u00e4sit\u00f6\u00f6paberi abil.<\/td>\n<\/tr>\n<tr>\n<td class=\"label\">Kohaletoimetamine<\/td>\n<td>(1) DieDevelopingandSampletesting:12-18 p\u00e4eva.<br \/>\n(2) Massitootmine l\u00f5petatud: 20-30 p\u00e4eva p\u00e4rast seda, kui ostja on n\u00e4idise kinnitanud.<\/td>\n<\/tr>\n<tr>\n<td class=\"label\">Makset\u00e4htaeg<\/td>\n<td>T\/T 30% hoiuse eest, saldo enne saatmist.<\/td>\n<\/tr>\n<\/table>\n<h2>Meie tootmisbaas<\/h2>\n<h3>Tehase panoraam<\/h3>\n<p><img decoding=\"async\" src=\"\/wp-content\/uploads\/factory-01.webp\"\/><\/p>\n<h3>Alumiiniumvarraste tootmise t\u00f6\u00f6koda<\/h3>\n<p><img decoding=\"async\" src=\"\/wp-content\/uploads\/factory-02.webp\"\/><\/p>\n<\/p>\n<p><img decoding=\"async\" src=\"\/wp-content\/uploads\/factory-03.webp\"\/><\/p>\n<h3>hallituse ladustamise ladu<\/h3>\n<p><img decoding=\"async\" src=\"\/wp-content\/uploads\/factory-04.webp\"\/><\/p>\n<h3>43 alumiiniumi ekstrusiooniliini (500-5500 tonni)<\/h3>\n<p><img decoding=\"async\" src=\"\/wp-content\/uploads\/factory-05.webp\"\/><\/p>\n<p><img decoding=\"async\" src=\"\/wp-content\/uploads\/factory-06.webp\"\/><\/p>\n<p><img decoding=\"async\" src=\"\/wp-content\/uploads\/factory-07.webp\"\/><\/p>\n<h3>Pulberv\u00e4rvimise t\u00f6\u00f6koda<\/h3>\n<p><img decoding=\"async\" src=\"\/wp-content\/uploads\/factory-09.webp\"\/><\/p>\n<h3>Anodiseerimise t\u00f6\u00f6koda<\/h3>\n<p><img decoding=\"async\" src=\"\/wp-content\/uploads\/factory-10.webp\"\/><\/p>\n<h3>S\u00fcgavt\u00f6\u00f6tlemise t\u00f6\u00f6tuba<\/h3>\n<p><img decoding=\"async\" src=\"\/wp-content\/uploads\/factory-11.webp\"\/><\/p>\n<h3>CNC-t\u00e4ppist\u00f6\u00f6tlemise t\u00f6\u00f6koda<\/h3>\n<p><img decoding=\"async\" src=\"\/wp-content\/uploads\/factory-11.5.webp\"\/><\/p>\n<h3>Valmistoodete ja ekspordi ladu<\/h3>\n<p><img decoding=\"async\" src=\"\/wp-content\/uploads\/factory-12.webp\"\/><\/p>\n<p><img decoding=\"async\" src=\"\/wp-content\/uploads\/factory-13.webp\"\/><\/p>\n<p><img decoding=\"async\" src=\"\/wp-content\/uploads\/factory-14.webp\"\/><\/p>\n<h2>KKK<\/h2>\n<p><b>1.Mis muudab CNC mehaaniline alumiiniumist soojuskaevu sobivaks jahutusrakenduste jaoks? <\/b><\/p>\n<p> CNC-t\u00f6\u00f6tlus tagab suure t\u00e4psuse, samas kui alumiiniumist materjal pakub suurep\u00e4rast soojusjuhtivust, mis muudab selle ideaalseks elektroonikakomponentide jahutamiseks.\n<\/p>\n<p><\/p>\n<p><b>2.Can CNC mehaaniline alumiiniumist soojusalvesti saab kohandada? <\/b><\/p>\n<p> Jah, CNC-t\u00f6\u00f6tlemine v\u00f5imaldab kohandada kuju ja suurust, tagades, et jahutusradiaator vastab konkreetsetele soojusjuhtimise n\u00f5uetele.\n<\/p>\n<p><\/p>\n<p><b>3.How vastupidav on CNC mehaaniline alumiiniumist soojusalvestus? <\/b><\/p>\n<p> Korrosioonikindel alumiiniummaterjal tagab pikaajalise vastupidavuse, mis tagab, et jahutusradiaator t\u00f6\u00f6tab t\u00f5husalt kogu aeg.\n<\/p>\n<p><\/p>\n<p><b>4.Millised t\u00f6\u00f6stusharud saavad kasu CNC-t\u00f6\u00f6tlemisega alumiiniumist soojusalvestusest? <\/b><\/p>\n<p> CNC mehaaniline alumiiniumist soojusalvesti kasutatakse laialdaselt elektroonika-, auto-, telekommunikatsiooni- ja LED-valgustust\u00f6\u00f6stuses t\u00f5husaks jahutuseks.\n<\/p>\n<p><\/p>\n<p><b>5.Kas CNC mehaaniline alumiiniumist soojusalvesti on kerge? <\/b><\/p>\n<p> Jah, alumiinium on kerge materjal, mis ei ohverda termilist t\u00f5husust, mist\u00f5ttu on see suurep\u00e4rane valik jahutuslahenduste jaoks.\n<\/p>\n<p><\/p>\n<p><b>6.Kuidas parandab CNC-t\u00f6\u00f6tlemine jahutusradiaatori j\u00f5udlust? <\/b><\/p>\n<p> CNC-t\u00f6\u00f6tlus pakub suurt t\u00e4psust, v\u00f5imaldades keerukaid konstruktsioone, mis maksimeerivad pindala ja soojusjuhtimise t\u00f5husust.\n<\/p>\n<p><\/p>\n<p><b>7.Kas CNC mehaaniline alumiiniumist soojusalvesti on keskkonnas\u00f5bralik? <\/b><\/p>\n<p> Jah, alumiinium on t\u00e4ielikult taaskasutatav, mist\u00f5ttu on jahutusradiaator keskkonnas\u00f5bralik valik t\u00f6\u00f6stuslike jahutusrakenduste jaoks.\n<\/p>\n<p><\/p>","protected":false},"featured_media":8171,"template":"","categories":[54],"class_list":["post-8172","product","type-product","status-publish","has-post-thumbnail","hentry","category-industrial-aluminum-profiles"],"meta_box":{"hilight_text_group":{"product_hilight_text":"<ul>\r\r\n  <li>Precision CNC machining for high-quality aluminum heat sinks<\/li>\r\r\n  <li>Efficient heat dissipation, ideal for electronic devices and high-performance components<\/li>\r\r\n  <li>Customizable shapes and sizes to meet specific cooling requirements<\/li>\r\r\n  <li>Corrosion-resistant aluminum material ensures long-term durability<\/li>\r\r\n  <li>Lightweight design without compromising thermal efficiency<\/li>\r\r\n  <li>Cost-effective manufacturing with reduced production time<\/li>\r\r\n  <li>Environmentally friendly, fully recyclable material<\/li>\r\r\n<\/ul>","product_chanpin_blog":"<ul>\r\r\n<li><a href=\"https:\/\/sinoextrud.com\/t-slot-v-slot-differences\/\" target=\"_blank\">t slot vs v slot<\/a><\/li>\r\r\n<li><a href=\"https:\/\/sinoextrud.com\/what-is-4040-aluminium-extrud\/\" target=\"_blank\">4040 aluminium extrusion<\/a><\/li>\r\r\n<li><a href=\"https:\/\/sinoextrud.com\/what-is-4040-aluminium-extrud\/\" target=\"_blank\">aluminum extrusions for industrial racks<\/a><\/li>\r\r\n<li><a href=\"https:\/\/sinoextrud.com\/powder-coating-aluminium-process\/\" target=\"_blank\">powder coating aluminium<\/a><\/li>\r\r\n<li><a href=\"https:\/\/sinoextrud.com\/what-is-an-aluminium-strip-ceiling\/\" target=\"_blank\">aluminium strip ceiling<\/a><\/li>\r\r\n<li><a href=\"https:\/\/sinoextrud.com\/what-is-a-heat-sink\/\" target=\"_blank\">what is a heat sink<\/a><\/li>\r\r\n<\/ul>","product_chanpin_chanpin":"<li><a href=\"https:\/\/sinoextrud.com\/product\/aluminum-t-slot-profile\/\" target=\"_blank\">Aluminum T Slot Profile<\/a><\/li>\r\n<li><a href=\"https:\/\/sinoextrud.com\/product\/aluminum-t-slot-rail-profile\/\" target=\"_blank\">Aluminum T Slot Rail Profile<\/a><\/li>\r\n<li><a href=\"https:\/\/sinoextrud.com\/product\/aluminum-t-slot-table\/\" target=\"_blank\">Aluminum T Slot Table<\/a><\/li>\r\n<li><a href=\"https:\/\/sinoextrud.com\/product\/brushed-aluminium-profile\/\" target=\"_blank\">Brushed Aluminium Profile<\/a><\/li>\r\n<li><a href=\"https:\/\/sinoextrud.com\/product\/cnc-machining-aluminum-heat-sink\/\" target=\"_blank\">CNC Machining Aluminum Heat Sink<\/a><\/li>\r\n<li><a href=\"https:\/\/sinoextrud.com\/product\/comb-shape-aluminium-heat-sink\/\" target=\"_blank\">Comb Shape Aluminium Heat Sink<\/a><\/li>\r\n<li><a href=\"https:\/\/sinoextrud.com\/product\/aluminum-heat-sink-box-shapes-profiles\/\" target=\"_blank\">Aluminum Heat Sink Box  Shapes  Profiles<\/a><\/li>\r\n<li><a href=\"https:\/\/sinoextrud.com\/product\/solar-aluminium-profiles\/\" target=\"_blank\">Solar Aluminium Profiles<\/a><\/li>\r\n<li><a href=\"https:\/\/sinoextrud.com\/product\/solar-panel-frame-aluminum-profile\/\" target=\"_blank\">Solar Panel Frame Aluminum Profile<\/a><\/li>\r\n<li><a href=\"https:\/\/sinoextrud.com\/product\/kitchen-cabinet-aluminum-profile\/\" target=\"_blank\">Kitchen Cabinet Aluminum Profile<\/a><\/li>\r\n<li><a href=\"https:\/\/sinoextrud.com\/product\/led-plant-growth-light-aluminum-profile\/\" target=\"_blank\">Led Plant Growth Light Aluminum Profile<\/a><\/li>"},"feature_list":[]},"_links":{"self":[{"href":"https:\/\/sinoextrud.com\/et\/wp-json\/wp\/v2\/product\/8172","targetHints":{"allow":["GET"]}}],"collection":[{"href":"https:\/\/sinoextrud.com\/et\/wp-json\/wp\/v2\/product"}],"about":[{"href":"https:\/\/sinoextrud.com\/et\/wp-json\/wp\/v2\/types\/product"}],"wp:featuredmedia":[{"embeddable":true,"href":"https:\/\/sinoextrud.com\/et\/wp-json\/wp\/v2\/media\/8171"}],"wp:attachment":[{"href":"https:\/\/sinoextrud.com\/et\/wp-json\/wp\/v2\/media?parent=8172"}],"wp:term":[{"taxonomy":"category","embeddable":true,"href":"https:\/\/sinoextrud.com\/et\/wp-json\/wp\/v2\/categories?post=8172"}],"curies":[{"name":"wp","href":"https:\/\/api.w.org\/{rel}","templated":true}]}}