{"id":8148,"date":"2025-06-13T02:46:47","date_gmt":"2025-06-13T02:46:47","guid":{"rendered":"https:\/\/sinoextrud.com\/product\/aluminum-extrusion-plate\/"},"modified":"2025-06-24T06:23:11","modified_gmt":"2025-06-24T06:23:11","slug":"alumiiniumist-ekstrusiooniplaat","status":"publish","type":"product","link":"https:\/\/sinoextrud.com\/et\/product\/aluminum-extrusion-plate\/","title":{"rendered":"Alumiiniumist ekstrusiooniplaat"},"content":{"rendered":"<h2>Toodete \u00fcksikasjad<\/h2>\n<table class=\"custom-table\">\n<tbody>\n<tr>\n<td> Toote nimi<\/td>\n<td> Alumiiniumist ekstrusiooniplaat<\/td>\n<\/tr>\n<tr>\n<td> Materjali klass<\/td>\n<td> 6000 seeria<\/td>\n<\/tr>\n<tr>\n<td> Kuju<\/td>\n<td> Ruut, \u00fcmmargune, ristk\u00fclikukujuline ja muu kohandatud kuju<\/td>\n<\/tr>\n<tr>\n<td> Paksus<\/td>\n<td> 0.7mm-10mm v\u00f5i muu mittekohustuslik paksus<\/td>\n<\/tr>\n<tr>\n<td> V\u00e4rv<\/td>\n<td> Alumiinium veski valmis, h\u00f5bedane, valge, must, puidumass jne.<\/td>\n<\/tr>\n<tr>\n<td> T\u00fc\u00fcpilised rakendused<\/td>\n<td> Arhitektuur, t\u00f6\u00f6stus jne.<\/td>\n<\/tr>\n<tr>\n<td> Br\u00e4nd<\/td>\n<td> Sinoextrud, Sinoextrud v\u00f5i OEM-kaubam\u00e4rk<\/td>\n<\/tr>\n<tr>\n<td> CNC protsess<\/td>\n<td> CNC freesimine, puurimine, augustamine, puurimine, koputades, painutamine, painutamine<\/td>\n<\/tr>\n<tr>\n<td> Pinnat\u00f6\u00f6tlus<\/td>\n<td> Valmis, puidumass, anodeeritud, pulberv\u00e4rvimine, elektroforees, PVDF-kate, harjatud jne.<\/td>\n<\/tr>\n<tr>\n<td> Garantii<\/td>\n<td> ISO9001, ISO4001, CQM, SGS, CE, BV jne.<\/td>\n<\/tr>\n<tr>\n<td> P\u00e4ritolukoht<\/td>\n<td> Guangdong,Hiina<\/td>\n<\/tr>\n<\/tbody>\n<\/table>\n<h2>Meie tootmisbaas<\/h2>\n<h3>Tehase panoraam<\/h3>\n<p><img decoding=\"async\" src=\"\/wp-content\/uploads\/factory-01.webp\"\/><\/p>\n<h3>Alumiiniumvarraste tootmise t\u00f6\u00f6koda<\/h3>\n<p><img decoding=\"async\" src=\"\/wp-content\/uploads\/factory-02.webp\"\/><\/p>\n<p><img decoding=\"async\" src=\"\/wp-content\/uploads\/factory-03.webp\"\/><\/p>\n<h3>hallituse ladustamise ladu<\/h3>\n<p><img decoding=\"async\" src=\"\/wp-content\/uploads\/factory-04.webp\"\/><\/p>\n<h3>43 alumiiniumi ekstrusiooniliini (500-5500 tonni)<\/h3>\n<p><img decoding=\"async\" src=\"\/wp-content\/uploads\/factory-05.webp\"\/><\/p>\n<p><img decoding=\"async\" src=\"\/wp-content\/uploads\/factory-06.webp\"\/><\/p>\n<p><img decoding=\"async\" src=\"\/wp-content\/uploads\/factory-07.webp\"\/><\/p>\n<h3>Pulberv\u00e4rvimise t\u00f6\u00f6koda<\/h3>\n<p><img decoding=\"async\" src=\"\/wp-content\/uploads\/factory-09.webp\"\/><\/p>\n<h3>Anodiseerimise t\u00f6\u00f6koda<\/h3>\n<p><img decoding=\"async\" src=\"\/wp-content\/uploads\/factory-10.webp\"\/><\/p>\n<h3>S\u00fcgavt\u00f6\u00f6tlemise t\u00f6\u00f6tuba<\/h3>\n<p><img decoding=\"async\" src=\"\/wp-content\/uploads\/factory-11.webp\"\/><\/p>\n<h3>CNC-t\u00e4ppist\u00f6\u00f6tlemise t\u00f6\u00f6koda<\/h3>\n<p><img decoding=\"async\" src=\"\/wp-content\/uploads\/factory-11.5.webp\"\/><\/p>\n<h3>Valmistoodete ja ekspordi ladu<\/h3>\n<p><img decoding=\"async\" src=\"\/wp-content\/uploads\/factory-12.webp\"\/><\/p>\n<p><img decoding=\"async\" src=\"\/wp-content\/uploads\/factory-13.webp\"\/><\/p>\n<p><img decoding=\"async\" src=\"\/wp-content\/uploads\/factory-14.webp\"\/><\/p>\n<h2>KKK<\/h2>\n<p><p><b>1.Mis muudab alumiiniumist ekstrusiooniplaadi sobivaks t\u00f6\u00f6stuslikeks rakendusteks? <\/b><\/p>\n<p> Alumiiniumist pressplaadid on vastupidavad, kerged ja korrosioonikindlad, mist\u00f5ttu sobivad need ideaalselt mitmesuguste t\u00f6\u00f6stus- ja tootmisvajaduste rahuldamiseks.<br \/>\n<\/p><br \/>\n<br \/>\n<p><b>2.Can alumiiniumist ekstrusiooniplaat saab kohandada? <\/b><\/p>\n<p> Jah, neid plaate saab kohandada suuruse, paksuse ja kuju poolest, et need vastaksid erinevate projektide erin\u00f5uetele.<br \/>\n<\/p><br \/>\n<br \/>\n<p><b>3.How vastupidav on alumiiniumist ekstrusiooniplaat? <\/b><\/p>\n<p> T\u00e4nu korrosioonikindlatele omadustele on see v\u00e4ga vastupidav, tagades pikaajalise toimivuse ja kaitse isegi keerulistes keskkondades.<br \/>\n<\/p><br \/>\n<br \/>\n<p><b>4.Millised t\u00f6\u00f6stusharud saavad alumiiniumist ekstrusiooniplaadist kasu? <\/b><\/p>\n<p> Alumiiniumist ekstrusiooniplaate kasutatakse laialdaselt sellistes t\u00f6\u00f6stusharudes nagu lennundus, autot\u00f6\u00f6stus, ehitus ja tootmine struktuuri- ja seadmete jaoks.<br \/>\n<\/p><br \/>\n<br \/>\n<p><b>5.Kas alumiiniumist ekstrusiooniplaati on lihtne t\u00f6\u00f6delda ja valmistada? <\/b><\/p>\n<p> Jah, seda on lihtne t\u00f6\u00f6delda, l\u00f5igata ja valmistada, mis muudab selle ideaalseks t\u00e4pseks ja paindlikuks valmistamiseks erinevates projektides.<br \/>\n<\/p><br \/>\n<br \/>\n<p><b>6.Kuidas parandab alumiiniumist ekstrusiooniplaat soojusjuhtimist? <\/b><\/p>\n<p> Selle suurep\u00e4rane soojusjuhtivus aitab hajutada soojust, mist\u00f5ttu sobib see soojusetundlikesse rakendustesse, nagu elektroonika ja masinad.<br \/>\n<\/p><br \/>\n<br \/>\n<p><b>7.Kas alumiiniumist ekstrusiooniplaat on keskkonnas\u00f5bralik? <\/b><\/p>\n<p> Jah, alumiinium on 100% taaskasutatav, mist\u00f5ttu on pressplaat keskkonnas\u00f5bralik valik t\u00f6\u00f6stuslikeks rakendusteks.<br \/>\n<\/p><br \/><\/p>","protected":false},"featured_media":8147,"template":"","categories":[54],"class_list":["post-8148","product","type-product","status-publish","has-post-thumbnail","hentry","category-industrial-aluminum-profiles"],"meta_box":{"hilight_text_group":{"product_hilight_text":"<li>High-strength aluminum extrusion plate for various industrial and manufacturing applications<\/li>\r\r\n<li>Corrosion-resistant, providing long-lasting durability in harsh environments<\/li>\r\r\n<li>Customizable thicknesses and sizes to meet specific project needs<\/li>\r\r\n<li>Excellent machinability, ideal for precise fabrication and easy to modify<\/li>\r\r\n<li>Lightweight yet robust, offering strength without adding unnecessary weight<\/li>\r\r\n<li>Efficient thermal conductivity, improving heat management in equipment<\/li>\r\r\n<li>Environmentally friendly, as aluminum is a fully recyclable material<\/li>","product_chanpin_blog":"<ul>\r\r\n<li><a href=\"https:\/\/sinoextrud.com\/t-slot-v-slot-differences\/\" target=\"_blank\">t slot vs v slot<\/a><\/li>\r\r\n<li><a href=\"https:\/\/sinoextrud.com\/what-is-4040-aluminium-extrud\/\" target=\"_blank\">4040 aluminium extrusion<\/a><\/li>\r\r\n<li><a href=\"https:\/\/sinoextrud.com\/what-is-4040-aluminium-extrud\/\" target=\"_blank\">aluminum extrusions for industrial racks<\/a><\/li>\r\r\n<li><a href=\"https:\/\/sinoextrud.com\/powder-coating-aluminium-process\/\" target=\"_blank\">powder coating aluminium<\/a><\/li>\r\r\n<li><a href=\"https:\/\/sinoextrud.com\/what-is-an-aluminium-strip-ceiling\/\" target=\"_blank\">aluminium strip ceiling<\/a><\/li>\r\r\n<li><a href=\"https:\/\/sinoextrud.com\/what-is-a-heat-sink\/\" target=\"_blank\">what is a heat sink<\/a><\/li>\r\r\n<\/ul>","product_chanpin_chanpin":"<li><a href=\"https:\/\/sinoextrud.com\/product\/aluminium-transport-extrusions\/\" target=\"_blank\">Aluminium Transport Extrusions<\/a><\/li>\r\n<li><a href=\"https:\/\/sinoextrud.com\/product\/aluminum-extruded-enclosure-for-power-supply\/\" target=\"_blank\">Aluminum Extruded Enclosure For Power Supply<\/a><\/li>\r\n<li><a href=\"https:\/\/sinoextrud.com\/product\/aluminum-extrusion-industry\/\" target=\"_blank\">Aluminum Extrusion Industry<\/a><\/li>\r\n<li><a href=\"https:\/\/sinoextrud.com\/product\/aluminum-extrusion-material-t-slot\/\" target=\"_blank\">Aluminum Extrusion Material T Slot<\/a><\/li>\r\n<li><a href=\"https:\/\/sinoextrud.com\/product\/aluminum-extrusion-plate\/\" target=\"_blank\">Aluminum Extrusion Plate<\/a><\/li>\r\n<li><a href=\"https:\/\/sinoextrud.com\/product\/aluminum-frame-for-solar-panel-and-light-box\/\" target=\"_blank\">Aluminum Frame For Solar Panel And Light-Box<\/a><\/li>\r\n<li><a href=\"https:\/\/sinoextrud.com\/product\/aluminum-heatsink-extrusion-profile\/\" target=\"_blank\">Aluminum Heatsink Extrusion Profile<\/a><\/li>\r\n<li><a href=\"https:\/\/sinoextrud.com\/product\/aluminum-light-box-extrusion\/\" target=\"_blank\">Aluminum Light Box Extrusion<\/a><\/li>\r\n<li><a href=\"https:\/\/sinoextrud.com\/product\/aluminum-profile-solar-panel-wide-width\/\" target=\"_blank\">Aluminum Profile Solar Panel Wide Width<\/a><\/li>\r\n<li><a href=\"https:\/\/sinoextrud.com\/product\/aluminium-sliding-door-with-french-style-bi-folding-glass-wall-door-energy-saving-heat-insulation\/\" target=\"_blank\">Aluminium Sliding Door With French Style Bi-folding Glass Wall Door Energy Saving Heat Insulation<\/a><\/li>\r\n<li><a href=\"https:\/\/sinoextrud.com\/product\/aluminium-windows-with-mosquito-net-profile-catalog-uses-best-factory-price-per-pound\/\" target=\"_blank\">aluminium windows with mosquito net profile catalog uses best Factory Price per pound<\/a><\/li>"},"feature_list":[]},"_links":{"self":[{"href":"https:\/\/sinoextrud.com\/et\/wp-json\/wp\/v2\/product\/8148","targetHints":{"allow":["GET"]}}],"collection":[{"href":"https:\/\/sinoextrud.com\/et\/wp-json\/wp\/v2\/product"}],"about":[{"href":"https:\/\/sinoextrud.com\/et\/wp-json\/wp\/v2\/types\/product"}],"wp:featuredmedia":[{"embeddable":true,"href":"https:\/\/sinoextrud.com\/et\/wp-json\/wp\/v2\/media\/8147"}],"wp:attachment":[{"href":"https:\/\/sinoextrud.com\/et\/wp-json\/wp\/v2\/media?parent=8148"}],"wp:term":[{"taxonomy":"category","embeddable":true,"href":"https:\/\/sinoextrud.com\/et\/wp-json\/wp\/v2\/categories?post=8148"}],"curies":[{"name":"wp","href":"https:\/\/api.w.org\/{rel}","templated":true}]}}