{"id":8146,"date":"2025-06-13T02:44:57","date_gmt":"2025-06-13T02:44:57","guid":{"rendered":"https:\/\/sinoextrud.com\/product\/aluminum-extrusion-material-t-slot\/"},"modified":"2025-06-24T06:23:11","modified_gmt":"2025-06-24T06:23:11","slug":"alumiiniumist-ekstrusiooni-materjal-t-pesa","status":"publish","type":"product","link":"https:\/\/sinoextrud.com\/et\/product\/aluminum-extrusion-material-t-slot\/","title":{"rendered":"Alumiinium ekstrusiooni materjal T Slot"},"content":{"rendered":"<h2>Toodete \u00fcksikasjad<\/h2>\n<table class=\"custom-table\">\n<tbody>\n<tr>\n<td> Punkti<\/td>\n<td> Alumiinium ekstrusiooni materjal, Alumiinium ekstrusiooni materjal T Slot<\/td>\n<\/tr>\n<tr>\n<td> Kategooria<\/td>\n<td> Alumiinium sektsioon<\/td>\n<\/tr>\n<tr>\n<td> Materjal<\/td>\n<td> Alumiiniumsulam (6063, 6061,6463,6082)<\/td>\n<\/tr>\n<tr>\n<td> Temper<\/td>\n<td> T5,T8<\/td>\n<\/tr>\n<tr>\n<td> Pikkus<\/td>\n<td> 1-9m v\u00f5i muud on saadaval<\/td>\n<\/tr>\n<tr>\n<td> Suurus (mm)<\/td>\n<td> 40*40, 40*80, 80*80, 45*120 jne.<\/td>\n<\/tr>\n<tr>\n<td> Kuju<\/td>\n<td> T-profiil, nelinurkne, \u00fcmmargune, lame, nurk jne.<\/td>\n<\/tr>\n<tr>\n<td> Pinnat\u00f6\u00f6tlus<\/td>\n<td> Veski viimistlus, anodeeritud, liivapritsimine, poleerimine, elektroforeesimine, v\u00f5imsuskate jne.<\/td>\n<\/tr>\n<tr>\n<td> V\u00e4rv<\/td>\n<td> Kuigi, must, h\u00f5be, pronks, kuld, \u0161ampanja, tume jne.<\/td>\n<\/tr>\n<tr>\n<td> Sertifikaat<\/td>\n<td> ASTM, GB<\/td>\n<\/tr>\n<tr>\n<td> Alates<\/td>\n<td> Guangdong, Hiina<\/td>\n<\/tr>\n<tr>\n<td> Kohaletoimetamine<\/td>\n<td> 15-30 p\u00e4eva, v\u00f5ib meiega konsulteerida<\/td>\n<\/tr>\n<\/tbody>\n<\/table>\n<h2>Meie tootmisbaas<\/h2>\n<h3>Tehase panoraam<\/h3>\n<p><img decoding=\"async\" src=\"\/wp-content\/uploads\/factory-01.webp\"\/><\/p>\n<h3>Alumiiniumvarraste tootmise t\u00f6\u00f6koda<\/h3>\n<p><img decoding=\"async\" src=\"\/wp-content\/uploads\/factory-02.webp\"\/><\/p>\n<p><img decoding=\"async\" src=\"\/wp-content\/uploads\/factory-03.webp\"\/><\/p>\n<h3>hallituse ladustamise ladu<\/h3>\n<p><img decoding=\"async\" src=\"\/wp-content\/uploads\/factory-04.webp\"\/><\/p>\n<h3>43 alumiiniumi ekstrusiooniliini (500-5500 tonni)<\/h3>\n<p><img decoding=\"async\" src=\"\/wp-content\/uploads\/factory-05.webp\"\/><\/p>\n<p><img decoding=\"async\" src=\"\/wp-content\/uploads\/factory-06.webp\"\/><\/p>\n<p><img decoding=\"async\" src=\"\/wp-content\/uploads\/factory-07.webp\"\/><\/p>\n<h3>Pulberv\u00e4rvimise t\u00f6\u00f6koda<\/h3>\n<p><img decoding=\"async\" src=\"\/wp-content\/uploads\/factory-09.webp\"\/><\/p>\n<h3>Anodiseerimise t\u00f6\u00f6koda<\/h3>\n<p><img decoding=\"async\" src=\"\/wp-content\/uploads\/factory-10.webp\"\/><\/p>\n<h3>S\u00fcgavt\u00f6\u00f6tlemise t\u00f6\u00f6tuba<\/h3>\n<p><img decoding=\"async\" src=\"\/wp-content\/uploads\/factory-11.webp\"\/><\/p>\n<h3>CNC-t\u00e4ppist\u00f6\u00f6tlemise t\u00f6\u00f6koda<\/h3>\n<p><img decoding=\"async\" src=\"\/wp-content\/uploads\/factory-11.5.webp\"\/><\/p>\n<h3>Valmistoodete ja ekspordi ladu<\/h3>\n<p><img decoding=\"async\" src=\"\/wp-content\/uploads\/factory-12.webp\"\/><\/p>\n<p><img decoding=\"async\" src=\"\/wp-content\/uploads\/factory-13.webp\"\/><\/p>\n<p><img decoding=\"async\" src=\"\/wp-content\/uploads\/factory-14.webp\"\/><\/p>\n<h2>KKK<\/h2>\n<p><p><b>1.Mis on T-kujulise alumiiniumi ekstrusiooni kasutamise eelis? <\/b><\/p>\n<p> T-ava alumiiniumprofiil pakub paindlikku, modulaarset kokkupanekut ilma keevitamiseta, mis on ideaalne kiireks ja reguleeritavaks konstruktsiooni ehitamiseks.<br \/>\n<\/p><br \/>\n<br \/>\n<p><b>2.Kas T-ava alumiiniumist ekstrusioon on piisavalt vastupidav t\u00f6\u00f6stuslikuks kasutamiseks? <\/b><\/p>\n<p> Jah, T Slot alumiiniumprofiilid on valmistatud \u00fclitugevast alumiiniumist, mis tagab pikaajalise toimivuse n\u00f5udlikes t\u00f6\u00f6stuskeskkondades.<br \/>\n<\/p><br \/>\n<br \/>\n<p><b>3.Kas T-ava alumiiniumprofiile saab kohandada? <\/b><\/p>\n<p> Kindlasti saab T-kujulisi profiile l\u00f5igata kohandatud pikkusega ja kombineerida erinevate lisatarvikutega, et t\u00e4ita konkreetseid projekti vajadusi.<br \/>\n<\/p><br \/>\n<br \/>\n<p><b>4.Mis t\u00fc\u00fcpi viimistlused on saadaval T-ava alumiiniumprofiilidele? <\/b><\/p>\n<p> Pakume anodeeritud, pulberv\u00e4rvitud ja freesitud viimistlusi parema korrosioonikindluse ja esteetika tagamiseks.<br \/>\n<\/p><br \/>\n<br \/>\n<p><b>5.Kas T-pesa profiilid \u00fchilduvad standardsete lisaseadmetega? <\/b><\/p>\n<p> Jah, meie T-kujulised alumiiniumprofiilid sobivad kokku paljude turul olevate klambrite, liitmike ja kinnitusvahenditega.<br \/>\n<\/p><br \/>\n<br \/>\n<p><b>6.Millised rakendused sobivad T-ava alumiiniumi ekstrusiooni jaoks? <\/b><\/p>\n<p> T-ava alumiiniumprofiilid sobivad ideaalselt masinate raamide, turvakappide, automaatikaseadmete ja t\u00f6\u00f6kohtade jaoks.<br \/>\n<\/p><br \/>\n<br \/>\n<p><b>7.Kuidas aitab T-ava alumiiniumist ekstrusioon v\u00e4hendada kulusid? <\/b><\/p>\n<p> Selle modulaarne konstruktsioon v\u00f5imaldab kiiret kokkupanekut, lihtsaid muudatusi ja kerget k\u00e4itlemist, v\u00e4hendades t\u00f6\u00f6j\u00f5u- ja transpordikulusid.<br \/>\n<\/p><br \/><\/p>","protected":false},"featured_media":8145,"template":"","categories":[54],"class_list":["post-8146","product","type-product","status-publish","has-post-thumbnail","hentry","category-industrial-aluminum-profiles"],"meta_box":{"hilight_text_group":{"product_hilight_text":"<li>Modular T Slot design allows easy assembly and reconfiguration without welding.<\/li>\r\r\n<li>High-strength aluminum extrusion ensures durability and structural stability.<\/li>\r\r\n<li>Corrosion-resistant surface finishes suitable for industrial environments.<\/li>\r\r\n<li>Compatible with a wide range of accessories and connectors.<\/li>\r\r\n<li>Lightweight material reduces handling and shipping costs.<\/li>\r\r\n<li>Precision-machined for high tolerance and consistent quality.<\/li>\r\r\n<li>Ideal for machine frames, workstations, and automation systems.<\/li>","product_chanpin_blog":"<ul>\r\r\n<li><a href=\"https:\/\/sinoextrud.com\/t-slot-v-slot-differences\/\" target=\"_blank\">t slot vs v slot<\/a><\/li>\r\r\n<li><a href=\"https:\/\/sinoextrud.com\/what-is-4040-aluminium-extrud\/\" target=\"_blank\">4040 aluminium extrusion<\/a><\/li>\r\r\n<li><a href=\"https:\/\/sinoextrud.com\/what-is-4040-aluminium-extrud\/\" target=\"_blank\">aluminum extrusions for industrial racks<\/a><\/li>\r\r\n<li><a href=\"https:\/\/sinoextrud.com\/powder-coating-aluminium-process\/\" target=\"_blank\">powder coating aluminium<\/a><\/li>\r\r\n<li><a href=\"https:\/\/sinoextrud.com\/what-is-an-aluminium-strip-ceiling\/\" target=\"_blank\">aluminium strip ceiling<\/a><\/li>\r\r\n<li><a href=\"https:\/\/sinoextrud.com\/what-is-a-heat-sink\/\" target=\"_blank\">what is a heat sink<\/a><\/li>\r\r\n<\/ul>","product_chanpin_chanpin":"<li><a href=\"https:\/\/sinoextrud.com\/product\/aluminium-t-bar-extrusions\/\" target=\"_blank\">Aluminium T Bar Extrusions<\/a><\/li>\r\n<li><a href=\"https:\/\/sinoextrud.com\/product\/aluminium-transport-extrusions\/\" target=\"_blank\">Aluminium Transport Extrusions<\/a><\/li>\r\n<li><a href=\"https:\/\/sinoextrud.com\/product\/aluminum-extruded-enclosure-for-power-supply\/\" target=\"_blank\">Aluminum Extruded Enclosure For Power Supply<\/a><\/li>\r\n<li><a href=\"https:\/\/sinoextrud.com\/product\/aluminum-extrusion-industry\/\" target=\"_blank\">Aluminum Extrusion Industry<\/a><\/li>\r\n<li><a href=\"https:\/\/sinoextrud.com\/product\/aluminum-extrusion-material-t-slot\/\" target=\"_blank\">Aluminum Extrusion Material T Slot<\/a><\/li>\r\n<li><a href=\"https:\/\/sinoextrud.com\/product\/aluminum-extrusion-plate\/\" target=\"_blank\">Aluminum Extrusion Plate<\/a><\/li>\r\n<li><a href=\"https:\/\/sinoextrud.com\/product\/aluminum-frame-for-solar-panel-and-light-box\/\" target=\"_blank\">Aluminum Frame For Solar Panel And Light-Box<\/a><\/li>\r\n<li><a href=\"https:\/\/sinoextrud.com\/product\/aluminum-heatsink-extrusion-profile\/\" target=\"_blank\">Aluminum Heatsink Extrusion Profile<\/a><\/li>\r\n<li><a href=\"https:\/\/sinoextrud.com\/product\/aluminum-light-box-extrusion\/\" target=\"_blank\">Aluminum Light Box Extrusion<\/a><\/li>\r\n<li><a href=\"https:\/\/sinoextrud.com\/product\/cnc-bending-aluminum-frame-profile-for-suitcase-luggage\/\" target=\"_blank\">CNC Bending Aluminum Frame Profile For Suitcase Luggage<\/a><\/li>\r\n<li><a href=\"https:\/\/sinoextrud.com\/product\/extruded-aluminium-cnc-machining-profile-and-anodized-surface-treatment-process\/\" target=\"_blank\">Extruded Aluminium CNC Machining profile and Anodized Surface Treatment Process<\/a><\/li>"},"feature_list":[]},"_links":{"self":[{"href":"https:\/\/sinoextrud.com\/et\/wp-json\/wp\/v2\/product\/8146","targetHints":{"allow":["GET"]}}],"collection":[{"href":"https:\/\/sinoextrud.com\/et\/wp-json\/wp\/v2\/product"}],"about":[{"href":"https:\/\/sinoextrud.com\/et\/wp-json\/wp\/v2\/types\/product"}],"wp:featuredmedia":[{"embeddable":true,"href":"https:\/\/sinoextrud.com\/et\/wp-json\/wp\/v2\/media\/8145"}],"wp:attachment":[{"href":"https:\/\/sinoextrud.com\/et\/wp-json\/wp\/v2\/media?parent=8146"}],"wp:term":[{"taxonomy":"category","embeddable":true,"href":"https:\/\/sinoextrud.com\/et\/wp-json\/wp\/v2\/categories?post=8146"}],"curies":[{"name":"wp","href":"https:\/\/api.w.org\/{rel}","templated":true}]}}