{"id":8144,"date":"2025-06-13T02:43:50","date_gmt":"2025-06-13T02:43:50","guid":{"rendered":"https:\/\/sinoextrud.com\/product\/aluminum-extrusion-industry\/"},"modified":"2025-06-24T06:23:11","modified_gmt":"2025-06-24T06:23:11","slug":"alumiiniumi-ekstrusioonitoostus","status":"publish","type":"product","link":"https:\/\/sinoextrud.com\/et\/product\/aluminum-extrusion-industry\/","title":{"rendered":"Alumiiniumi ekstrusioonit\u00f6\u00f6stus"},"content":{"rendered":"<h2>Toodete \u00fcksikasjad<\/h2>\n<table class=\"custom-table\">\n<tbody>\n<tr>\n<td> Toote nimi<\/td>\n<td> Alumiiniumi ekstrusioonit\u00f6\u00f6stus<\/td>\n<\/tr>\n<tr>\n<td> Materjal<\/td>\n<td> 6063,6061,6082,6463,6005 jne.<\/td>\n<\/tr>\n<tr>\n<td> Temper<\/td>\n<td> T3-T8<\/td>\n<\/tr>\n<tr>\n<td> Kuju<\/td>\n<td> Kohandatud kuju<\/td>\n<\/tr>\n<tr>\n<td> Paksus<\/td>\n<td> 0.7mm-10mm v\u00f5i muu kohandatud paksus<\/td>\n<\/tr>\n<tr>\n<td> V\u00e4rv<\/td>\n<td> Nagu kohandatud<\/td>\n<\/tr>\n<tr>\n<td> Pikkus<\/td>\n<td> 1-9M, muud pikkused kokkuleppeliselt<\/td>\n<\/tr>\n<tr>\n<td> Kasutamine<\/td>\n<td> T\u00f6\u00f6stus<\/td>\n<\/tr>\n<tr>\n<td> Kaubam\u00e4rk<\/td>\n<td> Sinoextrud v\u00f5i OEM<\/td>\n<\/tr>\n<tr>\n<td> S\u00fcgav protsess<\/td>\n<td> Toetades CNC freesimine, punkerdamine, puurimine, koputades, painutamine, painutamine<\/td>\n<\/tr>\n<tr>\n<td> MOQ<\/td>\n<td> 200Kg s\u00f5ltub erinevatest pindadest, mis on valmis<\/td>\n<\/tr>\n<tr>\n<td> Pinnat\u00f6\u00f6tlus<\/td>\n<td> Valmis, puidumass, anodeeritud, pulberv\u00e4rvimine, elektroforees, PVDF-kate, harjatud jne.<\/td>\n<\/tr>\n<tr>\n<td> Sertifikaadid<\/td>\n<td> ISO9001, ISO4001, CQM, SGS, CE, BV jne.<\/td>\n<\/tr>\n<tr>\n<td> P\u00e4ritolu<\/td>\n<td> Guangdong,Hiina<\/td>\n<\/tr>\n<\/tbody>\n<\/table>\n<h2>Meie tootmisbaas<\/h2>\n<h3>Tehase panoraam<\/h3>\n<p><img decoding=\"async\" src=\"\/wp-content\/uploads\/factory-01.webp\"\/><\/p>\n<h3>Alumiiniumvarraste tootmise t\u00f6\u00f6koda<\/h3>\n<p><img decoding=\"async\" src=\"\/wp-content\/uploads\/factory-02.webp\"\/><\/p>\n<p><img decoding=\"async\" src=\"\/wp-content\/uploads\/factory-03.webp\"\/><\/p>\n<h3>hallituse ladustamise ladu<\/h3>\n<p><img decoding=\"async\" src=\"\/wp-content\/uploads\/factory-04.webp\"\/><\/p>\n<h3>43 alumiiniumi ekstrusiooniliini (500-5500 tonni)<\/h3>\n<p><img decoding=\"async\" src=\"\/wp-content\/uploads\/factory-05.webp\"\/><\/p>\n<p><img decoding=\"async\" src=\"\/wp-content\/uploads\/factory-06.webp\"\/><\/p>\n<p><img decoding=\"async\" src=\"\/wp-content\/uploads\/factory-07.webp\"\/><\/p>\n<h3>Pulberv\u00e4rvimise t\u00f6\u00f6koda<\/h3>\n<p><img decoding=\"async\" src=\"\/wp-content\/uploads\/factory-09.webp\"\/><\/p>\n<h3>Anodiseerimise t\u00f6\u00f6koda<\/h3>\n<p><img decoding=\"async\" src=\"\/wp-content\/uploads\/factory-10.webp\"\/><\/p>\n<h3>S\u00fcgavt\u00f6\u00f6tlemise t\u00f6\u00f6tuba<\/h3>\n<p><img decoding=\"async\" src=\"\/wp-content\/uploads\/factory-11.webp\"\/><\/p>\n<h3>CNC-t\u00e4ppist\u00f6\u00f6tlemise t\u00f6\u00f6koda<\/h3>\n<p><img decoding=\"async\" src=\"\/wp-content\/uploads\/factory-11.5.webp\"\/><\/p>\n<h3>Valmistoodete ja ekspordi ladu<\/h3>\n<p><img decoding=\"async\" src=\"\/wp-content\/uploads\/factory-12.webp\"\/><\/p>\n<p><img decoding=\"async\" src=\"\/wp-content\/uploads\/factory-13.webp\"\/><\/p>\n<p><img decoding=\"async\" src=\"\/wp-content\/uploads\/factory-14.webp\"\/><\/p>\n<h2>KKK<\/h2>\n<p><p><b>1.What on alumiinium ekstrusiooni kasutatakse?<\/b><\/p>\n<p>Alumiiniumi ekstrusiooni kasutatakse paljudes t\u00f6\u00f6stusharudes, sealhulgas autot\u00f6\u00f6stuses, ehituses ja elektroonikas, et luua kohandatud profiile ja kujundeid struktuurilisteks ja funktsionaalseteks rakendusteks.<br \/>\n<\/p><br \/>\n<br \/>\n<p><b>2.Miks on alumiinium eelistatud materjal ekstrusiooni jaoks?<\/b><\/p>\n<p>Alumiinium on kerge, tugev ja korrosioonikindel, mist\u00f5ttu on see ideaalne valik ekstrudeerimiseks paljudes t\u00f6\u00f6stuslikes rakendustes, kus vastupidavus ja j\u00f5udlus on olulised.<br \/>\n<\/p><br \/>\n<br \/>\n<p><b>3.Can alumiiniumist ekstrusiooni saab kohandada konkreetse projekti vajadustele?<\/b><\/p>\n<p>Jah, alumiiniumi ekstrusioon on v\u00e4ga h\u00e4sti kohandatav, v\u00f5imaldades kohandatud profiile, kujundeid ja suurusi, mis vastavad konkreetsetele projektin\u00f5uetele.<br \/>\n<\/p><br \/>\n<br \/>\n<p><b>4.Kuidas saab alumiiniumi ekstrusioonit\u00f6\u00f6stus kasu arenenud tootmistehnoloogiast?<\/b><\/p>\n<p>T\u00e4iustatud tootmistehnikad alumiiniumist ekstrusioonit\u00f6\u00f6stuses v\u00f5imaldavad kiiremaid tarneaegu, suuremat t\u00e4psust ja kulude kokkuhoidu, mis muudab suuremahulised tellimused t\u00f5husamaks.<br \/>\n<\/p><br \/>\n<br \/>\n<p><b>5.Kas alumiiniumi ekstrusioon on korrosioonikindel?<\/b><\/p>\n<p>Jah, alumiinium on looduslikult korrosioonikindel, mist\u00f5ttu sobib see nii sise- kui ka v\u00e4listingimustes kasutamiseks erinevates keskkonnatingimustes.<br \/>\n<\/p><br \/>\n<br \/>\n<p><b>6.Millised t\u00f6\u00f6stusharud kasutavad tavaliselt alumiiniumi ekstrusiooni?<\/b><\/p>\n<p>T\u00e4nu oma mitmek\u00fclgsusele ja tugevusele teenindab alumiiniumist ekstrusioonit\u00f6\u00f6stus erinevaid sektoreid, sealhulgas autot\u00f6\u00f6stust, ehitust, lennundust ja elektroonikat.<br \/>\n<\/p><br \/>\n<br \/>\n<p><b>7.How kaua kestab alumiiniumist ekstrusioon t\u00f6\u00f6stuslikes rakendustes?<\/b><\/p>\n<p>Alumiiniumi ekstrusioon pakub suurep\u00e4rast vastupidavust ja pikaajalist j\u00f5udlust, eriti keskkondades, kus korrosioonikindlus ja tugevus on olulised.<br \/>\n<\/p><br \/><\/p>","protected":false},"featured_media":8143,"template":"","categories":[54],"class_list":["post-8144","product","type-product","status-publish","has-post-thumbnail","hentry","category-industrial-aluminum-profiles"],"meta_box":{"hilight_text_group":{"product_hilight_text":"<li>Aluminum Extrusion Industry provides high-strength, lightweight materials for a wide range of applications.<\/li>\r\r\n<li>Customizable profiles and shapes allow for tailored solutions for specific project requirements.<\/li>\r\r\n<li>Corrosion-resistant properties make aluminum extrusions ideal for both indoor and outdoor applications.<\/li>\r\r\n<li>Efficient production processes reduce lead times and improve cost-effectiveness for large orders.<\/li>\r\r\n<li>Versatile material suitable for industries including automotive, construction, and electronics.<\/li>","product_chanpin_blog":"<ul>\r\r\n<li><a href=\"https:\/\/sinoextrud.com\/t-slot-v-slot-differences\/\" target=\"_blank\">t slot vs v slot<\/a><\/li>\r\r\n<li><a href=\"https:\/\/sinoextrud.com\/what-is-4040-aluminium-extrud\/\" target=\"_blank\">4040 aluminium extrusion<\/a><\/li>\r\r\n<li><a href=\"https:\/\/sinoextrud.com\/what-is-4040-aluminium-extrud\/\" target=\"_blank\">aluminum extrusions for industrial racks<\/a><\/li>\r\r\n<li><a href=\"https:\/\/sinoextrud.com\/powder-coating-aluminium-process\/\" target=\"_blank\">powder coating aluminium<\/a><\/li>\r\r\n<li><a href=\"https:\/\/sinoextrud.com\/what-is-an-aluminium-strip-ceiling\/\" target=\"_blank\">aluminium strip ceiling<\/a><\/li>\r\r\n<li><a href=\"https:\/\/sinoextrud.com\/what-is-a-heat-sink\/\" target=\"_blank\">what is a heat sink<\/a><\/li>\r\r\n<\/ul>","product_chanpin_chanpin":"<li><a href=\"https:\/\/sinoextrud.com\/product\/aluminium-solar-panel-frame-profile\/\" target=\"_blank\">Aluminium Solar Panel Frame Profile<\/a><\/li>\r\n<li><a href=\"https:\/\/sinoextrud.com\/product\/aluminium-t-bar-extrusions\/\" target=\"_blank\">Aluminium T Bar Extrusions<\/a><\/li>\r\n<li><a href=\"https:\/\/sinoextrud.com\/product\/aluminium-transport-extrusions\/\" target=\"_blank\">Aluminium Transport Extrusions<\/a><\/li>\r\n<li><a href=\"https:\/\/sinoextrud.com\/product\/aluminum-extruded-enclosure-for-power-supply\/\" target=\"_blank\">Aluminum Extruded Enclosure For Power Supply<\/a><\/li>\r\n<li><a href=\"https:\/\/sinoextrud.com\/product\/aluminum-extrusion-industry\/\" target=\"_blank\">Aluminum Extrusion Industry<\/a><\/li>\r\n<li><a href=\"https:\/\/sinoextrud.com\/product\/aluminum-extrusion-material-t-slot\/\" target=\"_blank\">Aluminum Extrusion Material T Slot<\/a><\/li>\r\n<li><a href=\"https:\/\/sinoextrud.com\/product\/aluminum-extrusion-plate\/\" target=\"_blank\">Aluminum Extrusion Plate<\/a><\/li>\r\n<li><a href=\"https:\/\/sinoextrud.com\/product\/aluminum-frame-for-solar-panel-and-light-box\/\" target=\"_blank\">Aluminum Frame For Solar Panel And Light-Box<\/a><\/li>\r\n<li><a href=\"https:\/\/sinoextrud.com\/product\/aluminum-heatsink-extrusion-profile\/\" target=\"_blank\">Aluminum Heatsink Extrusion Profile<\/a><\/li>\r\n<li><a href=\"https:\/\/sinoextrud.com\/product\/bright-anodized-aluminum-profile\/\" target=\"_blank\">Bright Anodized Aluminum Profile<\/a><\/li>\r\n<li><a href=\"https:\/\/sinoextrud.com\/product\/aluminum-extrusion-high-strength-cnc-drilling-7003-aluminum-round-pipe\/\" target=\"_blank\">Aluminum Extrusion High-strength CNC Drilling 7003 Aluminum Round Pipe<\/a><\/li>"},"feature_list":[]},"_links":{"self":[{"href":"https:\/\/sinoextrud.com\/et\/wp-json\/wp\/v2\/product\/8144","targetHints":{"allow":["GET"]}}],"collection":[{"href":"https:\/\/sinoextrud.com\/et\/wp-json\/wp\/v2\/product"}],"about":[{"href":"https:\/\/sinoextrud.com\/et\/wp-json\/wp\/v2\/types\/product"}],"wp:featuredmedia":[{"embeddable":true,"href":"https:\/\/sinoextrud.com\/et\/wp-json\/wp\/v2\/media\/8143"}],"wp:attachment":[{"href":"https:\/\/sinoextrud.com\/et\/wp-json\/wp\/v2\/media?parent=8144"}],"wp:term":[{"taxonomy":"category","embeddable":true,"href":"https:\/\/sinoextrud.com\/et\/wp-json\/wp\/v2\/categories?post=8144"}],"curies":[{"name":"wp","href":"https:\/\/api.w.org\/{rel}","templated":true}]}}