{"id":8142,"date":"2025-06-13T02:42:02","date_gmt":"2025-06-13T02:42:02","guid":{"rendered":"https:\/\/sinoextrud.com\/product\/aluminum-extruded-enclosure-for-power-supply\/"},"modified":"2025-06-24T06:23:11","modified_gmt":"2025-06-24T06:23:11","slug":"alumiiniumist-pressitud-korpus-toiteallikale","status":"publish","type":"product","link":"https:\/\/sinoextrud.com\/et\/product\/aluminum-extruded-enclosure-for-power-supply\/","title":{"rendered":"Alumiiniumist ekstrudeeritud korpus toiteallika jaoks"},"content":{"rendered":"<h2>Toodete \u00fcksikasjad<\/h2>\n<table class=\"custom-table\">\n<tr>\n<td class=\"label\">Objekt:<\/td>\n<td>Alumiiniumist pressitud korpus toiteallika jaoks<\/td>\n<\/tr>\n<tr>\n<td class=\"label\">Materjal:<\/td>\n<td>100% alumiiniumprofiili sulam :6063-T5,6061-T6,6463-T5,7075-T6,6082,5052,2024,7005,6013,7020 jne.<\/td>\n<\/tr>\n<tr>\n<td class=\"label\">Br\u00e4ndi :<\/td>\n<td>Sinoextrud\/Sinoextrud<\/td>\n<\/tr>\n<tr>\n<td class=\"label\">Suurus:<\/td>\n<td>Kohandatud<\/td>\n<\/tr>\n<tr>\n<td class=\"label\">Suface t\u00f6\u00f6tlemine<\/td>\n<td>Anodeerimine, elektrikate, veski viimistlus jne.<\/td>\n<\/tr>\n<tr>\n<td class=\"label\">V\u00e4rvid:<\/td>\n<td>erinevaid v\u00e4rve saab kohandada<\/td>\n<\/tr>\n<tr>\n<td class=\"label\">MOQ:<\/td>\n<td>200KG iga profiili jaoks (v\u00e4rv)<\/td>\n<\/tr>\n<tr>\n<td class=\"label\">OEM teenus<\/td>\n<td>kliendi koostatud jooniste v\u00f5i n\u00e4idiste alusel<\/td>\n<\/tr>\n<tr>\n<td class=\"label\">Pakendamise \u00fcksikasjad<\/td>\n<td>(1) Sisemine : pakitud plastist kaitsekilega, et kaitsta iga profiili<br \/>\n(2) V\u00e4ljaspool: pakitud veekindla j\u00f5upaberiga<\/td>\n<\/tr>\n<tr>\n<td class=\"label\">Tarneaeg:<\/td>\n<td>(1) Die v\u00e4ljat\u00f6\u00f6tamine ja proovide testimine: 12-18 p\u00e4eva.<br \/>\n(2) Tootmise kestus: 25-30 p\u00e4eva p\u00e4rast seda, kui ostja on proovi kinnitanud.<\/td>\n<\/tr>\n<tr>\n<td class=\"label\">Maksetingimused:<\/td>\n<td>T\/T, 30% summa deposiidiks, saldo makstakse v\u00e4lja enne tarnimist.<\/td>\n<\/tr>\n<tr>\n<td class=\"label\">Arveldust\u00e4htaeg:<\/td>\n<td>L\u00f5plik makse p\u00f5hineb l\u00f5plikul tegelikul laadimismassil .<\/td>\n<\/tr>\n<tr>\n<td class=\"label\">Tootmisv\u00f5imsus:<\/td>\n<td>7500 tonni \/kuu<\/td>\n<\/tr>\n<tr>\n<td class=\"label\">Tootmise garantii<\/td>\n<td>Pinnav\u00e4rv on siseruumides kasutamisel v\u00f5imeline s\u00e4ilima 10-20 aastat.<\/td>\n<\/tr>\n<tr>\n<td class=\"label\">Sadam:<\/td>\n<td>FOB Foshan<\/td>\n<\/tr>\n<\/table>\n<h2>Meie tootmisbaas<\/h2>\n<h3>Tehase panoraam<\/h3>\n<p><img decoding=\"async\" src=\"\/wp-content\/uploads\/factory-01.webp\"\/><\/p>\n<h3>Alumiiniumvarraste tootmise t\u00f6\u00f6koda<\/h3>\n<p><img decoding=\"async\" src=\"\/wp-content\/uploads\/factory-02.webp\"\/><\/p>\n<\/p>\n<p><img decoding=\"async\" src=\"\/wp-content\/uploads\/factory-03.webp\"\/><\/p>\n<h3>hallituse ladustamise ladu<\/h3>\n<p><img decoding=\"async\" src=\"\/wp-content\/uploads\/factory-04.webp\"\/><\/p>\n<h3>43 alumiiniumi ekstrusiooniliini (500-5500 tonni)<\/h3>\n<p><img decoding=\"async\" src=\"\/wp-content\/uploads\/factory-05.webp\"\/><\/p>\n<p><img decoding=\"async\" src=\"\/wp-content\/uploads\/factory-06.webp\"\/><\/p>\n<p><img decoding=\"async\" src=\"\/wp-content\/uploads\/factory-07.webp\"\/><\/p>\n<h3>Pulberv\u00e4rvimise t\u00f6\u00f6koda<\/h3>\n<p><img decoding=\"async\" src=\"\/wp-content\/uploads\/factory-09.webp\"\/><\/p>\n<h3>Anodiseerimise t\u00f6\u00f6koda<\/h3>\n<p><img decoding=\"async\" src=\"\/wp-content\/uploads\/factory-10.webp\"\/><\/p>\n<h3>S\u00fcgavt\u00f6\u00f6tlemise t\u00f6\u00f6tuba<\/h3>\n<p><img decoding=\"async\" src=\"\/wp-content\/uploads\/factory-11.webp\"\/><\/p>\n<h3>CNC-t\u00e4ppist\u00f6\u00f6tlemise t\u00f6\u00f6koda<\/h3>\n<p><img decoding=\"async\" src=\"\/wp-content\/uploads\/factory-11.5.webp\"\/><\/p>\n<h3>Valmistoodete ja ekspordi ladu<\/h3>\n<p><img decoding=\"async\" src=\"\/wp-content\/uploads\/factory-12.webp\"\/><\/p>\n<p><img decoding=\"async\" src=\"\/wp-content\/uploads\/factory-13.webp\"\/><\/p>\n<p><img decoding=\"async\" src=\"\/wp-content\/uploads\/factory-14.webp\"\/><\/p>\n<h2>KKK<\/h2>\n<p><b>1.Millised on alumiiniumist pressitud korpuse peamised eelised toiteallika jaoks?<\/b><\/p>\n<p>Alumiiniumist pressitud korpus toiteallikale pakub vastupidavust, t\u00f5husat soojuse hajutamist, korrosioonikindlust ja paindlikkust erinevate toiteallikate rakenduste jaoks.\n<\/p>\n<p><\/p>\n<p><b>2.Kuidas aitab alumiiniumkonstruktsioon toiteallikale kaasa?<\/b><\/p>\n<p>Vastupidav alumiiniumkonstruktsioon tagab korpuse tugevuse ja kerge k\u00e4sitsemise, kaitstes samal ajal toiteallikat kahjustuste eest.\n<\/p>\n<p><\/p>\n<p><b>3.Milline on korpuse soojuse hajutamise v\u00f5ime?<\/b><\/p>\n<p>Korpusel on t\u00f5hus konstruktsioon, mis v\u00f5imaldab suurep\u00e4rast soojuse hajutamist, v\u00e4ltides \u00fclekuumenemist ja tagades stabiilse toiteallika j\u00f5udluse.\n<\/p>\n<p><\/p>\n<p><b>4.Kas alumiiniumist pressitud korpus sobib kasutamiseks v\u00e4listingimustes?<\/b><\/p>\n<p>Jah, selle korrosioonikindel pind muudab selle ideaalseks nii sise- kui ka v\u00e4litingimustes kasutamiseks, pakkudes usaldusv\u00e4\u00e4rset kaitset karmides tingimustes.\n<\/p>\n<p><\/p>\n<p><b>5.Kas alumiiniumist pressitud korpuse disaini saab kohandada?<\/b><\/p>\n<p>Jah, kompaktne ja kohandatav disain v\u00f5imaldab paindlikult kohandada korpust erinevatele toiteallikate rakendustele.\n<\/p>\n<p><\/p>\n<p><b>6.Kui keskkonnas\u00f5bralik on alumiiniumist pressitud korpus?<\/b><\/p>\n<p>See on valmistatud taaskasutatavast alumiiniumist, mis v\u00e4hendab j\u00e4\u00e4tmete hulka ja pakub keskkonnas\u00f5bralikku lahendust toiteallikate korpuste jaoks.\n<\/p>\n<p><\/p>\n<p><b>7.Kuidas parandab alumiiniumist pressitud korpus toiteallika j\u00f5udlust?<\/b><\/p>\n<p>Tagades t\u00f5husa soojuse hajutamise ja kaitse keskkonnategurite eest, tagab see toiteallika usaldusv\u00e4\u00e4rse t\u00f6\u00f6 ja optimaalse toimimise pikema aja jooksul.\n<\/p>\n<p><\/p>","protected":false},"featured_media":8141,"template":"","categories":[54],"class_list":["post-8142","product","type-product","status-publish","has-post-thumbnail","hentry","category-industrial-aluminum-profiles"],"meta_box":{"hilight_text_group":{"product_hilight_text":"<li>Durable and lightweight aluminum construction, ensuring strength and easy handling.<\/li>\r\r\n<li>Efficient heat dissipation, preventing overheating and ensuring stable performance for power supplies.<\/li>\r\r\n<li>Corrosion-resistant surface, providing long-term protection and reliability in various environments.<\/li>\r\r\n<li>Compact and customizable design, offering flexibility for different power supply applications.<\/li>\r\r\n<li>Cost-effective and environmentally friendly, with a recyclable aluminum material that reduces waste.<\/li>","product_chanpin_blog":"<ul>\r\r\n<li><a href=\"https:\/\/sinoextrud.com\/t-slot-v-slot-differences\/\" target=\"_blank\">t slot vs v slot<\/a><\/li>\r\r\n<li><a href=\"https:\/\/sinoextrud.com\/what-is-4040-aluminium-extrud\/\" target=\"_blank\">4040 aluminium extrusion<\/a><\/li>\r\r\n<li><a href=\"https:\/\/sinoextrud.com\/what-is-4040-aluminium-extrud\/\" target=\"_blank\">aluminum extrusions for industrial racks<\/a><\/li>\r\r\n<li><a href=\"https:\/\/sinoextrud.com\/powder-coating-aluminium-process\/\" target=\"_blank\">powder coating aluminium<\/a><\/li>\r\r\n<li><a href=\"https:\/\/sinoextrud.com\/what-is-an-aluminium-strip-ceiling\/\" target=\"_blank\">aluminium strip ceiling<\/a><\/li>\r\r\n<li><a href=\"https:\/\/sinoextrud.com\/what-is-a-heat-sink\/\" target=\"_blank\">what is a heat sink<\/a><\/li>\r\r\n<\/ul>","product_chanpin_chanpin":"<li><a href=\"https:\/\/sinoextrud.com\/product\/aluminium-slotted-channel\/\" target=\"_blank\">Aluminium Slotted Channel<\/a><\/li>\r\n<li><a href=\"https:\/\/sinoextrud.com\/product\/aluminium-solar-panel-frame-profile\/\" target=\"_blank\">Aluminium Solar Panel Frame Profile<\/a><\/li>\r\n<li><a href=\"https:\/\/sinoextrud.com\/product\/aluminium-t-bar-extrusions\/\" target=\"_blank\">Aluminium T Bar Extrusions<\/a><\/li>\r\n<li><a href=\"https:\/\/sinoextrud.com\/product\/aluminium-transport-extrusions\/\" target=\"_blank\">Aluminium Transport Extrusions<\/a><\/li>\r\n<li><a href=\"https:\/\/sinoextrud.com\/product\/aluminum-extruded-enclosure-for-power-supply\/\" target=\"_blank\">Aluminum Extruded Enclosure For Power Supply<\/a><\/li>\r\n<li><a href=\"https:\/\/sinoextrud.com\/product\/aluminum-extrusion-industry\/\" target=\"_blank\">Aluminum Extrusion Industry<\/a><\/li>\r\n<li><a href=\"https:\/\/sinoextrud.com\/product\/aluminum-extrusion-material-t-slot\/\" target=\"_blank\">Aluminum Extrusion Material T Slot<\/a><\/li>\r\n<li><a href=\"https:\/\/sinoextrud.com\/product\/aluminum-extrusion-plate\/\" target=\"_blank\">Aluminum Extrusion Plate<\/a><\/li>\r\n<li><a href=\"https:\/\/sinoextrud.com\/product\/aluminum-frame-for-solar-panel-and-light-box\/\" target=\"_blank\">Aluminum Frame For Solar Panel And Light-Box<\/a><\/li>\r\n<li><a href=\"https:\/\/sinoextrud.com\/product\/powder-coated-aluminum-tube\/\" target=\"_blank\">Powder Coated Aluminum Tube<\/a><\/li>\r\n<li><a href=\"https:\/\/sinoextrud.com\/product\/aluminum-triangle-tube-profile\/\" target=\"_blank\">Aluminum Triangle Tube Profile<\/a><\/li>"},"feature_list":[]},"_links":{"self":[{"href":"https:\/\/sinoextrud.com\/et\/wp-json\/wp\/v2\/product\/8142","targetHints":{"allow":["GET"]}}],"collection":[{"href":"https:\/\/sinoextrud.com\/et\/wp-json\/wp\/v2\/product"}],"about":[{"href":"https:\/\/sinoextrud.com\/et\/wp-json\/wp\/v2\/types\/product"}],"wp:featuredmedia":[{"embeddable":true,"href":"https:\/\/sinoextrud.com\/et\/wp-json\/wp\/v2\/media\/8141"}],"wp:attachment":[{"href":"https:\/\/sinoextrud.com\/et\/wp-json\/wp\/v2\/media?parent=8142"}],"wp:term":[{"taxonomy":"category","embeddable":true,"href":"https:\/\/sinoextrud.com\/et\/wp-json\/wp\/v2\/categories?post=8142"}],"curies":[{"name":"wp","href":"https:\/\/api.w.org\/{rel}","templated":true}]}}