{"id":8140,"date":"2025-06-13T02:40:21","date_gmt":"2025-06-13T02:40:21","guid":{"rendered":"https:\/\/sinoextrud.com\/product\/aluminium-transport-extrusions\/"},"modified":"2025-06-24T06:23:10","modified_gmt":"2025-06-24T06:23:10","slug":"alumiiniumist-transpordiprofiilid","status":"publish","type":"product","link":"https:\/\/sinoextrud.com\/et\/product\/aluminium-transport-extrusions\/","title":{"rendered":"Alumiiniumtranspordi ekstrusioonid"},"content":{"rendered":"<h2>Toodete \u00fcksikasjad<\/h2>\n<table class=\"custom-table\">\n<tbody>\n<tr>\n<td> Toote nimi<\/td>\n<td> Alumiiniumtranspordi ekstrusioonid<\/td>\n<\/tr>\n<tr>\n<td> Materjal<\/td>\n<td> 6063,6061,6463,6005,6082 jne.<\/td>\n<\/tr>\n<tr>\n<td> Kuju<\/td>\n<td> kohandatud kuju<\/td>\n<\/tr>\n<tr>\n<td> Paksus<\/td>\n<td> 0.7mm-10mm<\/td>\n<\/tr>\n<tr>\n<td> Suurus<\/td>\n<td> Vastavalt kliendi n\u00f5uetele<\/td>\n<\/tr>\n<tr>\n<td> Pikkus<\/td>\n<td> Standardpikkus 1-9M v\u00f5i muu kaubeldav pikkus.<\/td>\n<\/tr>\n<tr>\n<td> T\u00fc\u00fcpilised rakendused<\/td>\n<td> uus energiaauto, autod jne<\/td>\n<\/tr>\n<tr>\n<td> S\u00fcgav protsess<\/td>\n<td> CNC freesimine, puurimine, augustamine, puurimine, koputades, painutamine, painutamine<\/td>\n<\/tr>\n<tr>\n<td> Br\u00e4nd<\/td>\n<td> Sinoextrud, Sinoextrud v\u00f5i OEM-kaubam\u00e4rk<\/td>\n<\/tr>\n<tr>\n<td> Pinnat\u00f6\u00f6tlus<\/td>\n<td> Poleeritud, harjatud, anodeeritud, pulberv\u00e4rvitud, puidumass jne.<\/td>\n<\/tr>\n<tr>\n<td> MOQ<\/td>\n<td> 200KG<\/td>\n<\/tr>\n<tr>\n<td> Kvaliteedi garantii<\/td>\n<td> 100&amp; kontroll k\u00f5rge kvaliteedi tagamiseks<\/td>\n<\/tr>\n<tr>\n<td> Sertifikaadid<\/td>\n<td> ISO9001, ISO4001, CQM, SGS, CE, BV jne.<\/td>\n<\/tr>\n<tr>\n<td> P\u00e4ritolukoht<\/td>\n<td> Guangdong,Hiina<\/td>\n<\/tr>\n<\/tbody>\n<\/table>\n<h2>Meie tootmisbaas<\/h2>\n<h3>Tehase panoraam<\/h3>\n<p><img decoding=\"async\" src=\"\/wp-content\/uploads\/factory-01.webp\"\/><\/p>\n<h3>Alumiiniumvarraste tootmise t\u00f6\u00f6koda<\/h3>\n<p><img decoding=\"async\" src=\"\/wp-content\/uploads\/factory-02.webp\"\/><\/p>\n<p><img decoding=\"async\" src=\"\/wp-content\/uploads\/factory-03.webp\"\/><\/p>\n<h3>hallituse ladustamise ladu<\/h3>\n<p><img decoding=\"async\" src=\"\/wp-content\/uploads\/factory-04.webp\"\/><\/p>\n<h3>43 alumiiniumi ekstrusiooniliini (500-5500 tonni)<\/h3>\n<p><img decoding=\"async\" src=\"\/wp-content\/uploads\/factory-05.webp\"\/><\/p>\n<p><img decoding=\"async\" src=\"\/wp-content\/uploads\/factory-06.webp\"\/><\/p>\n<p><img decoding=\"async\" src=\"\/wp-content\/uploads\/factory-07.webp\"\/><\/p>\n<h3>Pulberv\u00e4rvimise t\u00f6\u00f6koda<\/h3>\n<p><img decoding=\"async\" src=\"\/wp-content\/uploads\/factory-09.webp\"\/><\/p>\n<h3>Anodiseerimise t\u00f6\u00f6koda<\/h3>\n<p><img decoding=\"async\" src=\"\/wp-content\/uploads\/factory-10.webp\"\/><\/p>\n<h3>S\u00fcgavt\u00f6\u00f6tlemise t\u00f6\u00f6tuba<\/h3>\n<p><img decoding=\"async\" src=\"\/wp-content\/uploads\/factory-11.webp\"\/><\/p>\n<h3>CNC-t\u00e4ppist\u00f6\u00f6tlemise t\u00f6\u00f6koda<\/h3>\n<p><img decoding=\"async\" src=\"\/wp-content\/uploads\/factory-11.5.webp\"\/><\/p>\n<h3>Valmistoodete ja ekspordi ladu<\/h3>\n<p><img decoding=\"async\" src=\"\/wp-content\/uploads\/factory-12.webp\"\/><\/p>\n<p><img decoding=\"async\" src=\"\/wp-content\/uploads\/factory-13.webp\"\/><\/p>\n<p><img decoding=\"async\" src=\"\/wp-content\/uploads\/factory-14.webp\"\/><\/p>\n<h2>KKK<\/h2>\n<p><p><b>1.Milleks kasutatakse alumiiniumtranspordi ekstrusioone?<\/b><\/p>\n<p>Alumiiniumist transpordiprofiilide abil luuakse kohandatud raame, tugesid ja pakendilahendusi tundlike kaupade transportimiseks, tagades samal ajal vastupidavuse ja kaitse.<br \/>\n<\/p><br \/>\n<br \/>\n<p><b>2.Miks on alumiinium hea materjal transpordiprofiilide jaoks?<\/b><\/p>\n<p>Alumiinium on kerge, tugev ja korrosioonikindel, mist\u00f5ttu on see ideaalne materjal transpordiprofiilide jaoks, mis peavad kaitsma kaupu, v\u00e4hendades samal ajal \u00fcldist kaalu.<br \/>\n<\/p><br \/>\n<br \/>\n<p><b>3.Kas alumiiniumtranspordi ekstrusioone saab kohandada?<\/b><\/p>\n<p>Jah, alumiiniumist transpordiprofiile saab kohandada konkreetsete suuruste ja kujuga, et t\u00e4ita konkreetseid transpordivajadusi ja tagada optimaalne kaitse erinevat t\u00fc\u00fcpi lasti jaoks.<br \/>\n<\/p><br \/>\n<br \/>\n<p><b>4.Kuidas kaitsevad alumiiniumist transpordiprofiilid tundlikku lasti?<\/b><\/p>\n<p>Alumiiniumi tugevad, vastupidavad ja korrosioonikindlad omadused tagavad, et veos on transpordi ajal h\u00e4sti kaitstud, v\u00e4hendades keskkonnateguritest v\u00f5i kokkup\u00f5rgetest tulenevate kahjustuste ohtu.<br \/>\n<\/p><br \/>\n<br \/>\n<p><b>5.Kas alumiiniumtranspordi ekstrusioonid on kulut\u00f5husad?<\/b><\/p>\n<p>Jah, need pressprofiilid on kuluefektiivsed, pakkudes transpordis\u00fcsteemide ja -raamide ehitamiseks pikaajalist ja v\u00e4he hooldust n\u00f5udvat lahendust.<br \/>\n<\/p><br \/>\n<br \/>\n<p><b>6.Kas alumiiniumtranspordi ekstrusioonid peavad vastu karmidele keskkonnatingimustele?<\/b><\/p>\n<p>Jah, alumiiniumi korrosioonikindlus muudab selle ideaalseks kasutamiseks erinevates keskkonnatingimustes, tagades, et ekstrusioonid j\u00e4\u00e4vad aja jooksul efektiivseks.<br \/>\n<\/p><br \/>\n<br \/>\n<p><b>7.Millised t\u00f6\u00f6stusharud saavad kasu alumiiniumtranspordi ekstrusioonidest?<\/b><\/p>\n<p>Sellised t\u00f6\u00f6stusharud nagu logistika, tootmine, autot\u00f6\u00f6stus ja kosmoset\u00f6\u00f6stus saavad kasu alumiiniumtranspordiprofiilide tugevusest, kergest konstruktsioonist ja kohandatavusest oma transpordivajaduste rahuldamiseks.<br \/>\n<\/p><br \/><\/p>","protected":false},"featured_media":8139,"template":"","categories":[54],"class_list":["post-8140","product","type-product","status-publish","has-post-thumbnail","hentry","category-industrial-aluminum-profiles"],"meta_box":{"hilight_text_group":{"product_hilight_text":"<li>Lightweight yet durable design, ideal for transport applications where weight is a concern.<\/li>\r\r\n<li>High-strength aluminum offers excellent protection for sensitive cargo during transport.<\/li>\r\r\n<li>Corrosion-resistant properties ensure long-lasting performance in various environmental conditions.<\/li>\r\r\n<li>Customizable profiles to meet specific transport and packaging requirements.<\/li>\r\r\n<li>Cost-effective solution for building transport frames and supports with minimal maintenance.<\/li>","product_chanpin_blog":"<ul>\r\r\n<li><a href=\"https:\/\/sinoextrud.com\/t-slot-v-slot-differences\/\" target=\"_blank\">t slot vs v slot<\/a><\/li>\r\r\n<li><a href=\"https:\/\/sinoextrud.com\/what-is-4040-aluminium-extrud\/\" target=\"_blank\">4040 aluminium extrusion<\/a><\/li>\r\r\n<li><a href=\"https:\/\/sinoextrud.com\/what-is-4040-aluminium-extrud\/\" target=\"_blank\">aluminum extrusions for industrial racks<\/a><\/li>\r\r\n<li><a href=\"https:\/\/sinoextrud.com\/powder-coating-aluminium-process\/\" target=\"_blank\">powder coating aluminium<\/a><\/li>\r\r\n<li><a href=\"https:\/\/sinoextrud.com\/what-is-an-aluminium-strip-ceiling\/\" target=\"_blank\">aluminium strip ceiling<\/a><\/li>\r\r\n<li><a href=\"https:\/\/sinoextrud.com\/what-is-a-heat-sink\/\" target=\"_blank\">what is a heat sink<\/a><\/li>\r\r\n<\/ul>","product_chanpin_chanpin":"<li><a href=\"https:\/\/sinoextrud.com\/product\/aluminium-sections-for-glazing\/\" target=\"_blank\">Aluminium Sections For Glazing<\/a><\/li>\r\n<li><a href=\"https:\/\/sinoextrud.com\/product\/aluminium-slotted-channel\/\" target=\"_blank\">Aluminium Slotted Channel<\/a><\/li>\r\n<li><a href=\"https:\/\/sinoextrud.com\/product\/aluminium-solar-panel-frame-profile\/\" target=\"_blank\">Aluminium Solar Panel Frame Profile<\/a><\/li>\r\n<li><a href=\"https:\/\/sinoextrud.com\/product\/aluminium-t-bar-extrusions\/\" target=\"_blank\">Aluminium T Bar Extrusions<\/a><\/li>\r\n<li><a href=\"https:\/\/sinoextrud.com\/product\/aluminium-transport-extrusions\/\" target=\"_blank\">Aluminium Transport Extrusions<\/a><\/li>\r\n<li><a href=\"https:\/\/sinoextrud.com\/product\/aluminum-extruded-enclosure-for-power-supply\/\" target=\"_blank\">Aluminum Extruded Enclosure For Power Supply<\/a><\/li>\r\n<li><a href=\"https:\/\/sinoextrud.com\/product\/aluminum-extrusion-industry\/\" target=\"_blank\">Aluminum Extrusion Industry<\/a><\/li>\r\n<li><a href=\"https:\/\/sinoextrud.com\/product\/aluminum-extrusion-material-t-slot\/\" target=\"_blank\">Aluminum Extrusion Material T Slot<\/a><\/li>\r\n<li><a href=\"https:\/\/sinoextrud.com\/product\/aluminum-extrusion-plate\/\" target=\"_blank\">Aluminum Extrusion Plate<\/a><\/li>\r\n<li><a href=\"https:\/\/sinoextrud.com\/product\/aluminum-extruded-handles\/\" target=\"_blank\">Aluminum Extruded Handles<\/a><\/li>\r\n<li><a href=\"https:\/\/sinoextrud.com\/product\/powder-coating-surface-aluminum-profile\/\" target=\"_blank\">Powder Coating Surface Aluminum Profile<\/a><\/li>"},"feature_list":[]},"_links":{"self":[{"href":"https:\/\/sinoextrud.com\/et\/wp-json\/wp\/v2\/product\/8140","targetHints":{"allow":["GET"]}}],"collection":[{"href":"https:\/\/sinoextrud.com\/et\/wp-json\/wp\/v2\/product"}],"about":[{"href":"https:\/\/sinoextrud.com\/et\/wp-json\/wp\/v2\/types\/product"}],"wp:featuredmedia":[{"embeddable":true,"href":"https:\/\/sinoextrud.com\/et\/wp-json\/wp\/v2\/media\/8139"}],"wp:attachment":[{"href":"https:\/\/sinoextrud.com\/et\/wp-json\/wp\/v2\/media?parent=8140"}],"wp:term":[{"taxonomy":"category","embeddable":true,"href":"https:\/\/sinoextrud.com\/et\/wp-json\/wp\/v2\/categories?post=8140"}],"curies":[{"name":"wp","href":"https:\/\/api.w.org\/{rel}","templated":true}]}}