{"id":8132,"date":"2025-06-13T02:30:07","date_gmt":"2025-06-13T02:30:07","guid":{"rendered":"https:\/\/sinoextrud.com\/product\/aluminium-sections-for-glazing\/"},"modified":"2025-06-24T06:23:09","modified_gmt":"2025-06-24T06:23:09","slug":"alumiiniumprofiilid-klaaside-jaoks","status":"publish","type":"product","link":"https:\/\/sinoextrud.com\/et\/product\/aluminium-sections-for-glazing\/","title":{"rendered":"Alumiiniumprofiilid klaasimiseks"},"content":{"rendered":"<h2>Toodete \u00fcksikasjad<\/h2>\n<table class=\"custom-table\">\n<tr>\n<td class=\"label\">Mudelartikkel.:<\/td>\n<td> Alumiiniumprofiilid klaasimiseks<\/td>\n<\/tr>\n<tr>\n<td class=\"label\">Pinna viimistlemine:<\/td>\n<td> Pulbri pihustamine<\/td>\n<\/tr>\n<tr>\n<td class=\"label\">Legeeriv koostisosa:<\/td>\n<td> 6063<\/td>\n<\/tr>\n<tr>\n<td class=\"label\">Sertifitseerimine:<\/td>\n<td> CE, SONCAP, ISO, CIQ, RoHS, TUV<\/td>\n<\/tr>\n<tr>\n<td class=\"label\">Poleeritud alumiiniumprofiil:<\/td>\n<td> Mehhaaniline poleerimine<\/td>\n<\/tr>\n<tr>\n<td class=\"label\">Materjal:<\/td>\n<td> 6063-T5, 6061-T6, 6463-T5, 7075-T6, 6082.<\/td>\n<\/tr>\n<tr>\n<td class=\"label\">Eesm\u00e4rk:<\/td>\n<td> M\u00f6\u00f6bel, aknad ja uksed, dekoratsioonid, t\u00f6\u00f6stus<\/td>\n<\/tr>\n<tr>\n<td class=\"label\">MOQ:<\/td>\n<td> 200KG iga profiili jaoks<\/td>\n<\/tr>\n<tr>\n<td class=\"label\">OEM-teenus:<\/td>\n<td> P\u00f5hineb kliendi projekteeritud joonistel v\u00f5i n\u00e4idistel<\/td>\n<\/tr>\n<tr>\n<td class=\"label\">Pinnat\u00f6\u00f6tlus:<\/td>\n<td> Anodeeritud \/ elektroforees \/ pulberv\u00e4rvimine jne.<\/td>\n<\/tr>\n<tr>\n<td class=\"label\">S\u00fcgavt\u00f6\u00f6tlus:<\/td>\n<td> L\u00f6\u00f6mine, puurimine, koputamine, painutamine, painutamine<\/td>\n<\/tr>\n<tr>\n<td class=\"label\">Tarneaeg:<\/td>\n<td> 25-30 p\u00e4eva p\u00e4rast seda, kui ostjad on proovi kinnitanud<\/td>\n<\/tr>\n<tr>\n<td class=\"label\">Arveldust\u00e4htaeg:<\/td>\n<td> L\u00f5ppmakse p\u00f5hineb l\u00f5plikul tegelikul f\u00fc\u00fcsilisel otstarbel.<\/td>\n<\/tr>\n<tr>\n<td class=\"label\">Tootmise garantii:<\/td>\n<td> Pinna v\u00e4rvus suudab s\u00e4ilitada 10 ~ 20 aastat F<\/td>\n<\/tr>\n<tr>\n<td class=\"label\">Sadam:<\/td>\n<td> Fob Shenzhen, Guangzhou, Foshan<\/td>\n<\/tr>\n<tr>\n<td class=\"label\">Kaubam\u00e4rk:<\/td>\n<td> Sinoextrud &amp; Sinoextrud<\/td>\n<\/tr>\n<tr>\n<td class=\"label\">Transpordipakett:<\/td>\n<td> Tavaline v\u00f5i kohandatud<\/td>\n<\/tr>\n<tr>\n<td class=\"label\">Spetsifikatsioon:<\/td>\n<td> Vastavalt klientide n\u00f5udmistele<\/td>\n<\/tr>\n<tr>\n<td class=\"label\">P\u00e4ritolu:<\/td>\n<td> Mandri-Hiina<\/td>\n<\/tr>\n<tr>\n<td class=\"label\">HS-kood:<\/td>\n<td> 76042100\n<\/td>\n<\/tr>\n<\/table>\n<h2>Meie tootmisbaas<\/h2>\n<h3>Tehase panoraam<\/h3>\n<p><img decoding=\"async\" src=\"\/wp-content\/uploads\/factory-01.webp\"\/><\/p>\n<h3>Alumiiniumvarraste tootmise t\u00f6\u00f6koda<\/h3>\n<p><img decoding=\"async\" src=\"\/wp-content\/uploads\/factory-02.webp\"\/><\/p>\n<p><img decoding=\"async\" src=\"\/wp-content\/uploads\/factory-03.webp\"\/><\/p>\n<h3>hallituse ladustamise ladu<\/h3>\n<p><img decoding=\"async\" src=\"\/wp-content\/uploads\/factory-04.webp\"\/><\/p>\n<h3>43 alumiiniumi ekstrusiooniliini (500-5500 tonni)<\/h3>\n<p><img decoding=\"async\" src=\"\/wp-content\/uploads\/factory-05.webp\"\/><\/p>\n<p><img decoding=\"async\" src=\"\/wp-content\/uploads\/factory-06.webp\"\/><\/p>\n<p><img decoding=\"async\" src=\"\/wp-content\/uploads\/factory-07.webp\"\/><\/p>\n<h3>Pulberv\u00e4rvimise t\u00f6\u00f6koda<\/h3>\n<p><img decoding=\"async\" src=\"\/wp-content\/uploads\/factory-09.webp\"\/><\/p>\n<h3>Anodiseerimise t\u00f6\u00f6koda<\/h3>\n<p><img decoding=\"async\" src=\"\/wp-content\/uploads\/factory-10.webp\"\/><\/p>\n<h3>S\u00fcgavt\u00f6\u00f6tlemise t\u00f6\u00f6tuba<\/h3>\n<p><img decoding=\"async\" src=\"\/wp-content\/uploads\/factory-11.webp\"\/><\/p>\n<h3>CNC-t\u00e4ppist\u00f6\u00f6tlemise t\u00f6\u00f6koda<\/h3>\n<p><img decoding=\"async\" src=\"\/wp-content\/uploads\/factory-11.5.webp\"\/><\/p>\n<h3>Valmistoodete ja ekspordi ladu<\/h3>\n<p><img decoding=\"async\" src=\"\/wp-content\/uploads\/factory-12.webp\"\/><\/p>\n<p><img decoding=\"async\" src=\"\/wp-content\/uploads\/factory-13.webp\"\/><\/p>\n<p><img decoding=\"async\" src=\"\/wp-content\/uploads\/factory-14.webp\"\/><\/p>\n<h2>KKK<\/h2>\n<p><p><b>1.Mis teeb alumiiniumprofiilid klaasistamiseks sobivaks? <\/b><\/p>\n<p> Alumiiniumprofiilid klaaside jaoks pakuvad tugevat ja turvalist tuge ning suurendavad klaaside s\u00fcsteemide struktuurilist terviklikkust, mist\u00f5ttu on need ideaalsed akende, kardinaseinte ja fassaadide jaoks.<br \/>\n<\/p><br \/>\n<br \/>\n<p><b>2.Kas alumiiniumist sektsioonid klaaside jaoks on kohandatud? <\/b><\/p>\n<p> Jah, neid sektsioone saab kohandada suuruse, kujunduse ja viimistluse poolest, et vastata erinevate klaasimisprojektide erivajadustele.<br \/>\n<\/p><br \/>\n<br \/>\n<p><b>3.Kui vastupidavad on alumiiniumprofiilid klaaside jaoks? <\/b><\/p>\n<p> Alumiiniumprofiilid on korrosioonikindlad ja kavandatud vastu pidama erinevatele keskkonnatingimustele, tagades pikaajalise vastupidavuse ja j\u00f5udluse.<br \/>\n<\/p><br \/>\n<br \/>\n<p><b>4.Millised t\u00f6\u00f6stusharud saavad kasu alumiiniumprofiilide kasutamisest klaasistamiseks? <\/b><\/p>\n<p> Neid profiile kasutatakse tavaliselt ehitus-, arhitektuuri- ja energiasektoris selliste rakenduste puhul nagu aknad, klaasfassaadid ja kardinaseinad.<br \/>\n<\/p><br \/>\n<br \/>\n<p><b>5.Kas alumiiniumprofiile on lihtne paigaldada? <\/b><\/p>\n<p> Jah, need on kerged, neid on lihtne k\u00e4sitseda ja need on kavandatud kiireks kokkupanekuks, mis v\u00e4hendab paigaldusaega ja t\u00f6\u00f6j\u00f5ukulusid.<br \/>\n<\/p><br \/>\n<br \/>\n<p><b>6.Kuidas parandavad alumiiniumprofiilid klaaside jaoks energiat\u00f5husust? <\/b><\/p>\n<p> Nende konstruktsioon sisaldab t\u00f5husat soojusisolatsiooni, mis v\u00e4hendab energiakadu ja parandab klaaside \u00fcldist energiat\u00f5husust.<br \/>\n<\/p><br \/>\n<br \/>\n<p><b>7.Kas alumiiniumprofiilid on keskkonnas\u00f5bralikud? <\/b><\/p>\n<p> Jah, alumiinium on 100% ringlussev\u00f5etav, mist\u00f5ttu on need profiilid keskkonnas\u00f5bralik valik j\u00e4tkusuutlike ehitusprojektide jaoks.<br \/>\n<\/p><br \/><\/p>","protected":false},"featured_media":8131,"template":"","categories":[54],"class_list":["post-8132","product","type-product","status-publish","has-post-thumbnail","hentry","category-industrial-aluminum-profiles"],"meta_box":{"hilight_text_group":{"product_hilight_text":"<li>High-strength aluminum sections specifically designed for glazing applications<\/li>\r\r\n<li>Corrosion-resistant, ensuring durability and long-lasting performance in all weather conditions<\/li>\r\r\n<li>Provides a secure and reliable frame for glazing systems, enhancing structural integrity<\/li>\r\r\n<li>Customizable sizes and designs to meet specific glazing project requirements<\/li>\r\r\n<li>Lightweight yet robust, ensuring easy handling and installation<\/li>\r\r\n<li>Efficient thermal and sound insulation properties, improving energy efficiency<\/li>\r\r\n<li>Environmentally friendly, made from recyclable aluminum material<\/li>","product_chanpin_blog":"<ul>\r\r\n<li><a href=\"https:\/\/sinoextrud.com\/t-slot-v-slot-differences\/\" target=\"_blank\">t slot vs v slot<\/a><\/li>\r\r\n<li><a href=\"https:\/\/sinoextrud.com\/what-is-4040-aluminium-extrud\/\" target=\"_blank\">4040 aluminium extrusion<\/a><\/li>\r\r\n<li><a href=\"https:\/\/sinoextrud.com\/what-is-4040-aluminium-extrud\/\" target=\"_blank\">aluminum extrusions for industrial racks<\/a><\/li>\r\r\n<li><a href=\"https:\/\/sinoextrud.com\/powder-coating-aluminium-process\/\" target=\"_blank\">powder coating aluminium<\/a><\/li>\r\r\n<li><a href=\"https:\/\/sinoextrud.com\/what-is-an-aluminium-strip-ceiling\/\" target=\"_blank\">aluminium strip ceiling<\/a><\/li>\r\r\n<li><a href=\"https:\/\/sinoextrud.com\/what-is-a-heat-sink\/\" target=\"_blank\">what is a heat sink<\/a><\/li>\r\r\n<\/ul>","product_chanpin_chanpin":"<li><a href=\"https:\/\/sinoextrud.com\/product\/aluminium-lipped-channel-extrusions\/\" target=\"_blank\">Aluminium Lipped Channel Extrusions<\/a><\/li>\r\n<li><a href=\"https:\/\/sinoextrud.com\/product\/aluminium-profile-for-glass-railing\/\" target=\"_blank\">Aluminium Profile For Glass Railing<\/a><\/li>\r\n<li><a href=\"https:\/\/sinoextrud.com\/product\/aluminium-profile-h\/\" target=\"_blank\">Aluminium Profile H<\/a><\/li>\r\n<li><a href=\"https:\/\/sinoextrud.com\/product\/aluminium-profiles-and-accessories\/\" target=\"_blank\">Aluminium Profiles And Accessories<\/a><\/li>\r\n<li><a href=\"https:\/\/sinoextrud.com\/product\/aluminium-sections-for-glazing\/\" target=\"_blank\">Aluminium Sections For Glazing<\/a><\/li>\r\n<li><a href=\"https:\/\/sinoextrud.com\/product\/aluminium-slotted-channel\/\" target=\"_blank\">Aluminium Slotted Channel<\/a><\/li>\r\n<li><a href=\"https:\/\/sinoextrud.com\/product\/aluminium-solar-panel-frame-profile\/\" target=\"_blank\">Aluminium Solar Panel Frame Profile<\/a><\/li>\r\n<li><a href=\"https:\/\/sinoextrud.com\/product\/aluminium-t-bar-extrusions\/\" target=\"_blank\">Aluminium T Bar Extrusions<\/a><\/li>\r\n<li><a href=\"https:\/\/sinoextrud.com\/product\/aluminium-transport-extrusions\/\" target=\"_blank\">Aluminium Transport Extrusions<\/a><\/li>\r\n<li><a href=\"https:\/\/sinoextrud.com\/product\/anodized-aluminum-handrail\/\" target=\"_blank\">Anodized Aluminum Handrail<\/a><\/li>\r\n<li><a href=\"https:\/\/sinoextrud.com\/product\/customized-powder-coated-anodized-aluminium-extrusion-profile-roller-shutter-supplier\/\" target=\"_blank\">Customized Powder Coated Anodized Aluminium Extrusion Profile Roller Shutter Supplier<\/a><\/li>"},"feature_list":[]},"_links":{"self":[{"href":"https:\/\/sinoextrud.com\/et\/wp-json\/wp\/v2\/product\/8132","targetHints":{"allow":["GET"]}}],"collection":[{"href":"https:\/\/sinoextrud.com\/et\/wp-json\/wp\/v2\/product"}],"about":[{"href":"https:\/\/sinoextrud.com\/et\/wp-json\/wp\/v2\/types\/product"}],"wp:featuredmedia":[{"embeddable":true,"href":"https:\/\/sinoextrud.com\/et\/wp-json\/wp\/v2\/media\/8131"}],"wp:attachment":[{"href":"https:\/\/sinoextrud.com\/et\/wp-json\/wp\/v2\/media?parent=8132"}],"wp:term":[{"taxonomy":"category","embeddable":true,"href":"https:\/\/sinoextrud.com\/et\/wp-json\/wp\/v2\/categories?post=8132"}],"curies":[{"name":"wp","href":"https:\/\/api.w.org\/{rel}","templated":true}]}}