{"id":8126,"date":"2025-06-13T02:21:40","date_gmt":"2025-06-13T02:21:40","guid":{"rendered":"https:\/\/sinoextrud.com\/product\/aluminium-profile-for-glass-railing\/"},"modified":"2025-06-24T06:23:08","modified_gmt":"2025-06-24T06:23:08","slug":"alumiiniumprofiil-klaasist-piirdele","status":"publish","type":"product","link":"https:\/\/sinoextrud.com\/et\/product\/aluminium-profile-for-glass-railing\/","title":{"rendered":"Alumiiniumprofiil klaasist r\u00f5dude jaoks"},"content":{"rendered":"<h2>Toodete \u00fcksikasjad<\/h2>\n<table class=\"custom-table\">\n<tr>\n<td class=\"label\">Nimetus<\/td>\n<td>Alumiiniumprofiil klaasist r\u00f5dude jaoks<\/td>\n<\/tr>\n<tr>\n<td class=\"label\">Materjali klass<\/td>\n<td>Sulam 6000 seeria<\/td>\n<\/tr>\n<tr>\n<td class=\"label\">Temper<\/td>\n<td>T5-T6<\/td>\n<\/tr>\n<tr>\n<td class=\"label\">Tehnoloogia<\/td>\n<td>Alumiiniumi ekstrusioon<\/td>\n<\/tr>\n<tr>\n<td class=\"label\">Pinnat\u00f6\u00f6tlus<\/td>\n<td>Veski viimistlus, anodeerimine, pulberv\u00e4rvimine, liivapritsimine, puidutera, elektroforees jne.<\/td>\n<\/tr>\n<tr>\n<td class=\"label\">V\u00e4rv<\/td>\n<td>H\u00f5bevalge, must, kuldne, \u0161ampanja, tume pronks v\u00f5i vastavalt teie soovile.<\/td>\n<\/tr>\n<tr>\n<td class=\"label\">Normaalne anodeerimise paksus<\/td>\n<td>8-12 mikro<\/td>\n<\/tr>\n<tr>\n<td class=\"label\">Tavaline v\u00f5imsus Katte paksus<\/td>\n<td>60-100 mikro<\/td>\n<\/tr>\n<tr>\n<td class=\"label\">Kuju<\/td>\n<td>Nelinurkne, \u00fcmmargune, lame v\u00f5i vastavalt kliendi joonistele.<\/td>\n<\/tr>\n<tr>\n<td class=\"label\">Pikkus<\/td>\n<td>Standardne ekspordipikkus on 5.8m , anodeerimine 6.5 meetrit maksimaalselt, Mill viimistlus 13 meetrit maksimaalselt<\/td>\n<\/tr>\n<tr>\n<td class=\"label\">S\u00fcgav t\u00f6\u00f6tlemine<\/td>\n<td>l\u00f5ikamine, puurimine, stantsimine, painutamine jne.<\/td>\n<\/tr>\n<tr>\n<td class=\"label\">2D&amp;3D disain<\/td>\n<td>1: 4 disainerit projekteerimis- ja arendusosakonnas<br \/>\n2: Auto CAD, 3D, AI, SLD, PRT. IGS, PDF, JPEG jne.<\/td>\n<\/tr>\n<tr>\n<td class=\"label\">Engineering&amp; Tooling<\/td>\n<td>1: 8 inseneri hallitusepajas.<br \/>\n2: Kasutage suure tonnaa\u017eiga ekstruder, traat-EMD, CNC, puurimismasinad jne.<\/td>\n<\/tr>\n<tr>\n<td class=\"label\">Kvaliteedikontroll<\/td>\n<td>1.SO Heaks kiidetud.<br \/>\n2.CE heaks kiidetud<br \/>\n3. kohapealne kontroll.<br \/>\n4.<br \/>\n5.<\/td>\n<\/tr>\n<tr>\n<td class=\"label\">Pakendamise \u00fcksikasjad<\/td>\n<td>1.EP paber iga profiili jaoks eraldi, seej\u00e4rel k\u00e4sit\u00f6\u00f6paber v\u00e4ljastpoolt<br \/>\n2.EP Paber sees iga profiili jaoks eraldi, siis kartongipaber, siis kaubaalus<br \/>\n3. Kile kahanemine<br \/>\n4.wooden kartongi<\/td>\n<\/tr>\n<tr>\n<td class=\"label\">Kohaletoimetamine<\/td>\n<td>20-25 p\u00e4eva p\u00e4rast ettemaksu laekumist<\/td>\n<\/tr>\n<tr>\n<td class=\"label\">Makset\u00e4htaeg<\/td>\n<td>T\/T, L\/C<\/td>\n<\/tr>\n<\/table>\n<h2>Meie tootmisbaas<\/h2>\n<h3>Tehase panoraam<\/h3>\n<p><img decoding=\"async\" src=\"\/wp-content\/uploads\/factory-01.webp\"\/><\/p>\n<h3>Alumiiniumvarraste tootmise t\u00f6\u00f6koda<\/h3>\n<p><img decoding=\"async\" src=\"\/wp-content\/uploads\/factory-02.webp\"\/><\/p>\n<p><img decoding=\"async\" src=\"\/wp-content\/uploads\/factory-03.webp\"\/><\/p>\n<h3>hallituse ladustamise ladu<\/h3>\n<p><img decoding=\"async\" src=\"\/wp-content\/uploads\/factory-04.webp\"\/><\/p>\n<h3>43 alumiiniumi ekstrusiooniliini (500-5500 tonni)<\/h3>\n<p><img decoding=\"async\" src=\"\/wp-content\/uploads\/factory-05.webp\"\/><\/p>\n<p><img decoding=\"async\" src=\"\/wp-content\/uploads\/factory-06.webp\"\/><\/p>\n<p><img decoding=\"async\" src=\"\/wp-content\/uploads\/factory-07.webp\"\/><\/p>\n<h3>Pulberv\u00e4rvimise t\u00f6\u00f6koda<\/h3>\n<p><img decoding=\"async\" src=\"\/wp-content\/uploads\/factory-09.webp\"\/><\/p>\n<h3>Anodiseerimise t\u00f6\u00f6koda<\/h3>\n<p><img decoding=\"async\" src=\"\/wp-content\/uploads\/factory-10.webp\"\/><\/p>\n<h3>S\u00fcgavt\u00f6\u00f6tlemise t\u00f6\u00f6tuba<\/h3>\n<p><img decoding=\"async\" src=\"\/wp-content\/uploads\/factory-11.webp\"\/><\/p>\n<h3>CNC-t\u00e4ppist\u00f6\u00f6tlemise t\u00f6\u00f6koda<\/h3>\n<p><img decoding=\"async\" src=\"\/wp-content\/uploads\/factory-11.5.webp\"\/><\/p>\n<h3>Valmistoodete ja ekspordi ladu<\/h3>\n<p><img decoding=\"async\" src=\"\/wp-content\/uploads\/factory-12.webp\"\/><\/p>\n<p><img decoding=\"async\" src=\"\/wp-content\/uploads\/factory-13.webp\"\/><\/p>\n<p><img decoding=\"async\" src=\"\/wp-content\/uploads\/factory-14.webp\"\/><\/p>\n<h2>KKK<\/h2>\n<p><p><b>1.Mis muudab alumiiniumprofiili klaasist reelingu jaoks ideaalseks kaasaegse arhitektuurse disaini jaoks? <\/b><\/p>\n<p> Alumiiniumprofiilide sile ja kaasaegne esteetika t\u00e4iustab klaasist piirdes\u00fcsteemide v\u00e4ljan\u00e4gemist, muutes need ideaalseks kaasaegse disaini jaoks.<br \/>\n<\/p><br \/>\n<br \/>\n<p><b>2.Kas alumiiniumprofiil klaasist r\u00f5dude jaoks saab kohandada? <\/b><\/p>\n<p> Jah, profiile saab kohandada suuruse, kuju ja viimistluse poolest vastavalt konkreetsetele disainin\u00f5uetele ja eelistustele.<br \/>\n<\/p><br \/>\n<br \/>\n<p><b>3.Kui vastupidav on alumiiniumprofiil klaasist r\u00f5dude jaoks? <\/b><\/p>\n<p> Alumiiniumist materjal on v\u00e4ga vastupidav ja korrosioonikindel, tagades pikaajalise toimimise isegi karmides tingimustes.<br \/>\n<\/p><br \/>\n<br \/>\n<p><b>4.Millised on alumiiniumprofiili kasutamise eelised klaasist r\u00f5dude jaoks? <\/b><\/p>\n<p> Alumiiniumprofiilid pakuvad klaasist piirdes\u00fcsteemidele puhast, kaasaegset v\u00e4limust, lihtsat paigaldust ja tugevat struktuurilist tuge.<br \/>\n<\/p><br \/>\n<br \/>\n<p><b>5.Kas alumiiniumprofiil sobib nii sise- kui ka v\u00e4litingimustes kasutamiseks? <\/b><\/p>\n<p> Jah, need profiilid on ilmastikukindlad, mist\u00f5ttu sobivad need ideaalselt nii sise- kui ka v\u00e4listingimustes kasutatavateks klaasist piirdedeks.<br \/>\n<\/p><br \/>\n<br \/>\n<p><b>6.Kuidas parandab alumiiniumprofiil klaasist reelingu jaoks ohutust? <\/b><\/p>\n<p> Profiilid on kavandatud nii, et need hoiavad klaaspaneelid kindlalt paigal, aidates kaasa turvalise ja stabiilse piirdes\u00fcsteemi loomisele nii elamu- kui ka \u00e4rikasutuseks.<br \/>\n<\/p><br \/>\n<br \/>\n<p><b>7.Kas alumiiniumprofiil klaasist r\u00f5dude jaoks on keskkonnas\u00f5bralik? <\/b><\/p>\n<p> Jah, alumiinium on t\u00e4ielikult taaskasutatav materjal, mis muudab selle klaasist piirdes\u00fcsteemide puhul keskkonnas\u00f5bralikuks valikuks.<br \/>\n<\/p><br \/><\/p>","protected":false},"featured_media":8125,"template":"","categories":[54],"class_list":["post-8126","product","type-product","status-publish","has-post-thumbnail","hentry","category-industrial-aluminum-profiles"],"meta_box":{"hilight_text_group":{"product_hilight_text":"<ul>\r\r\n  <li>Durable and corrosion-resistant aluminum profiles designed specifically for glass railing systems<\/li>\r\r\n  <li>Provides a sleek, modern aesthetic for both indoor and outdoor applications<\/li>\r\r\n  <li>Easy to install and maintain, reducing labor and upkeep costs<\/li>\r\r\n  <li>Customizable sizes and finishes to match various design preferences<\/li>\r\r\n  <li>Strong and lightweight, offering structural integrity without excess weight<\/li>\r\r\n  <li>Weather-resistant, ensuring long-term performance in outdoor environments<\/li>\r\r\n  <li>Environmentally friendly, fully recyclable material<\/li>\r\r\n<\/ul>","product_chanpin_blog":"<ul>\r\r\n<li><a href=\"https:\/\/sinoextrud.com\/t-slot-v-slot-differences\/\" target=\"_blank\">t slot vs v slot<\/a><\/li>\r\r\n<li><a href=\"https:\/\/sinoextrud.com\/what-is-4040-aluminium-extrud\/\" target=\"_blank\">4040 aluminium extrusion<\/a><\/li>\r\r\n<li><a href=\"https:\/\/sinoextrud.com\/what-is-4040-aluminium-extrud\/\" target=\"_blank\">aluminum extrusions for industrial racks<\/a><\/li>\r\r\n<li><a href=\"https:\/\/sinoextrud.com\/powder-coating-aluminium-process\/\" target=\"_blank\">powder coating aluminium<\/a><\/li>\r\r\n<li><a href=\"https:\/\/sinoextrud.com\/what-is-an-aluminium-strip-ceiling\/\" target=\"_blank\">aluminium strip ceiling<\/a><\/li>\r\r\n<li><a href=\"https:\/\/sinoextrud.com\/what-is-a-heat-sink\/\" target=\"_blank\">what is a heat sink<\/a><\/li>\r\r\n<\/ul>","product_chanpin_chanpin":"<li><a href=\"https:\/\/sinoextrud.com\/product\/aluminium-extrusion-linear-rail-china-factory\/\" target=\"_blank\">Aluminium Extrusion Linear Rail China Factory<\/a><\/li>\r\n<li><a href=\"https:\/\/sinoextrud.com\/product\/aluminium-extrusion-table\/\" target=\"_blank\">Aluminium Extrusion Table<\/a><\/li>\r\n<li><a href=\"https:\/\/sinoextrud.com\/product\/aluminium-extrusions-for-heavy-duty-surface-mounted-recessed-led-strip-light-channel\/\" target=\"_blank\">Aluminium extrusions for heavy duty surface mounted recessed LED strip light channel<\/a><\/li>\r\n<li><a href=\"https:\/\/sinoextrud.com\/product\/aluminium-lipped-channel-extrusions\/\" target=\"_blank\">Aluminium Lipped Channel Extrusions<\/a><\/li>\r\n<li><a href=\"https:\/\/sinoextrud.com\/product\/aluminium-profile-for-glass-railing\/\" target=\"_blank\">Aluminium Profile For Glass Railing<\/a><\/li>\r\n<li><a href=\"https:\/\/sinoextrud.com\/product\/aluminium-profile-h\/\" target=\"_blank\">Aluminium Profile H<\/a><\/li>\r\n<li><a href=\"https:\/\/sinoextrud.com\/product\/aluminium-profiles-and-accessories\/\" target=\"_blank\">Aluminium Profiles And Accessories<\/a><\/li>\r\n<li><a href=\"https:\/\/sinoextrud.com\/product\/aluminium-sections-for-glazing\/\" target=\"_blank\">Aluminium Sections For Glazing<\/a><\/li>\r\n<li><a href=\"https:\/\/sinoextrud.com\/product\/aluminium-slotted-channel\/\" target=\"_blank\">Aluminium Slotted Channel<\/a><\/li>\r\n<li><a href=\"https:\/\/sinoextrud.com\/product\/aluminium-extrusion-profile-for-led-light-strip-heat-sink\/\" target=\"_blank\">Aluminium Extrusion Profile For LED Light Strip Heat Sink<\/a><\/li>\r\n<li><a href=\"https:\/\/sinoextrud.com\/product\/custom-industrial-aluminum-profiles\/\" target=\"_blank\">Custom Industrial Aluminum Profiles<\/a><\/li>"},"feature_list":[]},"_links":{"self":[{"href":"https:\/\/sinoextrud.com\/et\/wp-json\/wp\/v2\/product\/8126","targetHints":{"allow":["GET"]}}],"collection":[{"href":"https:\/\/sinoextrud.com\/et\/wp-json\/wp\/v2\/product"}],"about":[{"href":"https:\/\/sinoextrud.com\/et\/wp-json\/wp\/v2\/types\/product"}],"wp:featuredmedia":[{"embeddable":true,"href":"https:\/\/sinoextrud.com\/et\/wp-json\/wp\/v2\/media\/8125"}],"wp:attachment":[{"href":"https:\/\/sinoextrud.com\/et\/wp-json\/wp\/v2\/media?parent=8126"}],"wp:term":[{"taxonomy":"category","embeddable":true,"href":"https:\/\/sinoextrud.com\/et\/wp-json\/wp\/v2\/categories?post=8126"}],"curies":[{"name":"wp","href":"https:\/\/api.w.org\/{rel}","templated":true}]}}