{"id":8100,"date":"2025-06-13T01:54:11","date_gmt":"2025-06-13T01:54:11","guid":{"rendered":"https:\/\/sinoextrud.com\/product\/300mm-aluminium-louvre-extrusion\/"},"modified":"2025-06-24T06:23:02","modified_gmt":"2025-06-24T06:23:02","slug":"300mm-alumiiniumist-rohtpaneelide-ekstrusioon","status":"publish","type":"product","link":"https:\/\/sinoextrud.com\/et\/product\/300mm-aluminium-louvre-extrusion\/","title":{"rendered":"300mm alumiiniumist r\u00f5htpaneelide ekstrusioon"},"content":{"rendered":"<h2>Toodete \u00fcksikasjad<\/h2>\n<table class=\"custom-table\">\n<tbody>\n<tr>\n<td> Toote nimi<\/td>\n<td> 300mm alumiiniumist r\u00f5htpaneelide tootjad<\/td>\n<\/tr>\n<tr>\n<td> Materjal<\/td>\n<td> 6063, 6061, 6463, 6082 Alumiiniumsulam<\/td>\n<\/tr>\n<tr>\n<td> V\u00e4rv<\/td>\n<td> Kohandatud<\/td>\n<\/tr>\n<tr>\n<td> Standard<\/td>\n<td> GB2008<\/td>\n<\/tr>\n<tr>\n<td> Hinne<\/td>\n<td> 6000-seeria<\/td>\n<\/tr>\n<tr>\n<td> Paksus<\/td>\n<td> Kohandatud<\/td>\n<\/tr>\n<tr>\n<td> Kasutamine<\/td>\n<td> Kaunistus<\/td>\n<\/tr>\n<tr>\n<td> Temper<\/td>\n<td> T3-T8<\/td>\n<\/tr>\n<tr>\n<td> Pikkus<\/td>\n<td> Kohandatud<\/td>\n<\/tr>\n<tr>\n<td> Pinnat\u00f6\u00f6tlus<\/td>\n<td> Pulbriline pinnakate, Mill Finish, PVDF, anodeeritud, puidumass, poleeritud, harjatud jne.<\/td>\n<\/tr>\n<tr>\n<td> Orgin<\/td>\n<td> KINA<\/td>\n<\/tr>\n<tr>\n<td> Kas sulam v\u00f5i mitte<\/td>\n<td> Kas sulam on sulam<\/td>\n<\/tr>\n<tr>\n<td> Sadam<\/td>\n<td> Guangzhou, Shenzhen, Foshan<\/td>\n<\/tr>\n<\/tbody>\n<\/table>\n<h2>Meie tootmisbaas<\/h2>\n<h3>Tehase panoraam<\/h3>\n<p><img decoding=\"async\" src=\"\/wp-content\/uploads\/factory-01.webp\"\/><\/p>\n<h3>Alumiiniumvarraste tootmise t\u00f6\u00f6koda<\/h3>\n<p><img decoding=\"async\" src=\"\/wp-content\/uploads\/factory-02.webp\"\/><\/p>\n<p><img decoding=\"async\" src=\"\/wp-content\/uploads\/factory-03.webp\"\/><\/p>\n<h3>hallituse ladustamise ladu<\/h3>\n<p><img decoding=\"async\" src=\"\/wp-content\/uploads\/factory-04.webp\"\/><\/p>\n<h3>43 alumiiniumi ekstrusiooniliini (500-5500 tonni)<\/h3>\n<p><img decoding=\"async\" src=\"\/wp-content\/uploads\/factory-05.webp\"\/><\/p>\n<p><img decoding=\"async\" src=\"\/wp-content\/uploads\/factory-06.webp\"\/><\/p>\n<p><img decoding=\"async\" src=\"\/wp-content\/uploads\/factory-07.webp\"\/><\/p>\n<h3>Pulberv\u00e4rvimise t\u00f6\u00f6koda<\/h3>\n<p><img decoding=\"async\" src=\"\/wp-content\/uploads\/factory-09.webp\"\/><\/p>\n<h3>Anodiseerimise t\u00f6\u00f6koda<\/h3>\n<p><img decoding=\"async\" src=\"\/wp-content\/uploads\/factory-10.webp\"\/><\/p>\n<h3>S\u00fcgavt\u00f6\u00f6tlemise t\u00f6\u00f6tuba<\/h3>\n<p><img decoding=\"async\" src=\"\/wp-content\/uploads\/factory-11.webp\"\/><\/p>\n<h3>CNC-t\u00e4ppist\u00f6\u00f6tlemise t\u00f6\u00f6koda<\/h3>\n<p><img decoding=\"async\" src=\"\/wp-content\/uploads\/factory-11.5.webp\"\/><\/p>\n<h3>Valmistoodete ja ekspordi ladu<\/h3>\n<p><img decoding=\"async\" src=\"\/wp-content\/uploads\/factory-12.webp\"\/><\/p>\n<p><img decoding=\"async\" src=\"\/wp-content\/uploads\/factory-13.webp\"\/><\/p>\n<p><img decoding=\"async\" src=\"\/wp-content\/uploads\/factory-14.webp\"\/><\/p>\n<h2>KKK<\/h2>\n<p><p><b>1.Mis on 300mm alumiiniumist r\u00f5htpaneelide ekstrusioon, mida kasutatakse?<\/b><\/p>\n<p>300 mm alumiiniumist r\u00f5htpaneele kasutatakse tuulutusavade, korpuste ja fassaadide loomiseks t\u00f6\u00f6stuslikes ja arhitektuurilistes rakendustes, tagades t\u00f5husa \u00f5huvoolu ja keskkonnakaitse.<br \/>\n<\/p><br \/>\n<br \/>\n<p><b>2.Miks kasutatakse alumiiniumi 300mm r\u00e4\u00e4stapakettide jaoks?<\/b><\/p>\n<p>Alumiinium on kerge, korrosioonikindel ja tugev, mist\u00f5ttu on see ideaalne materjal vastupidavaks r\u00f5htprofiiliks, mis peab vastu pidama v\u00e4litingimustes.<br \/>\n<\/p><br \/>\n<br \/>\n<p><b>3.Kuidas parandab 300mm alumiiniumist r\u00f5htpaneelide ekstrusioon \u00f5huvoolu?<\/b><\/p>\n<p>Ruloo konstruktsioon v\u00f5imaldab \u00f5hku t\u00f5husalt l\u00e4bi lasta, kaitstes samal ajal vihma, prahi ja muude v\u00e4liste tegurite eest, parandades s\u00fcsteemi ventilatsiooni.<br \/>\n<\/p><br \/>\n<br \/>\n<p><b>4.Can 300mm alumiiniumist r\u00f5htpaneelide ekstrusioonid on kohandatud?<\/b><\/p>\n<p>Jah, 300 mm alumiiniumist r\u00f5htpaneeli suurust, kuju ja disaini saab kohandada vastavalt teie projekti erin\u00f5uetele.<br \/>\n<\/p><br \/>\n<br \/>\n<p><b>5.Kuidas seisab 300mm alumiiniumist r\u00f5htpaneelide ekstrusioon vastu korrosioonile?<\/b><\/p>\n<p>Alumiiniumil on looduslikud korrosioonikindlad omadused, mis tagavad, et ribid s\u00e4ilitavad oma j\u00f5udluse ja v\u00e4limuse ka rasketes ilmastiku- ja keskkonnatingimustes.<br \/>\n<\/p><br \/>\n<br \/>\n<p><b>6.Millised t\u00f6\u00f6stusharud kasutavad 300 mm alumiiniumist r\u00f5htpaneele?<\/b><\/p>\n<p>Sellised t\u00f6\u00f6stusharud nagu HVAC, ehitus, autot\u00f6\u00f6stus ja energeetika kasutavad 300 mm alumiiniumist ribal\u00f5ikeprofiile ventilatsiooni, \u00fcmbritsemise ja kaitse eesm\u00e4rgil.<br \/>\n<\/p><br \/>\n<br \/>\n<p><b>7.Kui lihtne on paigaldada 300 mm alumiiniumist ribalauad?<\/b><\/p>\n<p>300 mm alumiiniumist r\u00f5htpaneelid on m\u00f5eldud lihtsaks paigaldamiseks minimaalsete t\u00f6\u00f6riistadega, v\u00e4hendades t\u00f6\u00f6j\u00f5ukulusid ja paigaldusaega paljude rakenduste puhul.<br \/>\n<\/p><br \/><\/p>","protected":false},"featured_media":8099,"template":"","categories":[54],"class_list":["post-8100","product","type-product","status-publish","has-post-thumbnail","hentry","category-industrial-aluminum-profiles"],"meta_box":{"hilight_text_group":{"product_hilight_text":"<li>300mm Aluminium Louvre Extrusion provides efficient ventilation and airflow while offering strong protection against external elements.<\/li>\r\r\n<li>Durable aluminum construction ensures long-lasting performance and resistance to corrosion, even in harsh environments.<\/li>\r\r\n<li>Customizable design allows for flexible integration into various industrial and architectural applications.<\/li>\r\r\n<li>Lightweight yet strong, making it easy to handle and install while maintaining structural integrity.<\/li>\r\r\n<li>Ideal for use in HVAC systems, enclosures, and facades where high airflow and environmental protection are required.<\/li>","product_chanpin_blog":"<ul>\r\r\n<li><a href=\"https:\/\/sinoextrud.com\/t-slot-v-slot-differences\/\" target=\"_blank\">t slot vs v slot<\/a><\/li>\r\r\n<li><a href=\"https:\/\/sinoextrud.com\/what-is-4040-aluminium-extrud\/\" target=\"_blank\">4040 aluminium extrusion<\/a><\/li>\r\r\n<li><a href=\"https:\/\/sinoextrud.com\/what-is-4040-aluminium-extrud\/\" target=\"_blank\">aluminum extrusions for industrial racks<\/a><\/li>\r\r\n<li><a href=\"https:\/\/sinoextrud.com\/powder-coating-aluminium-process\/\" target=\"_blank\">powder coating aluminium<\/a><\/li>\r\r\n<li><a href=\"https:\/\/sinoextrud.com\/what-is-an-aluminium-strip-ceiling\/\" target=\"_blank\">aluminium strip ceiling<\/a><\/li>\r\r\n<li><a href=\"https:\/\/sinoextrud.com\/what-is-a-heat-sink\/\" target=\"_blank\">what is a heat sink<\/a><\/li>\r\r\n<\/ul>","product_chanpin_chanpin":"<li><a href=\"https:\/\/sinoextrud.com\/product\/sailboat-mast-extrusions\/\" target=\"_blank\">Sailboat mast extrusions<\/a><\/li>\r\n<li><a href=\"https:\/\/sinoextrud.com\/product\/v-rail-aluminum-extrusion-profiles-pipeline\/\" target=\"_blank\">V Rail Aluminum Extrusion Profiles Pipeline<\/a><\/li>\r\n<li><a href=\"https:\/\/sinoextrud.com\/product\/t-track-aluminium-extrusion-industrial-usage\/\" target=\"_blank\">T Track Aluminium Extrusion Industrial Usage<\/a><\/li>\r\n<li><a href=\"https:\/\/sinoextrud.com\/product\/2024-2014-alloy-aluminum-profiles\/\" target=\"_blank\">2024 2014 Alloy Aluminum Profiles<\/a><\/li>\r\n<li><a href=\"https:\/\/sinoextrud.com\/product\/300mm-aluminium-louvre-extrusion\/\" target=\"_blank\">300mm Aluminium Louvre Extrusion<\/a><\/li>\r\n<li><a href=\"https:\/\/sinoextrud.com\/product\/40mm-aluminium-extrusion\/\" target=\"_blank\">40mm Aluminium Extrusion<\/a><\/li>\r\n<li><a href=\"https:\/\/sinoextrud.com\/product\/6063-and-6061-extruded-led-lighting-telecommunications-and-audio-industrial-aluminum-heat-sink-profile\/\" target=\"_blank\">6063 and 6061 Extruded LED Lighting Telecommunications and Audio Industrial Aluminum Heat Sink Profile<\/a><\/li>\r\n<li><a href=\"https:\/\/sinoextrud.com\/product\/6063-t5-alloy-industrial-aluminum-extrusions-aluminum-profile-with-anodized-surface-treatment\/\" target=\"_blank\">6063 T5 Alloy Industrial Aluminum Extrusions Aluminum Profile With Anodized Surface Treatment<\/a><\/li>\r\n<li><a href=\"https:\/\/sinoextrud.com\/product\/alu-profile-system\/\" target=\"_blank\">Alu Profile System<\/a><\/li>\r\n<li><a href=\"https:\/\/sinoextrud.com\/product\/6063-t5-aluminum-extruded-profiles\/\" target=\"_blank\">6063 T5 Aluminum Extruded Profiles<\/a><\/li>\r\n<li><a href=\"https:\/\/sinoextrud.com\/product\/6063-multiple-size-extruded-aluminium-t-slot\/\" target=\"_blank\">6063 Multiple Size Extruded Aluminium T Slot<\/a><\/li>"},"feature_list":[]},"_links":{"self":[{"href":"https:\/\/sinoextrud.com\/et\/wp-json\/wp\/v2\/product\/8100","targetHints":{"allow":["GET"]}}],"collection":[{"href":"https:\/\/sinoextrud.com\/et\/wp-json\/wp\/v2\/product"}],"about":[{"href":"https:\/\/sinoextrud.com\/et\/wp-json\/wp\/v2\/types\/product"}],"wp:featuredmedia":[{"embeddable":true,"href":"https:\/\/sinoextrud.com\/et\/wp-json\/wp\/v2\/media\/8099"}],"wp:attachment":[{"href":"https:\/\/sinoextrud.com\/et\/wp-json\/wp\/v2\/media?parent=8100"}],"wp:term":[{"taxonomy":"category","embeddable":true,"href":"https:\/\/sinoextrud.com\/et\/wp-json\/wp\/v2\/categories?post=8100"}],"curies":[{"name":"wp","href":"https:\/\/api.w.org\/{rel}","templated":true}]}}