{"id":8094,"date":"2025-06-13T01:45:40","date_gmt":"2025-06-13T01:45:40","guid":{"rendered":"https:\/\/sinoextrud.com\/product\/v-rail-aluminum-extrusion-profiles-pipeline\/"},"modified":"2025-06-24T06:23:01","modified_gmt":"2025-06-24T06:23:01","slug":"v-raudtee-alumiinium-ekstrusiooniprofiilide-torujuhtme","status":"publish","type":"product","link":"https:\/\/sinoextrud.com\/et\/product\/v-rail-aluminum-extrusion-profiles-pipeline\/","title":{"rendered":"V Rail alumiiniumist ekstrusiooniprofiilide torustik"},"content":{"rendered":"<h2>Toodete \u00fcksikasjad<\/h2>\n<table class=\"custom-table\">\n<tbody>\n<tr>\n<td> Hinne:<\/td>\n<td> 6063 -t5<\/td>\n<\/tr>\n<tr>\n<td> Tehnika:<\/td>\n<td> V Rail alumiiniumist ekstrusiooniprofiilide torustik<\/td>\n<\/tr>\n<tr>\n<td> Temperament:<\/td>\n<td> T3 - T8<\/td>\n<\/tr>\n<tr>\n<td> T\u00f6\u00f6deldavad teenused:<\/td>\n<td> Puurimine, keermestamine, neetimine, montaa\u017e jne.<\/td>\n<\/tr>\n<tr>\n<td> Kaubam\u00e4rk:<\/td>\n<td> Sinoextrud Sinoextrud Sinoextrud <\/td>\n<\/tr>\n<tr>\n<td> T\u00fc\u00fcp:<\/td>\n<td> V Rail alumiiniumist ekstrusiooniprofiilide torustik<\/td>\n<\/tr>\n<tr>\n<td> Kuju:<\/td>\n<td> Valmistatud klientide j\u00e4rgi Disain<\/td>\n<\/tr>\n<tr>\n<td> Pinnat\u00f6\u00f6tlus:<\/td>\n<td> Mill Finish Anodeeritud harjatud<\/td>\n<\/tr>\n<tr>\n<td> Pikkus:<\/td>\n<td> 1m kuni 9m pikkuse kohta<\/td>\n<\/tr>\n<tr>\n<td> V\u00e4rvid:<\/td>\n<td> H\u00f5bedane must<\/td>\n<\/tr>\n<tr>\n<td> HS-kood:<\/td>\n<td> 76042990<\/td>\n<\/tr>\n<\/tbody>\n<\/table>\n<h2>Meie tootmisbaas<\/h2>\n<h3>Tehase panoraam<\/h3>\n<p><img decoding=\"async\" src=\"\/wp-content\/uploads\/factory-01.webp\"\/><\/p>\n<h3>Alumiiniumvarraste tootmise t\u00f6\u00f6koda<\/h3>\n<p><img decoding=\"async\" src=\"\/wp-content\/uploads\/factory-02.webp\"\/><\/p>\n<p><img decoding=\"async\" src=\"\/wp-content\/uploads\/factory-03.webp\"\/><\/p>\n<h3>hallituse ladustamise ladu<\/h3>\n<p><img decoding=\"async\" src=\"\/wp-content\/uploads\/factory-04.webp\"\/><\/p>\n<h3>43 alumiiniumi ekstrusiooniliini (500-5500 tonni)<\/h3>\n<p><img decoding=\"async\" src=\"\/wp-content\/uploads\/factory-05.webp\"\/><\/p>\n<p><img decoding=\"async\" src=\"\/wp-content\/uploads\/factory-06.webp\"\/><\/p>\n<p><img decoding=\"async\" src=\"\/wp-content\/uploads\/factory-07.webp\"\/><\/p>\n<h3>Pulberv\u00e4rvimise t\u00f6\u00f6koda<\/h3>\n<p><img decoding=\"async\" src=\"\/wp-content\/uploads\/factory-09.webp\"\/><\/p>\n<h3>Anodiseerimise t\u00f6\u00f6koda<\/h3>\n<p><img decoding=\"async\" src=\"\/wp-content\/uploads\/factory-10.webp\"\/><\/p>\n<h3>S\u00fcgavt\u00f6\u00f6tlemise t\u00f6\u00f6tuba<\/h3>\n<p><img decoding=\"async\" src=\"\/wp-content\/uploads\/factory-11.webp\"\/><\/p>\n<h3>CNC-t\u00e4ppist\u00f6\u00f6tlemise t\u00f6\u00f6koda<\/h3>\n<p><img decoding=\"async\" src=\"\/wp-content\/uploads\/factory-11.5.webp\"\/><\/p>\n<h3>Valmistoodete ja ekspordi ladu<\/h3>\n<p><img decoding=\"async\" src=\"\/wp-content\/uploads\/factory-12.webp\"\/><\/p>\n<p><img decoding=\"async\" src=\"\/wp-content\/uploads\/factory-13.webp\"\/><\/p>\n<p><img decoding=\"async\" src=\"\/wp-content\/uploads\/factory-14.webp\"\/><\/p>\n<h2>KKK<\/h2>\n<p><p><b>1.Mis on V Rail alumiiniumist ekstrusiooniprofiilid, mida kasutatakse?<\/b><\/p>\n<p>V Rail alumiiniumist ekstrusiooniprofiile kasutatakse peamiselt t\u00f5husate ja kohandatavate torulahenduste loomiseks erinevates t\u00f6\u00f6stusrakendustes, nagu automaatika, robootika ja tootmine.<br \/>\n<\/p><br \/>\n<br \/>\n<p><b>2.Miks valida alumiinium toruprofiilide jaoks?<\/b><\/p>\n<p>Alumiinium tagab suurep\u00e4rase korrosioonikindluse, kerguse ja vastupidavuse, mist\u00f5ttu on see ideaalne materjal V Rail alumiiniumist ekstrusiooniprofiilide jaoks n\u00f5udlikes keskkondades.<br \/>\n<\/p><br \/>\n<br \/>\n<p><b>3.How kohandatavad on V Rail alumiiniumist ekstrusiooniprofiilid?<\/b><\/p>\n<p>V Rail alumiiniumist ekstrusiooniprofiilid on v\u00e4ga h\u00e4sti kohandatavad, v\u00f5imaldades kohandada kuju, suurust ja konfiguratsiooni vastavalt konkreetsetele rakendusvajadustele.<br \/>\n<\/p><br \/>\n<br \/>\n<p><b>4.Kas V Raili alumiiniumist ekstrusiooniprofiilid sobivad raskekasutuseks?<\/b><\/p>\n<p>Jah, V Raili alumiiniumist ekstrusiooniprofiilid on m\u00f5eldud kasutamiseks rasketes tingimustes, pakkudes tugevust ja usaldusv\u00e4\u00e4rsust t\u00f6\u00f6stus- ja automaatikarakendustes.<br \/>\n<\/p><br \/>\n<br \/>\n<p><b>5.Kui lihtne on paigaldada V Rail alumiiniumist ekstrusiooniprofiile?<\/b><\/p>\n<p>V Rail alumiiniumist ekstrusiooniprofiilid on m\u00f5eldud lihtsaks paigaldamiseks, minimaalsete t\u00f6\u00f6riistade ja kiire kokkupanekuga, mis s\u00e4\u00e4stab aega ja v\u00e4hendab t\u00f6\u00f6j\u00f5ukulusid.<br \/>\n<\/p><br \/>\n<br \/>\n<p><b>6.Kas V Rail alumiiniumist ekstrusiooniprofiilid on korrosioonikindlad?<\/b><\/p>\n<p>Jah, V Raili alumiiniumist ekstrusiooniprofiilid on valmistatud korrosioonikindlast alumiiniumist, mis tagab kauakestva toimivuse isegi keerulistes keskkondades.<br \/>\n<\/p><br \/>\n<br \/>\n<p><b>7.Millised t\u00f6\u00f6stusharud saavad kasu V Rail alumiiniumist ekstrusiooniprofiilidest?<\/b><\/p>\n<p>Sellised t\u00f6\u00f6stusharud nagu automaatika, robootika, tootmine ja ehitus saavad kasu V Raili alumiiniumist ekstrusiooniprofiilide tugevusest, mitmek\u00fclgsusest ja t\u00f5hususest torulahenduste jaoks.<br \/>\n<\/p><br \/><\/p>","protected":false},"featured_media":8093,"template":"","categories":[54],"class_list":["post-8094","product","type-product","status-publish","has-post-thumbnail","hentry","category-industrial-aluminum-profiles"],"meta_box":{"hilight_text_group":{"product_hilight_text":"<li>High-quality aluminum extrusion for durable and lightweight pipeline solutions.<\/li>\r\r\n<li>Precise and customizable profiles to fit various industrial applications.<\/li>\r\r\n<li>Corrosion-resistant material ensuring long-term performance in harsh environments.<\/li>\r\r\n<li>Easy installation and maintenance with minimal tooling required.<\/li>\r\r\n<li>Versatile design suitable for a wide range of industries including manufacturing and automation.<\/li>","product_chanpin_blog":"<ul>\r\r\n<li><a href=\"https:\/\/sinoextrud.com\/t-slot-v-slot-differences\/\" target=\"_blank\">t slot vs v slot<\/a><\/li>\r\r\n<li><a href=\"https:\/\/sinoextrud.com\/what-is-4040-aluminium-extrud\/\" target=\"_blank\">4040 aluminium extrusion<\/a><\/li>\r\r\n<li><a href=\"https:\/\/sinoextrud.com\/what-is-4040-aluminium-extrud\/\" target=\"_blank\">aluminum extrusions for industrial racks<\/a><\/li>\r\r\n<li><a href=\"https:\/\/sinoextrud.com\/powder-coating-aluminium-process\/\" target=\"_blank\">powder coating aluminium<\/a><\/li>\r\r\n<li><a href=\"https:\/\/sinoextrud.com\/what-is-an-aluminium-strip-ceiling\/\" target=\"_blank\">aluminium strip ceiling<\/a><\/li>\r\r\n<li><a href=\"https:\/\/sinoextrud.com\/what-is-a-heat-sink\/\" target=\"_blank\">what is a heat sink<\/a><\/li>\r\r\n<\/ul>","product_chanpin_chanpin":"<li><a href=\"https:\/\/sinoextrud.com\/product\/t-shape-aluminum-extruded-profile\/\" target=\"_blank\">T Shape Aluminum Extruded Profile<\/a><\/li>\r\n<li><a href=\"https:\/\/sinoextrud.com\/product\/t-shaped-aluminium-extrusion\/\" target=\"_blank\">T Shaped Aluminium Extrusion<\/a><\/li>\r\n<li><a href=\"https:\/\/sinoextrud.com\/product\/t-slot-framing-systems\/\" target=\"_blank\">T Slot Framing Systems<\/a><\/li>\r\n<li><a href=\"https:\/\/sinoextrud.com\/product\/sailboat-mast-extrusions\/\" target=\"_blank\">Sailboat mast extrusions<\/a><\/li>\r\n<li><a href=\"https:\/\/sinoextrud.com\/product\/v-rail-aluminum-extrusion-profiles-pipeline\/\" target=\"_blank\">V Rail Aluminum Extrusion Profiles Pipeline<\/a><\/li>\r\n<li><a href=\"https:\/\/sinoextrud.com\/product\/t-track-aluminium-extrusion-industrial-usage\/\" target=\"_blank\">T Track Aluminium Extrusion Industrial Usage<\/a><\/li>\r\n<li><a href=\"https:\/\/sinoextrud.com\/product\/2024-2014-alloy-aluminum-profiles\/\" target=\"_blank\">2024 2014 Alloy Aluminum Profiles<\/a><\/li>\r\n<li><a href=\"https:\/\/sinoextrud.com\/product\/300mm-aluminium-louvre-extrusion\/\" target=\"_blank\">300mm Aluminium Louvre Extrusion<\/a><\/li>\r\n<li><a href=\"https:\/\/sinoextrud.com\/product\/40mm-aluminium-extrusion\/\" target=\"_blank\">40mm Aluminium Extrusion<\/a><\/li>\r\n<li><a href=\"https:\/\/sinoextrud.com\/product\/extruded-aluminum-t-slot-channel\/\" target=\"_blank\">Extruded Aluminum T Slot Channel<\/a><\/li>\r\n<li><a href=\"https:\/\/sinoextrud.com\/product\/aluminium-precision-tubing\/\" target=\"_blank\">Aluminium Precision Tubing<\/a><\/li>"},"feature_list":[]},"_links":{"self":[{"href":"https:\/\/sinoextrud.com\/et\/wp-json\/wp\/v2\/product\/8094","targetHints":{"allow":["GET"]}}],"collection":[{"href":"https:\/\/sinoextrud.com\/et\/wp-json\/wp\/v2\/product"}],"about":[{"href":"https:\/\/sinoextrud.com\/et\/wp-json\/wp\/v2\/types\/product"}],"wp:featuredmedia":[{"embeddable":true,"href":"https:\/\/sinoextrud.com\/et\/wp-json\/wp\/v2\/media\/8093"}],"wp:attachment":[{"href":"https:\/\/sinoextrud.com\/et\/wp-json\/wp\/v2\/media?parent=8094"}],"wp:term":[{"taxonomy":"category","embeddable":true,"href":"https:\/\/sinoextrud.com\/et\/wp-json\/wp\/v2\/categories?post=8094"}],"curies":[{"name":"wp","href":"https:\/\/api.w.org\/{rel}","templated":true}]}}